{"id":13839,"date":"2024-07-16T14:47:36","date_gmt":"2024-07-16T11:47:36","guid":{"rendered":"https:\/\/acpyapi.com.tr\/?page_id=13839"},"modified":"2026-01-12T15:04:43","modified_gmt":"2026-01-12T12:04:43","slug":"doner-kapilar","status":"publish","type":"page","link":"https:\/\/acpyapi.com.tr\/en\/gecis-sistemleri\/doner-kapilar\/","title":{"rendered":"D\u00f6ner Kap\u0131lar"},"content":{"rendered":"<div data-elementor-type=\"wp-page\" data-elementor-id=\"13839\" class=\"elementor elementor-13839\" data-elementor-post-type=\"page\">\n\t\t\t\t<div class=\"elementor-element elementor-element-a16b286 e-flex e-con-boxed lakit-col-width-auto-no e-container e-root-container elementor-top-section e-con e-parent\" data-id=\"a16b286\" data-element_type=\"container\">\n\t\t\t\t\t<div class=\"e-con-inner\">\n\t\t\t\t<div class=\"elementor-element elementor-element-7bc7331 elementor-widget elementor-widget-heading\" data-id=\"7bc7331\" data-element_type=\"widget\" data-widget_type=\"heading.default\">\n\t\t\t\t<div class=\"elementor-widget-container\">\n\t\t\t\t\t<h2 class=\"elementor-heading-title elementor-size-default\">Revolving Doors\n<\/h2>\t\t\t\t<\/div>\n\t\t\t\t<\/div>\n\t\t\t\t\t<\/div>\n\t\t\t\t<\/div>\n\t\t<div class=\"elementor-element elementor-element-512e3f5 e-flex e-con-boxed lakit-col-width-auto-no e-container e-root-container elementor-top-section e-con e-parent\" data-id=\"512e3f5\" data-element_type=\"container\">\n\t\t\t\t\t<div class=\"e-con-inner\">\n\t\t\t\t<div class=\"elementor-element elementor-element-74be509 elementor-invisible elementor-widget elementor-widget-lastudio-team-member\" data-id=\"74be509\" data-element_type=\"widget\" data-settings=\"{&quot;_animation&quot;:&quot;fadeInUp&quot;,&quot;_animation_delay&quot;:400}\" data-widget_type=\"lastudio-team-member.default\">\n\t\t\t\t<div class=\"elementor-widget-container\">\n\t\t\t\t\t\n<div id=\"tm_74be509\" class=\"lastudio-team-member layout-type-grid preset-type-1\">\n    <div class=\"lastudio-member__list_wrapper\">\n        <div class=\"lastudio-member__list active-object-fit grid-items block-grid-4 laptop-block-grid-4 tablet-block-grid-4 mobile-block-grid-3 xmobile-block-grid-1\" data-item_selector=\".loop__item\">\n                                <div class=\"lastudio-team-member__item loop__item grid-item\">\n                        <div class=\"lastudio-team-member__inner-box\">\n                            <div class=\"lastudio-team-member__inner\">\n                                <div class=\"lastudio-team-member__image_wrap\">\n                                    <a class=\"lastudio-images-layout__link\" href=\"https:\/\/acpyapi.com.tr\/gecis-sistemleri\/ktv-3-ktv-4-kt-flex\/\" title=\"KTV FLEX 3 - 4 \"><figure class=\"figure__object_fit lastudio-team-member__image\"><img fetchpriority=\"high\" decoding=\"async\" src=\"data:image\/gif;base64,R0lGODlhAQABAIAAAP\/\/\/wAAACH5BAEAAAAALAAAAAABAAEAAAICRAEAOw==\" data-src=\"https:\/\/acpyapi.com.tr\/wp-content\/uploads\/2024\/06\/110000005201_IM_KTV4_40533_web_-jpeg.jpg\" alt=\"\" class=\"la-lazyload-image lastudio-team-member__image-instance wp-post-image\" width=\"1000\" height=\"1000\" srcset=\"data:image\/gif;base64,R0lGODlhAQABAIAAAP\/\/\/wAAACH5BAEAAAAALAAAAAABAAEAAAICRAEAOw==\"><\/figure><\/a>                                <\/div>\n                                <div class=\"lastudio-team-member__content\">\n                                    <h3 class=\"lastudio-team-member__name\"><a href=\"https:\/\/acpyapi.com.tr\/gecis-sistemleri\/ktv-3-ktv-4-kt-flex\/\" title=\"KTV FLEX 3 - 4 \">KTV FLEX 3 - 4 <\/a><\/h3>                                <\/div>\n                            <\/div>\n                        <\/div>\n                    <\/div>\n                                        <div class=\"lastudio-team-member__item loop__item grid-item\">\n                        <div class=\"lastudio-team-member__inner-box\">\n                            <div class=\"lastudio-team-member__inner\">\n                                <div class=\"lastudio-team-member__image_wrap\">\n                                    <a class=\"lastudio-images-layout__link\" href=\"https:\/\/acpyapi.com.tr\/gecis-sistemleri\/ktv-atrium\/\" title=\"KTV ATRIUM\"><figure class=\"figure__object_fit lastudio-team-member__image\"><img decoding=\"async\" src=\"data:image\/gif;base64,R0lGODlhAQABAIAAAP\/\/\/wAAACH5BAEAAAAALAAAAAABAAEAAAICRAEAOw==\" data-src=\"https:\/\/acpyapi.com.tr\/wp-content\/uploads\/2024\/07\/110000005197_Atrium-Flex-II_v1_RGB.jpg\" alt=\"\" class=\"la-lazyload-image lastudio-team-member__image-instance wp-post-image\" width=\"1000\" height=\"1000\" srcset=\"data:image\/gif;base64,R0lGODlhAQABAIAAAP\/\/\/wAAACH5BAEAAAAALAAAAAABAAEAAAICRAEAOw==\"><\/figure><\/a>                                <\/div>\n                                <div class=\"lastudio-team-member__content\">\n                                    <h3 class=\"lastudio-team-member__name\"><a href=\"https:\/\/acpyapi.com.tr\/gecis-sistemleri\/ktv-atrium\/\" title=\"KTV ATRIUM\">KTV ATRIUM<\/a><\/h3>                                <\/div>\n                            <\/div>\n                        <\/div>\n                    <\/div>\n                                        <div class=\"lastudio-team-member__item loop__item grid-item\">\n                        <div class=\"lastudio-team-member__inner-box\">\n                            <div class=\"lastudio-team-member__inner\">\n                                <div class=\"lastudio-team-member__image_wrap\">\n                                    <a class=\"lastudio-images-layout__link\" href=\"https:\/\/acpyapi.com.tr\/gecis-sistemleri\/ktc-3-ktc-4-comfortline\/\" title=\"KTC 3 \/ KTC 4\"><figure class=\"figure__object_fit lastudio-team-member__image\"><img decoding=\"async\" src=\"data:image\/gif;base64,R0lGODlhAQABAIAAAP\/\/\/wAAACH5BAEAAAAALAAAAAABAAEAAAICRAEAOw==\" data-src=\"https:\/\/acpyapi.com.tr\/wp-content\/uploads\/2024\/07\/110000005205_ktc_3_4_052724_1200x1200.jpg_image_slider_product_image_slider_zoom.jpg\" alt=\"\" class=\"la-lazyload-image lastudio-team-member__image-instance wp-post-image\" width=\"1000\" height=\"1000\" srcset=\"data:image\/gif;base64,R0lGODlhAQABAIAAAP\/\/\/wAAACH5BAEAAAAALAAAAAABAAEAAAICRAEAOw==\"><\/figure><\/a>                                <\/div>\n                                <div class=\"lastudio-team-member__content\">\n                                    <h3 class=\"lastudio-team-member__name\"><a href=\"https:\/\/acpyapi.com.tr\/gecis-sistemleri\/ktc-3-ktc-4-comfortline\/\" title=\"KTC 3 \/ KTC 4\">KTC 3 \/ KTC 4<\/a><\/h3>                                <\/div>\n                            <\/div>\n                        <\/div>\n                    <\/div>\n                                        <div class=\"lastudio-team-member__item loop__item grid-item\">\n                        <div class=\"lastudio-team-member__inner-box\">\n                            <div class=\"lastudio-team-member__inner\">\n                                <div class=\"lastudio-team-member__image_wrap\">\n                                    <a class=\"lastudio-images-layout__link\" href=\"https:\/\/acpyapi.com.tr\/gecis-sistemleri\/ktc-2\/\" title=\"KTC 2\"><figure class=\"figure__object_fit lastudio-team-member__image\"><img loading=\"lazy\" decoding=\"async\" src=\"data:image\/gif;base64,R0lGODlhAQABAIAAAP\/\/\/wAAACH5BAEAAAAALAAAAAABAAEAAAICRAEAOw==\" data-src=\"https:\/\/acpyapi.com.tr\/wp-content\/uploads\/2024\/07\/110000005190_ktc_2_schiebetuer_055102_1200x1200.jpg_image_slider_product_image_slider_zoom.jpg\" alt=\"\" class=\"la-lazyload-image lastudio-team-member__image-instance wp-post-image\" width=\"1000\" height=\"1000\" srcset=\"data:image\/gif;base64,R0lGODlhAQABAIAAAP\/\/\/wAAACH5BAEAAAAALAAAAAABAAEAAAICRAEAOw==\"><\/figure><\/a>                                <\/div>\n                                <div class=\"lastudio-team-member__content\">\n                                    <h3 class=\"lastudio-team-member__name\"><a href=\"https:\/\/acpyapi.com.tr\/gecis-sistemleri\/ktc-2\/\" title=\"KTC 2\">KTC 2<\/a><\/h3>                                <\/div>\n                            <\/div>\n                        <\/div>\n                    <\/div>\n                            <\/div>\n    <\/div>\n<\/div>\t\t\t\t<\/div>\n\t\t\t\t<\/div>\n\t\t\t\t<div class=\"elementor-element elementor-element-29d9072 elementor-widget elementor-widget-spacer\" data-id=\"29d9072\" data-element_type=\"widget\" data-widget_type=\"spacer.default\">\n\t\t\t\t<div class=\"elementor-widget-container\">\n\t\t\t\t\t\t\t<div class=\"elementor-spacer\">\n\t\t\t<div class=\"elementor-spacer-inner\"><\/div>\n\t\t<\/div>\n\t\t\t\t\t\t<\/div>\n\t\t\t\t<\/div>\n\t\t\t\t\t<\/div>\n\t\t\t\t<\/div>\n\t\t\t\t<\/div>","protected":false},"excerpt":{"rendered":"<p>D\u00f6ner kap\u0131lar KTV FLEX 3 &#8211; 4 KTV ATRIUM KTC 3 \/ KTC 4 KTC 2<\/p>","protected":false},"author":1,"featured_media":0,"parent":13434,"menu_order":0,"comment_status":"closed","ping_status":"closed","template":"","meta":{"footnotes":""},"class_list":["post-13839","page","type-page","status-publish","hentry"],"yoast_head":"<!-- This site is optimized with the Yoast SEO plugin v26.1.1 - https:\/\/yoast.com\/wordpress\/plugins\/seo\/ -->\n<title>D\u00f6ner Kap\u0131lar - ACP YAPI ELEMANLARI<\/title>\n<meta name=\"robots\" content=\"index, follow, max-snippet:-1, max-image-preview:large, max-video-preview:-1\" \/>\n<link rel=\"canonical\" href=\"https:\/\/acpyapi.com.tr\/en\/gecis-sistemleri\/doner-kapilar\/\" \/>\n<meta property=\"og:locale\" content=\"en_US\" \/>\n<meta property=\"og:type\" content=\"article\" \/>\n<meta property=\"og:title\" content=\"D\u00f6ner Kap\u0131lar - ACP YAPI ELEMANLARI\" \/>\n<meta property=\"og:description\" content=\"D\u00f6ner kap\u0131lar KTV FLEX 3 &#8211; 4 KTV ATRIUM KTC 3 \/ KTC 4 KTC 2\" \/>\n<meta property=\"og:url\" content=\"https:\/\/acpyapi.com.tr\/en\/gecis-sistemleri\/doner-kapilar\/\" \/>\n<meta property=\"og:site_name\" content=\"ACP YAPI ELEMANLARI\" \/>\n<meta property=\"article:publisher\" content=\"https:\/\/www.facebook.com\/acpyapielemanlari\/\" \/>\n<meta property=\"article:modified_time\" content=\"2026-01-12T12:04:43+00:00\" \/>\n<meta property=\"og:image\" content=\"https:\/\/acpyapi.com.tr\/wp-content\/uploads\/2023\/10\/logo-siyah.png\" \/>\n\t<meta property=\"og:image:width\" content=\"500\" \/>\n\t<meta property=\"og:image:height\" content=\"200\" \/>\n\t<meta property=\"og:image:type\" content=\"image\/png\" \/>\n<meta name=\"twitter:card\" content=\"summary_large_image\" \/>\n<meta name=\"twitter:label1\" content=\"Est. reading time\" \/>\n\t<meta name=\"twitter:data1\" content=\"1 minute\" \/>\n<script type=\"application\/ld+json\" class=\"yoast-schema-graph\">{\"@context\":\"https:\/\/schema.org\",\"@graph\":[{\"@type\":\"WebPage\",\"@id\":\"https:\/\/acpyapi.com.tr\/tr\/gecis-sistemleri\/doner-kapilar\/\",\"url\":\"https:\/\/acpyapi.com.tr\/tr\/gecis-sistemleri\/doner-kapilar\/\",\"name\":\"D\u00f6ner Kap\u0131lar - ACP YAPI ELEMANLARI\",\"isPartOf\":{\"@id\":\"https:\/\/acpyapi.com.tr\/#website\"},\"datePublished\":\"2024-07-16T11:47:36+00:00\",\"dateModified\":\"2026-01-12T12:04:43+00:00\",\"breadcrumb\":{\"@id\":\"https:\/\/acpyapi.com.tr\/tr\/gecis-sistemleri\/doner-kapilar\/#breadcrumb\"},\"inLanguage\":\"en-US\",\"potentialAction\":[{\"@type\":\"ReadAction\",\"target\":[\"https:\/\/acpyapi.com.tr\/tr\/gecis-sistemleri\/doner-kapilar\/\"]}]},{\"@type\":\"BreadcrumbList\",\"@id\":\"https:\/\/acpyapi.com.tr\/tr\/gecis-sistemleri\/doner-kapilar\/#breadcrumb\",\"itemListElement\":[{\"@type\":\"ListItem\",\"position\":1,\"name\":\"Anasayfa\",\"item\":\"https:\/\/acpyapi.com.tr\/\"},{\"@type\":\"ListItem\",\"position\":2,\"name\":\"Ge\u00e7i\u015f Sistemleri\",\"item\":\"https:\/\/acpyapi.com.tr\/gecis-sistemleri\/\"},{\"@type\":\"ListItem\",\"position\":3,\"name\":\"D\u00f6ner Kap\u0131lar\"}]},{\"@type\":\"WebSite\",\"@id\":\"https:\/\/acpyapi.com.tr\/#website\",\"url\":\"https:\/\/acpyapi.com.tr\/\",\"name\":\"ACP YAPI ELEMANLARI\",\"description\":\"G\u00f6z\u00fcn\u00fcz Arkada Kalmas\u0131n\",\"publisher\":{\"@id\":\"https:\/\/acpyapi.com.tr\/#organization\"},\"alternateName\":\"ACP Yap\u0131\",\"potentialAction\":[{\"@type\":\"SearchAction\",\"target\":{\"@type\":\"EntryPoint\",\"urlTemplate\":\"https:\/\/acpyapi.com.tr\/?s={search_term_string}\"},\"query-input\":{\"@type\":\"PropertyValueSpecification\",\"valueRequired\":true,\"valueName\":\"search_term_string\"}}],\"inLanguage\":\"en-US\"},{\"@type\":\"Organization\",\"@id\":\"https:\/\/acpyapi.com.tr\/#organization\",\"name\":\"ACP YAPI ELEMANLARI\",\"alternateName\":\"Acp Yap\u0131\",\"url\":\"https:\/\/acpyapi.com.tr\/\",\"logo\":{\"@type\":\"ImageObject\",\"inLanguage\":\"en-US\",\"@id\":\"https:\/\/acpyapi.com.tr\/#\/schema\/logo\/image\/\",\"url\":\"https:\/\/acpyapi.com.tr\/wp-content\/uploads\/2023\/10\/logo-siyah.png\",\"contentUrl\":\"https:\/\/acpyapi.com.tr\/wp-content\/uploads\/2023\/10\/logo-siyah.png\",\"width\":500,\"height\":200,\"caption\":\"ACP YAPI ELEMANLARI\"},\"image\":{\"@id\":\"https:\/\/acpyapi.com.tr\/#\/schema\/logo\/image\/\"},\"sameAs\":[\"https:\/\/www.facebook.com\/acpyapielemanlari\/\",\"https:\/\/www.instagram.com\/acpyapielemanlari\/\",\"https:\/\/www.linkedin.com\/company\/acpyapielemanlari\/?originalSubdomain=tr\",\"https:\/\/www.youtube.com\/channel\/UCRyEXuOc3OSvcTY1_yqbE8g\"]}]}<\/script>\n<!-- \/ Yoast SEO plugin. -->","yoast_head_json":{"title":"D\u00f6ner Kap\u0131lar - ACP YAPI ELEMANLARI","robots":{"index":"index","follow":"follow","max-snippet":"max-snippet:-1","max-image-preview":"max-image-preview:large","max-video-preview":"max-video-preview:-1"},"canonical":"https:\/\/acpyapi.com.tr\/en\/gecis-sistemleri\/doner-kapilar\/","og_locale":"en_US","og_type":"article","og_title":"D\u00f6ner Kap\u0131lar - ACP YAPI ELEMANLARI","og_description":"D\u00f6ner kap\u0131lar KTV FLEX 3 &#8211; 4 KTV ATRIUM KTC 3 \/ KTC 4 KTC 2","og_url":"https:\/\/acpyapi.com.tr\/en\/gecis-sistemleri\/doner-kapilar\/","og_site_name":"ACP YAPI ELEMANLARI","article_publisher":"https:\/\/www.facebook.com\/acpyapielemanlari\/","article_modified_time":"2026-01-12T12:04:43+00:00","og_image":[{"width":500,"height":200,"url":"https:\/\/acpyapi.com.tr\/wp-content\/uploads\/2023\/10\/logo-siyah.png","type":"image\/png"}],"twitter_card":"summary_large_image","twitter_misc":{"Est. reading time":"1 minute"},"schema":{"@context":"https:\/\/schema.org","@graph":[{"@type":"WebPage","@id":"https:\/\/acpyapi.com.tr\/tr\/gecis-sistemleri\/doner-kapilar\/","url":"https:\/\/acpyapi.com.tr\/tr\/gecis-sistemleri\/doner-kapilar\/","name":"D\u00f6ner Kap\u0131lar - ACP YAPI ELEMANLARI","isPartOf":{"@id":"https:\/\/acpyapi.com.tr\/#website"},"datePublished":"2024-07-16T11:47:36+00:00","dateModified":"2026-01-12T12:04:43+00:00","breadcrumb":{"@id":"https:\/\/acpyapi.com.tr\/tr\/gecis-sistemleri\/doner-kapilar\/#breadcrumb"},"inLanguage":"en-US","potentialAction":[{"@type":"ReadAction","target":["https:\/\/acpyapi.com.tr\/tr\/gecis-sistemleri\/doner-kapilar\/"]}]},{"@type":"BreadcrumbList","@id":"https:\/\/acpyapi.com.tr\/tr\/gecis-sistemleri\/doner-kapilar\/#breadcrumb","itemListElement":[{"@type":"ListItem","position":1,"name":"Anasayfa","item":"https:\/\/acpyapi.com.tr\/"},{"@type":"ListItem","position":2,"name":"Ge\u00e7i\u015f Sistemleri","item":"https:\/\/acpyapi.com.tr\/gecis-sistemleri\/"},{"@type":"ListItem","position":3,"name":"D\u00f6ner Kap\u0131lar"}]},{"@type":"WebSite","@id":"https:\/\/acpyapi.com.tr\/#website","url":"https:\/\/acpyapi.com.tr\/","name":"ACP YAPI ELEMANLARI","description":"Rest Assured","publisher":{"@id":"https:\/\/acpyapi.com.tr\/#organization"},"alternateName":"ACP Yap\u0131","potentialAction":[{"@type":"SearchAction","target":{"@type":"EntryPoint","urlTemplate":"https:\/\/acpyapi.com.tr\/?s={search_term_string}"},"query-input":{"@type":"PropertyValueSpecification","valueRequired":true,"valueName":"search_term_string"}}],"inLanguage":"en-US"},{"@type":"Organization","@id":"https:\/\/acpyapi.com.tr\/#organization","name":"ACP YAPI ELEMANLARI","alternateName":"Acp Yap\u0131","url":"https:\/\/acpyapi.com.tr\/","logo":{"@type":"ImageObject","inLanguage":"en-US","@id":"https:\/\/acpyapi.com.tr\/#\/schema\/logo\/image\/","url":"https:\/\/acpyapi.com.tr\/wp-content\/uploads\/2023\/10\/logo-siyah.png","contentUrl":"https:\/\/acpyapi.com.tr\/wp-content\/uploads\/2023\/10\/logo-siyah.png","width":500,"height":200,"caption":"ACP YAPI ELEMANLARI"},"image":{"@id":"https:\/\/acpyapi.com.tr\/#\/schema\/logo\/image\/"},"sameAs":["https:\/\/www.facebook.com\/acpyapielemanlari\/","https:\/\/www.instagram.com\/acpyapielemanlari\/","https:\/\/www.linkedin.com\/company\/acpyapielemanlari\/?originalSubdomain=tr","https:\/\/www.youtube.com\/channel\/UCRyEXuOc3OSvcTY1_yqbE8g"]}]}},"_links":{"self":[{"href":"https:\/\/acpyapi.com.tr\/en\/wp-json\/wp\/v2\/pages\/13839","targetHints":{"allow":["GET"]}}],"collection":[{"href":"https:\/\/acpyapi.com.tr\/en\/wp-json\/wp\/v2\/pages"}],"about":[{"href":"https:\/\/acpyapi.com.tr\/en\/wp-json\/wp\/v2\/types\/page"}],"author":[{"embeddable":true,"href":"https:\/\/acpyapi.com.tr\/en\/wp-json\/wp\/v2\/users\/1"}],"replies":[{"embeddable":true,"href":"https:\/\/acpyapi.com.tr\/en\/wp-json\/wp\/v2\/comments?post=13839"}],"version-history":[{"count":0,"href":"https:\/\/acpyapi.com.tr\/en\/wp-json\/wp\/v2\/pages\/13839\/revisions"}],"up":[{"embeddable":true,"href":"https:\/\/acpyapi.com.tr\/en\/wp-json\/wp\/v2\/pages\/13434"}],"wp:attachment":[{"href":"https:\/\/acpyapi.com.tr\/en\/wp-json\/wp\/v2\/media?parent=13839"}],"curies":[{"name":"wp","href":"https:\/\/api.w.org\/{rel}","templated":true}]}}