{"id":14973,"date":"2024-08-01T15:32:16","date_gmt":"2024-08-01T12:32:16","guid":{"rendered":"https:\/\/acpyapi.com.tr\/?page_id=14973"},"modified":"2024-08-01T15:32:56","modified_gmt":"2024-08-01T12:32:56","slug":"raywin-r45","status":"publish","type":"page","link":"https:\/\/acpyapi.com.tr\/en\/pencere-acki-motorlari\/comunello-raywin\/raywin-r45\/","title":{"rendered":"RAYWIN R45"},"content":{"rendered":"<div data-elementor-type=\"wp-page\" data-elementor-id=\"14973\" class=\"elementor elementor-14973\" data-elementor-post-type=\"page\">\n\t\t\t\t\t\t<div class=\"elementor-section elementor-top-section elementor-element elementor-element-8a4c303 elementor-section-height-min-height elementor-section-boxed elementor-section-height-default elementor-section-items-middle e-parent\" data-id=\"8a4c303\" data-element_type=\"section\" data-settings=\"{&quot;background_background&quot;:&quot;classic&quot;,&quot;background_motion_fx_motion_fx_scrolling&quot;:&quot;yes&quot;,&quot;background_motion_fx_translateY_effect&quot;:&quot;yes&quot;,&quot;background_motion_fx_blur_effect&quot;:&quot;yes&quot;,&quot;background_motion_fx_blur_level&quot;:{&quot;unit&quot;:&quot;px&quot;,&quot;size&quot;:1,&quot;sizes&quot;:[]},&quot;background_motion_fx_opacity_effect&quot;:&quot;yes&quot;,&quot;background_motion_fx_blur_range&quot;:{&quot;unit&quot;:&quot;%&quot;,&quot;size&quot;:&quot;&quot;,&quot;sizes&quot;:{&quot;start&quot;:20,&quot;end&quot;:55}},&quot;background_motion_fx_translateY_speed&quot;:{&quot;unit&quot;:&quot;px&quot;,&quot;size&quot;:4,&quot;sizes&quot;:[]},&quot;background_motion_fx_translateY_affectedRange&quot;:{&quot;unit&quot;:&quot;%&quot;,&quot;size&quot;:&quot;&quot;,&quot;sizes&quot;:{&quot;start&quot;:0,&quot;end&quot;:100}},&quot;background_motion_fx_opacity_direction&quot;:&quot;out-in&quot;,&quot;background_motion_fx_opacity_level&quot;:{&quot;unit&quot;:&quot;px&quot;,&quot;size&quot;:10,&quot;sizes&quot;:[]},&quot;background_motion_fx_opacity_range&quot;:{&quot;unit&quot;:&quot;%&quot;,&quot;size&quot;:&quot;&quot;,&quot;sizes&quot;:{&quot;start&quot;:20,&quot;end&quot;:80}},&quot;background_motion_fx_blur_direction&quot;:&quot;out-in&quot;,&quot;background_motion_fx_devices&quot;:[&quot;desktop&quot;,&quot;laptop&quot;,&quot;tablet&quot;,&quot;mobile_extra&quot;,&quot;mobile&quot;]}\">\n\t\t\t\t\t\t<div class=\"elementor-container elementor-column-gap-no\">\n\t\t\t\t\t<div class=\"elementor-column elementor-col-100 elementor-top-column elementor-element elementor-element-d893712 lakit-col-width-auto-no\" data-id=\"d893712\" data-element_type=\"column\">\n\t\t\t<div class=\"elementor-widget-wrap elementor-element-populated\">\n\t\t\t\t\t\t<div class=\"elementor-element elementor-element-22ec3ae elementor-widget elementor-widget-page-title\" data-id=\"22ec3ae\" data-element_type=\"widget\" data-settings=\"{&quot;align&quot;:&quot;center&quot;}\" data-widget_type=\"page-title.default\">\n\t\t\t\t<div class=\"elementor-widget-container\">\n\t\t\t\t\t\t\t\n\t\t<div class=\"hfe-page-title hfe-page-title-wrapper elementor-widget-heading\">\n\n\t\t\t\t\t\t\t\t\t\t\t<a href=\"https:\/\/acpyapi.com.tr\/en\">\n\t\t\t\t\t\t<h2 class=\"elementor-heading-title elementor-size-default\">\n\t\t\t\t\t\t\t\t\n\t\t\t\tRAYWIN R45  \n\t\t\t<\/h2> \n\t\t\t\t\t\t\t\t\t<\/a>\n\t\t\t\t\t<\/div>\n\t\t\t\t\t\t<\/div>\n\t\t\t\t<\/div>\n\t\t\t\t\t<\/div>\n\t\t<\/div>\n\t\t\t\t\t<\/div>\n\t\t<\/div>\n\t\t<div class=\"elementor-element elementor-element-aa4dfa0 e-flex e-con-boxed lakit-col-width-auto-no e-container e-root-container elementor-top-section e-con e-parent\" data-id=\"aa4dfa0\" data-element_type=\"container\">\n\t\t\t\t\t<div class=\"e-con-inner\">\n\t\t<div class=\"elementor-element elementor-element-428f37b e-flex e-con-boxed lakit-col-width-auto-no e-container e-con e-child\" data-id=\"428f37b\" data-element_type=\"container\">\n\t\t\t\t\t<div class=\"e-con-inner\">\n\t\t\t\t<div class=\"elementor-element elementor-element-6dea218 elementor-widget elementor-widget-lastudio-slides\" data-id=\"6dea218\" data-element_type=\"widget\" data-widget_type=\"lastudio-slides.default\">\n\t\t\t\t<div class=\"elementor-widget-container\">\n\t\t\t\t\t\t\t<div class=\"elementor-slides-wrapper elementor-slick-slider\" dir=\"ltr\">\n\t\t\t<div class=\"lastudio-carousel elementor-slides\" data-slider_options=\"{&quot;slidesToShow&quot;:1,&quot;autoplaySpeed&quot;:0,&quot;autoplay&quot;:false,&quot;infinite&quot;:true,&quot;pauseOnHover&quot;:true,&quot;speed&quot;:500,&quot;arrows&quot;:true,&quot;dots&quot;:true,&quot;rtl&quot;:false,&quot;prevArrow&quot;:&quot;&lt;button class=\\&quot;lastudio-arrow prev-arrow slick-prev slick-arrow\\&quot;&gt;&lt;i class=\\&quot;lastudioicon-left-arrow\\&quot;&gt;&lt;\\\/i&gt;&lt;\\\/button&gt;&quot;,&quot;nextArrow&quot;:&quot;&lt;button class=\\&quot;lastudio-arrow next-arrow slick-next slick-arrow\\&quot;&gt;&lt;i class=\\&quot;lastudioicon-right-arrow\\&quot;&gt;&lt;\\\/i&gt;&lt;\\\/button&gt;&quot;}\" data-animation=\"fadeInUp\">\n\t\t\t\t<div class=\"elementor-repeater-item-99e75f8  slick-slide\"><div class=\"slick-slide-bg\"><\/div><div  class=\"slick-slide-inner\"><div class=\"elementor-slide-content\"><\/div><\/div><\/div>\t\t\t<\/div>\n\t\t<\/div>\n\t\t\t\t\t\t<\/div>\n\t\t\t\t<\/div>\n\t\t\t\t\t<\/div>\n\t\t\t\t<\/div>\n\t\t<div class=\"elementor-element elementor-element-5b69fb4 e-flex e-con-boxed lakit-col-width-auto-no e-container e-con e-child\" data-id=\"5b69fb4\" data-element_type=\"container\">\n\t\t\t\t\t<div class=\"e-con-inner\">\n\t\t\t\t<div class=\"elementor-element elementor-element-da7e7cc lakit-breadcrumbs-on-front-yes lakit-breadcrumbs-page-title-yes elementor-widget lastudio-kit elementor-lakit-breadcrumbs\" data-id=\"da7e7cc\" data-element_type=\"widget\" data-widget_type=\"lakit-breadcrumbs.default\">\n\t\t\t\t\t\n\t\t<div class=\"lakit-breadcrumbs\">\n\t\t<div class=\"lakit-breadcrumbs__content\">\n\t\t<div class=\"lakit-breadcrumbs__wrap\"><div class=\"lakit-breadcrumbs__item\"><a href=\"https:\/\/acpyapi.com.tr\/en\/\" class=\"lakit-breadcrumbs__item-link is-home\" rel=\"home\" title=\"Home\">Home<\/a><\/div>\n\t\t<\/div>\n\t\t<\/div>\n\t\t<\/div>\t\t\t\t<\/div>\n\t\t\t\t<div class=\"elementor-element elementor-element-7e49278 elementor-widget elementor-widget-text-editor\" data-id=\"7e49278\" data-element_type=\"widget\" data-widget_type=\"text-editor.default\">\n\t\t\t\t<div class=\"elementor-widget-container\">\n\t\t\t\t\t\t\t\t\t<p>\u00dcstten asma d\u0131\u015fa a\u00e7\u0131l\u0131r pencereler, skylight&#8217;lar, g\u00fcne\u015f g\u00f6lgelikleri ve kubbeler i\u00e7in vida akt\u00fcat\u00f6r\u00fc. 450N<\/p>\t\t\t\t\t\t\t\t<\/div>\n\t\t\t\t<\/div>\n\t\t\t\t\t<\/div>\n\t\t\t\t<\/div>\n\t\t\t\t\t<\/div>\n\t\t\t\t<\/div>\n\t\t<div class=\"elementor-element elementor-element-a39f9d4 e-flex e-con-boxed lakit-col-width-auto-no e-container e-root-container elementor-top-section e-con e-parent\" data-id=\"a39f9d4\" data-element_type=\"container\">\n\t\t\t\t\t<div class=\"e-con-inner\">\n\t\t\t\t<div class=\"elementor-element elementor-element-6e8f4c2 elementor-widget elementor-widget-ucaddon_blox_particles_logo\" data-id=\"6e8f4c2\" data-element_type=\"widget\" data-widget_type=\"ucaddon_blox_particles_logo.default\">\n\t\t\t\t<div class=\"elementor-widget-container\">\n\t\t\t\t\t\n<!-- start Particle Image -->\n<style>\/* widget: Particle Image *\/\n\n#uc_blox_particles_logo_elementor_6e8f4c2 {\n  display: none;\n}\n.uc_blox_particles_logo_elementor_6e8f4c2_particle-img-wrapper{\nwidth:100%;\nheight:350px;\ntext-align:center;}\n\n<\/style>\n\n<div class=\"uc_blox_particles_logo_elementor_6e8f4c2_particle-img-wrapper\">\n<img decoding=\"async\"\n  id=\"uc_blox_particles_logo_elementor_6e8f4c2\"\n  class=\"uc_blox_particles_logo_elementor_6e8f4c2 ue-particle-image\"\n  data-width=\"800\"\n  data-height=\"350\"\n  data-max-width=\"70%\"\n  data-particle-gap=\"1\"\n  data-color=\"\"\n  data-gravity=\"0.29\"\n  data-noise=\"10\"\n     \n  data-renderer=\"webgl\"\n \n     \n  data-particle-size=\"0.8\"\n  data-layer-count=\"1\"\n  data-layer-distance=\"50\"\n  data-depth=\"12\"   \n  data-life-cycle=\"true\"\n  data-grow-duration=\"15\"\n  data-wait-duration=\"180\"\n  data-shrink-duration=\"50\"\n  data-shrink-distance=\"120\"\n\n       \n  data-mouse-force=\"30\"\n  data-init-position=\"none\"\n  data-init-direction=\"none\"\n  data-fade-position=\"none\"\n  data-fade-direction=\"none\"\n  src=\"https:\/\/acpyapi.com.tr\/wp-content\/uploads\/2024\/06\/swift.png\" >\n<\/div>\n<!-- end Particle Image -->\t\t\t\t<\/div>\n\t\t\t\t<\/div>\n\t\t\t\t\t<\/div>\n\t\t\t\t<\/div>\n\t\t\t\t<\/div>","protected":false},"excerpt":{"rendered":"<p>RAYWIN R45 Anasayfa \u00dcstten asma d\u0131\u015fa a\u00e7\u0131l\u0131r pencereler, skylight&#8217;lar, g\u00fcne\u015f g\u00f6lgelikleri ve kubbeler i\u00e7in vida akt\u00fcat\u00f6r\u00fc. 450N<\/p>","protected":false},"author":1,"featured_media":0,"parent":8493,"menu_order":0,"comment_status":"closed","ping_status":"closed","template":"","meta":{"footnotes":""},"class_list":["post-14973","page","type-page","status-publish","hentry"],"yoast_head":"<!-- This site is optimized with the Yoast SEO plugin v26.1.1 - https:\/\/yoast.com\/wordpress\/plugins\/seo\/ -->\n<title>RAYWIN R45 - ACP YAPI ELEMANLARI<\/title>\n<meta name=\"robots\" content=\"index, follow, max-snippet:-1, max-image-preview:large, max-video-preview:-1\" \/>\n<link rel=\"canonical\" href=\"https:\/\/acpyapi.com.tr\/en\/pencere-acki-motorlari\/comunello-raywin\/raywin-r45\/\" \/>\n<meta property=\"og:locale\" content=\"en_US\" \/>\n<meta property=\"og:type\" content=\"article\" \/>\n<meta property=\"og:title\" content=\"RAYWIN R45 - ACP YAPI ELEMANLARI\" \/>\n<meta property=\"og:description\" content=\"RAYWIN R45 Anasayfa \u00dcstten asma d\u0131\u015fa a\u00e7\u0131l\u0131r pencereler, skylight&#8217;lar, g\u00fcne\u015f g\u00f6lgelikleri ve kubbeler i\u00e7in vida akt\u00fcat\u00f6r\u00fc. 450N\" \/>\n<meta property=\"og:url\" content=\"https:\/\/acpyapi.com.tr\/en\/pencere-acki-motorlari\/comunello-raywin\/raywin-r45\/\" \/>\n<meta property=\"og:site_name\" content=\"ACP YAPI ELEMANLARI\" \/>\n<meta property=\"article:publisher\" content=\"https:\/\/www.facebook.com\/acpyapielemanlari\/\" \/>\n<meta property=\"article:modified_time\" content=\"2024-08-01T12:32:56+00:00\" \/>\n<meta property=\"og:image\" content=\"https:\/\/acpyapi.com.tr\/wp-content\/uploads\/2023\/10\/logo-siyah.png\" \/>\n\t<meta property=\"og:image:width\" content=\"500\" \/>\n\t<meta property=\"og:image:height\" content=\"200\" \/>\n\t<meta property=\"og:image:type\" content=\"image\/png\" \/>\n<meta name=\"twitter:card\" content=\"summary_large_image\" \/>\n<script type=\"application\/ld+json\" class=\"yoast-schema-graph\">{\"@context\":\"https:\/\/schema.org\",\"@graph\":[{\"@type\":\"WebPage\",\"@id\":\"https:\/\/acpyapi.com.tr\/pencere-acki-motorlari\/comunello-raywin\/raywin-r45\/\",\"url\":\"https:\/\/acpyapi.com.tr\/pencere-acki-motorlari\/comunello-raywin\/raywin-r45\/\",\"name\":\"RAYWIN R45 - ACP YAPI ELEMANLARI\",\"isPartOf\":{\"@id\":\"https:\/\/acpyapi.com.tr\/#website\"},\"datePublished\":\"2024-08-01T12:32:16+00:00\",\"dateModified\":\"2024-08-01T12:32:56+00:00\",\"breadcrumb\":{\"@id\":\"https:\/\/acpyapi.com.tr\/pencere-acki-motorlari\/comunello-raywin\/raywin-r45\/#breadcrumb\"},\"inLanguage\":\"en-US\",\"potentialAction\":[{\"@type\":\"ReadAction\",\"target\":[\"https:\/\/acpyapi.com.tr\/pencere-acki-motorlari\/comunello-raywin\/raywin-r45\/\"]}]},{\"@type\":\"BreadcrumbList\",\"@id\":\"https:\/\/acpyapi.com.tr\/pencere-acki-motorlari\/comunello-raywin\/raywin-r45\/#breadcrumb\",\"itemListElement\":[{\"@type\":\"ListItem\",\"position\":1,\"name\":\"Anasayfa\",\"item\":\"https:\/\/acpyapi.com.tr\/\"},{\"@type\":\"ListItem\",\"position\":2,\"name\":\"Pencere Motorlar\u0131\",\"item\":\"https:\/\/acpyapi.com.tr\/pencere-acki-motorlari\/\"},{\"@type\":\"ListItem\",\"position\":3,\"name\":\"COMUNELLO Raywin\",\"item\":\"https:\/\/acpyapi.com.tr\/pencere-acki-motorlari\/comunello-raywin\/\"},{\"@type\":\"ListItem\",\"position\":4,\"name\":\"RAYWIN R45\"}]},{\"@type\":\"WebSite\",\"@id\":\"https:\/\/acpyapi.com.tr\/#website\",\"url\":\"https:\/\/acpyapi.com.tr\/\",\"name\":\"ACP YAPI ELEMANLARI\",\"description\":\"G\u00f6z\u00fcn\u00fcz Arkada Kalmas\u0131n\",\"publisher\":{\"@id\":\"https:\/\/acpyapi.com.tr\/#organization\"},\"alternateName\":\"ACP Yap\u0131\",\"potentialAction\":[{\"@type\":\"SearchAction\",\"target\":{\"@type\":\"EntryPoint\",\"urlTemplate\":\"https:\/\/acpyapi.com.tr\/?s={search_term_string}\"},\"query-input\":{\"@type\":\"PropertyValueSpecification\",\"valueRequired\":true,\"valueName\":\"search_term_string\"}}],\"inLanguage\":\"en-US\"},{\"@type\":\"Organization\",\"@id\":\"https:\/\/acpyapi.com.tr\/#organization\",\"name\":\"ACP YAPI ELEMANLARI\",\"alternateName\":\"Acp Yap\u0131\",\"url\":\"https:\/\/acpyapi.com.tr\/\",\"logo\":{\"@type\":\"ImageObject\",\"inLanguage\":\"en-US\",\"@id\":\"https:\/\/acpyapi.com.tr\/#\/schema\/logo\/image\/\",\"url\":\"https:\/\/acpyapi.com.tr\/wp-content\/uploads\/2023\/10\/logo-siyah.png\",\"contentUrl\":\"https:\/\/acpyapi.com.tr\/wp-content\/uploads\/2023\/10\/logo-siyah.png\",\"width\":500,\"height\":200,\"caption\":\"ACP YAPI ELEMANLARI\"},\"image\":{\"@id\":\"https:\/\/acpyapi.com.tr\/#\/schema\/logo\/image\/\"},\"sameAs\":[\"https:\/\/www.facebook.com\/acpyapielemanlari\/\",\"https:\/\/www.instagram.com\/acpyapielemanlari\/\",\"https:\/\/www.linkedin.com\/company\/acpyapielemanlari\/?originalSubdomain=tr\",\"https:\/\/www.youtube.com\/channel\/UCRyEXuOc3OSvcTY1_yqbE8g\"]}]}<\/script>\n<!-- \/ Yoast SEO plugin. -->","yoast_head_json":{"title":"RAYWIN R45 - ACP YAPI ELEMANLARI","robots":{"index":"index","follow":"follow","max-snippet":"max-snippet:-1","max-image-preview":"max-image-preview:large","max-video-preview":"max-video-preview:-1"},"canonical":"https:\/\/acpyapi.com.tr\/en\/pencere-acki-motorlari\/comunello-raywin\/raywin-r45\/","og_locale":"en_US","og_type":"article","og_title":"RAYWIN R45 - ACP YAPI ELEMANLARI","og_description":"RAYWIN R45 Anasayfa \u00dcstten asma d\u0131\u015fa a\u00e7\u0131l\u0131r pencereler, skylight&#8217;lar, g\u00fcne\u015f g\u00f6lgelikleri ve kubbeler i\u00e7in vida akt\u00fcat\u00f6r\u00fc. 450N","og_url":"https:\/\/acpyapi.com.tr\/en\/pencere-acki-motorlari\/comunello-raywin\/raywin-r45\/","og_site_name":"ACP YAPI ELEMANLARI","article_publisher":"https:\/\/www.facebook.com\/acpyapielemanlari\/","article_modified_time":"2024-08-01T12:32:56+00:00","og_image":[{"width":500,"height":200,"url":"https:\/\/acpyapi.com.tr\/wp-content\/uploads\/2023\/10\/logo-siyah.png","type":"image\/png"}],"twitter_card":"summary_large_image","schema":{"@context":"https:\/\/schema.org","@graph":[{"@type":"WebPage","@id":"https:\/\/acpyapi.com.tr\/pencere-acki-motorlari\/comunello-raywin\/raywin-r45\/","url":"https:\/\/acpyapi.com.tr\/pencere-acki-motorlari\/comunello-raywin\/raywin-r45\/","name":"RAYWIN R45 - ACP YAPI ELEMANLARI","isPartOf":{"@id":"https:\/\/acpyapi.com.tr\/#website"},"datePublished":"2024-08-01T12:32:16+00:00","dateModified":"2024-08-01T12:32:56+00:00","breadcrumb":{"@id":"https:\/\/acpyapi.com.tr\/pencere-acki-motorlari\/comunello-raywin\/raywin-r45\/#breadcrumb"},"inLanguage":"en-US","potentialAction":[{"@type":"ReadAction","target":["https:\/\/acpyapi.com.tr\/pencere-acki-motorlari\/comunello-raywin\/raywin-r45\/"]}]},{"@type":"BreadcrumbList","@id":"https:\/\/acpyapi.com.tr\/pencere-acki-motorlari\/comunello-raywin\/raywin-r45\/#breadcrumb","itemListElement":[{"@type":"ListItem","position":1,"name":"Anasayfa","item":"https:\/\/acpyapi.com.tr\/"},{"@type":"ListItem","position":2,"name":"Pencere Motorlar\u0131","item":"https:\/\/acpyapi.com.tr\/pencere-acki-motorlari\/"},{"@type":"ListItem","position":3,"name":"COMUNELLO Raywin","item":"https:\/\/acpyapi.com.tr\/pencere-acki-motorlari\/comunello-raywin\/"},{"@type":"ListItem","position":4,"name":"RAYWIN R45"}]},{"@type":"WebSite","@id":"https:\/\/acpyapi.com.tr\/#website","url":"https:\/\/acpyapi.com.tr\/","name":"ACP YAPI ELEMANLARI","description":"Rest Assured","publisher":{"@id":"https:\/\/acpyapi.com.tr\/#organization"},"alternateName":"ACP Yap\u0131","potentialAction":[{"@type":"SearchAction","target":{"@type":"EntryPoint","urlTemplate":"https:\/\/acpyapi.com.tr\/?s={search_term_string}"},"query-input":{"@type":"PropertyValueSpecification","valueRequired":true,"valueName":"search_term_string"}}],"inLanguage":"en-US"},{"@type":"Organization","@id":"https:\/\/acpyapi.com.tr\/#organization","name":"ACP YAPI ELEMANLARI","alternateName":"Acp Yap\u0131","url":"https:\/\/acpyapi.com.tr\/","logo":{"@type":"ImageObject","inLanguage":"en-US","@id":"https:\/\/acpyapi.com.tr\/#\/schema\/logo\/image\/","url":"https:\/\/acpyapi.com.tr\/wp-content\/uploads\/2023\/10\/logo-siyah.png","contentUrl":"https:\/\/acpyapi.com.tr\/wp-content\/uploads\/2023\/10\/logo-siyah.png","width":500,"height":200,"caption":"ACP YAPI ELEMANLARI"},"image":{"@id":"https:\/\/acpyapi.com.tr\/#\/schema\/logo\/image\/"},"sameAs":["https:\/\/www.facebook.com\/acpyapielemanlari\/","https:\/\/www.instagram.com\/acpyapielemanlari\/","https:\/\/www.linkedin.com\/company\/acpyapielemanlari\/?originalSubdomain=tr","https:\/\/www.youtube.com\/channel\/UCRyEXuOc3OSvcTY1_yqbE8g"]}]}},"_links":{"self":[{"href":"https:\/\/acpyapi.com.tr\/en\/wp-json\/wp\/v2\/pages\/14973","targetHints":{"allow":["GET"]}}],"collection":[{"href":"https:\/\/acpyapi.com.tr\/en\/wp-json\/wp\/v2\/pages"}],"about":[{"href":"https:\/\/acpyapi.com.tr\/en\/wp-json\/wp\/v2\/types\/page"}],"author":[{"embeddable":true,"href":"https:\/\/acpyapi.com.tr\/en\/wp-json\/wp\/v2\/users\/1"}],"replies":[{"embeddable":true,"href":"https:\/\/acpyapi.com.tr\/en\/wp-json\/wp\/v2\/comments?post=14973"}],"version-history":[{"count":0,"href":"https:\/\/acpyapi.com.tr\/en\/wp-json\/wp\/v2\/pages\/14973\/revisions"}],"up":[{"embeddable":true,"href":"https:\/\/acpyapi.com.tr\/en\/wp-json\/wp\/v2\/pages\/8493"}],"wp:attachment":[{"href":"https:\/\/acpyapi.com.tr\/en\/wp-json\/wp\/v2\/media?parent=14973"}],"curies":[{"name":"wp","href":"https:\/\/api.w.org\/{rel}","templated":true}]}}