{"id":21012,"date":"2025-12-05T09:51:58","date_gmt":"2025-12-05T06:51:58","guid":{"rendered":"https:\/\/acpyapi.com.tr\/?page_id=21012"},"modified":"2025-12-05T09:53:20","modified_gmt":"2025-12-05T06:53:20","slug":"ahsap-kapilar-icin-pha-2500","status":"publish","type":"page","link":"https:\/\/acpyapi.com.tr\/en\/kapi-sistemleri\/ahsap-kapilar-icin-pha-2500\/","title":{"rendered":"Ah\u015fap Kap\u0131lar i\u00e7in PHA 2500"},"content":{"rendered":"<div data-elementor-type=\"wp-page\" data-elementor-id=\"21012\" class=\"elementor elementor-21012\" data-elementor-post-type=\"page\">\n\t\t\t\t\t\t<div class=\"elementor-section elementor-top-section elementor-element elementor-element-7cc7a5e elementor-section-height-min-height elementor-section-boxed elementor-section-height-default elementor-section-items-middle e-parent\" data-id=\"7cc7a5e\" data-element_type=\"section\" data-settings=\"{&quot;background_background&quot;:&quot;classic&quot;,&quot;background_motion_fx_motion_fx_scrolling&quot;:&quot;yes&quot;,&quot;background_motion_fx_translateY_effect&quot;:&quot;yes&quot;,&quot;background_motion_fx_blur_effect&quot;:&quot;yes&quot;,&quot;background_motion_fx_blur_level&quot;:{&quot;unit&quot;:&quot;px&quot;,&quot;size&quot;:8,&quot;sizes&quot;:[]},&quot;background_motion_fx_translateY_speed&quot;:{&quot;unit&quot;:&quot;px&quot;,&quot;size&quot;:4,&quot;sizes&quot;:[]},&quot;background_motion_fx_translateY_affectedRange&quot;:{&quot;unit&quot;:&quot;%&quot;,&quot;size&quot;:&quot;&quot;,&quot;sizes&quot;:{&quot;start&quot;:0,&quot;end&quot;:100}},&quot;background_motion_fx_blur_direction&quot;:&quot;out-in&quot;,&quot;background_motion_fx_blur_range&quot;:{&quot;unit&quot;:&quot;%&quot;,&quot;size&quot;:&quot;&quot;,&quot;sizes&quot;:{&quot;start&quot;:20,&quot;end&quot;:80}},&quot;background_motion_fx_devices&quot;:[&quot;desktop&quot;,&quot;laptop&quot;,&quot;tablet&quot;,&quot;mobile_extra&quot;,&quot;mobile&quot;]}\">\n\t\t\t\t\t\t<div class=\"elementor-container elementor-column-gap-no\">\n\t\t\t\t\t<div class=\"elementor-column elementor-col-100 elementor-top-column elementor-element elementor-element-312ccee lakit-col-width-auto-no\" data-id=\"312ccee\" data-element_type=\"column\">\n\t\t\t<div class=\"elementor-widget-wrap elementor-element-populated\">\n\t\t\t\t<div class=\"elementor-element elementor-element-bfb54dc e-flex e-con-boxed lakit-col-width-auto-no e-container e-root-container elementor-top-section e-con e-parent\" data-id=\"bfb54dc\" data-element_type=\"container\">\n\t\t\t\t\t<div class=\"e-con-inner\">\n\t\t\t\t<div class=\"elementor-element elementor-element-378b7c3 elementor-widget elementor-widget-page-title\" data-id=\"378b7c3\" data-element_type=\"widget\" data-settings=\"{&quot;align&quot;:&quot;center&quot;}\" data-widget_type=\"page-title.default\">\n\t\t\t\t<div class=\"elementor-widget-container\">\n\t\t\t\t\t\t\t\n\t\t<div class=\"hfe-page-title hfe-page-title-wrapper elementor-widget-heading\">\n\n\t\t\t\t\t\t\t\t\t\t\t<a href=\"https:\/\/acpyapi.com.tr\/en\">\n\t\t\t\t\t\t<h2 class=\"elementor-heading-title elementor-size-default\">\n\t\t\t\t\t\t\t\t\n\t\t\t\tAh\u015fap Kap\u0131lar i\u00e7in PHA 2500  \n\t\t\t<\/h2> \n\t\t\t\t\t\t\t\t\t<\/a>\n\t\t\t\t\t<\/div>\n\t\t\t\t\t\t<\/div>\n\t\t\t\t<\/div>\n\t\t\t\t\t<\/div>\n\t\t\t\t<\/div>\n\t\t\t\t\t<\/div>\n\t\t<\/div>\n\t\t\t\t\t<\/div>\n\t\t<\/div>\n\t\t<div class=\"elementor-element elementor-element-aa4dfa0 e-flex e-con-boxed lakit-col-width-auto-no e-container e-root-container elementor-top-section e-con e-parent\" data-id=\"aa4dfa0\" data-element_type=\"container\">\n\t\t\t\t\t<div class=\"e-con-inner\">\n\t\t<div class=\"elementor-element elementor-element-428f37b e-flex e-con-boxed lakit-col-width-auto-no e-container e-con e-child\" data-id=\"428f37b\" data-element_type=\"container\">\n\t\t\t\t\t<div class=\"e-con-inner\">\n\t\t\t\t<div class=\"elementor-element elementor-element-dce0dbe elementor-widget elementor-widget-lastudio-slides\" data-id=\"dce0dbe\" data-element_type=\"widget\" data-widget_type=\"lastudio-slides.default\">\n\t\t\t\t<div class=\"elementor-widget-container\">\n\t\t\t\t\t\t\t<div class=\"elementor-slides-wrapper elementor-slick-slider\" dir=\"ltr\">\n\t\t\t<div class=\"lastudio-carousel elementor-slides\" data-slider_options=\"{&quot;slidesToShow&quot;:1,&quot;autoplaySpeed&quot;:0,&quot;autoplay&quot;:false,&quot;infinite&quot;:true,&quot;pauseOnHover&quot;:true,&quot;speed&quot;:500,&quot;arrows&quot;:true,&quot;dots&quot;:true,&quot;rtl&quot;:false,&quot;prevArrow&quot;:&quot;&lt;button class=\\&quot;lastudio-arrow prev-arrow slick-prev slick-arrow\\&quot;&gt;&lt;i class=\\&quot;lastudioicon-left-arrow\\&quot;&gt;&lt;\\\/i&gt;&lt;\\\/button&gt;&quot;,&quot;nextArrow&quot;:&quot;&lt;button class=\\&quot;lastudio-arrow next-arrow slick-next slick-arrow\\&quot;&gt;&lt;i class=\\&quot;lastudioicon-right-arrow\\&quot;&gt;&lt;\\\/i&gt;&lt;\\\/button&gt;&quot;}\" data-animation=\"fadeInUp\">\n\t\t\t\t<div class=\"elementor-repeater-item-752c1d1  slick-slide\"><div class=\"slick-slide-bg\"><\/div><div  class=\"slick-slide-inner\"><div class=\"elementor-slide-content\"><\/div><\/div><\/div><div class=\"elementor-repeater-item-e4289d9  slick-slide\"><div class=\"slick-slide-bg\"><\/div><div  class=\"slick-slide-inner\"><div class=\"elementor-slide-content\"><\/div><\/div><\/div>\t\t\t<\/div>\n\t\t<\/div>\n\t\t\t\t\t\t<\/div>\n\t\t\t\t<\/div>\n\t\t\t\t\t<\/div>\n\t\t\t\t<\/div>\n\t\t<div class=\"elementor-element elementor-element-5b69fb4 e-flex e-con-boxed lakit-col-width-auto-no e-container e-con e-child\" data-id=\"5b69fb4\" data-element_type=\"container\">\n\t\t\t\t\t<div class=\"e-con-inner\">\n\t\t\t\t<div class=\"elementor-element elementor-element-dc21830 lakit-breadcrumbs-on-front-yes lakit-breadcrumbs-page-title-yes elementor-widget lastudio-kit elementor-lakit-breadcrumbs\" data-id=\"dc21830\" data-element_type=\"widget\" data-widget_type=\"lakit-breadcrumbs.default\">\n\t\t\t\t\t\n\t\t<div class=\"lakit-breadcrumbs\">\n\t\t<div class=\"lakit-breadcrumbs__content\">\n\t\t<div class=\"lakit-breadcrumbs__wrap\"><div class=\"lakit-breadcrumbs__item\"><a href=\"https:\/\/acpyapi.com.tr\/en\/\" class=\"lakit-breadcrumbs__item-link is-home\" rel=\"home\" title=\"Home\">Home<\/a><\/div>\n\t\t<\/div>\n\t\t<\/div>\n\t\t<\/div>\t\t\t\t<\/div>\n\t\t\t\t<div class=\"elementor-element elementor-element-7e49278 elementor-widget elementor-widget-text-editor\" data-id=\"7e49278\" data-element_type=\"widget\" data-widget_type=\"text-editor.default\">\n\t\t\t\t<div class=\"elementor-widget-container\">\n\t\t\t\t\t\t\t\t\t<div class=\"product-page-slider__description-body has-transition\"><div><div class=\"dk-rich-text product-page-slider__description\"><div><p>G\u00fcvenilir PHA 2500 Panik Bar sistemi ka\u00e7\u0131\u015f g\u00fczergahlar\u0131nda emniyeti sa\u011flar.\u00a0Panik bar ve dahili g\u00f6mme panik\/acil durum ka\u00e7\u0131\u015f kilitli y\u00fcksek kaliteli panik ka\u00e7\u0131\u015f aksesuar\u0131. Tek ve \u00e7ift kanatl\u0131 kap\u0131lara y\u00f6nelik \u00e7e\u015fitli uygulamalar i\u00e7in.<\/p><\/div><\/div><\/div><\/div>\t\t\t\t\t\t\t\t<\/div>\n\t\t\t\t<\/div>\n\t\t\t\t\t<\/div>\n\t\t\t\t<\/div>\n\t\t\t\t\t<\/div>\n\t\t\t\t<\/div>\n\t\t<div class=\"elementor-element elementor-element-5bff685 e-flex e-con-boxed lakit-col-width-auto-no e-container e-root-container elementor-top-section e-con e-parent\" data-id=\"5bff685\" data-element_type=\"container\">\n\t\t\t\t\t<div class=\"e-con-inner\">\n\t\t\t\t<div class=\"elementor-element elementor-element-b95901a elementor-widget elementor-widget-spacer\" data-id=\"b95901a\" data-element_type=\"widget\" data-widget_type=\"spacer.default\">\n\t\t\t\t<div class=\"elementor-widget-container\">\n\t\t\t\t\t\t\t<div class=\"elementor-spacer\">\n\t\t\t<div class=\"elementor-spacer-inner\"><\/div>\n\t\t<\/div>\n\t\t\t\t\t\t<\/div>\n\t\t\t\t<\/div>\n\t\t\t\t<div class=\"elementor-element elementor-element-45ebef8 e-n-tabs-mobile elementor-widget elementor-widget-n-tabs\" data-id=\"45ebef8\" data-element_type=\"widget\" data-settings=\"{&quot;tabs_justify_horizontal&quot;:&quot;start&quot;,&quot;horizontal_scroll&quot;:&quot;disable&quot;}\" data-widget_type=\"nested-tabs.default\">\n\t\t\t\t<div class=\"elementor-widget-container\">\n\t\t\t\t\t\t\t<div class=\"e-n-tabs\" data-widget-number=\"73318136\" aria-label=\"Tabs. Open items with Enter or Space, close with Escape and navigate using the Arrow keys.\">\n\t\t\t<div class=\"e-n-tabs-heading\" role=\"tablist\">\n\t\t\t\t\t<button id=\"e-n-tab-title-733181361\" class=\"e-n-tab-title\" aria-selected=\"true\" data-tab-index=\"1\" role=\"tab\" tabindex=\"0\" aria-controls=\"e-n-tab-content-733181361\" style=\"--n-tabs-title-order: 1;\">\n\t\t\t\t\t\t<span class=\"e-n-tab-title-text\">\n\t\t\t\tTeknik \u00d6zellikler\t\t\t<\/span>\n\t\t<\/button>\n\t\t\t\t\t<\/div>\n\t\t\t<div class=\"e-n-tabs-content\">\n\t\t\t\t<div id=\"e-n-tab-content-733181361\" role=\"tabpanel\" aria-labelledby=\"e-n-tab-title-733181361\" data-tab-index=\"1\" style=\"--n-tabs-title-order: 1;\" class=\"e-active elementor-element elementor-element-a863773 e-flex e-con-boxed lakit-col-width-auto-no e-container e-con e-child\" data-id=\"a863773\" data-element_type=\"container\">\n\t\t\t\t\t<div class=\"e-con-inner\">\n\t\t<div class=\"elementor-element elementor-element-eb94c23 e-flex e-con-boxed lakit-col-width-auto-no e-container e-con e-child\" data-id=\"eb94c23\" data-element_type=\"container\">\n\t\t\t\t\t<div class=\"e-con-inner\">\n\t\t\t\t<div class=\"elementor-element elementor-element-37291d2 elementor-widget elementor-widget-text-editor\" data-id=\"37291d2\" data-element_type=\"widget\" data-widget_type=\"text-editor.default\">\n\t\t\t\t<div class=\"elementor-widget-container\">\n\t\t\t\t\t\t\t\t\t<p><strong>Pratik panik donan\u0131m\u0131 &#8211; ah\u015fap kap\u0131lar i\u00e7in ideal \u00e7\u0131k\u0131\u015f aksesuarlar\u0131<\/strong><\/p><p>PHA 2500 panik bar serisi, dormakaba\u00a0Premium ve ilgili tamamlay\u0131c\u0131 aksesuarlar\u0131yla dormakaba\u00a0i\u00e7 ve d\u0131\u015f ah\u015fap kap\u0131 uygulamalar\u0131 i\u00e7in ideal y\u00fcksek performansl\u0131 bir panik donan\u0131m sistemi sunmaktad\u0131r. Entegre g\u00f6mme panik\/acil durum ka\u00e7\u0131\u015f kilidi kap\u0131n\u0131n hem mandal hem kilit diliyle ba\u011flant\u0131s\u0131na olanak tan\u0131r.<\/p><p><strong>Sat\u0131c\u0131lar \/ Distrib\u00fct\u00f6rler i\u00e7in faydalar\u0131<\/strong><\/p><p>\u2022 Bir tam paket i\u00e7erisinde sertifikal\u0131 sistem<br \/>\u2022 T\u00fcm geni\u015flikte kap\u0131lar i\u00e7in tek panik bar<br \/>\u2022 Mevcut dormakaba\u00a0Premium kap\u0131 aksesuarlar\u0131yla birlikte kullan\u0131ma uygun<br \/>\u2022 Farkl\u0131 uygulamalar i\u00e7in ek aksesuarlar mevcuttur<\/p><p><strong>Mimarlar \/ \u015eartname haz\u0131rlayanlar i\u00e7in faydalar\u0131<\/strong><\/p><p>\u2022 Vida vb. ba\u011flant\u0131lar\u0131 gizlenmi\u015f y\u00fcksek kaliteli g\u00f6r\u00fcn\u00fcm<br \/>\u2022 EN 1125&#8217;e uygun<br \/>\u2022 Euronorm standartlar\u0131na uygun onayl\u0131 sistem<br \/>\u2022 EN 1906, EN 1634-1 ve DIN 18273 uygun t\u00fcm dormakaba\u00a0Premium kap\u0131 aksesuarlar\u0131yla uyumludur<\/p><p><strong>Uygulay\u0131c\u0131lar \/ Kanat imalat\u0131 yapan firmalar i\u00e7in faydalar\u0131<\/strong><\/p><p>\u2022 Tek bir kaynaktan tam kapsaml\u0131 uzmanl\u0131k<br \/>\u2022 Kolay montaj<br \/>\u2022 Farkl\u0131 kap\u0131 geni\u015flik ve y\u00fcksekliklerine uyarlanabilir<br \/>\u2022 Kusursuz aksesuar yelpazesi<\/p><p><strong>Kullan\u0131c\u0131 a\u00e7\u0131s\u0131ndan faydalar\u0131<\/strong><\/p><p>\u2022 Optimum g\u00fcvenlik &#8211; kap\u0131 panik bar\u0131n geni\u015fli\u011finin herhangi bir noktas\u0131ndan bast\u0131r\u0131larak a\u00e7\u0131labilir<br \/>\u2022 Tam kapsaml\u0131 m\u00fc\u015fteri hizmetleri tedariki i\u00e7in tek bir kaynak<\/p>\t\t\t\t\t\t\t\t<\/div>\n\t\t\t\t<\/div>\n\t\t\t\t\t<\/div>\n\t\t\t\t<\/div>\n\t\t\t\t\t<\/div>\n\t\t\t\t<\/div>\n\t\t\t\t\t<\/div>\n\t\t<\/div>\n\t\t\t\t\t\t<\/div>\n\t\t\t\t<\/div>\n\t\t\t\t\t<\/div>\n\t\t\t\t<\/div>\n\t\t\t\t<\/div>","protected":false},"excerpt":{"rendered":"<p>Ah\u015fap Kap\u0131lar i\u00e7in PHA 2500 Anasayfa G\u00fcvenilir PHA 2500 Panik Bar sistemi ka\u00e7\u0131\u015f g\u00fczergahlar\u0131nda emniyeti sa\u011flar.\u00a0Panik bar ve dahili g\u00f6mme panik\/acil durum ka\u00e7\u0131\u015f kilitli y\u00fcksek kaliteli panik ka\u00e7\u0131\u015f aksesuar\u0131. Tek ve \u00e7ift kanatl\u0131 kap\u0131lara y\u00f6nelik \u00e7e\u015fitli uygulamalar [&hellip;]<\/p>","protected":false},"author":1,"featured_media":0,"parent":3129,"menu_order":0,"comment_status":"closed","ping_status":"closed","template":"","meta":{"footnotes":""},"class_list":["post-21012","page","type-page","status-publish","hentry"],"yoast_head":"<!-- This site is optimized with the Yoast SEO plugin v26.1.1 - https:\/\/yoast.com\/wordpress\/plugins\/seo\/ -->\n<title>Ah\u015fap Kap\u0131lar i\u00e7in PHA 2500 - ACP YAPI ELEMANLARI<\/title>\n<meta name=\"description\" content=\"G\u00fcvenilir PHA 2500 Panik Bar sistemi ka\u00e7\u0131\u015f g\u00fczergahlar\u0131nda emniyeti sa\u011flar. Panik bar ve dahili g\u00f6mme panik\/acil durum ka\u00e7\u0131\u015f kilitli y\u00fcksek kaliteli panik ka\u00e7\u0131\u015f aksesuar\u0131.\" \/>\n<meta name=\"robots\" content=\"index, follow, max-snippet:-1, max-image-preview:large, max-video-preview:-1\" \/>\n<link rel=\"canonical\" href=\"https:\/\/acpyapi.com.tr\/en\/kapi-sistemleri\/ahsap-kapilar-icin-pha-2500\/\" \/>\n<meta property=\"og:locale\" content=\"en_US\" \/>\n<meta property=\"og:type\" content=\"article\" \/>\n<meta property=\"og:title\" content=\"Ah\u015fap Kap\u0131lar i\u00e7in PHA 2500 - ACP YAPI ELEMANLARI\" \/>\n<meta property=\"og:description\" content=\"G\u00fcvenilir PHA 2500 Panik Bar sistemi ka\u00e7\u0131\u015f g\u00fczergahlar\u0131nda emniyeti sa\u011flar. Panik bar ve dahili g\u00f6mme panik\/acil durum ka\u00e7\u0131\u015f kilitli y\u00fcksek kaliteli panik ka\u00e7\u0131\u015f aksesuar\u0131.\" \/>\n<meta property=\"og:url\" content=\"https:\/\/acpyapi.com.tr\/en\/kapi-sistemleri\/ahsap-kapilar-icin-pha-2500\/\" \/>\n<meta property=\"og:site_name\" content=\"ACP YAPI ELEMANLARI\" \/>\n<meta property=\"article:publisher\" content=\"https:\/\/www.facebook.com\/acpyapielemanlari\/\" \/>\n<meta property=\"article:modified_time\" content=\"2025-12-05T06:53:20+00:00\" \/>\n<meta property=\"og:image\" content=\"https:\/\/acpyapi.com.tr\/wp-content\/uploads\/2023\/10\/logo-siyah.png\" \/>\n\t<meta property=\"og:image:width\" content=\"500\" \/>\n\t<meta property=\"og:image:height\" content=\"200\" \/>\n\t<meta property=\"og:image:type\" content=\"image\/png\" \/>\n<meta name=\"twitter:card\" content=\"summary_large_image\" \/>\n<meta name=\"twitter:label1\" content=\"Est. reading time\" \/>\n\t<meta name=\"twitter:data1\" content=\"3 minutes\" \/>\n<script type=\"application\/ld+json\" class=\"yoast-schema-graph\">{\"@context\":\"https:\/\/schema.org\",\"@graph\":[{\"@type\":\"WebPage\",\"@id\":\"https:\/\/acpyapi.com.tr\/tr\/kapi-sistemleri\/ahsap-kapilar-icin-pha-2500\/\",\"url\":\"https:\/\/acpyapi.com.tr\/tr\/kapi-sistemleri\/ahsap-kapilar-icin-pha-2500\/\",\"name\":\"Ah\u015fap Kap\u0131lar i\u00e7in PHA 2500 - ACP YAPI ELEMANLARI\",\"isPartOf\":{\"@id\":\"https:\/\/acpyapi.com.tr\/#website\"},\"datePublished\":\"2025-12-05T06:51:58+00:00\",\"dateModified\":\"2025-12-05T06:53:20+00:00\",\"description\":\"G\u00fcvenilir PHA 2500 Panik Bar sistemi ka\u00e7\u0131\u015f g\u00fczergahlar\u0131nda emniyeti sa\u011flar. Panik bar ve dahili g\u00f6mme panik\/acil durum ka\u00e7\u0131\u015f kilitli y\u00fcksek kaliteli panik ka\u00e7\u0131\u015f aksesuar\u0131.\",\"breadcrumb\":{\"@id\":\"https:\/\/acpyapi.com.tr\/tr\/kapi-sistemleri\/ahsap-kapilar-icin-pha-2500\/#breadcrumb\"},\"inLanguage\":\"en-US\",\"potentialAction\":[{\"@type\":\"ReadAction\",\"target\":[\"https:\/\/acpyapi.com.tr\/tr\/kapi-sistemleri\/ahsap-kapilar-icin-pha-2500\/\"]}]},{\"@type\":\"BreadcrumbList\",\"@id\":\"https:\/\/acpyapi.com.tr\/tr\/kapi-sistemleri\/ahsap-kapilar-icin-pha-2500\/#breadcrumb\",\"itemListElement\":[{\"@type\":\"ListItem\",\"position\":1,\"name\":\"Anasayfa\",\"item\":\"https:\/\/acpyapi.com.tr\/\"},{\"@type\":\"ListItem\",\"position\":2,\"name\":\"Kap\u0131 Sistemleri\",\"item\":\"https:\/\/acpyapi.com.tr\/kapi-sistemleri\/\"},{\"@type\":\"ListItem\",\"position\":3,\"name\":\"Ah\u015fap Kap\u0131lar i\u00e7in PHA 2500\"}]},{\"@type\":\"WebSite\",\"@id\":\"https:\/\/acpyapi.com.tr\/#website\",\"url\":\"https:\/\/acpyapi.com.tr\/\",\"name\":\"ACP YAPI ELEMANLARI\",\"description\":\"G\u00f6z\u00fcn\u00fcz Arkada Kalmas\u0131n\",\"publisher\":{\"@id\":\"https:\/\/acpyapi.com.tr\/#organization\"},\"alternateName\":\"ACP Yap\u0131\",\"potentialAction\":[{\"@type\":\"SearchAction\",\"target\":{\"@type\":\"EntryPoint\",\"urlTemplate\":\"https:\/\/acpyapi.com.tr\/?s={search_term_string}\"},\"query-input\":{\"@type\":\"PropertyValueSpecification\",\"valueRequired\":true,\"valueName\":\"search_term_string\"}}],\"inLanguage\":\"en-US\"},{\"@type\":\"Organization\",\"@id\":\"https:\/\/acpyapi.com.tr\/#organization\",\"name\":\"ACP YAPI ELEMANLARI\",\"alternateName\":\"Acp Yap\u0131\",\"url\":\"https:\/\/acpyapi.com.tr\/\",\"logo\":{\"@type\":\"ImageObject\",\"inLanguage\":\"en-US\",\"@id\":\"https:\/\/acpyapi.com.tr\/#\/schema\/logo\/image\/\",\"url\":\"https:\/\/acpyapi.com.tr\/wp-content\/uploads\/2023\/10\/logo-siyah.png\",\"contentUrl\":\"https:\/\/acpyapi.com.tr\/wp-content\/uploads\/2023\/10\/logo-siyah.png\",\"width\":500,\"height\":200,\"caption\":\"ACP YAPI ELEMANLARI\"},\"image\":{\"@id\":\"https:\/\/acpyapi.com.tr\/#\/schema\/logo\/image\/\"},\"sameAs\":[\"https:\/\/www.facebook.com\/acpyapielemanlari\/\",\"https:\/\/www.instagram.com\/acpyapielemanlari\/\",\"https:\/\/www.linkedin.com\/company\/acpyapielemanlari\/?originalSubdomain=tr\",\"https:\/\/www.youtube.com\/channel\/UCRyEXuOc3OSvcTY1_yqbE8g\"]}]}<\/script>\n<!-- \/ Yoast SEO plugin. -->","yoast_head_json":{"title":"Ah\u015fap Kap\u0131lar i\u00e7in PHA 2500 - ACP YAPI ELEMANLARI","description":"G\u00fcvenilir PHA 2500 Panik Bar sistemi ka\u00e7\u0131\u015f g\u00fczergahlar\u0131nda emniyeti sa\u011flar. Panik bar ve dahili g\u00f6mme panik\/acil durum ka\u00e7\u0131\u015f kilitli y\u00fcksek kaliteli panik ka\u00e7\u0131\u015f aksesuar\u0131.","robots":{"index":"index","follow":"follow","max-snippet":"max-snippet:-1","max-image-preview":"max-image-preview:large","max-video-preview":"max-video-preview:-1"},"canonical":"https:\/\/acpyapi.com.tr\/en\/kapi-sistemleri\/ahsap-kapilar-icin-pha-2500\/","og_locale":"en_US","og_type":"article","og_title":"Ah\u015fap Kap\u0131lar i\u00e7in PHA 2500 - ACP YAPI ELEMANLARI","og_description":"G\u00fcvenilir PHA 2500 Panik Bar sistemi ka\u00e7\u0131\u015f g\u00fczergahlar\u0131nda emniyeti sa\u011flar. Panik bar ve dahili g\u00f6mme panik\/acil durum ka\u00e7\u0131\u015f kilitli y\u00fcksek kaliteli panik ka\u00e7\u0131\u015f aksesuar\u0131.","og_url":"https:\/\/acpyapi.com.tr\/en\/kapi-sistemleri\/ahsap-kapilar-icin-pha-2500\/","og_site_name":"ACP YAPI ELEMANLARI","article_publisher":"https:\/\/www.facebook.com\/acpyapielemanlari\/","article_modified_time":"2025-12-05T06:53:20+00:00","og_image":[{"width":500,"height":200,"url":"https:\/\/acpyapi.com.tr\/wp-content\/uploads\/2023\/10\/logo-siyah.png","type":"image\/png"}],"twitter_card":"summary_large_image","twitter_misc":{"Est. reading time":"3 minutes"},"schema":{"@context":"https:\/\/schema.org","@graph":[{"@type":"WebPage","@id":"https:\/\/acpyapi.com.tr\/tr\/kapi-sistemleri\/ahsap-kapilar-icin-pha-2500\/","url":"https:\/\/acpyapi.com.tr\/tr\/kapi-sistemleri\/ahsap-kapilar-icin-pha-2500\/","name":"Ah\u015fap Kap\u0131lar i\u00e7in PHA 2500 - ACP YAPI ELEMANLARI","isPartOf":{"@id":"https:\/\/acpyapi.com.tr\/#website"},"datePublished":"2025-12-05T06:51:58+00:00","dateModified":"2025-12-05T06:53:20+00:00","description":"G\u00fcvenilir PHA 2500 Panik Bar sistemi ka\u00e7\u0131\u015f g\u00fczergahlar\u0131nda emniyeti sa\u011flar. Panik bar ve dahili g\u00f6mme panik\/acil durum ka\u00e7\u0131\u015f kilitli y\u00fcksek kaliteli panik ka\u00e7\u0131\u015f aksesuar\u0131.","breadcrumb":{"@id":"https:\/\/acpyapi.com.tr\/tr\/kapi-sistemleri\/ahsap-kapilar-icin-pha-2500\/#breadcrumb"},"inLanguage":"en-US","potentialAction":[{"@type":"ReadAction","target":["https:\/\/acpyapi.com.tr\/tr\/kapi-sistemleri\/ahsap-kapilar-icin-pha-2500\/"]}]},{"@type":"BreadcrumbList","@id":"https:\/\/acpyapi.com.tr\/tr\/kapi-sistemleri\/ahsap-kapilar-icin-pha-2500\/#breadcrumb","itemListElement":[{"@type":"ListItem","position":1,"name":"Anasayfa","item":"https:\/\/acpyapi.com.tr\/"},{"@type":"ListItem","position":2,"name":"Kap\u0131 Sistemleri","item":"https:\/\/acpyapi.com.tr\/kapi-sistemleri\/"},{"@type":"ListItem","position":3,"name":"Ah\u015fap Kap\u0131lar i\u00e7in PHA 2500"}]},{"@type":"WebSite","@id":"https:\/\/acpyapi.com.tr\/#website","url":"https:\/\/acpyapi.com.tr\/","name":"ACP YAPI ELEMANLARI","description":"Rest Assured","publisher":{"@id":"https:\/\/acpyapi.com.tr\/#organization"},"alternateName":"ACP Yap\u0131","potentialAction":[{"@type":"SearchAction","target":{"@type":"EntryPoint","urlTemplate":"https:\/\/acpyapi.com.tr\/?s={search_term_string}"},"query-input":{"@type":"PropertyValueSpecification","valueRequired":true,"valueName":"search_term_string"}}],"inLanguage":"en-US"},{"@type":"Organization","@id":"https:\/\/acpyapi.com.tr\/#organization","name":"ACP YAPI ELEMANLARI","alternateName":"Acp Yap\u0131","url":"https:\/\/acpyapi.com.tr\/","logo":{"@type":"ImageObject","inLanguage":"en-US","@id":"https:\/\/acpyapi.com.tr\/#\/schema\/logo\/image\/","url":"https:\/\/acpyapi.com.tr\/wp-content\/uploads\/2023\/10\/logo-siyah.png","contentUrl":"https:\/\/acpyapi.com.tr\/wp-content\/uploads\/2023\/10\/logo-siyah.png","width":500,"height":200,"caption":"ACP YAPI ELEMANLARI"},"image":{"@id":"https:\/\/acpyapi.com.tr\/#\/schema\/logo\/image\/"},"sameAs":["https:\/\/www.facebook.com\/acpyapielemanlari\/","https:\/\/www.instagram.com\/acpyapielemanlari\/","https:\/\/www.linkedin.com\/company\/acpyapielemanlari\/?originalSubdomain=tr","https:\/\/www.youtube.com\/channel\/UCRyEXuOc3OSvcTY1_yqbE8g"]}]}},"_links":{"self":[{"href":"https:\/\/acpyapi.com.tr\/en\/wp-json\/wp\/v2\/pages\/21012","targetHints":{"allow":["GET"]}}],"collection":[{"href":"https:\/\/acpyapi.com.tr\/en\/wp-json\/wp\/v2\/pages"}],"about":[{"href":"https:\/\/acpyapi.com.tr\/en\/wp-json\/wp\/v2\/types\/page"}],"author":[{"embeddable":true,"href":"https:\/\/acpyapi.com.tr\/en\/wp-json\/wp\/v2\/users\/1"}],"replies":[{"embeddable":true,"href":"https:\/\/acpyapi.com.tr\/en\/wp-json\/wp\/v2\/comments?post=21012"}],"version-history":[{"count":0,"href":"https:\/\/acpyapi.com.tr\/en\/wp-json\/wp\/v2\/pages\/21012\/revisions"}],"up":[{"embeddable":true,"href":"https:\/\/acpyapi.com.tr\/en\/wp-json\/wp\/v2\/pages\/3129"}],"wp:attachment":[{"href":"https:\/\/acpyapi.com.tr\/en\/wp-json\/wp\/v2\/media?parent=21012"}],"curies":[{"name":"wp","href":"https:\/\/api.w.org\/{rel}","templated":true}]}}