{"id":8665,"date":"2023-11-10T09:30:45","date_gmt":"2023-11-10T06:30:45","guid":{"rendered":"https:\/\/acpyapi.com.tr\/?page_id=8665"},"modified":"2025-10-20T16:09:23","modified_gmt":"2025-10-20T13:09:23","slug":"dorma-dormakaba-porteo-kapi-acma-kapama-mekanizmasi","status":"publish","type":"page","link":"https:\/\/acpyapi.com.tr\/en\/kapi-sistemleri\/kapi-donanimlari\/dorma-dormakaba-porteo-kapi-acma-kapama-mekanizmasi\/","title":{"rendered":"Dorma &#8211; dormakaba Porteo Kap\u0131 A\u00e7ma Kapama Mekanizmas\u0131"},"content":{"rendered":"<div data-elementor-type=\"wp-page\" data-elementor-id=\"8665\" class=\"elementor elementor-8665\" data-elementor-post-type=\"page\">\n\t\t\t\t\t\t<div class=\"elementor-section elementor-top-section elementor-element elementor-element-a389b2f elementor-section-height-min-height elementor-section-boxed elementor-section-height-default elementor-section-items-middle e-parent\" data-id=\"a389b2f\" data-element_type=\"section\" data-settings=\"{&quot;background_background&quot;:&quot;classic&quot;,&quot;background_motion_fx_motion_fx_scrolling&quot;:&quot;yes&quot;,&quot;background_motion_fx_translateY_effect&quot;:&quot;yes&quot;,&quot;background_motion_fx_blur_effect&quot;:&quot;yes&quot;,&quot;background_motion_fx_blur_level&quot;:{&quot;unit&quot;:&quot;px&quot;,&quot;size&quot;:8,&quot;sizes&quot;:[]},&quot;background_motion_fx_translateY_speed&quot;:{&quot;unit&quot;:&quot;px&quot;,&quot;size&quot;:4,&quot;sizes&quot;:[]},&quot;background_motion_fx_translateY_affectedRange&quot;:{&quot;unit&quot;:&quot;%&quot;,&quot;size&quot;:&quot;&quot;,&quot;sizes&quot;:{&quot;start&quot;:0,&quot;end&quot;:100}},&quot;background_motion_fx_blur_direction&quot;:&quot;out-in&quot;,&quot;background_motion_fx_blur_range&quot;:{&quot;unit&quot;:&quot;%&quot;,&quot;size&quot;:&quot;&quot;,&quot;sizes&quot;:{&quot;start&quot;:20,&quot;end&quot;:80}},&quot;background_motion_fx_devices&quot;:[&quot;desktop&quot;,&quot;laptop&quot;,&quot;tablet&quot;,&quot;mobile_extra&quot;,&quot;mobile&quot;]}\">\n\t\t\t\t\t\t<div class=\"elementor-container elementor-column-gap-no\">\n\t\t\t\t\t<div class=\"elementor-column elementor-col-100 elementor-top-column elementor-element elementor-element-e3745c0 lakit-col-width-auto-no\" data-id=\"e3745c0\" data-element_type=\"column\">\n\t\t\t<div class=\"elementor-widget-wrap elementor-element-populated\">\n\t\t\t\t<div class=\"elementor-element elementor-element-290e3cd e-flex e-con-boxed lakit-col-width-auto-no e-container e-root-container elementor-top-section e-con e-parent\" data-id=\"290e3cd\" data-element_type=\"container\">\n\t\t\t\t\t<div class=\"e-con-inner\">\n\t\t\t\t<div class=\"elementor-element elementor-element-e4d6225 elementor-widget elementor-widget-page-title\" data-id=\"e4d6225\" data-element_type=\"widget\" data-settings=\"{&quot;align&quot;:&quot;center&quot;}\" data-widget_type=\"page-title.default\">\n\t\t\t\t<div class=\"elementor-widget-container\">\n\t\t\t\t\t\t\t\n\t\t<div class=\"hfe-page-title hfe-page-title-wrapper elementor-widget-heading\">\n\n\t\t\t\t\t\t\t\t\t\t\t<a href=\"https:\/\/acpyapi.com.tr\/en\">\n\t\t\t\t\t\t<h2 class=\"elementor-heading-title elementor-size-default\">\n\t\t\t\t\t\t\t\t\n\t\t\t\tDorma &#8211; dormakaba Porteo Kap\u0131 A\u00e7ma Kapama Mekanizmas\u0131  \n\t\t\t<\/h2> \n\t\t\t\t\t\t\t\t\t<\/a>\n\t\t\t\t\t<\/div>\n\t\t\t\t\t\t<\/div>\n\t\t\t\t<\/div>\n\t\t\t\t\t<\/div>\n\t\t\t\t<\/div>\n\t\t\t\t\t<\/div>\n\t\t<\/div>\n\t\t\t\t\t<\/div>\n\t\t<\/div>\n\t\t<div class=\"elementor-element elementor-element-c12021b e-flex e-con-boxed lakit-col-width-auto-no e-container e-root-container elementor-top-section e-con e-parent\" data-id=\"c12021b\" data-element_type=\"container\">\n\t\t\t\t\t<div class=\"e-con-inner\">\n\t\t<div class=\"elementor-element elementor-element-828decd e-con-full e-flex lakit-col-width-auto-no e-container e-con e-child\" data-id=\"828decd\" data-element_type=\"container\">\n\t\t\t\t<div class=\"elementor-element elementor-element-48b0bb0 elementor-widget elementor-widget-lastudio-slides\" data-id=\"48b0bb0\" data-element_type=\"widget\" data-widget_type=\"lastudio-slides.default\">\n\t\t\t\t<div class=\"elementor-widget-container\">\n\t\t\t\t\t\t\t<div class=\"elementor-slides-wrapper elementor-slick-slider\" dir=\"ltr\">\n\t\t\t<div class=\"lastudio-carousel elementor-slides\" data-slider_options=\"{&quot;slidesToShow&quot;:1,&quot;autoplaySpeed&quot;:0,&quot;autoplay&quot;:false,&quot;infinite&quot;:true,&quot;pauseOnHover&quot;:true,&quot;speed&quot;:500,&quot;arrows&quot;:true,&quot;dots&quot;:true,&quot;rtl&quot;:false,&quot;prevArrow&quot;:&quot;&lt;button class=\\&quot;lastudio-arrow prev-arrow slick-prev slick-arrow\\&quot;&gt;&lt;i class=\\&quot;lastudioicon-left-arrow\\&quot;&gt;&lt;\\\/i&gt;&lt;\\\/button&gt;&quot;,&quot;nextArrow&quot;:&quot;&lt;button class=\\&quot;lastudio-arrow next-arrow slick-next slick-arrow\\&quot;&gt;&lt;i class=\\&quot;lastudioicon-right-arrow\\&quot;&gt;&lt;\\\/i&gt;&lt;\\\/button&gt;&quot;}\" data-animation=\"fadeInUp\">\n\t\t\t\t<div class=\"elementor-repeater-item-684a727  slick-slide\"><div class=\"slick-slide-bg\"><\/div><div  class=\"slick-slide-inner\"><div class=\"elementor-slide-content\"><\/div><\/div><\/div><div class=\"elementor-repeater-item-bf4706b  slick-slide\"><div class=\"slick-slide-bg\"><\/div><div  class=\"slick-slide-inner\"><div class=\"elementor-slide-content\"><\/div><\/div><\/div><div class=\"elementor-repeater-item-0fa6fa2  slick-slide\"><div class=\"slick-slide-bg\"><\/div><div  class=\"slick-slide-inner\"><div class=\"elementor-slide-content\"><\/div><\/div><\/div>\t\t\t<\/div>\n\t\t<\/div>\n\t\t\t\t\t\t<\/div>\n\t\t\t\t<\/div>\n\t\t\t\t<\/div>\n\t\t<div class=\"elementor-element elementor-element-0494fa8 e-con-full e-flex lakit-col-width-auto-no e-container e-con e-child\" data-id=\"0494fa8\" data-element_type=\"container\">\n\t\t\t\t<div class=\"elementor-element elementor-element-4899208 lakit-breadcrumbs-on-front-yes lakit-breadcrumbs-page-title-yes elementor-widget lastudio-kit elementor-lakit-breadcrumbs\" data-id=\"4899208\" data-element_type=\"widget\" data-widget_type=\"lakit-breadcrumbs.default\">\n\t\t\t\t\t\n\t\t<div class=\"lakit-breadcrumbs\">\n\t\t<div class=\"lakit-breadcrumbs__content\">\n\t\t<div class=\"lakit-breadcrumbs__wrap\"><div class=\"lakit-breadcrumbs__item\"><a href=\"https:\/\/acpyapi.com.tr\/en\/\" class=\"lakit-breadcrumbs__item-link is-home\" rel=\"home\" title=\"Home\">Home<\/a><\/div>\n\t\t<\/div>\n\t\t<\/div>\n\t\t<\/div>\t\t\t\t<\/div>\n\t\t\t\t<div class=\"elementor-element elementor-element-68c8485 elementor-widget elementor-widget-text-editor\" data-id=\"68c8485\" data-element_type=\"widget\" data-widget_type=\"text-editor.default\">\n\t\t\t\t<div class=\"elementor-widget-container\">\n\t\t\t\t\t\t\t\t\t<div><p>PORTEO kap\u0131lar\u0131 efor sarf etmeden a\u00e7mak ve kapamak i\u00e7in yenilik\u00e7i ve kullan\u0131\u015fl\u0131 bir yol sunuyor. DORMA &#8220;Contur Design\u201d t\u00fcm zarafetiyle, ya\u015fam\u0131 daha kolay hale getirmeye y\u00f6nelik t\u00fcm fonksiyonlar\u0131 ger\u00e7ekle\u015ftiren PORTEO \u00f6zel olarak i\u00e7 kap\u0131lar i\u00e7in uygundur.<\/p><\/div><div>\u00a0<\/div><p>\u00a0<\/p>\t\t\t\t\t\t\t\t<\/div>\n\t\t\t\t<\/div>\n\t\t\t\t<\/div>\n\t\t\t\t\t<\/div>\n\t\t\t\t<\/div>\n\t\t<div class=\"elementor-element elementor-element-5bff685 e-flex e-con-boxed lakit-col-width-auto-no e-container e-root-container elementor-top-section e-con e-parent\" data-id=\"5bff685\" data-element_type=\"container\">\n\t\t\t\t\t<div class=\"e-con-inner\">\n\t\t\t\t<div class=\"elementor-element elementor-element-3341494 elementor-widget elementor-widget-spacer\" data-id=\"3341494\" data-element_type=\"widget\" data-widget_type=\"spacer.default\">\n\t\t\t\t<div class=\"elementor-widget-container\">\n\t\t\t\t\t\t\t<div class=\"elementor-spacer\">\n\t\t\t<div class=\"elementor-spacer-inner\"><\/div>\n\t\t<\/div>\n\t\t\t\t\t\t<\/div>\n\t\t\t\t<\/div>\n\t\t\t\t<div class=\"elementor-element elementor-element-45ebef8 e-n-tabs-mobile elementor-widget elementor-widget-n-tabs\" data-id=\"45ebef8\" data-element_type=\"widget\" data-settings=\"{&quot;tabs_justify_horizontal&quot;:&quot;start&quot;,&quot;horizontal_scroll&quot;:&quot;disable&quot;}\" data-widget_type=\"nested-tabs.default\">\n\t\t\t\t<div class=\"elementor-widget-container\">\n\t\t\t\t\t\t\t<div class=\"e-n-tabs\" data-widget-number=\"73318136\" aria-label=\"Tabs. Open items with Enter or Space, close with Escape and navigate using the Arrow keys.\">\n\t\t\t<div class=\"e-n-tabs-heading\" role=\"tablist\">\n\t\t\t\t\t<button id=\"e-n-tab-title-733181361\" class=\"e-n-tab-title\" aria-selected=\"true\" data-tab-index=\"1\" role=\"tab\" tabindex=\"0\" aria-controls=\"e-n-tab-content-733181361\" style=\"--n-tabs-title-order: 1;\">\n\t\t\t\t\t\t<span class=\"e-n-tab-title-text\">\n\t\t\t\tTeknik \u00d6zellikler\t\t\t<\/span>\n\t\t<\/button>\n\t\t\t\t<button id=\"e-n-tab-title-733181362\" class=\"e-n-tab-title\" aria-selected=\"false\" data-tab-index=\"2\" role=\"tab\" tabindex=\"-1\" aria-controls=\"e-n-tab-content-733181362\" style=\"--n-tabs-title-order: 2;\">\n\t\t\t\t\t\t<span class=\"e-n-tab-title-text\">\n\t\t\t\t\u00dcr\u00fcn Katalo\u011fu\t\t\t<\/span>\n\t\t<\/button>\n\t\t\t\t\t<\/div>\n\t\t\t<div class=\"e-n-tabs-content\">\n\t\t\t\t<div id=\"e-n-tab-content-733181361\" role=\"tabpanel\" aria-labelledby=\"e-n-tab-title-733181361\" data-tab-index=\"1\" style=\"--n-tabs-title-order: 1;\" class=\"e-active elementor-element elementor-element-a863773 e-flex e-con-boxed lakit-col-width-auto-no e-container e-con e-child\" data-id=\"a863773\" data-element_type=\"container\">\n\t\t\t\t\t<div class=\"e-con-inner\">\n\t\t<div class=\"elementor-element elementor-element-eb94c23 e-flex e-con-boxed lakit-col-width-auto-no e-container e-con e-child\" data-id=\"eb94c23\" data-element_type=\"container\">\n\t\t\t\t\t<div class=\"e-con-inner\">\n\t\t\t\t<div class=\"elementor-element elementor-element-9bd3449 elementor-widget elementor-widget-text-editor\" data-id=\"9bd3449\" data-element_type=\"widget\" data-widget_type=\"text-editor.default\">\n\t\t\t\t<div class=\"elementor-widget-container\">\n\t\t\t\t\t\t\t\t\t<div><p>PORTEO kap\u0131lar\u0131 efor sarf etmeden a\u00e7mak ve kapamak i\u00e7in yenilik\u00e7i ve kullan\u0131\u015fl\u0131 bir yol sunuyor. DORMA &#8220;Contur Design\u201d t\u00fcm zarafetiyle, ya\u015fam\u0131 daha kolay hale getirmeye y\u00f6nelik t\u00fcm fonksiyonlar\u0131 ger\u00e7ekle\u015ftiren PORTEO \u00f6zel olarak i\u00e7 kap\u0131lar i\u00e7in uygundur.<\/p><\/div><div>\u00a0<\/div><h4>\u00dcr\u00fcn \u00f6zellikleri<\/h4><ul><li>Pivot kap\u0131lar i\u00e7in otomatik kanat a\u00e7ma mekanizmas\u0131<\/li><li>Kolay a\u00e7ma ve kapama<\/li><li>Kompakt boyutlar<\/li><li>\u0130tme ve \u00e7ekme y\u00f6n\u00fcnde, kanada ya da kasaya montaj<\/li><li>Kolay montaj &#8211; &#8220;tak ve kullan&#8221; teslimi<\/li><\/ul><h2><strong>Yenilik\u00e7i<\/strong><\/h2><p>PORTEO kap\u0131lar\u0131 efor sarf etmeden a\u00e7mak ve kapamak i\u00e7in yenilik\u00e7i ve kullan\u0131\u015fl\u0131 bir yol sunuyor. Y\u00fcksek kaliteli DORMA teknolojisi minimum g\u00fcr\u00fclt\u00fc, y\u00fcksek fonksiyonel g\u00fcvenilirlik ve kusursuz uygulama uyarlamas\u0131yla PORTEO&#8217;yu \u00f6zellikle kullan\u0131m\u0131 kolay bir \u00fcr\u00fcn yap\u0131yor.\u00a0<\/p><h2><strong>Entegre \u00e7\u00f6z\u00fcm<\/strong><\/h2><p>PORTEO s\u00fcrg\u00fc kanal\u0131 ve montaj plakas\u0131yla komple bir paket olarak gelen entegre bir \u00e7\u00f6z\u00fcmd\u00fcr. Ola\u011fan\u00fcst\u00fc kullan\u0131\u015fl\u0131l\u0131k ve kolayl\u0131k, ve kusursuz &#8220;tak ve kullan&#8221; \u00f6zelli\u011fi sayesinde h\u0131zl\u0131 ve kolay montaj sa\u011fl\u0131yor.<\/p><h2><strong>Aksesuarlar<\/strong><\/h2><p>Opsiyonel bir d\u00fc\u011fme ve bir elektrikli kilit aksam\u0131yla birle\u015ftirilerek \u00f6rne\u011fin bir kap\u0131 yaln\u0131zca bir parmak ucu kontrol\u00fcyle kolayca a\u00e7\u0131labilir. Daha da fazla a\u00e7ma ve kapama rahatl\u0131\u011f\u0131 i\u00e7in kumanda ile kullan\u0131m \u00e7\u00f6z\u00fcm\u00fc de mevcuttur.<\/p><p>PORTEO kap\u0131lar\u0131 rahat\u00e7a a\u00e7mak ve kapamak i\u00e7in pahal\u0131 olmayan bir \u00e7\u00f6z\u00fcmd\u00fcr. G\u00fcvenli ve g\u00fcvenilirdir ve halihaz\u0131rda iyile\u015ftirilebilir.<\/p><h2><strong>Mimar\/\u015fartname haz\u0131rlayan a\u00e7\u0131s\u0131ndan faydalar\u0131<\/strong><\/h2><p>PORTEO kap\u0131lar\u0131 efor sarf etmeden a\u00e7mak ve kapamak i\u00e7in yenilik\u00e7i ve kullan\u0131\u015fl\u0131 bir yol sunarak bedensel engellilere y\u00f6nelik uygulamalar i\u00e7in do\u011frudan uygun bir \u00e7\u00f6z\u00fcm sa\u011fl\u0131yor. Belirgin k\u00fcbik hatlar\u0131yla DORMA &#8220;Contur Design\u201d dahilinde tedarik edilir, 2005 RedDot tasar\u0131m \u00f6d\u00fcl\u00fcn\u00fcn ve &#8220;Le Janus de l\u2019Industrie 2007\u201d \u00f6d\u00fcl\u00fcn\u00fcn sahibidir.<\/p><h2><strong>Sat\u0131c\u0131\/distrib\u00fct\u00f6r <\/strong><strong>a\u00e7\u0131s\u0131ndan faydalar\u0131<\/strong><\/h2><p>Tek bir pakette entegre \u00e7\u00f6z\u00fcm. Yerden tasarruf sa\u011flar.<\/p>\t\t\t\t\t\t\t\t<\/div>\n\t\t\t\t<\/div>\n\t\t\t\t\t<\/div>\n\t\t\t\t<\/div>\n\t\t\t\t\t<\/div>\n\t\t\t\t<\/div>\n\t\t<div id=\"e-n-tab-content-733181362\" role=\"tabpanel\" aria-labelledby=\"e-n-tab-title-733181362\" data-tab-index=\"2\" style=\"--n-tabs-title-order: 2;\" class=\"elementor-element elementor-element-d50b43f e-con-full e-flex lakit-col-width-auto-no e-container e-con e-child\" data-id=\"d50b43f\" data-element_type=\"container\">\n\t\t\t\t<div class=\"elementor-element elementor-element-344dd09 elementor-align-left elementor-icon-list--layout-traditional elementor-list-item-link-full_width elementor-widget elementor-widget-icon-list\" data-id=\"344dd09\" data-element_type=\"widget\" data-widget_type=\"icon-list.default\">\n\t\t\t\t<div class=\"elementor-widget-container\">\n\t\t\t\t\t\t\t<ul class=\"elementor-icon-list-items\">\n\t\t\t\t\t\t\t<li class=\"elementor-icon-list-item\">\n\t\t\t\t\t\t\t\t\t\t\t<a href=\"https:\/\/acpyapi.com.tr\/wp-content\/uploads\/2023\/11\/120000028951_056844_45532_0115_TS_92_Mounting_instruction_Glass_door_saddle_plate.pdf\">\n\n\t\t\t\t\t\t\t\t\t\t\t\t<span class=\"elementor-icon-list-icon\">\n\t\t\t\t\t\t\t<svg xmlns=\"http:\/\/www.w3.org\/2000\/svg\" width=\"1024\" height=\"1024\" viewbox=\"0 0 1024 1024\" class=\"lakit-font-icon-svg\"><use xlink:href=\"#dlicon___arrows_2_square_download\"><\/use><\/svg>\t\t\t\t\t\t<\/span>\n\t\t\t\t\t\t\t\t\t\t<span class=\"elementor-icon-list-text\">Catalog <b>dormakaba PORTEO <\/b><\/span>\n\t\t\t\t\t\t\t\t\t\t\t<\/a>\n\t\t\t\t\t\t\t\t\t<\/li>\n\t\t\t\t\t\t<\/ul>\n\t\t\t\t\t\t<\/div>\n\t\t\t\t<\/div>\n\t\t\t\t<\/div>\n\t\t\t\t\t<\/div>\n\t\t<\/div>\n\t\t\t\t\t\t<\/div>\n\t\t\t\t<\/div>\n\t\t\t\t\t<\/div>\n\t\t\t\t<\/div>\n\t\t\t\t<\/div>","protected":false},"excerpt":{"rendered":"<p>ormakaba Porteo Dorma &#8211; dormakaba Porteo Kap\u0131 A\u00e7ma Kapama Mekanizmas\u0131 Anasayfa PORTEO kap\u0131lar\u0131 efor sarf etmeden a\u00e7mak ve kapamak i\u00e7in yenilik\u00e7i ve kullan\u0131\u015fl\u0131 bir yol sunuyor. DORMA &#8220;Contur Design\u201d t\u00fcm zarafetiyle, ya\u015fam\u0131 daha kolay hale getirmeye y\u00f6nelik [&hellip;]<\/p>","protected":false},"author":1,"featured_media":0,"parent":8660,"menu_order":0,"comment_status":"closed","ping_status":"closed","template":"","meta":{"footnotes":""},"class_list":["post-8665","page","type-page","status-publish","hentry"],"yoast_head":"<!-- This site is optimized with the Yoast SEO plugin v26.1.1 - https:\/\/yoast.com\/wordpress\/plugins\/seo\/ -->\n<title>Dorma - dormakaba Porteo Kap\u0131 A\u00e7ma Kapama Mekanizmas\u0131 - ACP YAPI ELEMANLARI<\/title>\n<meta name=\"description\" content=\"Porteo kap\u0131 a\u00e7ma mekanizmas\u0131, \u00fcr\u00fcn detaylar\u0131 hakk\u0131nda bilgi almak i\u00e7in bizlere ula\u015fabilirisiniz..\" \/>\n<meta name=\"robots\" content=\"index, follow, max-snippet:-1, max-image-preview:large, max-video-preview:-1\" \/>\n<link rel=\"canonical\" href=\"https:\/\/acpyapi.com.tr\/en\/kapi-sistemleri\/kapi-donanimlari\/dorma-dormakaba-porteo-kapi-acma-kapama-mekanizmasi\/\" \/>\n<meta property=\"og:locale\" content=\"en_US\" \/>\n<meta property=\"og:type\" content=\"article\" \/>\n<meta property=\"og:title\" content=\"Dorma - dormakaba Porteo Kap\u0131 A\u00e7ma Kapama Mekanizmas\u0131 - ACP YAPI ELEMANLARI\" \/>\n<meta property=\"og:description\" content=\"Porteo kap\u0131 a\u00e7ma mekanizmas\u0131, \u00fcr\u00fcn detaylar\u0131 hakk\u0131nda bilgi almak i\u00e7in bizlere ula\u015fabilirisiniz..\" \/>\n<meta property=\"og:url\" content=\"https:\/\/acpyapi.com.tr\/en\/kapi-sistemleri\/kapi-donanimlari\/dorma-dormakaba-porteo-kapi-acma-kapama-mekanizmasi\/\" \/>\n<meta property=\"og:site_name\" content=\"ACP YAPI ELEMANLARI\" \/>\n<meta property=\"article:publisher\" content=\"https:\/\/www.facebook.com\/acpyapielemanlari\/\" \/>\n<meta property=\"article:modified_time\" content=\"2025-10-20T13:09:23+00:00\" \/>\n<meta property=\"og:image\" content=\"https:\/\/acpyapi.com.tr\/wp-content\/uploads\/2023\/10\/logo-siyah.png\" \/>\n\t<meta property=\"og:image:width\" content=\"500\" \/>\n\t<meta property=\"og:image:height\" content=\"200\" \/>\n\t<meta property=\"og:image:type\" content=\"image\/png\" \/>\n<meta name=\"twitter:card\" content=\"summary_large_image\" \/>\n<meta name=\"twitter:label1\" content=\"Est. reading time\" \/>\n\t<meta name=\"twitter:data1\" content=\"4 minutes\" \/>\n<script type=\"application\/ld+json\" class=\"yoast-schema-graph\">{\"@context\":\"https:\/\/schema.org\",\"@graph\":[{\"@type\":\"WebPage\",\"@id\":\"https:\/\/acpyapi.com.tr\/kapi-sistemleri\/kapi-donanimlari\/dorma-dormakaba-porteo-kapi-acma-kapama-mekanizmasi\/\",\"url\":\"https:\/\/acpyapi.com.tr\/kapi-sistemleri\/kapi-donanimlari\/dorma-dormakaba-porteo-kapi-acma-kapama-mekanizmasi\/\",\"name\":\"Dorma - dormakaba Porteo Kap\u0131 A\u00e7ma Kapama Mekanizmas\u0131 - ACP YAPI ELEMANLARI\",\"isPartOf\":{\"@id\":\"https:\/\/acpyapi.com.tr\/#website\"},\"datePublished\":\"2023-11-10T06:30:45+00:00\",\"dateModified\":\"2025-10-20T13:09:23+00:00\",\"description\":\"Porteo kap\u0131 a\u00e7ma mekanizmas\u0131, \u00fcr\u00fcn detaylar\u0131 hakk\u0131nda bilgi almak i\u00e7in bizlere ula\u015fabilirisiniz..\",\"breadcrumb\":{\"@id\":\"https:\/\/acpyapi.com.tr\/kapi-sistemleri\/kapi-donanimlari\/dorma-dormakaba-porteo-kapi-acma-kapama-mekanizmasi\/#breadcrumb\"},\"inLanguage\":\"en-US\",\"potentialAction\":[{\"@type\":\"ReadAction\",\"target\":[\"https:\/\/acpyapi.com.tr\/kapi-sistemleri\/kapi-donanimlari\/dorma-dormakaba-porteo-kapi-acma-kapama-mekanizmasi\/\"]}]},{\"@type\":\"BreadcrumbList\",\"@id\":\"https:\/\/acpyapi.com.tr\/kapi-sistemleri\/kapi-donanimlari\/dorma-dormakaba-porteo-kapi-acma-kapama-mekanizmasi\/#breadcrumb\",\"itemListElement\":[{\"@type\":\"ListItem\",\"position\":1,\"name\":\"Anasayfa\",\"item\":\"https:\/\/acpyapi.com.tr\/\"},{\"@type\":\"ListItem\",\"position\":2,\"name\":\"Kap\u0131 Sistemleri\",\"item\":\"https:\/\/acpyapi.com.tr\/kapi-sistemleri\/\"},{\"@type\":\"ListItem\",\"position\":3,\"name\":\"Kap\u0131 Donan\u0131mlar\u0131\",\"item\":\"https:\/\/acpyapi.com.tr\/kapi-sistemleri\/kapi-donanimlari\/\"},{\"@type\":\"ListItem\",\"position\":4,\"name\":\"Dorma &#8211; dormakaba Porteo Kap\u0131 A\u00e7ma Kapama Mekanizmas\u0131\"}]},{\"@type\":\"WebSite\",\"@id\":\"https:\/\/acpyapi.com.tr\/#website\",\"url\":\"https:\/\/acpyapi.com.tr\/\",\"name\":\"ACP YAPI ELEMANLARI\",\"description\":\"G\u00f6z\u00fcn\u00fcz Arkada Kalmas\u0131n\",\"publisher\":{\"@id\":\"https:\/\/acpyapi.com.tr\/#organization\"},\"alternateName\":\"ACP Yap\u0131\",\"potentialAction\":[{\"@type\":\"SearchAction\",\"target\":{\"@type\":\"EntryPoint\",\"urlTemplate\":\"https:\/\/acpyapi.com.tr\/?s={search_term_string}\"},\"query-input\":{\"@type\":\"PropertyValueSpecification\",\"valueRequired\":true,\"valueName\":\"search_term_string\"}}],\"inLanguage\":\"en-US\"},{\"@type\":\"Organization\",\"@id\":\"https:\/\/acpyapi.com.tr\/#organization\",\"name\":\"ACP YAPI ELEMANLARI\",\"alternateName\":\"Acp Yap\u0131\",\"url\":\"https:\/\/acpyapi.com.tr\/\",\"logo\":{\"@type\":\"ImageObject\",\"inLanguage\":\"en-US\",\"@id\":\"https:\/\/acpyapi.com.tr\/#\/schema\/logo\/image\/\",\"url\":\"https:\/\/acpyapi.com.tr\/wp-content\/uploads\/2023\/10\/logo-siyah.png\",\"contentUrl\":\"https:\/\/acpyapi.com.tr\/wp-content\/uploads\/2023\/10\/logo-siyah.png\",\"width\":500,\"height\":200,\"caption\":\"ACP YAPI ELEMANLARI\"},\"image\":{\"@id\":\"https:\/\/acpyapi.com.tr\/#\/schema\/logo\/image\/\"},\"sameAs\":[\"https:\/\/www.facebook.com\/acpyapielemanlari\/\",\"https:\/\/www.instagram.com\/acpyapielemanlari\/\",\"https:\/\/www.linkedin.com\/company\/acpyapielemanlari\/?originalSubdomain=tr\",\"https:\/\/www.youtube.com\/channel\/UCRyEXuOc3OSvcTY1_yqbE8g\"]}]}<\/script>\n<!-- \/ Yoast SEO plugin. -->","yoast_head_json":{"title":"Dorma - dormakaba Porteo Kap\u0131 A\u00e7ma Kapama Mekanizmas\u0131 - ACP YAPI ELEMANLARI","description":"Porteo kap\u0131 a\u00e7ma mekanizmas\u0131, \u00fcr\u00fcn detaylar\u0131 hakk\u0131nda bilgi almak i\u00e7in bizlere ula\u015fabilirisiniz..","robots":{"index":"index","follow":"follow","max-snippet":"max-snippet:-1","max-image-preview":"max-image-preview:large","max-video-preview":"max-video-preview:-1"},"canonical":"https:\/\/acpyapi.com.tr\/en\/kapi-sistemleri\/kapi-donanimlari\/dorma-dormakaba-porteo-kapi-acma-kapama-mekanizmasi\/","og_locale":"en_US","og_type":"article","og_title":"Dorma - dormakaba Porteo Kap\u0131 A\u00e7ma Kapama Mekanizmas\u0131 - ACP YAPI ELEMANLARI","og_description":"Porteo kap\u0131 a\u00e7ma mekanizmas\u0131, \u00fcr\u00fcn detaylar\u0131 hakk\u0131nda bilgi almak i\u00e7in bizlere ula\u015fabilirisiniz..","og_url":"https:\/\/acpyapi.com.tr\/en\/kapi-sistemleri\/kapi-donanimlari\/dorma-dormakaba-porteo-kapi-acma-kapama-mekanizmasi\/","og_site_name":"ACP YAPI ELEMANLARI","article_publisher":"https:\/\/www.facebook.com\/acpyapielemanlari\/","article_modified_time":"2025-10-20T13:09:23+00:00","og_image":[{"width":500,"height":200,"url":"https:\/\/acpyapi.com.tr\/wp-content\/uploads\/2023\/10\/logo-siyah.png","type":"image\/png"}],"twitter_card":"summary_large_image","twitter_misc":{"Est. reading time":"4 minutes"},"schema":{"@context":"https:\/\/schema.org","@graph":[{"@type":"WebPage","@id":"https:\/\/acpyapi.com.tr\/kapi-sistemleri\/kapi-donanimlari\/dorma-dormakaba-porteo-kapi-acma-kapama-mekanizmasi\/","url":"https:\/\/acpyapi.com.tr\/kapi-sistemleri\/kapi-donanimlari\/dorma-dormakaba-porteo-kapi-acma-kapama-mekanizmasi\/","name":"Dorma - dormakaba Porteo Kap\u0131 A\u00e7ma Kapama Mekanizmas\u0131 - ACP YAPI ELEMANLARI","isPartOf":{"@id":"https:\/\/acpyapi.com.tr\/#website"},"datePublished":"2023-11-10T06:30:45+00:00","dateModified":"2025-10-20T13:09:23+00:00","description":"Porteo kap\u0131 a\u00e7ma mekanizmas\u0131, \u00fcr\u00fcn detaylar\u0131 hakk\u0131nda bilgi almak i\u00e7in bizlere ula\u015fabilirisiniz..","breadcrumb":{"@id":"https:\/\/acpyapi.com.tr\/kapi-sistemleri\/kapi-donanimlari\/dorma-dormakaba-porteo-kapi-acma-kapama-mekanizmasi\/#breadcrumb"},"inLanguage":"en-US","potentialAction":[{"@type":"ReadAction","target":["https:\/\/acpyapi.com.tr\/kapi-sistemleri\/kapi-donanimlari\/dorma-dormakaba-porteo-kapi-acma-kapama-mekanizmasi\/"]}]},{"@type":"BreadcrumbList","@id":"https:\/\/acpyapi.com.tr\/kapi-sistemleri\/kapi-donanimlari\/dorma-dormakaba-porteo-kapi-acma-kapama-mekanizmasi\/#breadcrumb","itemListElement":[{"@type":"ListItem","position":1,"name":"Anasayfa","item":"https:\/\/acpyapi.com.tr\/"},{"@type":"ListItem","position":2,"name":"Kap\u0131 Sistemleri","item":"https:\/\/acpyapi.com.tr\/kapi-sistemleri\/"},{"@type":"ListItem","position":3,"name":"Kap\u0131 Donan\u0131mlar\u0131","item":"https:\/\/acpyapi.com.tr\/kapi-sistemleri\/kapi-donanimlari\/"},{"@type":"ListItem","position":4,"name":"Dorma &#8211; dormakaba Porteo Kap\u0131 A\u00e7ma Kapama Mekanizmas\u0131"}]},{"@type":"WebSite","@id":"https:\/\/acpyapi.com.tr\/#website","url":"https:\/\/acpyapi.com.tr\/","name":"ACP YAPI ELEMANLARI","description":"Rest Assured","publisher":{"@id":"https:\/\/acpyapi.com.tr\/#organization"},"alternateName":"ACP Yap\u0131","potentialAction":[{"@type":"SearchAction","target":{"@type":"EntryPoint","urlTemplate":"https:\/\/acpyapi.com.tr\/?s={search_term_string}"},"query-input":{"@type":"PropertyValueSpecification","valueRequired":true,"valueName":"search_term_string"}}],"inLanguage":"en-US"},{"@type":"Organization","@id":"https:\/\/acpyapi.com.tr\/#organization","name":"ACP YAPI ELEMANLARI","alternateName":"Acp Yap\u0131","url":"https:\/\/acpyapi.com.tr\/","logo":{"@type":"ImageObject","inLanguage":"en-US","@id":"https:\/\/acpyapi.com.tr\/#\/schema\/logo\/image\/","url":"https:\/\/acpyapi.com.tr\/wp-content\/uploads\/2023\/10\/logo-siyah.png","contentUrl":"https:\/\/acpyapi.com.tr\/wp-content\/uploads\/2023\/10\/logo-siyah.png","width":500,"height":200,"caption":"ACP YAPI ELEMANLARI"},"image":{"@id":"https:\/\/acpyapi.com.tr\/#\/schema\/logo\/image\/"},"sameAs":["https:\/\/www.facebook.com\/acpyapielemanlari\/","https:\/\/www.instagram.com\/acpyapielemanlari\/","https:\/\/www.linkedin.com\/company\/acpyapielemanlari\/?originalSubdomain=tr","https:\/\/www.youtube.com\/channel\/UCRyEXuOc3OSvcTY1_yqbE8g"]}]}},"_links":{"self":[{"href":"https:\/\/acpyapi.com.tr\/en\/wp-json\/wp\/v2\/pages\/8665","targetHints":{"allow":["GET"]}}],"collection":[{"href":"https:\/\/acpyapi.com.tr\/en\/wp-json\/wp\/v2\/pages"}],"about":[{"href":"https:\/\/acpyapi.com.tr\/en\/wp-json\/wp\/v2\/types\/page"}],"author":[{"embeddable":true,"href":"https:\/\/acpyapi.com.tr\/en\/wp-json\/wp\/v2\/users\/1"}],"replies":[{"embeddable":true,"href":"https:\/\/acpyapi.com.tr\/en\/wp-json\/wp\/v2\/comments?post=8665"}],"version-history":[{"count":0,"href":"https:\/\/acpyapi.com.tr\/en\/wp-json\/wp\/v2\/pages\/8665\/revisions"}],"up":[{"embeddable":true,"href":"https:\/\/acpyapi.com.tr\/en\/wp-json\/wp\/v2\/pages\/8660"}],"wp:attachment":[{"href":"https:\/\/acpyapi.com.tr\/en\/wp-json\/wp\/v2\/media?parent=8665"}],"curies":[{"name":"wp","href":"https:\/\/api.w.org\/{rel}","templated":true}]}}