{"id":13670,"date":"2024-07-01T10:58:22","date_gmt":"2024-07-01T07:58:22","guid":{"rendered":"https:\/\/acpyapi.com.tr\/?page_id=13670"},"modified":"2024-11-25T10:37:16","modified_gmt":"2024-11-25T07:37:16","slug":"yurtdisi-havalimani-referanslari","status":"publish","type":"page","link":"https:\/\/acpyapi.com.tr\/tr\/havalimani\/yurtdisi-havalimani-referanslari\/","title":{"rendered":"Yurtd\u0131\u015f\u0131 Havaliman\u0131 Referanslar\u0131"},"content":{"rendered":"\t\t<div data-elementor-type=\"wp-page\" data-elementor-id=\"13670\" class=\"elementor elementor-13670\" data-elementor-post-type=\"page\">\n\t\t\t\t<div class=\"elementor-element elementor-element-97cdabb e-flex e-con-boxed lakit-col-width-auto-no e-container e-root-container elementor-top-section e-con e-parent\" data-id=\"97cdabb\" data-element_type=\"container\">\n\t\t\t\t\t<div class=\"e-con-inner\">\n\t\t\t\t<div class=\"elementor-element elementor-element-9b6c8c8 elementor-widget elementor-widget-spacer\" data-id=\"9b6c8c8\" data-element_type=\"widget\" data-widget_type=\"spacer.default\">\n\t\t\t\t<div class=\"elementor-widget-container\">\n\t\t\t\t\t\t\t<div class=\"elementor-spacer\">\n\t\t\t<div class=\"elementor-spacer-inner\"><\/div>\n\t\t<\/div>\n\t\t\t\t\t\t<\/div>\n\t\t\t\t<\/div>\n\t\t\t\t\t<\/div>\n\t\t\t\t<\/div>\n\t\t<div class=\"elementor-element elementor-element-e1d45e7 e-flex e-con-boxed lakit-col-width-auto-no e-container e-root-container elementor-top-section e-con e-parent\" data-id=\"e1d45e7\" data-element_type=\"container\">\n\t\t\t\t\t<div class=\"e-con-inner\">\n\t\t\t\t<div class=\"elementor-element elementor-element-862d4e0 elementor-widget elementor-widget-heading\" data-id=\"862d4e0\" data-element_type=\"widget\" data-widget_type=\"heading.default\">\n\t\t\t\t<div class=\"elementor-widget-container\">\n\t\t\t\t\t<h2 class=\"elementor-heading-title elementor-size-default\">Yurtd\u0131\u015f\u0131 Havaliman\u0131 Referanslar\u0131\n<\/h2>\t\t\t\t<\/div>\n\t\t\t\t<\/div>\n\t\t\t\t\t<\/div>\n\t\t\t\t<\/div>\n\t\t<div class=\"elementor-element elementor-element-1db8db5 e-flex e-con-boxed lakit-col-width-auto-no e-container e-root-container elementor-top-section e-con e-parent\" data-id=\"1db8db5\" data-element_type=\"container\">\n\t\t\t\t\t<div class=\"e-con-inner\">\n\t\t<div class=\"elementor-element elementor-element-73de835 e-con-full e-flex lakit-col-width-auto-no e-container e-con e-child\" data-id=\"73de835\" data-element_type=\"container\">\n\t\t\t\t<div class=\"elementor-element elementor-element-7a4e9cb img-pos-center elementor-widget elementor-widget-lastudio-portfolio\" data-id=\"7a4e9cb\" data-element_type=\"widget\" data-widget_type=\"lastudio-portfolio.default\">\n\t\t\t\t<div class=\"elementor-widget-container\">\n\t\t\t\t\t\n<div id=\"pf_7a4e9cb\" class=\"lastudio-portfolio layout-type-masonry preset-type-5 playout-grid\">    <div class=\"lastudio-portfolio__list_wrapper\">\n        <div class=\"lastudio-portfolio__list active-object-fit js-el la-isotope-container grid-items block-grid-3 laptop-block-grid-3 tablet-block-grid-3 mobile-block-grid-3 xmobile-block-grid-1\" data-item_selector=\".loop__item\" data-la_component=\"DefaultMasonry\">\n        <article class=\"loop__item grid-item lastudio-portfolio__item visible-status post-9317 la_portfolio type-la_portfolio status-publish has-post-thumbnail hentry tag-dormakaba la_portfolio_category-havalimani la_portfolio_category-yurt-disi-projeleri\" data-width=\"1\" data-height=\"1\">\n    <div class=\"lastudio-portfolio__inner\">\n        <div class=\"lastudio-portfolio__image_wrap\">\n            <a class=\"lastudio-images-layout__link\" href=\"https:\/\/acpyapi.com.tr\/tr\/referanslar\/askabat-havalimani-turkmenistan\/\">\n                <figure class=\"figure__object_fit lastudio-portfolio__image\">\n                    <img fetchpriority=\"high\" decoding=\"async\" width=\"750\" height=\"500\" style=\"--img-height:500px\" src=\"https:\/\/acpyapi.com.tr\/wp-content\/themes\/astrids\/assets\/images\/blank.gif\" class=\"lastudio-portfolio__image-instance la-lazyload-image wp-post-image\" alt=\"\" data-src=\"https:\/\/acpyapi.com.tr\/wp-content\/uploads\/2023\/11\/asgabatana.jpg\" \/>                <\/figure>\n            <\/a>\n            <div class=\"lastudio-portfolio__icons\">\n                <a href=\"https:\/\/acpyapi.com.tr\/tr\/referanslar\/askabat-havalimani-turkmenistan\/\" class=\"lastudio-portfolio__icon_link\"><i class=\"lastudioicon-e-add\"><\/i><\/a>\n            <\/div>\n        <\/div>\n        <div class=\"lastudio-portfolio__content\">\n            <div class=\"lastudio-portfolio__content-inner\">\n                <div class=\"lastudio-portfolio__content-inner2\"><h4 class=\"lastudio-portfolio__title\"><a href=\"https:\/\/acpyapi.com.tr\/tr\/referanslar\/askabat-havalimani-turkmenistan\/\">A\u015fkabat Havaliman\u0131 T\u00fcrkmenistan<\/a><\/h4>                <\/div>\n            <\/div>\n        <\/div>\n    <\/div>\n<\/article><article class=\"loop__item grid-item lastudio-portfolio__item visible-status post-9333 la_portfolio type-la_portfolio status-publish has-post-thumbnail hentry tag-dormakaba la_portfolio_category-havalimani la_portfolio_category-yurt-disi-projeleri\" data-width=\"1\" data-height=\"1\">\n    <div class=\"lastudio-portfolio__inner\">\n        <div class=\"lastudio-portfolio__image_wrap\">\n            <a class=\"lastudio-images-layout__link\" href=\"https:\/\/acpyapi.com.tr\/tr\/referanslar\/batum-gurcistan-havalimani\/\">\n                <figure class=\"figure__object_fit lastudio-portfolio__image\">\n                    <img decoding=\"async\" width=\"750\" height=\"500\" style=\"--img-height:500px\" src=\"https:\/\/acpyapi.com.tr\/wp-content\/themes\/astrids\/assets\/images\/blank.gif\" class=\"lastudio-portfolio__image-instance la-lazyload-image wp-post-image\" alt=\"\" data-src=\"https:\/\/acpyapi.com.tr\/wp-content\/uploads\/2023\/11\/batumana.jpg\" \/>                <\/figure>\n            <\/a>\n            <div class=\"lastudio-portfolio__icons\">\n                <a href=\"https:\/\/acpyapi.com.tr\/tr\/referanslar\/batum-gurcistan-havalimani\/\" class=\"lastudio-portfolio__icon_link\"><i class=\"lastudioicon-e-add\"><\/i><\/a>\n            <\/div>\n        <\/div>\n        <div class=\"lastudio-portfolio__content\">\n            <div class=\"lastudio-portfolio__content-inner\">\n                <div class=\"lastudio-portfolio__content-inner2\"><h4 class=\"lastudio-portfolio__title\"><a href=\"https:\/\/acpyapi.com.tr\/tr\/referanslar\/batum-gurcistan-havalimani\/\">Batum Havaliman\u0131 G\u00fcrcistan<\/a><\/h4>                <\/div>\n            <\/div>\n        <\/div>\n    <\/div>\n<\/article><div class=\"la-isotope-loading\"><span><\/span><\/div>        <\/div>\n    <\/div>\n    \n    <\/div>\n\t\t\t\t<\/div>\n\t\t\t\t<\/div>\n\t\t\t\t<\/div>\n\t\t\t\t\t<\/div>\n\t\t\t\t<\/div>\n\t\t<div class=\"elementor-element elementor-element-bfe53e4 e-flex e-con-boxed lakit-col-width-auto-no e-container e-root-container elementor-top-section e-con e-parent\" data-id=\"bfe53e4\" data-element_type=\"container\">\n\t\t\t\t\t<div class=\"e-con-inner\">\n\t\t\t\t<div class=\"elementor-element elementor-element-a0824be elementor-widget elementor-widget-spacer\" data-id=\"a0824be\" data-element_type=\"widget\" data-widget_type=\"spacer.default\">\n\t\t\t\t<div class=\"elementor-widget-container\">\n\t\t\t\t\t\t\t<div class=\"elementor-spacer\">\n\t\t\t<div class=\"elementor-spacer-inner\"><\/div>\n\t\t<\/div>\n\t\t\t\t\t\t<\/div>\n\t\t\t\t<\/div>\n\t\t\t\t\t<\/div>\n\t\t\t\t<\/div>\n\t\t\t\t<\/div>\n\t\t","protected":false},"excerpt":{"rendered":"<p>Yurtd\u0131\u015f\u0131 Havaliman\u0131 Referanslar\u0131 A\u015fkabat Havaliman\u0131 T\u00fcrkmenistan Batum Havaliman\u0131 G\u00fcrcistan<\/p>\n","protected":false},"author":1,"featured_media":0,"parent":13660,"menu_order":0,"comment_status":"closed","ping_status":"closed","template":"","meta":{"footnotes":""},"class_list":["post-13670","page","type-page","status-publish","hentry"],"yoast_head":"<!-- This site is optimized with the Yoast SEO plugin v26.1.1 - https:\/\/yoast.com\/wordpress\/plugins\/seo\/ -->\n<title>Yurtd\u0131\u015f\u0131 Havaliman\u0131 Referanslar\u0131 - ACP YAPI ELEMANLARI<\/title>\n<meta name=\"robots\" content=\"index, follow, max-snippet:-1, max-image-preview:large, max-video-preview:-1\" \/>\n<link rel=\"canonical\" href=\"https:\/\/acpyapi.com.tr\/tr\/havalimani\/yurtdisi-havalimani-referanslari\/\" \/>\n<meta property=\"og:locale\" content=\"tr_TR\" \/>\n<meta property=\"og:type\" content=\"article\" \/>\n<meta property=\"og:title\" content=\"Yurtd\u0131\u015f\u0131 Havaliman\u0131 Referanslar\u0131 - ACP YAPI ELEMANLARI\" \/>\n<meta property=\"og:description\" content=\"Yurtd\u0131\u015f\u0131 Havaliman\u0131 Referanslar\u0131 A\u015fkabat Havaliman\u0131 T\u00fcrkmenistan Batum Havaliman\u0131 G\u00fcrcistan\" \/>\n<meta property=\"og:url\" content=\"https:\/\/acpyapi.com.tr\/tr\/havalimani\/yurtdisi-havalimani-referanslari\/\" \/>\n<meta property=\"og:site_name\" content=\"ACP YAPI ELEMANLARI\" \/>\n<meta property=\"article:publisher\" content=\"https:\/\/www.facebook.com\/acpyapielemanlari\/\" \/>\n<meta property=\"article:modified_time\" content=\"2024-11-25T07:37:16+00:00\" \/>\n<meta property=\"og:image\" content=\"https:\/\/acpyapi.com.tr\/wp-content\/uploads\/2023\/11\/asgabatana.jpg\" \/>\n<meta name=\"twitter:card\" content=\"summary_large_image\" \/>\n<script type=\"application\/ld+json\" class=\"yoast-schema-graph\">{\"@context\":\"https:\/\/schema.org\",\"@graph\":[{\"@type\":\"WebPage\",\"@id\":\"https:\/\/acpyapi.com.tr\/tr\/havalimani\/yurtdisi-havalimani-referanslari\/\",\"url\":\"https:\/\/acpyapi.com.tr\/tr\/havalimani\/yurtdisi-havalimani-referanslari\/\",\"name\":\"Yurtd\u0131\u015f\u0131 Havaliman\u0131 Referanslar\u0131 - ACP YAPI ELEMANLARI\",\"isPartOf\":{\"@id\":\"https:\/\/acpyapi.com.tr\/#website\"},\"primaryImageOfPage\":{\"@id\":\"https:\/\/acpyapi.com.tr\/tr\/havalimani\/yurtdisi-havalimani-referanslari\/#primaryimage\"},\"image\":{\"@id\":\"https:\/\/acpyapi.com.tr\/tr\/havalimani\/yurtdisi-havalimani-referanslari\/#primaryimage\"},\"thumbnailUrl\":\"https:\/\/acpyapi.com.tr\/wp-content\/uploads\/2023\/11\/asgabatana.jpg\",\"datePublished\":\"2024-07-01T07:58:22+00:00\",\"dateModified\":\"2024-11-25T07:37:16+00:00\",\"breadcrumb\":{\"@id\":\"https:\/\/acpyapi.com.tr\/tr\/havalimani\/yurtdisi-havalimani-referanslari\/#breadcrumb\"},\"inLanguage\":\"tr\",\"potentialAction\":[{\"@type\":\"ReadAction\",\"target\":[\"https:\/\/acpyapi.com.tr\/tr\/havalimani\/yurtdisi-havalimani-referanslari\/\"]}]},{\"@type\":\"ImageObject\",\"inLanguage\":\"tr\",\"@id\":\"https:\/\/acpyapi.com.tr\/tr\/havalimani\/yurtdisi-havalimani-referanslari\/#primaryimage\",\"url\":\"https:\/\/acpyapi.com.tr\/wp-content\/uploads\/2023\/11\/asgabatana.jpg\",\"contentUrl\":\"https:\/\/acpyapi.com.tr\/wp-content\/uploads\/2023\/11\/asgabatana.jpg\"},{\"@type\":\"BreadcrumbList\",\"@id\":\"https:\/\/acpyapi.com.tr\/tr\/havalimani\/yurtdisi-havalimani-referanslari\/#breadcrumb\",\"itemListElement\":[{\"@type\":\"ListItem\",\"position\":1,\"name\":\"Anasayfa\",\"item\":\"https:\/\/acpyapi.com.tr\/\"},{\"@type\":\"ListItem\",\"position\":2,\"name\":\"Havaliman\u0131\",\"item\":\"https:\/\/acpyapi.com.tr\/tr\/havalimani\/\"},{\"@type\":\"ListItem\",\"position\":3,\"name\":\"Yurtd\u0131\u015f\u0131 Havaliman\u0131 Referanslar\u0131\"}]},{\"@type\":\"WebSite\",\"@id\":\"https:\/\/acpyapi.com.tr\/#website\",\"url\":\"https:\/\/acpyapi.com.tr\/\",\"name\":\"ACP YAPI ELEMANLARI\",\"description\":\"G\u00f6z\u00fcn\u00fcz Arkada Kalmas\u0131n\",\"publisher\":{\"@id\":\"https:\/\/acpyapi.com.tr\/#organization\"},\"alternateName\":\"ACP Yap\u0131\",\"potentialAction\":[{\"@type\":\"SearchAction\",\"target\":{\"@type\":\"EntryPoint\",\"urlTemplate\":\"https:\/\/acpyapi.com.tr\/?s={search_term_string}\"},\"query-input\":{\"@type\":\"PropertyValueSpecification\",\"valueRequired\":true,\"valueName\":\"search_term_string\"}}],\"inLanguage\":\"tr\"},{\"@type\":\"Organization\",\"@id\":\"https:\/\/acpyapi.com.tr\/#organization\",\"name\":\"ACP YAPI ELEMANLARI\",\"alternateName\":\"Acp Yap\u0131\",\"url\":\"https:\/\/acpyapi.com.tr\/\",\"logo\":{\"@type\":\"ImageObject\",\"inLanguage\":\"tr\",\"@id\":\"https:\/\/acpyapi.com.tr\/#\/schema\/logo\/image\/\",\"url\":\"https:\/\/acpyapi.com.tr\/wp-content\/uploads\/2023\/10\/logo-siyah.png\",\"contentUrl\":\"https:\/\/acpyapi.com.tr\/wp-content\/uploads\/2023\/10\/logo-siyah.png\",\"width\":500,\"height\":200,\"caption\":\"ACP YAPI ELEMANLARI\"},\"image\":{\"@id\":\"https:\/\/acpyapi.com.tr\/#\/schema\/logo\/image\/\"},\"sameAs\":[\"https:\/\/www.facebook.com\/acpyapielemanlari\/\",\"https:\/\/www.instagram.com\/acpyapielemanlari\/\",\"https:\/\/www.linkedin.com\/company\/acpyapielemanlari\/?originalSubdomain=tr\",\"https:\/\/www.youtube.com\/channel\/UCRyEXuOc3OSvcTY1_yqbE8g\"]}]}<\/script>\n<!-- \/ Yoast SEO plugin. -->","yoast_head_json":{"title":"Yurtd\u0131\u015f\u0131 Havaliman\u0131 Referanslar\u0131 - ACP YAPI ELEMANLARI","robots":{"index":"index","follow":"follow","max-snippet":"max-snippet:-1","max-image-preview":"max-image-preview:large","max-video-preview":"max-video-preview:-1"},"canonical":"https:\/\/acpyapi.com.tr\/tr\/havalimani\/yurtdisi-havalimani-referanslari\/","og_locale":"tr_TR","og_type":"article","og_title":"Yurtd\u0131\u015f\u0131 Havaliman\u0131 Referanslar\u0131 - ACP YAPI ELEMANLARI","og_description":"Yurtd\u0131\u015f\u0131 Havaliman\u0131 Referanslar\u0131 A\u015fkabat Havaliman\u0131 T\u00fcrkmenistan Batum Havaliman\u0131 G\u00fcrcistan","og_url":"https:\/\/acpyapi.com.tr\/tr\/havalimani\/yurtdisi-havalimani-referanslari\/","og_site_name":"ACP YAPI ELEMANLARI","article_publisher":"https:\/\/www.facebook.com\/acpyapielemanlari\/","article_modified_time":"2024-11-25T07:37:16+00:00","og_image":[{"url":"https:\/\/acpyapi.com.tr\/wp-content\/uploads\/2023\/11\/asgabatana.jpg","type":"","width":"","height":""}],"twitter_card":"summary_large_image","schema":{"@context":"https:\/\/schema.org","@graph":[{"@type":"WebPage","@id":"https:\/\/acpyapi.com.tr\/tr\/havalimani\/yurtdisi-havalimani-referanslari\/","url":"https:\/\/acpyapi.com.tr\/tr\/havalimani\/yurtdisi-havalimani-referanslari\/","name":"Yurtd\u0131\u015f\u0131 Havaliman\u0131 Referanslar\u0131 - ACP YAPI ELEMANLARI","isPartOf":{"@id":"https:\/\/acpyapi.com.tr\/#website"},"primaryImageOfPage":{"@id":"https:\/\/acpyapi.com.tr\/tr\/havalimani\/yurtdisi-havalimani-referanslari\/#primaryimage"},"image":{"@id":"https:\/\/acpyapi.com.tr\/tr\/havalimani\/yurtdisi-havalimani-referanslari\/#primaryimage"},"thumbnailUrl":"https:\/\/acpyapi.com.tr\/wp-content\/uploads\/2023\/11\/asgabatana.jpg","datePublished":"2024-07-01T07:58:22+00:00","dateModified":"2024-11-25T07:37:16+00:00","breadcrumb":{"@id":"https:\/\/acpyapi.com.tr\/tr\/havalimani\/yurtdisi-havalimani-referanslari\/#breadcrumb"},"inLanguage":"tr","potentialAction":[{"@type":"ReadAction","target":["https:\/\/acpyapi.com.tr\/tr\/havalimani\/yurtdisi-havalimani-referanslari\/"]}]},{"@type":"ImageObject","inLanguage":"tr","@id":"https:\/\/acpyapi.com.tr\/tr\/havalimani\/yurtdisi-havalimani-referanslari\/#primaryimage","url":"https:\/\/acpyapi.com.tr\/wp-content\/uploads\/2023\/11\/asgabatana.jpg","contentUrl":"https:\/\/acpyapi.com.tr\/wp-content\/uploads\/2023\/11\/asgabatana.jpg"},{"@type":"BreadcrumbList","@id":"https:\/\/acpyapi.com.tr\/tr\/havalimani\/yurtdisi-havalimani-referanslari\/#breadcrumb","itemListElement":[{"@type":"ListItem","position":1,"name":"Anasayfa","item":"https:\/\/acpyapi.com.tr\/"},{"@type":"ListItem","position":2,"name":"Havaliman\u0131","item":"https:\/\/acpyapi.com.tr\/tr\/havalimani\/"},{"@type":"ListItem","position":3,"name":"Yurtd\u0131\u015f\u0131 Havaliman\u0131 Referanslar\u0131"}]},{"@type":"WebSite","@id":"https:\/\/acpyapi.com.tr\/#website","url":"https:\/\/acpyapi.com.tr\/","name":"ACP YAPI ELEMANLARI","description":"G\u00f6z\u00fcn\u00fcz Arkada Kalmas\u0131n","publisher":{"@id":"https:\/\/acpyapi.com.tr\/#organization"},"alternateName":"ACP Yap\u0131","potentialAction":[{"@type":"SearchAction","target":{"@type":"EntryPoint","urlTemplate":"https:\/\/acpyapi.com.tr\/?s={search_term_string}"},"query-input":{"@type":"PropertyValueSpecification","valueRequired":true,"valueName":"search_term_string"}}],"inLanguage":"tr"},{"@type":"Organization","@id":"https:\/\/acpyapi.com.tr\/#organization","name":"ACP YAPI ELEMANLARI","alternateName":"Acp Yap\u0131","url":"https:\/\/acpyapi.com.tr\/","logo":{"@type":"ImageObject","inLanguage":"tr","@id":"https:\/\/acpyapi.com.tr\/#\/schema\/logo\/image\/","url":"https:\/\/acpyapi.com.tr\/wp-content\/uploads\/2023\/10\/logo-siyah.png","contentUrl":"https:\/\/acpyapi.com.tr\/wp-content\/uploads\/2023\/10\/logo-siyah.png","width":500,"height":200,"caption":"ACP YAPI ELEMANLARI"},"image":{"@id":"https:\/\/acpyapi.com.tr\/#\/schema\/logo\/image\/"},"sameAs":["https:\/\/www.facebook.com\/acpyapielemanlari\/","https:\/\/www.instagram.com\/acpyapielemanlari\/","https:\/\/www.linkedin.com\/company\/acpyapielemanlari\/?originalSubdomain=tr","https:\/\/www.youtube.com\/channel\/UCRyEXuOc3OSvcTY1_yqbE8g"]}]}},"_links":{"self":[{"href":"https:\/\/acpyapi.com.tr\/tr\/wp-json\/wp\/v2\/pages\/13670","targetHints":{"allow":["GET"]}}],"collection":[{"href":"https:\/\/acpyapi.com.tr\/tr\/wp-json\/wp\/v2\/pages"}],"about":[{"href":"https:\/\/acpyapi.com.tr\/tr\/wp-json\/wp\/v2\/types\/page"}],"author":[{"embeddable":true,"href":"https:\/\/acpyapi.com.tr\/tr\/wp-json\/wp\/v2\/users\/1"}],"replies":[{"embeddable":true,"href":"https:\/\/acpyapi.com.tr\/tr\/wp-json\/wp\/v2\/comments?post=13670"}],"version-history":[{"count":0,"href":"https:\/\/acpyapi.com.tr\/tr\/wp-json\/wp\/v2\/pages\/13670\/revisions"}],"up":[{"embeddable":true,"href":"https:\/\/acpyapi.com.tr\/tr\/wp-json\/wp\/v2\/pages\/13660"}],"wp:attachment":[{"href":"https:\/\/acpyapi.com.tr\/tr\/wp-json\/wp\/v2\/media?parent=13670"}],"curies":[{"name":"wp","href":"https:\/\/api.w.org\/{rel}","templated":true}]}}