{"id":13809,"date":"2024-07-16T14:34:39","date_gmt":"2024-07-16T11:34:39","guid":{"rendered":"https:\/\/acpyapi.com.tr\/?page_id=13809"},"modified":"2025-08-11T16:34:31","modified_gmt":"2025-08-11T13:34:31","slug":"otomatik-kayar-kapilar","status":"publish","type":"page","link":"https:\/\/acpyapi.com.tr\/tr\/gecis-sistemleri\/otomatik-kayar-kapilar\/","title":{"rendered":"Otomatik Kayar Kap\u0131lar"},"content":{"rendered":"\t\t<div data-elementor-type=\"wp-page\" data-elementor-id=\"13809\" class=\"elementor elementor-13809\" data-elementor-post-type=\"page\">\n\t\t\t\t<div class=\"elementor-element elementor-element-a16b286 e-flex e-con-boxed lakit-col-width-auto-no e-container e-root-container elementor-top-section e-con e-parent\" data-id=\"a16b286\" data-element_type=\"container\">\n\t\t\t\t\t<div class=\"e-con-inner\">\n\t\t\t\t<div class=\"elementor-element elementor-element-7bc7331 elementor-widget elementor-widget-heading\" data-id=\"7bc7331\" data-element_type=\"widget\" data-widget_type=\"heading.default\">\n\t\t\t\t<div class=\"elementor-widget-container\">\n\t\t\t\t\t<h2 class=\"elementor-heading-title elementor-size-default\">Otomatik kayar kap\u0131lar<\/h2>\t\t\t\t<\/div>\n\t\t\t\t<\/div>\n\t\t\t\t\t<\/div>\n\t\t\t\t<\/div>\n\t\t<div class=\"elementor-element elementor-element-512e3f5 e-flex e-con-boxed lakit-col-width-auto-no e-container e-root-container elementor-top-section e-con e-parent\" data-id=\"512e3f5\" data-element_type=\"container\">\n\t\t\t\t\t<div class=\"e-con-inner\">\n\t\t\t\t<div class=\"elementor-element elementor-element-74be509 elementor-invisible elementor-widget elementor-widget-lastudio-team-member\" data-id=\"74be509\" data-element_type=\"widget\" data-settings=\"{&quot;_animation&quot;:&quot;fadeInUp&quot;,&quot;_animation_delay&quot;:400}\" data-widget_type=\"lastudio-team-member.default\">\n\t\t\t\t<div class=\"elementor-widget-container\">\n\t\t\t\t\t\n<div id=\"tm_74be509\" class=\"lastudio-team-member layout-type-grid preset-type-1\">\n    <div class=\"lastudio-member__list_wrapper\">\n        <div class=\"lastudio-member__list active-object-fit grid-items block-grid-4 laptop-block-grid-4 tablet-block-grid-4 mobile-block-grid-3 xmobile-block-grid-1\" data-item_selector=\".loop__item\">\n                                <div class=\"lastudio-team-member__item loop__item grid-item\">\n                        <div class=\"lastudio-team-member__inner-box\">\n                            <div class=\"lastudio-team-member__inner\">\n                                <div class=\"lastudio-team-member__image_wrap\">\n                                    <a class=\"lastudio-images-layout__link\" href=\"https:\/\/acpyapi.com.tr\/gecis-sistemleri\/st-flex\/\" title=\"ST FLEX\"><figure class=\"figure__object_fit lastudio-team-member__image\"><img fetchpriority=\"high\" decoding=\"async\" src=\"data:image\/gif;base64,R0lGODlhAQABAIAAAP\/\/\/wAAACH5BAEAAAAALAAAAAABAAEAAAICRAEAOw==\" data-src=\"https:\/\/acpyapi.com.tr\/wp-content\/uploads\/2024\/06\/110000005285_st-flex_050327_1200x1200.jpg_image_slider_product_image_slider_zoom.jpg\" alt=\"\" class=\"la-lazyload-image lastudio-team-member__image-instance wp-post-image\" width=\"1000\" height=\"1000\" srcset=\"data:image\/gif;base64,R0lGODlhAQABAIAAAP\/\/\/wAAACH5BAEAAAAALAAAAAABAAEAAAICRAEAOw==\"><\/figure><\/a>                                <\/div>\n                                <div class=\"lastudio-team-member__content\">\n                                    <h3 class=\"lastudio-team-member__name\"><a href=\"https:\/\/acpyapi.com.tr\/gecis-sistemleri\/st-flex\/\" title=\"ST FLEX\">ST FLEX<\/a><\/h3>                                <\/div>\n                            <\/div>\n                        <\/div>\n                    <\/div>\n                                        <div class=\"lastudio-team-member__item loop__item grid-item\">\n                        <div class=\"lastudio-team-member__inner-box\">\n                            <div class=\"lastudio-team-member__inner\">\n                                <div class=\"lastudio-team-member__image_wrap\">\n                                    <a class=\"lastudio-images-layout__link\" href=\"https:\/\/acpyapi.com.tr\/gecis-sistemleri\/otomatik-kayar-kapilar\/st-manet\/\" title=\"ST MANET\"><figure class=\"figure__object_fit lastudio-team-member__image\"><img decoding=\"async\" src=\"data:image\/gif;base64,R0lGODlhAQABAIAAAP\/\/\/wAAACH5BAEAAAAALAAAAAABAAEAAAICRAEAOw==\" data-src=\"https:\/\/acpyapi.com.tr\/wp-content\/uploads\/2024\/07\/110000005289_IM_STMANET_46613_web-jpeg.jpg\" alt=\"\" class=\"la-lazyload-image lastudio-team-member__image-instance wp-post-image\" width=\"1000\" height=\"1000\" srcset=\"data:image\/gif;base64,R0lGODlhAQABAIAAAP\/\/\/wAAACH5BAEAAAAALAAAAAABAAEAAAICRAEAOw==\"><\/figure><\/a>                                <\/div>\n                                <div class=\"lastudio-team-member__content\">\n                                    <h3 class=\"lastudio-team-member__name\"><a href=\"https:\/\/acpyapi.com.tr\/gecis-sistemleri\/otomatik-kayar-kapilar\/st-manet\/\" title=\"ST MANET\">ST MANET<\/a><\/h3>                                <\/div>\n                            <\/div>\n                        <\/div>\n                    <\/div>\n                                        <div class=\"lastudio-team-member__item loop__item grid-item\">\n                        <div class=\"lastudio-team-member__inner-box\">\n                            <div class=\"lastudio-team-member__inner\">\n                                <div class=\"lastudio-team-member__image_wrap\">\n                                    <a class=\"lastudio-images-layout__link\" href=\"https:\/\/acpyapi.com.tr\/gecis-sistemleri\/otomatik-kayar-kapilar\/tst-flex\/\" title=\"TST FLEX\"><figure class=\"figure__object_fit lastudio-team-member__image\"><img decoding=\"async\" src=\"data:image\/gif;base64,R0lGODlhAQABAIAAAP\/\/\/wAAACH5BAEAAAAALAAAAAABAAEAAAICRAEAOw==\" data-src=\"https:\/\/acpyapi.com.tr\/wp-content\/uploads\/2024\/07\/110000005290_IM_TSTFLEX_44730_web-jpeg-1.jpg\" alt=\"\" class=\"la-lazyload-image lastudio-team-member__image-instance wp-post-image\" width=\"1269\" height=\"1000\" srcset=\"data:image\/gif;base64,R0lGODlhAQABAIAAAP\/\/\/wAAACH5BAEAAAAALAAAAAABAAEAAAICRAEAOw==\"><\/figure><\/a>                                <\/div>\n                                <div class=\"lastudio-team-member__content\">\n                                    <h3 class=\"lastudio-team-member__name\"><a href=\"https:\/\/acpyapi.com.tr\/gecis-sistemleri\/otomatik-kayar-kapilar\/tst-flex\/\" title=\"TST FLEX\">TST FLEX<\/a><\/h3>                                <\/div>\n                            <\/div>\n                        <\/div>\n                    <\/div>\n                                        <div class=\"lastudio-team-member__item loop__item grid-item\">\n                        <div class=\"lastudio-team-member__inner-box\">\n                            <div class=\"lastudio-team-member__inner\">\n                                <div class=\"lastudio-team-member__image_wrap\">\n                                    <a class=\"lastudio-images-layout__link\" href=\"https:\/\/acpyapi.com.tr\/gecis-sistemleri\/otomatik-kayar-kapilar\/sst-flex\/\" title=\"SST FLEX\"><figure class=\"figure__object_fit lastudio-team-member__image\"><img loading=\"lazy\" decoding=\"async\" src=\"data:image\/gif;base64,R0lGODlhAQABAIAAAP\/\/\/wAAACH5BAEAAAAALAAAAAABAAEAAAICRAEAOw==\" data-src=\"https:\/\/acpyapi.com.tr\/wp-content\/uploads\/2024\/07\/110000012120_sst_flex_es_1200x1200.jpg_image_slider_product_image_slider_zoom.jpg\" alt=\"\" class=\"la-lazyload-image lastudio-team-member__image-instance wp-post-image\" width=\"1000\" height=\"1000\" srcset=\"data:image\/gif;base64,R0lGODlhAQABAIAAAP\/\/\/wAAACH5BAEAAAAALAAAAAABAAEAAAICRAEAOw==\"><\/figure><\/a>                                <\/div>\n                                <div class=\"lastudio-team-member__content\">\n                                    <h3 class=\"lastudio-team-member__name\"><a href=\"https:\/\/acpyapi.com.tr\/gecis-sistemleri\/otomatik-kayar-kapilar\/sst-flex\/\" title=\"SST FLEX\">SST FLEX<\/a><\/h3>                                <\/div>\n                            <\/div>\n                        <\/div>\n                    <\/div>\n                                        <div class=\"lastudio-team-member__item loop__item grid-item\">\n                        <div class=\"lastudio-team-member__inner-box\">\n                            <div class=\"lastudio-team-member__inner\">\n                                <div class=\"lastudio-team-member__image_wrap\">\n                                    <a class=\"lastudio-images-layout__link\" href=\"https:\/\/acpyapi.com.tr\/gecis-sistemleri\/es-200-icat\/\" title=\"ES 200 Hermetik\"><figure class=\"figure__object_fit lastudio-team-member__image\"><img loading=\"lazy\" decoding=\"async\" src=\"data:image\/gif;base64,R0lGODlhAQABAIAAAP\/\/\/wAAACH5BAEAAAAALAAAAAABAAEAAAICRAEAOw==\" data-src=\"https:\/\/acpyapi.com.tr\/wp-content\/uploads\/2024\/06\/1691493683_ES200-iCat-2.jpg\" alt=\"\" class=\"la-lazyload-image lastudio-team-member__image-instance wp-post-image\" width=\"1000\" height=\"1000\" srcset=\"data:image\/gif;base64,R0lGODlhAQABAIAAAP\/\/\/wAAACH5BAEAAAAALAAAAAABAAEAAAICRAEAOw==\"><\/figure><\/a>                                <\/div>\n                                <div class=\"lastudio-team-member__content\">\n                                    <h3 class=\"lastudio-team-member__name\"><a href=\"https:\/\/acpyapi.com.tr\/gecis-sistemleri\/es-200-icat\/\" title=\"ES 200 Hermetik\">ES 200 Hermetik<\/a><\/h3>                                <\/div>\n                            <\/div>\n                        <\/div>\n                    <\/div>\n                                        <div class=\"lastudio-team-member__item loop__item grid-item\">\n                        <div class=\"lastudio-team-member__inner-box\">\n                            <div class=\"lastudio-team-member__inner\">\n                                <div class=\"lastudio-team-member__image_wrap\">\n                                    <a class=\"lastudio-images-layout__link\" href=\"https:\/\/acpyapi.com.tr\/gecis-sistemleri\/bst-fbst-dairesel-otomatik-kayar-kapilar\/\" title=\"BST \/ F-BST\"><figure class=\"figure__object_fit lastudio-team-member__image\"><img loading=\"lazy\" decoding=\"async\" src=\"data:image\/gif;base64,R0lGODlhAQABAIAAAP\/\/\/wAAACH5BAEAAAAALAAAAAABAAEAAAICRAEAOw==\" data-src=\"https:\/\/acpyapi.com.tr\/wp-content\/uploads\/2024\/07\/110000005295_IM_BST_41608_web-jpeg.jpg\" alt=\"\" class=\"la-lazyload-image lastudio-team-member__image-instance wp-post-image\" width=\"1277\" height=\"1000\" srcset=\"data:image\/gif;base64,R0lGODlhAQABAIAAAP\/\/\/wAAACH5BAEAAAAALAAAAAABAAEAAAICRAEAOw==\"><\/figure><\/a>                                <\/div>\n                                <div class=\"lastudio-team-member__content\">\n                                    <h3 class=\"lastudio-team-member__name\"><a href=\"https:\/\/acpyapi.com.tr\/gecis-sistemleri\/bst-fbst-dairesel-otomatik-kayar-kapilar\/\" title=\"BST \/ F-BST\">BST \/ F-BST<\/a><\/h3>                                <\/div>\n                            <\/div>\n                        <\/div>\n                    <\/div>\n                                        <div class=\"lastudio-team-member__item loop__item grid-item\">\n                        <div class=\"lastudio-team-member__inner-box\">\n                            <div class=\"lastudio-team-member__inner\">\n                                <div class=\"lastudio-team-member__image_wrap\">\n                                    <a class=\"lastudio-images-layout__link\" href=\"https:\/\/acpyapi.com.tr\/gecis-sistemleri\/es-200-fr\/\" title=\"ES 200 FR\"><figure class=\"figure__object_fit lastudio-team-member__image\"><img loading=\"lazy\" decoding=\"async\" src=\"data:image\/gif;base64,R0lGODlhAQABAIAAAP\/\/\/wAAACH5BAEAAAAALAAAAAABAAEAAAICRAEAOw==\" data-src=\"https:\/\/acpyapi.com.tr\/wp-content\/uploads\/2024\/12\/86e6a727-8ee0-4007-bc21-60b67c70201a.jpeg\" alt=\"\" class=\"la-lazyload-image lastudio-team-member__image-instance wp-post-image\" width=\"1600\" height=\"1200\" srcset=\"data:image\/gif;base64,R0lGODlhAQABAIAAAP\/\/\/wAAACH5BAEAAAAALAAAAAABAAEAAAICRAEAOw==\"><\/figure><\/a>                                <\/div>\n                                <div class=\"lastudio-team-member__content\">\n                                    <h3 class=\"lastudio-team-member__name\"><a href=\"https:\/\/acpyapi.com.tr\/gecis-sistemleri\/es-200-fr\/\" title=\"ES 200 FR\">ES 200 FR<\/a><\/h3>                                <\/div>\n                            <\/div>\n                        <\/div>\n                    <\/div>\n                                        <div class=\"lastudio-team-member__item loop__item grid-item\">\n                        <div class=\"lastudio-team-member__inner-box\">\n                            <div class=\"lastudio-team-member__inner\">\n                                <div class=\"lastudio-team-member__image_wrap\">\n                                    <a class=\"lastudio-images-layout__link\" href=\"https:\/\/acpyapi.com.tr\/gecis-sistemleri\/otomatik-kayar-kapilar\/es-proline\/\" title=\"ES PROLINE\"><figure class=\"figure__object_fit lastudio-team-member__image\"><img loading=\"lazy\" decoding=\"async\" src=\"data:image\/gif;base64,R0lGODlhAQABAIAAAP\/\/\/wAAACH5BAEAAAAALAAAAAABAAEAAAICRAEAOw==\" data-src=\"https:\/\/acpyapi.com.tr\/wp-content\/uploads\/2024\/12\/IM-ESPROLINESTPROGREEN-797536-scaled.jpg\" alt=\"\" class=\"la-lazyload-image lastudio-team-member__image-instance wp-post-image\" width=\"2560\" height=\"1707\" srcset=\"data:image\/gif;base64,R0lGODlhAQABAIAAAP\/\/\/wAAACH5BAEAAAAALAAAAAABAAEAAAICRAEAOw==\"><\/figure><\/a>                                <\/div>\n                                <div class=\"lastudio-team-member__content\">\n                                    <h3 class=\"lastudio-team-member__name\"><a href=\"https:\/\/acpyapi.com.tr\/gecis-sistemleri\/otomatik-kayar-kapilar\/es-proline\/\" title=\"ES PROLINE\">ES PROLINE<\/a><\/h3>                                <\/div>\n                            <\/div>\n                        <\/div>\n                    <\/div>\n                            <\/div>\n    <\/div>\n<\/div>\t\t\t\t<\/div>\n\t\t\t\t<\/div>\n\t\t\t\t\t<\/div>\n\t\t\t\t<\/div>\n\t\t<div class=\"elementor-element elementor-element-463bbb5 e-flex e-con-boxed lakit-col-width-auto-no e-container e-root-container elementor-top-section e-con e-parent\" data-id=\"463bbb5\" data-element_type=\"container\">\n\t\t\t\t\t<div class=\"e-con-inner\">\n\t\t\t\t\t<\/div>\n\t\t\t\t<\/div>\n\t\t\t\t<\/div>\n\t\t","protected":false},"excerpt":{"rendered":"<p>Otomatik kayar kap\u0131lar ST FLEX ST MANET TST FLEX SST FLEX ES 200 Hermetik BST \/ F-BST ES 200 FR ES PROLINE<\/p>\n","protected":false},"author":1,"featured_media":0,"parent":13434,"menu_order":0,"comment_status":"closed","ping_status":"closed","template":"","meta":{"footnotes":""},"class_list":["post-13809","page","type-page","status-publish","hentry"],"yoast_head":"<!-- This site is optimized with the Yoast SEO plugin v26.1.1 - https:\/\/yoast.com\/wordpress\/plugins\/seo\/ -->\n<title>Otomatik Kayar Kap\u0131lar - ACP YAPI ELEMANLARI<\/title>\n<meta name=\"robots\" content=\"index, follow, max-snippet:-1, max-image-preview:large, max-video-preview:-1\" \/>\n<link rel=\"canonical\" href=\"https:\/\/acpyapi.com.tr\/tr\/gecis-sistemleri\/otomatik-kayar-kapilar\/\" \/>\n<meta property=\"og:locale\" content=\"tr_TR\" \/>\n<meta property=\"og:type\" content=\"article\" \/>\n<meta property=\"og:title\" content=\"Otomatik Kayar Kap\u0131lar - ACP YAPI ELEMANLARI\" \/>\n<meta property=\"og:description\" content=\"Otomatik kayar kap\u0131lar ST FLEX ST MANET TST FLEX SST FLEX ES 200 Hermetik BST \/ F-BST ES 200 FR ES PROLINE\" \/>\n<meta property=\"og:url\" content=\"https:\/\/acpyapi.com.tr\/tr\/gecis-sistemleri\/otomatik-kayar-kapilar\/\" \/>\n<meta property=\"og:site_name\" content=\"ACP YAPI ELEMANLARI\" \/>\n<meta property=\"article:publisher\" content=\"https:\/\/www.facebook.com\/acpyapielemanlari\/\" \/>\n<meta property=\"article:modified_time\" content=\"2025-08-11T13:34:31+00:00\" \/>\n<meta property=\"og:image\" content=\"https:\/\/acpyapi.com.tr\/wp-content\/uploads\/2023\/10\/logo-siyah.png\" \/>\n\t<meta property=\"og:image:width\" content=\"500\" \/>\n\t<meta property=\"og:image:height\" content=\"200\" \/>\n\t<meta property=\"og:image:type\" content=\"image\/png\" \/>\n<meta name=\"twitter:card\" content=\"summary_large_image\" \/>\n<meta name=\"twitter:label1\" content=\"Tahmini okuma s\u00fcresi\" \/>\n\t<meta name=\"twitter:data1\" content=\"2 dakika\" \/>\n<script type=\"application\/ld+json\" class=\"yoast-schema-graph\">{\"@context\":\"https:\/\/schema.org\",\"@graph\":[{\"@type\":\"WebPage\",\"@id\":\"https:\/\/acpyapi.com.tr\/gecis-sistemleri\/otomatik-kayar-kapilar\/\",\"url\":\"https:\/\/acpyapi.com.tr\/gecis-sistemleri\/otomatik-kayar-kapilar\/\",\"name\":\"Otomatik Kayar Kap\u0131lar - ACP YAPI ELEMANLARI\",\"isPartOf\":{\"@id\":\"https:\/\/acpyapi.com.tr\/#website\"},\"datePublished\":\"2024-07-16T11:34:39+00:00\",\"dateModified\":\"2025-08-11T13:34:31+00:00\",\"breadcrumb\":{\"@id\":\"https:\/\/acpyapi.com.tr\/gecis-sistemleri\/otomatik-kayar-kapilar\/#breadcrumb\"},\"inLanguage\":\"tr\",\"potentialAction\":[{\"@type\":\"ReadAction\",\"target\":[\"https:\/\/acpyapi.com.tr\/gecis-sistemleri\/otomatik-kayar-kapilar\/\"]}]},{\"@type\":\"BreadcrumbList\",\"@id\":\"https:\/\/acpyapi.com.tr\/gecis-sistemleri\/otomatik-kayar-kapilar\/#breadcrumb\",\"itemListElement\":[{\"@type\":\"ListItem\",\"position\":1,\"name\":\"Anasayfa\",\"item\":\"https:\/\/acpyapi.com.tr\/\"},{\"@type\":\"ListItem\",\"position\":2,\"name\":\"Ge\u00e7i\u015f Sistemleri\",\"item\":\"https:\/\/acpyapi.com.tr\/gecis-sistemleri\/\"},{\"@type\":\"ListItem\",\"position\":3,\"name\":\"Otomatik Kayar Kap\u0131lar\"}]},{\"@type\":\"WebSite\",\"@id\":\"https:\/\/acpyapi.com.tr\/#website\",\"url\":\"https:\/\/acpyapi.com.tr\/\",\"name\":\"ACP YAPI ELEMANLARI\",\"description\":\"G\u00f6z\u00fcn\u00fcz Arkada Kalmas\u0131n\",\"publisher\":{\"@id\":\"https:\/\/acpyapi.com.tr\/#organization\"},\"alternateName\":\"ACP Yap\u0131\",\"potentialAction\":[{\"@type\":\"SearchAction\",\"target\":{\"@type\":\"EntryPoint\",\"urlTemplate\":\"https:\/\/acpyapi.com.tr\/?s={search_term_string}\"},\"query-input\":{\"@type\":\"PropertyValueSpecification\",\"valueRequired\":true,\"valueName\":\"search_term_string\"}}],\"inLanguage\":\"tr\"},{\"@type\":\"Organization\",\"@id\":\"https:\/\/acpyapi.com.tr\/#organization\",\"name\":\"ACP YAPI ELEMANLARI\",\"alternateName\":\"Acp Yap\u0131\",\"url\":\"https:\/\/acpyapi.com.tr\/\",\"logo\":{\"@type\":\"ImageObject\",\"inLanguage\":\"tr\",\"@id\":\"https:\/\/acpyapi.com.tr\/#\/schema\/logo\/image\/\",\"url\":\"https:\/\/acpyapi.com.tr\/wp-content\/uploads\/2023\/10\/logo-siyah.png\",\"contentUrl\":\"https:\/\/acpyapi.com.tr\/wp-content\/uploads\/2023\/10\/logo-siyah.png\",\"width\":500,\"height\":200,\"caption\":\"ACP YAPI ELEMANLARI\"},\"image\":{\"@id\":\"https:\/\/acpyapi.com.tr\/#\/schema\/logo\/image\/\"},\"sameAs\":[\"https:\/\/www.facebook.com\/acpyapielemanlari\/\",\"https:\/\/www.instagram.com\/acpyapielemanlari\/\",\"https:\/\/www.linkedin.com\/company\/acpyapielemanlari\/?originalSubdomain=tr\",\"https:\/\/www.youtube.com\/channel\/UCRyEXuOc3OSvcTY1_yqbE8g\"]}]}<\/script>\n<!-- \/ Yoast SEO plugin. -->","yoast_head_json":{"title":"Otomatik Kayar Kap\u0131lar - ACP YAPI ELEMANLARI","robots":{"index":"index","follow":"follow","max-snippet":"max-snippet:-1","max-image-preview":"max-image-preview:large","max-video-preview":"max-video-preview:-1"},"canonical":"https:\/\/acpyapi.com.tr\/tr\/gecis-sistemleri\/otomatik-kayar-kapilar\/","og_locale":"tr_TR","og_type":"article","og_title":"Otomatik Kayar Kap\u0131lar - ACP YAPI ELEMANLARI","og_description":"Otomatik kayar kap\u0131lar ST FLEX ST MANET TST FLEX SST FLEX ES 200 Hermetik BST \/ F-BST ES 200 FR ES PROLINE","og_url":"https:\/\/acpyapi.com.tr\/tr\/gecis-sistemleri\/otomatik-kayar-kapilar\/","og_site_name":"ACP YAPI ELEMANLARI","article_publisher":"https:\/\/www.facebook.com\/acpyapielemanlari\/","article_modified_time":"2025-08-11T13:34:31+00:00","og_image":[{"width":500,"height":200,"url":"https:\/\/acpyapi.com.tr\/wp-content\/uploads\/2023\/10\/logo-siyah.png","type":"image\/png"}],"twitter_card":"summary_large_image","twitter_misc":{"Tahmini okuma s\u00fcresi":"2 dakika"},"schema":{"@context":"https:\/\/schema.org","@graph":[{"@type":"WebPage","@id":"https:\/\/acpyapi.com.tr\/gecis-sistemleri\/otomatik-kayar-kapilar\/","url":"https:\/\/acpyapi.com.tr\/gecis-sistemleri\/otomatik-kayar-kapilar\/","name":"Otomatik Kayar Kap\u0131lar - ACP YAPI ELEMANLARI","isPartOf":{"@id":"https:\/\/acpyapi.com.tr\/#website"},"datePublished":"2024-07-16T11:34:39+00:00","dateModified":"2025-08-11T13:34:31+00:00","breadcrumb":{"@id":"https:\/\/acpyapi.com.tr\/gecis-sistemleri\/otomatik-kayar-kapilar\/#breadcrumb"},"inLanguage":"tr","potentialAction":[{"@type":"ReadAction","target":["https:\/\/acpyapi.com.tr\/gecis-sistemleri\/otomatik-kayar-kapilar\/"]}]},{"@type":"BreadcrumbList","@id":"https:\/\/acpyapi.com.tr\/gecis-sistemleri\/otomatik-kayar-kapilar\/#breadcrumb","itemListElement":[{"@type":"ListItem","position":1,"name":"Anasayfa","item":"https:\/\/acpyapi.com.tr\/"},{"@type":"ListItem","position":2,"name":"Ge\u00e7i\u015f Sistemleri","item":"https:\/\/acpyapi.com.tr\/gecis-sistemleri\/"},{"@type":"ListItem","position":3,"name":"Otomatik Kayar Kap\u0131lar"}]},{"@type":"WebSite","@id":"https:\/\/acpyapi.com.tr\/#website","url":"https:\/\/acpyapi.com.tr\/","name":"ACP YAPI ELEMANLARI","description":"G\u00f6z\u00fcn\u00fcz Arkada Kalmas\u0131n","publisher":{"@id":"https:\/\/acpyapi.com.tr\/#organization"},"alternateName":"ACP Yap\u0131","potentialAction":[{"@type":"SearchAction","target":{"@type":"EntryPoint","urlTemplate":"https:\/\/acpyapi.com.tr\/?s={search_term_string}"},"query-input":{"@type":"PropertyValueSpecification","valueRequired":true,"valueName":"search_term_string"}}],"inLanguage":"tr"},{"@type":"Organization","@id":"https:\/\/acpyapi.com.tr\/#organization","name":"ACP YAPI ELEMANLARI","alternateName":"Acp Yap\u0131","url":"https:\/\/acpyapi.com.tr\/","logo":{"@type":"ImageObject","inLanguage":"tr","@id":"https:\/\/acpyapi.com.tr\/#\/schema\/logo\/image\/","url":"https:\/\/acpyapi.com.tr\/wp-content\/uploads\/2023\/10\/logo-siyah.png","contentUrl":"https:\/\/acpyapi.com.tr\/wp-content\/uploads\/2023\/10\/logo-siyah.png","width":500,"height":200,"caption":"ACP YAPI ELEMANLARI"},"image":{"@id":"https:\/\/acpyapi.com.tr\/#\/schema\/logo\/image\/"},"sameAs":["https:\/\/www.facebook.com\/acpyapielemanlari\/","https:\/\/www.instagram.com\/acpyapielemanlari\/","https:\/\/www.linkedin.com\/company\/acpyapielemanlari\/?originalSubdomain=tr","https:\/\/www.youtube.com\/channel\/UCRyEXuOc3OSvcTY1_yqbE8g"]}]}},"_links":{"self":[{"href":"https:\/\/acpyapi.com.tr\/tr\/wp-json\/wp\/v2\/pages\/13809","targetHints":{"allow":["GET"]}}],"collection":[{"href":"https:\/\/acpyapi.com.tr\/tr\/wp-json\/wp\/v2\/pages"}],"about":[{"href":"https:\/\/acpyapi.com.tr\/tr\/wp-json\/wp\/v2\/types\/page"}],"author":[{"embeddable":true,"href":"https:\/\/acpyapi.com.tr\/tr\/wp-json\/wp\/v2\/users\/1"}],"replies":[{"embeddable":true,"href":"https:\/\/acpyapi.com.tr\/tr\/wp-json\/wp\/v2\/comments?post=13809"}],"version-history":[{"count":0,"href":"https:\/\/acpyapi.com.tr\/tr\/wp-json\/wp\/v2\/pages\/13809\/revisions"}],"up":[{"embeddable":true,"href":"https:\/\/acpyapi.com.tr\/tr\/wp-json\/wp\/v2\/pages\/13434"}],"wp:attachment":[{"href":"https:\/\/acpyapi.com.tr\/tr\/wp-json\/wp\/v2\/media?parent=13809"}],"curies":[{"name":"wp","href":"https:\/\/api.w.org\/{rel}","templated":true}]}}