{"id":13886,"date":"2024-07-16T15:08:39","date_gmt":"2024-07-16T12:08:39","guid":{"rendered":"https:\/\/acpyapi.com.tr\/?page_id=13886"},"modified":"2024-12-09T14:00:32","modified_gmt":"2024-12-09T11:00:32","slug":"kayar-toplanir-camli-duvarlar","status":"publish","type":"page","link":"https:\/\/acpyapi.com.tr\/tr\/cam-sistemleri\/kayar-toplanir-camli-duvarlar\/","title":{"rendered":"Kayar Toplan\u0131r Caml\u0131 Duvarlar"},"content":{"rendered":"\t\t<div data-elementor-type=\"wp-page\" data-elementor-id=\"13886\" class=\"elementor elementor-13886\" data-elementor-post-type=\"page\">\n\t\t\t\t<div class=\"elementor-element elementor-element-a16b286 e-flex e-con-boxed lakit-col-width-auto-no e-container e-root-container elementor-top-section e-con e-parent\" data-id=\"a16b286\" data-element_type=\"container\">\n\t\t\t\t\t<div class=\"e-con-inner\">\n\t\t\t\t<div class=\"elementor-element elementor-element-7bc7331 elementor-widget elementor-widget-heading\" data-id=\"7bc7331\" data-element_type=\"widget\" data-widget_type=\"heading.default\">\n\t\t\t\t<div class=\"elementor-widget-container\">\n\t\t\t\t\t<h2 class=\"elementor-heading-title elementor-size-default\">Kayar toplan\u0131r caml\u0131 duvarlar\n<\/h2>\t\t\t\t<\/div>\n\t\t\t\t<\/div>\n\t\t\t\t\t<\/div>\n\t\t\t\t<\/div>\n\t\t<div class=\"elementor-element elementor-element-512e3f5 e-flex e-con-boxed lakit-col-width-auto-no e-container e-root-container elementor-top-section e-con e-parent\" data-id=\"512e3f5\" data-element_type=\"container\">\n\t\t\t\t\t<div class=\"e-con-inner\">\n\t\t\t\t<div class=\"elementor-element elementor-element-74be509 elementor-invisible elementor-widget elementor-widget-lastudio-team-member\" data-id=\"74be509\" data-element_type=\"widget\" data-settings=\"{&quot;_animation&quot;:&quot;fadeInUp&quot;,&quot;_animation_delay&quot;:400}\" data-widget_type=\"lastudio-team-member.default\">\n\t\t\t\t<div class=\"elementor-widget-container\">\n\t\t\t\t\t\n<div id=\"tm_74be509\" class=\"lastudio-team-member layout-type-grid preset-type-1\">\n    <div class=\"lastudio-member__list_wrapper\">\n        <div class=\"lastudio-member__list active-object-fit grid-items block-grid-4 laptop-block-grid-4 tablet-block-grid-4 mobile-block-grid-3 xmobile-block-grid-1\" data-item_selector=\".loop__item\">\n                                <div class=\"lastudio-team-member__item loop__item grid-item\">\n                        <div class=\"lastudio-team-member__inner-box\">\n                            <div class=\"lastudio-team-member__inner\">\n                                <div class=\"lastudio-team-member__image_wrap\">\n                                    <a class=\"lastudio-images-layout__link\" href=\"https:\/\/acpyapi.com.tr\/cam-sistemleri\/hsw-easy-safe\/\" title=\"HSW EASY Safe\"><figure class=\"figure__object_fit lastudio-team-member__image\"><img fetchpriority=\"high\" decoding=\"async\" src=\"data:image\/gif;base64,R0lGODlhAQABAIAAAP\/\/\/wAAACH5BAEAAAAALAAAAAABAAEAAAICRAEAOw==\" data-src=\"https:\/\/acpyapi.com.tr\/wp-content\/uploads\/2024\/12\/hsweasy.jpg\" alt=\"\" class=\"la-lazyload-image lastudio-team-member__image-instance wp-post-image\" width=\"1000\" height=\"667\" srcset=\"data:image\/gif;base64,R0lGODlhAQABAIAAAP\/\/\/wAAACH5BAEAAAAALAAAAAABAAEAAAICRAEAOw==\"><\/figure><\/a>                                <\/div>\n                                <div class=\"lastudio-team-member__content\">\n                                    <h3 class=\"lastudio-team-member__name\"><a href=\"https:\/\/acpyapi.com.tr\/cam-sistemleri\/hsw-easy-safe\/\" title=\"HSW EASY Safe\">HSW EASY Safe<\/a><\/h3>                                <\/div>\n                            <\/div>\n                        <\/div>\n                    <\/div>\n                                        <div class=\"lastudio-team-member__item loop__item grid-item\">\n                        <div class=\"lastudio-team-member__inner-box\">\n                            <div class=\"lastudio-team-member__inner\">\n                                <div class=\"lastudio-team-member__image_wrap\">\n                                    <a class=\"lastudio-images-layout__link\" href=\"https:\/\/acpyapi.com.tr\/cam-sistemleri\/fsw-easy-safe\/\" title=\"FSW EASY Safe\"><figure class=\"figure__object_fit lastudio-team-member__image\"><img decoding=\"async\" src=\"data:image\/gif;base64,R0lGODlhAQABAIAAAP\/\/\/wAAACH5BAEAAAAALAAAAAABAAEAAAICRAEAOw==\" data-src=\"https:\/\/acpyapi.com.tr\/wp-content\/uploads\/2024\/07\/1505728367_FSW_ES_shoppingmall_CMYK-1528.jpg\" alt=\"\" class=\"la-lazyload-image lastudio-team-member__image-instance wp-post-image\" width=\"500\" height=\"500\" srcset=\"data:image\/gif;base64,R0lGODlhAQABAIAAAP\/\/\/wAAACH5BAEAAAAALAAAAAABAAEAAAICRAEAOw==\"><\/figure><\/a>                                <\/div>\n                                <div class=\"lastudio-team-member__content\">\n                                    <h3 class=\"lastudio-team-member__name\"><a href=\"https:\/\/acpyapi.com.tr\/cam-sistemleri\/fsw-easy-safe\/\" title=\"FSW EASY Safe\">FSW EASY Safe<\/a><\/h3>                                <\/div>\n                            <\/div>\n                        <\/div>\n                    <\/div>\n                                        <div class=\"lastudio-team-member__item loop__item grid-item\">\n                        <div class=\"lastudio-team-member__inner-box\">\n                            <div class=\"lastudio-team-member__inner\">\n                                <div class=\"lastudio-team-member__image_wrap\">\n                                    <a class=\"lastudio-images-layout__link\" href=\"https:\/\/acpyapi.com.tr\/cam-sistemleri\/hsw-flex-therm\/\" title=\"HSW FLEX Therm\"><figure class=\"figure__object_fit lastudio-team-member__image\"><img decoding=\"async\" src=\"data:image\/gif;base64,R0lGODlhAQABAIAAAP\/\/\/wAAACH5BAEAAAAALAAAAAABAAEAAAICRAEAOw==\" data-src=\"https:\/\/acpyapi.com.tr\/wp-content\/uploads\/2024\/07\/1517329483_HSW_FLEX_Therm_Restaurant_sommer.jpg\" alt=\"\" class=\"la-lazyload-image lastudio-team-member__image-instance wp-post-image\" width=\"700\" height=\"495\" srcset=\"data:image\/gif;base64,R0lGODlhAQABAIAAAP\/\/\/wAAACH5BAEAAAAALAAAAAABAAEAAAICRAEAOw==\"><\/figure><\/a>                                <\/div>\n                                <div class=\"lastudio-team-member__content\">\n                                    <h3 class=\"lastudio-team-member__name\"><a href=\"https:\/\/acpyapi.com.tr\/cam-sistemleri\/hsw-flex-therm\/\" title=\"HSW FLEX Therm\">HSW FLEX Therm<\/a><\/h3>                                <\/div>\n                            <\/div>\n                        <\/div>\n                    <\/div>\n                                        <div class=\"lastudio-team-member__item loop__item grid-item\">\n                        <div class=\"lastudio-team-member__inner-box\">\n                            <div class=\"lastudio-team-member__inner\">\n                                <div class=\"lastudio-team-member__image_wrap\">\n                                    <a class=\"lastudio-images-layout__link\" href=\"https:\/\/acpyapi.com.tr\/cam-sistemleri\/hsw-r\/\" title=\"HSW-R\"><figure class=\"figure__object_fit lastudio-team-member__image\"><img loading=\"lazy\" decoding=\"async\" src=\"data:image\/gif;base64,R0lGODlhAQABAIAAAP\/\/\/wAAACH5BAEAAAAALAAAAAABAAEAAAICRAEAOw==\" data-src=\"https:\/\/acpyapi.com.tr\/wp-content\/uploads\/2024\/07\/1505734297_055826-1528.jpg\" alt=\"\" class=\"la-lazyload-image lastudio-team-member__image-instance wp-post-image\" width=\"500\" height=\"500\" srcset=\"data:image\/gif;base64,R0lGODlhAQABAIAAAP\/\/\/wAAACH5BAEAAAAALAAAAAABAAEAAAICRAEAOw==\"><\/figure><\/a>                                <\/div>\n                                <div class=\"lastudio-team-member__content\">\n                                    <h3 class=\"lastudio-team-member__name\"><a href=\"https:\/\/acpyapi.com.tr\/cam-sistemleri\/hsw-r\/\" title=\"HSW-R\">HSW-R<\/a><\/h3>                                <\/div>\n                            <\/div>\n                        <\/div>\n                    <\/div>\n                            <\/div>\n    <\/div>\n<\/div>\t\t\t\t<\/div>\n\t\t\t\t<\/div>\n\t\t\t\t\t<\/div>\n\t\t\t\t<\/div>\n\t\t<div class=\"elementor-element elementor-element-f4b9e9b e-flex e-con-boxed lakit-col-width-auto-no e-container e-root-container elementor-top-section e-con e-parent\" data-id=\"f4b9e9b\" data-element_type=\"container\">\n\t\t\t\t\t<div class=\"e-con-inner\">\n\t\t\t\t<div class=\"elementor-element elementor-element-cd04f04 elementor-widget elementor-widget-ucaddon_blox_particles_logo\" data-id=\"cd04f04\" data-element_type=\"widget\" data-widget_type=\"ucaddon_blox_particles_logo.default\">\n\t\t\t\t<div class=\"elementor-widget-container\">\n\t\t\t\t\t\n<!-- start Particle Image -->\n<style>\/* widget: Particle Image *\/\n\n#uc_blox_particles_logo_elementor_cd04f04 {\n  display: none;\n}\n.uc_blox_particles_logo_elementor_cd04f04_particle-img-wrapper{\nwidth:100%;\nheight:350px;\ntext-align:center;}\n\n<\/style>\n\n<div class=\"uc_blox_particles_logo_elementor_cd04f04_particle-img-wrapper\">\n<img decoding=\"async\"\n  id=\"uc_blox_particles_logo_elementor_cd04f04\"\n  class=\"uc_blox_particles_logo_elementor_cd04f04 ue-particle-image\"\n  data-width=\"800\"\n  data-height=\"350\"\n  data-max-width=\"70%\"\n  data-particle-gap=\"1\"\n  data-color=\"\"\n  data-gravity=\"0.29\"\n  data-noise=\"10\"\n     \n  data-renderer=\"webgl\"\n \n     \n  data-particle-size=\"0.8\"\n  data-layer-count=\"1\"\n  data-layer-distance=\"50\"\n  data-depth=\"12\"   \n  data-life-cycle=\"true\"\n  data-grow-duration=\"15\"\n  data-wait-duration=\"180\"\n  data-shrink-duration=\"50\"\n  data-shrink-distance=\"120\"\n\n       \n  data-mouse-force=\"30\"\n  data-init-position=\"none\"\n  data-init-direction=\"none\"\n  data-fade-position=\"none\"\n  data-fade-direction=\"none\"\n  src=\"https:\/\/acpyapi.com.tr\/wp-content\/uploads\/2024\/06\/swift.png\" >\n<\/div>\n<!-- end Particle Image -->\t\t\t\t<\/div>\n\t\t\t\t<\/div>\n\t\t\t\t\t<\/div>\n\t\t\t\t<\/div>\n\t\t\t\t<\/div>\n\t\t","protected":false},"excerpt":{"rendered":"<p>Kayar toplan\u0131r caml\u0131 duvarlar HSW EASY Safe FSW EASY Safe HSW FLEX Therm HSW-R<\/p>\n","protected":false},"author":1,"featured_media":0,"parent":13309,"menu_order":0,"comment_status":"closed","ping_status":"closed","template":"","meta":{"footnotes":""},"class_list":["post-13886","page","type-page","status-publish","hentry"],"yoast_head":"<!-- This site is optimized with the Yoast SEO plugin v26.1.1 - https:\/\/yoast.com\/wordpress\/plugins\/seo\/ -->\n<title>Kayar Toplan\u0131r Caml\u0131 Duvarlar - ACP YAPI ELEMANLARI<\/title>\n<meta name=\"robots\" content=\"index, follow, max-snippet:-1, max-image-preview:large, max-video-preview:-1\" \/>\n<link rel=\"canonical\" href=\"https:\/\/acpyapi.com.tr\/tr\/cam-sistemleri\/kayar-toplanir-camli-duvarlar\/\" \/>\n<meta property=\"og:locale\" content=\"tr_TR\" \/>\n<meta property=\"og:type\" content=\"article\" \/>\n<meta property=\"og:title\" content=\"Kayar Toplan\u0131r Caml\u0131 Duvarlar - ACP YAPI ELEMANLARI\" \/>\n<meta property=\"og:description\" content=\"Kayar toplan\u0131r caml\u0131 duvarlar HSW EASY Safe FSW EASY Safe HSW FLEX Therm HSW-R\" \/>\n<meta property=\"og:url\" content=\"https:\/\/acpyapi.com.tr\/tr\/cam-sistemleri\/kayar-toplanir-camli-duvarlar\/\" \/>\n<meta property=\"og:site_name\" content=\"ACP YAPI ELEMANLARI\" \/>\n<meta property=\"article:publisher\" content=\"https:\/\/www.facebook.com\/acpyapielemanlari\/\" \/>\n<meta property=\"article:modified_time\" content=\"2024-12-09T11:00:32+00:00\" \/>\n<meta property=\"og:image\" content=\"https:\/\/acpyapi.com.tr\/wp-content\/uploads\/2023\/10\/logo-siyah.png\" \/>\n\t<meta property=\"og:image:width\" content=\"500\" \/>\n\t<meta property=\"og:image:height\" content=\"200\" \/>\n\t<meta property=\"og:image:type\" content=\"image\/png\" \/>\n<meta name=\"twitter:card\" content=\"summary_large_image\" \/>\n<script type=\"application\/ld+json\" class=\"yoast-schema-graph\">{\"@context\":\"https:\/\/schema.org\",\"@graph\":[{\"@type\":\"WebPage\",\"@id\":\"https:\/\/acpyapi.com.tr\/tr\/cam-sistemleri\/kayar-toplanir-camli-duvarlar\/\",\"url\":\"https:\/\/acpyapi.com.tr\/tr\/cam-sistemleri\/kayar-toplanir-camli-duvarlar\/\",\"name\":\"Kayar Toplan\u0131r Caml\u0131 Duvarlar - ACP YAPI ELEMANLARI\",\"isPartOf\":{\"@id\":\"https:\/\/acpyapi.com.tr\/#website\"},\"datePublished\":\"2024-07-16T12:08:39+00:00\",\"dateModified\":\"2024-12-09T11:00:32+00:00\",\"breadcrumb\":{\"@id\":\"https:\/\/acpyapi.com.tr\/tr\/cam-sistemleri\/kayar-toplanir-camli-duvarlar\/#breadcrumb\"},\"inLanguage\":\"tr\",\"potentialAction\":[{\"@type\":\"ReadAction\",\"target\":[\"https:\/\/acpyapi.com.tr\/tr\/cam-sistemleri\/kayar-toplanir-camli-duvarlar\/\"]}]},{\"@type\":\"BreadcrumbList\",\"@id\":\"https:\/\/acpyapi.com.tr\/tr\/cam-sistemleri\/kayar-toplanir-camli-duvarlar\/#breadcrumb\",\"itemListElement\":[{\"@type\":\"ListItem\",\"position\":1,\"name\":\"Anasayfa\",\"item\":\"https:\/\/acpyapi.com.tr\/\"},{\"@type\":\"ListItem\",\"position\":2,\"name\":\"Cam Kap\u0131 Sistemleri\",\"item\":\"https:\/\/acpyapi.com.tr\/tr\/cam-sistemleri\/\"},{\"@type\":\"ListItem\",\"position\":3,\"name\":\"Kayar Toplan\u0131r Caml\u0131 Duvarlar\"}]},{\"@type\":\"WebSite\",\"@id\":\"https:\/\/acpyapi.com.tr\/#website\",\"url\":\"https:\/\/acpyapi.com.tr\/\",\"name\":\"ACP YAPI ELEMANLARI\",\"description\":\"G\u00f6z\u00fcn\u00fcz Arkada Kalmas\u0131n\",\"publisher\":{\"@id\":\"https:\/\/acpyapi.com.tr\/#organization\"},\"alternateName\":\"ACP Yap\u0131\",\"potentialAction\":[{\"@type\":\"SearchAction\",\"target\":{\"@type\":\"EntryPoint\",\"urlTemplate\":\"https:\/\/acpyapi.com.tr\/?s={search_term_string}\"},\"query-input\":{\"@type\":\"PropertyValueSpecification\",\"valueRequired\":true,\"valueName\":\"search_term_string\"}}],\"inLanguage\":\"tr\"},{\"@type\":\"Organization\",\"@id\":\"https:\/\/acpyapi.com.tr\/#organization\",\"name\":\"ACP YAPI ELEMANLARI\",\"alternateName\":\"Acp Yap\u0131\",\"url\":\"https:\/\/acpyapi.com.tr\/\",\"logo\":{\"@type\":\"ImageObject\",\"inLanguage\":\"tr\",\"@id\":\"https:\/\/acpyapi.com.tr\/#\/schema\/logo\/image\/\",\"url\":\"https:\/\/acpyapi.com.tr\/wp-content\/uploads\/2023\/10\/logo-siyah.png\",\"contentUrl\":\"https:\/\/acpyapi.com.tr\/wp-content\/uploads\/2023\/10\/logo-siyah.png\",\"width\":500,\"height\":200,\"caption\":\"ACP YAPI ELEMANLARI\"},\"image\":{\"@id\":\"https:\/\/acpyapi.com.tr\/#\/schema\/logo\/image\/\"},\"sameAs\":[\"https:\/\/www.facebook.com\/acpyapielemanlari\/\",\"https:\/\/www.instagram.com\/acpyapielemanlari\/\",\"https:\/\/www.linkedin.com\/company\/acpyapielemanlari\/?originalSubdomain=tr\",\"https:\/\/www.youtube.com\/channel\/UCRyEXuOc3OSvcTY1_yqbE8g\"]}]}<\/script>\n<!-- \/ Yoast SEO plugin. -->","yoast_head_json":{"title":"Kayar Toplan\u0131r Caml\u0131 Duvarlar - ACP YAPI ELEMANLARI","robots":{"index":"index","follow":"follow","max-snippet":"max-snippet:-1","max-image-preview":"max-image-preview:large","max-video-preview":"max-video-preview:-1"},"canonical":"https:\/\/acpyapi.com.tr\/tr\/cam-sistemleri\/kayar-toplanir-camli-duvarlar\/","og_locale":"tr_TR","og_type":"article","og_title":"Kayar Toplan\u0131r Caml\u0131 Duvarlar - ACP YAPI ELEMANLARI","og_description":"Kayar toplan\u0131r caml\u0131 duvarlar HSW EASY Safe FSW EASY Safe HSW FLEX Therm HSW-R","og_url":"https:\/\/acpyapi.com.tr\/tr\/cam-sistemleri\/kayar-toplanir-camli-duvarlar\/","og_site_name":"ACP YAPI ELEMANLARI","article_publisher":"https:\/\/www.facebook.com\/acpyapielemanlari\/","article_modified_time":"2024-12-09T11:00:32+00:00","og_image":[{"width":500,"height":200,"url":"https:\/\/acpyapi.com.tr\/wp-content\/uploads\/2023\/10\/logo-siyah.png","type":"image\/png"}],"twitter_card":"summary_large_image","schema":{"@context":"https:\/\/schema.org","@graph":[{"@type":"WebPage","@id":"https:\/\/acpyapi.com.tr\/tr\/cam-sistemleri\/kayar-toplanir-camli-duvarlar\/","url":"https:\/\/acpyapi.com.tr\/tr\/cam-sistemleri\/kayar-toplanir-camli-duvarlar\/","name":"Kayar Toplan\u0131r Caml\u0131 Duvarlar - ACP YAPI ELEMANLARI","isPartOf":{"@id":"https:\/\/acpyapi.com.tr\/#website"},"datePublished":"2024-07-16T12:08:39+00:00","dateModified":"2024-12-09T11:00:32+00:00","breadcrumb":{"@id":"https:\/\/acpyapi.com.tr\/tr\/cam-sistemleri\/kayar-toplanir-camli-duvarlar\/#breadcrumb"},"inLanguage":"tr","potentialAction":[{"@type":"ReadAction","target":["https:\/\/acpyapi.com.tr\/tr\/cam-sistemleri\/kayar-toplanir-camli-duvarlar\/"]}]},{"@type":"BreadcrumbList","@id":"https:\/\/acpyapi.com.tr\/tr\/cam-sistemleri\/kayar-toplanir-camli-duvarlar\/#breadcrumb","itemListElement":[{"@type":"ListItem","position":1,"name":"Anasayfa","item":"https:\/\/acpyapi.com.tr\/"},{"@type":"ListItem","position":2,"name":"Cam Kap\u0131 Sistemleri","item":"https:\/\/acpyapi.com.tr\/tr\/cam-sistemleri\/"},{"@type":"ListItem","position":3,"name":"Kayar Toplan\u0131r Caml\u0131 Duvarlar"}]},{"@type":"WebSite","@id":"https:\/\/acpyapi.com.tr\/#website","url":"https:\/\/acpyapi.com.tr\/","name":"ACP YAPI ELEMANLARI","description":"G\u00f6z\u00fcn\u00fcz Arkada Kalmas\u0131n","publisher":{"@id":"https:\/\/acpyapi.com.tr\/#organization"},"alternateName":"ACP Yap\u0131","potentialAction":[{"@type":"SearchAction","target":{"@type":"EntryPoint","urlTemplate":"https:\/\/acpyapi.com.tr\/?s={search_term_string}"},"query-input":{"@type":"PropertyValueSpecification","valueRequired":true,"valueName":"search_term_string"}}],"inLanguage":"tr"},{"@type":"Organization","@id":"https:\/\/acpyapi.com.tr\/#organization","name":"ACP YAPI ELEMANLARI","alternateName":"Acp Yap\u0131","url":"https:\/\/acpyapi.com.tr\/","logo":{"@type":"ImageObject","inLanguage":"tr","@id":"https:\/\/acpyapi.com.tr\/#\/schema\/logo\/image\/","url":"https:\/\/acpyapi.com.tr\/wp-content\/uploads\/2023\/10\/logo-siyah.png","contentUrl":"https:\/\/acpyapi.com.tr\/wp-content\/uploads\/2023\/10\/logo-siyah.png","width":500,"height":200,"caption":"ACP YAPI ELEMANLARI"},"image":{"@id":"https:\/\/acpyapi.com.tr\/#\/schema\/logo\/image\/"},"sameAs":["https:\/\/www.facebook.com\/acpyapielemanlari\/","https:\/\/www.instagram.com\/acpyapielemanlari\/","https:\/\/www.linkedin.com\/company\/acpyapielemanlari\/?originalSubdomain=tr","https:\/\/www.youtube.com\/channel\/UCRyEXuOc3OSvcTY1_yqbE8g"]}]}},"_links":{"self":[{"href":"https:\/\/acpyapi.com.tr\/tr\/wp-json\/wp\/v2\/pages\/13886","targetHints":{"allow":["GET"]}}],"collection":[{"href":"https:\/\/acpyapi.com.tr\/tr\/wp-json\/wp\/v2\/pages"}],"about":[{"href":"https:\/\/acpyapi.com.tr\/tr\/wp-json\/wp\/v2\/types\/page"}],"author":[{"embeddable":true,"href":"https:\/\/acpyapi.com.tr\/tr\/wp-json\/wp\/v2\/users\/1"}],"replies":[{"embeddable":true,"href":"https:\/\/acpyapi.com.tr\/tr\/wp-json\/wp\/v2\/comments?post=13886"}],"version-history":[{"count":0,"href":"https:\/\/acpyapi.com.tr\/tr\/wp-json\/wp\/v2\/pages\/13886\/revisions"}],"up":[{"embeddable":true,"href":"https:\/\/acpyapi.com.tr\/tr\/wp-json\/wp\/v2\/pages\/13309"}],"wp:attachment":[{"href":"https:\/\/acpyapi.com.tr\/tr\/wp-json\/wp\/v2\/media?parent=13886"}],"curies":[{"name":"wp","href":"https:\/\/api.w.org\/{rel}","templated":true}]}}