{"id":14077,"date":"2024-07-25T16:02:04","date_gmt":"2024-07-25T13:02:04","guid":{"rendered":"https:\/\/acpyapi.com.tr\/?page_id=14077"},"modified":"2024-07-25T16:05:16","modified_gmt":"2024-07-25T13:05:16","slug":"ed-ig","status":"publish","type":"page","link":"https:\/\/acpyapi.com.tr\/tr\/gecis-sistemleri\/pivot-kanat-acma-mekanizmalari\/ed-ig\/","title":{"rendered":"ED-IG"},"content":{"rendered":"\t\t<div data-elementor-type=\"wp-page\" data-elementor-id=\"14077\" class=\"elementor elementor-14077\" data-elementor-post-type=\"page\">\n\t\t\t\t\t\t<div class=\"elementor-section elementor-top-section elementor-element elementor-element-a389b2f elementor-section-height-min-height elementor-section-boxed elementor-section-height-default elementor-section-items-middle e-parent\" data-id=\"a389b2f\" data-element_type=\"section\" data-settings=\"{&quot;background_background&quot;:&quot;classic&quot;,&quot;background_motion_fx_motion_fx_scrolling&quot;:&quot;yes&quot;,&quot;background_motion_fx_translateY_effect&quot;:&quot;yes&quot;,&quot;background_motion_fx_blur_effect&quot;:&quot;yes&quot;,&quot;background_motion_fx_blur_level&quot;:{&quot;unit&quot;:&quot;px&quot;,&quot;size&quot;:8,&quot;sizes&quot;:[]},&quot;background_motion_fx_translateY_speed&quot;:{&quot;unit&quot;:&quot;px&quot;,&quot;size&quot;:4,&quot;sizes&quot;:[]},&quot;background_motion_fx_translateY_affectedRange&quot;:{&quot;unit&quot;:&quot;%&quot;,&quot;size&quot;:&quot;&quot;,&quot;sizes&quot;:{&quot;start&quot;:0,&quot;end&quot;:100}},&quot;background_motion_fx_blur_direction&quot;:&quot;out-in&quot;,&quot;background_motion_fx_blur_range&quot;:{&quot;unit&quot;:&quot;%&quot;,&quot;size&quot;:&quot;&quot;,&quot;sizes&quot;:{&quot;start&quot;:20,&quot;end&quot;:80}},&quot;background_motion_fx_devices&quot;:[&quot;desktop&quot;,&quot;laptop&quot;,&quot;tablet&quot;,&quot;mobile_extra&quot;,&quot;mobile&quot;]}\">\n\t\t\t\t\t\t<div class=\"elementor-container elementor-column-gap-no\">\n\t\t\t\t\t<div class=\"elementor-column elementor-col-100 elementor-top-column elementor-element elementor-element-e3745c0 lakit-col-width-auto-no\" data-id=\"e3745c0\" data-element_type=\"column\">\n\t\t\t<div class=\"elementor-widget-wrap elementor-element-populated\">\n\t\t\t\t<div class=\"elementor-element elementor-element-290e3cd e-flex e-con-boxed lakit-col-width-auto-no e-container e-root-container elementor-top-section e-con e-parent\" data-id=\"290e3cd\" data-element_type=\"container\">\n\t\t\t\t\t<div class=\"e-con-inner\">\n\t\t\t\t<div class=\"elementor-element elementor-element-e4d6225 elementor-widget elementor-widget-page-title\" data-id=\"e4d6225\" data-element_type=\"widget\" data-settings=\"{&quot;align&quot;:&quot;center&quot;}\" data-widget_type=\"page-title.default\">\n\t\t\t\t<div class=\"elementor-widget-container\">\n\t\t\t\t\t\t\t\n\t\t<div class=\"hfe-page-title hfe-page-title-wrapper elementor-widget-heading\">\n\n\t\t\t\t\t\t\t\t\t\t\t<a href=\"https:\/\/acpyapi.com.tr\/tr\">\n\t\t\t\t\t\t<h2 class=\"elementor-heading-title elementor-size-default\">\n\t\t\t\t\t\t\t\t\n\t\t\t\tED-IG  \n\t\t\t<\/h2 > \n\t\t\t\t\t\t\t\t\t<\/a>\n\t\t\t\t\t<\/div>\n\t\t\t\t\t\t<\/div>\n\t\t\t\t<\/div>\n\t\t\t\t\t<\/div>\n\t\t\t\t<\/div>\n\t\t\t\t\t<\/div>\n\t\t<\/div>\n\t\t\t\t\t<\/div>\n\t\t<\/div>\n\t\t<div class=\"elementor-element elementor-element-c12021b e-flex e-con-boxed lakit-col-width-auto-no e-container e-root-container elementor-top-section e-con e-parent\" data-id=\"c12021b\" data-element_type=\"container\">\n\t\t\t\t\t<div class=\"e-con-inner\">\n\t\t<div class=\"elementor-element elementor-element-828decd e-con-full e-flex lakit-col-width-auto-no e-container e-con e-child\" data-id=\"828decd\" data-element_type=\"container\">\n\t\t\t\t<div class=\"elementor-element elementor-element-48b0bb0 elementor-widget elementor-widget-lastudio-slides\" data-id=\"48b0bb0\" data-element_type=\"widget\" data-widget_type=\"lastudio-slides.default\">\n\t\t\t\t<div class=\"elementor-widget-container\">\n\t\t\t\t\t\t\t<div class=\"elementor-slides-wrapper elementor-slick-slider\" dir=\"ltr\">\n\t\t\t<div class=\"lastudio-carousel elementor-slides\" data-slider_options=\"{&quot;slidesToShow&quot;:1,&quot;autoplaySpeed&quot;:0,&quot;autoplay&quot;:false,&quot;infinite&quot;:true,&quot;pauseOnHover&quot;:true,&quot;speed&quot;:500,&quot;arrows&quot;:true,&quot;dots&quot;:true,&quot;rtl&quot;:false,&quot;prevArrow&quot;:&quot;&lt;button class=\\&quot;lastudio-arrow prev-arrow slick-prev slick-arrow\\&quot;&gt;&lt;i class=\\&quot;lastudioicon-left-arrow\\&quot;&gt;&lt;\\\/i&gt;&lt;\\\/button&gt;&quot;,&quot;nextArrow&quot;:&quot;&lt;button class=\\&quot;lastudio-arrow next-arrow slick-next slick-arrow\\&quot;&gt;&lt;i class=\\&quot;lastudioicon-right-arrow\\&quot;&gt;&lt;\\\/i&gt;&lt;\\\/button&gt;&quot;}\" data-animation=\"fadeInUp\">\n\t\t\t\t<div class=\"elementor-repeater-item-684a727  slick-slide\"><div class=\"slick-slide-bg\"><\/div><div  class=\"slick-slide-inner\"><div class=\"elementor-slide-content\"><\/div><\/div><\/div><div class=\"elementor-repeater-item-bf4706b  slick-slide\"><div class=\"slick-slide-bg\"><\/div><div  class=\"slick-slide-inner\"><div class=\"elementor-slide-content\"><\/div><\/div><\/div><div class=\"elementor-repeater-item-0fa6fa2  slick-slide\"><div class=\"slick-slide-bg\"><\/div><div  class=\"slick-slide-inner\"><div class=\"elementor-slide-content\"><\/div><\/div><\/div>\t\t\t<\/div>\n\t\t<\/div>\n\t\t\t\t\t\t<\/div>\n\t\t\t\t<\/div>\n\t\t\t\t<\/div>\n\t\t<div class=\"elementor-element elementor-element-0494fa8 e-con-full e-flex lakit-col-width-auto-no e-container e-con e-child\" data-id=\"0494fa8\" data-element_type=\"container\">\n\t\t\t\t<div class=\"elementor-element elementor-element-4899208 lakit-breadcrumbs-on-front-yes lakit-breadcrumbs-page-title-yes elementor-widget lastudio-kit elementor-lakit-breadcrumbs\" data-id=\"4899208\" data-element_type=\"widget\" data-widget_type=\"lakit-breadcrumbs.default\">\n\t\t\t\t\t\n\t\t<div class=\"lakit-breadcrumbs\">\n\t\t<div class=\"lakit-breadcrumbs__content\">\n\t\t<div class=\"lakit-breadcrumbs__wrap\"><div class=\"lakit-breadcrumbs__item\"><a href=\"https:\/\/acpyapi.com.tr\/tr\/\" class=\"lakit-breadcrumbs__item-link is-home\" rel=\"home\" title=\"Anasayfa\">Anasayfa<\/a><\/div>\n\t\t<\/div>\n\t\t<\/div>\n\t\t<\/div>\t\t\t\t<\/div>\n\t\t\t\t<div class=\"elementor-element elementor-element-68c8485 elementor-widget elementor-widget-text-editor\" data-id=\"68c8485\" data-element_type=\"widget\" data-widget_type=\"text-editor.default\">\n\t\t\t\t<div class=\"elementor-widget-container\">\n\t\t\t\t\t\t\t\t\t<div>\n\nG\u00fc\u00e7l\u00fc ED-IG kanat a\u00e7ma mekanizmas\u0131, temiz bir mimari esteti\u011fi korurken eri\u015filebilirlik gereksinimlerini kar\u015f\u0131lamak i\u00e7in a\u011f\u0131r kap\u0131lar\u0131 otomatikle\u015ftirmek i\u00e7in m\u00fckemmel bir \u00e7\u00f6z\u00fcmd\u00fcr. Tarihi binalardaki kemerli kap\u0131lar gibi \u00f6zellikler eri\u015filebilirlik i\u00e7in g\u00fcncellenebilir ve tamamen cam cepheler temiz, kusursuz \u00e7ekicili\u011fini korur. Sekt\u00f6r lideri tasar\u0131m\u0131m\u0131z, mevcut en k\u00fc\u00e7\u00fck zemin profilidir &#8211; i\u015flevsellikten \u00f6d\u00fcn vermeden kurulum kesintilerini azalt\u0131r.\n\n\n<\/div>\n<div><\/div>\t\t\t\t\t\t\t\t<\/div>\n\t\t\t\t<\/div>\n\t\t\t\t<\/div>\n\t\t\t\t\t<\/div>\n\t\t\t\t<\/div>\n\t\t<div class=\"elementor-element elementor-element-5bff685 e-flex e-con-boxed lakit-col-width-auto-no e-container e-root-container elementor-top-section e-con e-parent\" data-id=\"5bff685\" data-element_type=\"container\">\n\t\t\t\t\t<div class=\"e-con-inner\">\n\t\t\t\t<div class=\"elementor-element elementor-element-3341494 elementor-widget elementor-widget-spacer\" data-id=\"3341494\" data-element_type=\"widget\" data-widget_type=\"spacer.default\">\n\t\t\t\t<div class=\"elementor-widget-container\">\n\t\t\t\t\t\t\t<div class=\"elementor-spacer\">\n\t\t\t<div class=\"elementor-spacer-inner\"><\/div>\n\t\t<\/div>\n\t\t\t\t\t\t<\/div>\n\t\t\t\t<\/div>\n\t\t\t\t<div class=\"elementor-element elementor-element-45ebef8 e-n-tabs-mobile elementor-widget elementor-widget-n-tabs\" data-id=\"45ebef8\" data-element_type=\"widget\" data-settings=\"{&quot;tabs_justify_horizontal&quot;:&quot;start&quot;,&quot;horizontal_scroll&quot;:&quot;disable&quot;}\" data-widget_type=\"nested-tabs.default\">\n\t\t\t\t<div class=\"elementor-widget-container\">\n\t\t\t\t\t\t\t<div class=\"e-n-tabs\" data-widget-number=\"73318136\" aria-label=\"Sekmeler. Enter ve Space ile \u00f6geleri a\u00e7abilir, Escape ile \u00f6geleri kapatabilir ve Y\u00f6n tu\u015flar\u0131 ile \u00f6geler aras\u0131nda gezinebilirsiniz.\">\n\t\t\t<div class=\"e-n-tabs-heading\" role=\"tablist\">\n\t\t\t\t\t<button id=\"e-n-tab-title-733181361\" class=\"e-n-tab-title\" aria-selected=\"true\" data-tab-index=\"1\" role=\"tab\" tabindex=\"0\" aria-controls=\"e-n-tab-content-733181361\" style=\"--n-tabs-title-order: 1;\">\n\t\t\t\t\t\t<span class=\"e-n-tab-title-text\">\n\t\t\t\tTeknik \u00d6zellikler\t\t\t<\/span>\n\t\t<\/button>\n\t\t\t\t<button id=\"e-n-tab-title-733181362\" class=\"e-n-tab-title\" aria-selected=\"false\" data-tab-index=\"2\" role=\"tab\" tabindex=\"-1\" aria-controls=\"e-n-tab-content-733181362\" style=\"--n-tabs-title-order: 2;\">\n\t\t\t\t\t\t<span class=\"e-n-tab-title-text\">\n\t\t\t\t\u00dcr\u00fcn Katalo\u011fu\t\t\t<\/span>\n\t\t<\/button>\n\t\t\t\t\t<\/div>\n\t\t\t<div class=\"e-n-tabs-content\">\n\t\t\t\t<div id=\"e-n-tab-content-733181361\" role=\"tabpanel\" aria-labelledby=\"e-n-tab-title-733181361\" data-tab-index=\"1\" style=\"--n-tabs-title-order: 1;\" class=\"e-active elementor-element elementor-element-a863773 e-flex e-con-boxed lakit-col-width-auto-no e-container e-con e-child\" data-id=\"a863773\" data-element_type=\"container\">\n\t\t\t\t\t<div class=\"e-con-inner\">\n\t\t<div class=\"elementor-element elementor-element-eb94c23 e-flex e-con-boxed lakit-col-width-auto-no e-container e-con e-child\" data-id=\"eb94c23\" data-element_type=\"container\">\n\t\t\t\t\t<div class=\"e-con-inner\">\n\t\t\t\t<div class=\"elementor-element elementor-element-9bd3449 elementor-widget elementor-widget-text-editor\" data-id=\"9bd3449\" data-element_type=\"widget\" data-widget_type=\"text-editor.default\">\n\t\t\t\t<div class=\"elementor-widget-container\">\n\t\t\t\t\t\t\t\t\t<p><strong>Low Energy (A156.19) veya\u00a0\u201cFull Power\u201d (A156.10)<\/strong><\/p><p>ED-IG, hem yeni in\u015faat hem de g\u00fc\u00e7lendirme uygulamalar\u0131nda D\u00fc\u015f\u00fck Enerji (A156.19) veya &#8220;Tam G\u00fc\u00e7&#8221; (A156.10) modlar\u0131nda i\u015flev g\u00f6rebilir. Tekli veya \u00e7iftli uygulamalar i\u00e7in mevcut olan operat\u00f6r, elektrikli donan\u0131m ve eri\u015fim kontrol sistemleriyle entegre olur.<\/p><p><strong>Etkileyici G\u00fc\u00e7 &#8211; K\u00fc\u00e7\u00fck Kaplama Alan\u0131<\/strong><\/p><p>ED-IG otomatik kanat a\u00e7ma mekanizmas\u0131, son derece kompakt bir ayak izinde etkileyici bir g\u00fc\u00e7 sa\u011flar: yaln\u0131zca 35-1 \/ 2 &#8220;Uzun x 5-7 \/ 8&#8221; Geni\u015f x 4-7 \/ 8 &#8220;Derinlikte, montaj kutumuz mevcut olan en k\u00fc\u00e7\u00fckt\u00fcr galvanizli \u00e7elikten ve UL50 derecelidir.<\/p>\t\t\t\t\t\t\t\t<\/div>\n\t\t\t\t<\/div>\n\t\t\t\t\t<\/div>\n\t\t\t\t<\/div>\n\t\t\t\t\t<\/div>\n\t\t\t\t<\/div>\n\t\t<div id=\"e-n-tab-content-733181362\" role=\"tabpanel\" aria-labelledby=\"e-n-tab-title-733181362\" data-tab-index=\"2\" style=\"--n-tabs-title-order: 2;\" class=\" elementor-element elementor-element-d50b43f e-con-full e-flex lakit-col-width-auto-no e-container e-con e-child\" data-id=\"d50b43f\" data-element_type=\"container\">\n\t\t\t\t<div class=\"elementor-element elementor-element-344dd09 elementor-align-left elementor-icon-list--layout-traditional elementor-list-item-link-full_width elementor-widget elementor-widget-icon-list\" data-id=\"344dd09\" data-element_type=\"widget\" data-widget_type=\"icon-list.default\">\n\t\t\t\t<div class=\"elementor-widget-container\">\n\t\t\t\t\t\t\t<ul class=\"elementor-icon-list-items\">\n\t\t\t\t\t\t\t<li class=\"elementor-icon-list-item\">\n\t\t\t\t\t\t\t\t\t\t\t<a href=\"https:\/\/acpyapi.com.tr\/wp-content\/uploads\/2023\/11\/120000028951_056844_45532_0115_TS_92_Mounting_instruction_Glass_door_saddle_plate.pdf\">\n\n\t\t\t\t\t\t\t\t\t\t\t\t<span class=\"elementor-icon-list-icon\">\n\t\t\t\t\t\t\t<svg xmlns=\"http:\/\/www.w3.org\/2000\/svg\" width=\"1024\" height=\"1024\" viewBox=\"0 0 1024 1024\" class=\"lakit-font-icon-svg\"><use xlink:href=\"#dlicon___arrows_2_square_download\"><\/use><\/svg>\t\t\t\t\t\t<\/span>\n\t\t\t\t\t\t\t\t\t\t<span class=\"elementor-icon-list-text\">Katalog <b>dormakaba PORTEO <\/b><\/span>\n\t\t\t\t\t\t\t\t\t\t\t<\/a>\n\t\t\t\t\t\t\t\t\t<\/li>\n\t\t\t\t\t\t<\/ul>\n\t\t\t\t\t\t<\/div>\n\t\t\t\t<\/div>\n\t\t\t\t<\/div>\n\t\t\t\t\t<\/div>\n\t\t<\/div>\n\t\t\t\t\t\t<\/div>\n\t\t\t\t<\/div>\n\t\t\t\t\t<\/div>\n\t\t\t\t<\/div>\n\t\t<div class=\"elementor-element elementor-element-1e50414 e-flex e-con-boxed lakit-col-width-auto-no e-container e-root-container elementor-top-section e-con e-parent\" data-id=\"1e50414\" data-element_type=\"container\">\n\t\t\t\t\t<div class=\"e-con-inner\">\n\t\t\t\t<div class=\"elementor-element elementor-element-aff12ea elementor-widget elementor-widget-ucaddon_blox_particles_logo\" data-id=\"aff12ea\" data-element_type=\"widget\" data-widget_type=\"ucaddon_blox_particles_logo.default\">\n\t\t\t\t<div class=\"elementor-widget-container\">\n\t\t\t\t\t\n<!-- start Particle Image -->\n<style>\/* widget: Particle Image *\/\n\n#uc_blox_particles_logo_elementor_aff12ea {\n  display: none;\n}\n.uc_blox_particles_logo_elementor_aff12ea_particle-img-wrapper{\nwidth:100%;\nheight:350px;\ntext-align:center;}\n\n<\/style>\n\n<div class=\"uc_blox_particles_logo_elementor_aff12ea_particle-img-wrapper\">\n<img decoding=\"async\"\n  id=\"uc_blox_particles_logo_elementor_aff12ea\"\n  class=\"uc_blox_particles_logo_elementor_aff12ea ue-particle-image\"\n  data-width=\"800\"\n  data-height=\"350\"\n  data-max-width=\"70%\"\n  data-particle-gap=\"1\"\n  data-color=\"\"\n  data-gravity=\"0.29\"\n  data-noise=\"10\"\n     \n  data-renderer=\"webgl\"\n \n     \n  data-particle-size=\"0.8\"\n  data-layer-count=\"1\"\n  data-layer-distance=\"50\"\n  data-depth=\"12\"   \n  data-life-cycle=\"true\"\n  data-grow-duration=\"15\"\n  data-wait-duration=\"180\"\n  data-shrink-duration=\"50\"\n  data-shrink-distance=\"120\"\n\n       \n  data-mouse-force=\"30\"\n  data-init-position=\"none\"\n  data-init-direction=\"none\"\n  data-fade-position=\"none\"\n  data-fade-direction=\"none\"\n  src=\"https:\/\/acpyapi.com.tr\/wp-content\/uploads\/2024\/06\/swift.png\" >\n<\/div>\n<!-- end Particle Image -->\t\t\t\t<\/div>\n\t\t\t\t<\/div>\n\t\t\t\t\t<\/div>\n\t\t\t\t<\/div>\n\t\t\t\t<\/div>\n\t\t","protected":false},"excerpt":{"rendered":"<p>ED-IG Anasayfa G\u00fc\u00e7l\u00fc ED-IG kanat a\u00e7ma mekanizmas\u0131, temiz bir mimari esteti\u011fi korurken eri\u015filebilirlik gereksinimlerini kar\u015f\u0131lamak i\u00e7in a\u011f\u0131r kap\u0131lar\u0131 otomatikle\u015ftirmek i\u00e7in m\u00fckemmel bir \u00e7\u00f6z\u00fcmd\u00fcr. Tarihi binalardaki kemerli kap\u0131lar gibi \u00f6zellikler eri\u015filebilirlik i\u00e7in g\u00fcncellenebilir ve tamamen cam cepheler temiz, [&hellip;]<\/p>\n","protected":false},"author":1,"featured_media":0,"parent":13801,"menu_order":0,"comment_status":"closed","ping_status":"closed","template":"","meta":{"footnotes":""},"class_list":["post-14077","page","type-page","status-publish","hentry"],"yoast_head":"<!-- This site is optimized with the Yoast SEO plugin v26.1.1 - https:\/\/yoast.com\/wordpress\/plugins\/seo\/ -->\n<title>ED-IG - ACP YAPI ELEMANLARI<\/title>\n<meta name=\"robots\" content=\"index, follow, max-snippet:-1, max-image-preview:large, max-video-preview:-1\" \/>\n<link rel=\"canonical\" href=\"https:\/\/acpyapi.com.tr\/tr\/gecis-sistemleri\/pivot-kanat-acma-mekanizmalari\/ed-ig\/\" \/>\n<meta property=\"og:locale\" content=\"tr_TR\" \/>\n<meta property=\"og:type\" content=\"article\" \/>\n<meta property=\"og:title\" content=\"ED-IG - ACP YAPI ELEMANLARI\" \/>\n<meta property=\"og:description\" content=\"ED-IG Anasayfa G\u00fc\u00e7l\u00fc ED-IG kanat a\u00e7ma mekanizmas\u0131, temiz bir mimari esteti\u011fi korurken eri\u015filebilirlik gereksinimlerini kar\u015f\u0131lamak i\u00e7in a\u011f\u0131r kap\u0131lar\u0131 otomatikle\u015ftirmek i\u00e7in m\u00fckemmel bir \u00e7\u00f6z\u00fcmd\u00fcr. Tarihi binalardaki kemerli kap\u0131lar gibi \u00f6zellikler eri\u015filebilirlik i\u00e7in g\u00fcncellenebilir ve tamamen cam cepheler temiz, [&hellip;]\" \/>\n<meta property=\"og:url\" content=\"https:\/\/acpyapi.com.tr\/tr\/gecis-sistemleri\/pivot-kanat-acma-mekanizmalari\/ed-ig\/\" \/>\n<meta property=\"og:site_name\" content=\"ACP YAPI ELEMANLARI\" \/>\n<meta property=\"article:publisher\" content=\"https:\/\/www.facebook.com\/acpyapielemanlari\/\" \/>\n<meta property=\"article:modified_time\" content=\"2024-07-25T13:05:16+00:00\" \/>\n<meta property=\"og:image\" content=\"https:\/\/acpyapi.com.tr\/wp-content\/uploads\/2023\/10\/logo-siyah.png\" \/>\n\t<meta property=\"og:image:width\" content=\"500\" \/>\n\t<meta property=\"og:image:height\" content=\"200\" \/>\n\t<meta property=\"og:image:type\" content=\"image\/png\" \/>\n<meta name=\"twitter:card\" content=\"summary_large_image\" \/>\n<meta name=\"twitter:label1\" content=\"Tahmini okuma s\u00fcresi\" \/>\n\t<meta name=\"twitter:data1\" content=\"1 dakika\" \/>\n<script type=\"application\/ld+json\" class=\"yoast-schema-graph\">{\"@context\":\"https:\/\/schema.org\",\"@graph\":[{\"@type\":\"WebPage\",\"@id\":\"https:\/\/acpyapi.com.tr\/gecis-sistemleri\/pivot-kanat-acma-mekanizmalari\/ed-ig\/\",\"url\":\"https:\/\/acpyapi.com.tr\/gecis-sistemleri\/pivot-kanat-acma-mekanizmalari\/ed-ig\/\",\"name\":\"ED-IG - ACP YAPI ELEMANLARI\",\"isPartOf\":{\"@id\":\"https:\/\/acpyapi.com.tr\/#website\"},\"datePublished\":\"2024-07-25T13:02:04+00:00\",\"dateModified\":\"2024-07-25T13:05:16+00:00\",\"breadcrumb\":{\"@id\":\"https:\/\/acpyapi.com.tr\/gecis-sistemleri\/pivot-kanat-acma-mekanizmalari\/ed-ig\/#breadcrumb\"},\"inLanguage\":\"tr\",\"potentialAction\":[{\"@type\":\"ReadAction\",\"target\":[\"https:\/\/acpyapi.com.tr\/gecis-sistemleri\/pivot-kanat-acma-mekanizmalari\/ed-ig\/\"]}]},{\"@type\":\"BreadcrumbList\",\"@id\":\"https:\/\/acpyapi.com.tr\/gecis-sistemleri\/pivot-kanat-acma-mekanizmalari\/ed-ig\/#breadcrumb\",\"itemListElement\":[{\"@type\":\"ListItem\",\"position\":1,\"name\":\"Anasayfa\",\"item\":\"https:\/\/acpyapi.com.tr\/\"},{\"@type\":\"ListItem\",\"position\":2,\"name\":\"Ge\u00e7i\u015f Sistemleri\",\"item\":\"https:\/\/acpyapi.com.tr\/gecis-sistemleri\/\"},{\"@type\":\"ListItem\",\"position\":3,\"name\":\"Pivot Kanat A\u00e7ma Mekanizmalar\u0131\",\"item\":\"https:\/\/acpyapi.com.tr\/gecis-sistemleri\/pivot-kanat-acma-mekanizmalari\/\"},{\"@type\":\"ListItem\",\"position\":4,\"name\":\"ED-IG\"}]},{\"@type\":\"WebSite\",\"@id\":\"https:\/\/acpyapi.com.tr\/#website\",\"url\":\"https:\/\/acpyapi.com.tr\/\",\"name\":\"ACP YAPI ELEMANLARI\",\"description\":\"G\u00f6z\u00fcn\u00fcz Arkada Kalmas\u0131n\",\"publisher\":{\"@id\":\"https:\/\/acpyapi.com.tr\/#organization\"},\"alternateName\":\"ACP Yap\u0131\",\"potentialAction\":[{\"@type\":\"SearchAction\",\"target\":{\"@type\":\"EntryPoint\",\"urlTemplate\":\"https:\/\/acpyapi.com.tr\/?s={search_term_string}\"},\"query-input\":{\"@type\":\"PropertyValueSpecification\",\"valueRequired\":true,\"valueName\":\"search_term_string\"}}],\"inLanguage\":\"tr\"},{\"@type\":\"Organization\",\"@id\":\"https:\/\/acpyapi.com.tr\/#organization\",\"name\":\"ACP YAPI ELEMANLARI\",\"alternateName\":\"Acp Yap\u0131\",\"url\":\"https:\/\/acpyapi.com.tr\/\",\"logo\":{\"@type\":\"ImageObject\",\"inLanguage\":\"tr\",\"@id\":\"https:\/\/acpyapi.com.tr\/#\/schema\/logo\/image\/\",\"url\":\"https:\/\/acpyapi.com.tr\/wp-content\/uploads\/2023\/10\/logo-siyah.png\",\"contentUrl\":\"https:\/\/acpyapi.com.tr\/wp-content\/uploads\/2023\/10\/logo-siyah.png\",\"width\":500,\"height\":200,\"caption\":\"ACP YAPI ELEMANLARI\"},\"image\":{\"@id\":\"https:\/\/acpyapi.com.tr\/#\/schema\/logo\/image\/\"},\"sameAs\":[\"https:\/\/www.facebook.com\/acpyapielemanlari\/\",\"https:\/\/www.instagram.com\/acpyapielemanlari\/\",\"https:\/\/www.linkedin.com\/company\/acpyapielemanlari\/?originalSubdomain=tr\",\"https:\/\/www.youtube.com\/channel\/UCRyEXuOc3OSvcTY1_yqbE8g\"]}]}<\/script>\n<!-- \/ Yoast SEO plugin. -->","yoast_head_json":{"title":"ED-IG - ACP YAPI ELEMANLARI","robots":{"index":"index","follow":"follow","max-snippet":"max-snippet:-1","max-image-preview":"max-image-preview:large","max-video-preview":"max-video-preview:-1"},"canonical":"https:\/\/acpyapi.com.tr\/tr\/gecis-sistemleri\/pivot-kanat-acma-mekanizmalari\/ed-ig\/","og_locale":"tr_TR","og_type":"article","og_title":"ED-IG - ACP YAPI ELEMANLARI","og_description":"ED-IG Anasayfa G\u00fc\u00e7l\u00fc ED-IG kanat a\u00e7ma mekanizmas\u0131, temiz bir mimari esteti\u011fi korurken eri\u015filebilirlik gereksinimlerini kar\u015f\u0131lamak i\u00e7in a\u011f\u0131r kap\u0131lar\u0131 otomatikle\u015ftirmek i\u00e7in m\u00fckemmel bir \u00e7\u00f6z\u00fcmd\u00fcr. Tarihi binalardaki kemerli kap\u0131lar gibi \u00f6zellikler eri\u015filebilirlik i\u00e7in g\u00fcncellenebilir ve tamamen cam cepheler temiz, [&hellip;]","og_url":"https:\/\/acpyapi.com.tr\/tr\/gecis-sistemleri\/pivot-kanat-acma-mekanizmalari\/ed-ig\/","og_site_name":"ACP YAPI ELEMANLARI","article_publisher":"https:\/\/www.facebook.com\/acpyapielemanlari\/","article_modified_time":"2024-07-25T13:05:16+00:00","og_image":[{"width":500,"height":200,"url":"https:\/\/acpyapi.com.tr\/wp-content\/uploads\/2023\/10\/logo-siyah.png","type":"image\/png"}],"twitter_card":"summary_large_image","twitter_misc":{"Tahmini okuma s\u00fcresi":"1 dakika"},"schema":{"@context":"https:\/\/schema.org","@graph":[{"@type":"WebPage","@id":"https:\/\/acpyapi.com.tr\/gecis-sistemleri\/pivot-kanat-acma-mekanizmalari\/ed-ig\/","url":"https:\/\/acpyapi.com.tr\/gecis-sistemleri\/pivot-kanat-acma-mekanizmalari\/ed-ig\/","name":"ED-IG - ACP YAPI ELEMANLARI","isPartOf":{"@id":"https:\/\/acpyapi.com.tr\/#website"},"datePublished":"2024-07-25T13:02:04+00:00","dateModified":"2024-07-25T13:05:16+00:00","breadcrumb":{"@id":"https:\/\/acpyapi.com.tr\/gecis-sistemleri\/pivot-kanat-acma-mekanizmalari\/ed-ig\/#breadcrumb"},"inLanguage":"tr","potentialAction":[{"@type":"ReadAction","target":["https:\/\/acpyapi.com.tr\/gecis-sistemleri\/pivot-kanat-acma-mekanizmalari\/ed-ig\/"]}]},{"@type":"BreadcrumbList","@id":"https:\/\/acpyapi.com.tr\/gecis-sistemleri\/pivot-kanat-acma-mekanizmalari\/ed-ig\/#breadcrumb","itemListElement":[{"@type":"ListItem","position":1,"name":"Anasayfa","item":"https:\/\/acpyapi.com.tr\/"},{"@type":"ListItem","position":2,"name":"Ge\u00e7i\u015f Sistemleri","item":"https:\/\/acpyapi.com.tr\/gecis-sistemleri\/"},{"@type":"ListItem","position":3,"name":"Pivot Kanat A\u00e7ma Mekanizmalar\u0131","item":"https:\/\/acpyapi.com.tr\/gecis-sistemleri\/pivot-kanat-acma-mekanizmalari\/"},{"@type":"ListItem","position":4,"name":"ED-IG"}]},{"@type":"WebSite","@id":"https:\/\/acpyapi.com.tr\/#website","url":"https:\/\/acpyapi.com.tr\/","name":"ACP YAPI ELEMANLARI","description":"G\u00f6z\u00fcn\u00fcz Arkada Kalmas\u0131n","publisher":{"@id":"https:\/\/acpyapi.com.tr\/#organization"},"alternateName":"ACP Yap\u0131","potentialAction":[{"@type":"SearchAction","target":{"@type":"EntryPoint","urlTemplate":"https:\/\/acpyapi.com.tr\/?s={search_term_string}"},"query-input":{"@type":"PropertyValueSpecification","valueRequired":true,"valueName":"search_term_string"}}],"inLanguage":"tr"},{"@type":"Organization","@id":"https:\/\/acpyapi.com.tr\/#organization","name":"ACP YAPI ELEMANLARI","alternateName":"Acp Yap\u0131","url":"https:\/\/acpyapi.com.tr\/","logo":{"@type":"ImageObject","inLanguage":"tr","@id":"https:\/\/acpyapi.com.tr\/#\/schema\/logo\/image\/","url":"https:\/\/acpyapi.com.tr\/wp-content\/uploads\/2023\/10\/logo-siyah.png","contentUrl":"https:\/\/acpyapi.com.tr\/wp-content\/uploads\/2023\/10\/logo-siyah.png","width":500,"height":200,"caption":"ACP YAPI ELEMANLARI"},"image":{"@id":"https:\/\/acpyapi.com.tr\/#\/schema\/logo\/image\/"},"sameAs":["https:\/\/www.facebook.com\/acpyapielemanlari\/","https:\/\/www.instagram.com\/acpyapielemanlari\/","https:\/\/www.linkedin.com\/company\/acpyapielemanlari\/?originalSubdomain=tr","https:\/\/www.youtube.com\/channel\/UCRyEXuOc3OSvcTY1_yqbE8g"]}]}},"_links":{"self":[{"href":"https:\/\/acpyapi.com.tr\/tr\/wp-json\/wp\/v2\/pages\/14077","targetHints":{"allow":["GET"]}}],"collection":[{"href":"https:\/\/acpyapi.com.tr\/tr\/wp-json\/wp\/v2\/pages"}],"about":[{"href":"https:\/\/acpyapi.com.tr\/tr\/wp-json\/wp\/v2\/types\/page"}],"author":[{"embeddable":true,"href":"https:\/\/acpyapi.com.tr\/tr\/wp-json\/wp\/v2\/users\/1"}],"replies":[{"embeddable":true,"href":"https:\/\/acpyapi.com.tr\/tr\/wp-json\/wp\/v2\/comments?post=14077"}],"version-history":[{"count":0,"href":"https:\/\/acpyapi.com.tr\/tr\/wp-json\/wp\/v2\/pages\/14077\/revisions"}],"up":[{"embeddable":true,"href":"https:\/\/acpyapi.com.tr\/tr\/wp-json\/wp\/v2\/pages\/13801"}],"wp:attachment":[{"href":"https:\/\/acpyapi.com.tr\/tr\/wp-json\/wp\/v2\/media?parent=14077"}],"curies":[{"name":"wp","href":"https:\/\/api.w.org\/{rel}","templated":true}]}}