{"id":14526,"date":"2024-07-29T16:53:30","date_gmt":"2024-07-29T13:53:30","guid":{"rendered":"https:\/\/acpyapi.com.tr\/?page_id=14526"},"modified":"2025-08-22T17:22:51","modified_gmt":"2025-08-22T14:22:51","slug":"sg-kilit-sistemi","status":"publish","type":"page","link":"https:\/\/acpyapi.com.tr\/tr\/cam-sistemleri\/temperli-cam-sistemler-icin-aksesuarlar\/sg-kilit-sistemi\/","title":{"rendered":"SG Kilit Sistemi"},"content":{"rendered":"\t\t<div data-elementor-type=\"wp-page\" data-elementor-id=\"14526\" class=\"elementor elementor-14526\" data-elementor-post-type=\"page\">\n\t\t\t\t\t\t<div class=\"elementor-section elementor-top-section elementor-element elementor-element-7cc7a5e elementor-section-height-min-height elementor-section-boxed elementor-section-height-default elementor-section-items-middle e-parent\" data-id=\"7cc7a5e\" data-element_type=\"section\" data-settings=\"{&quot;background_background&quot;:&quot;classic&quot;,&quot;background_motion_fx_motion_fx_scrolling&quot;:&quot;yes&quot;,&quot;background_motion_fx_translateY_effect&quot;:&quot;yes&quot;,&quot;background_motion_fx_blur_effect&quot;:&quot;yes&quot;,&quot;background_motion_fx_blur_level&quot;:{&quot;unit&quot;:&quot;px&quot;,&quot;size&quot;:8,&quot;sizes&quot;:[]},&quot;background_motion_fx_translateY_speed&quot;:{&quot;unit&quot;:&quot;px&quot;,&quot;size&quot;:4,&quot;sizes&quot;:[]},&quot;background_motion_fx_translateY_affectedRange&quot;:{&quot;unit&quot;:&quot;%&quot;,&quot;size&quot;:&quot;&quot;,&quot;sizes&quot;:{&quot;start&quot;:0,&quot;end&quot;:100}},&quot;background_motion_fx_blur_direction&quot;:&quot;out-in&quot;,&quot;background_motion_fx_blur_range&quot;:{&quot;unit&quot;:&quot;%&quot;,&quot;size&quot;:&quot;&quot;,&quot;sizes&quot;:{&quot;start&quot;:20,&quot;end&quot;:80}},&quot;background_motion_fx_devices&quot;:[&quot;desktop&quot;,&quot;laptop&quot;,&quot;tablet&quot;,&quot;mobile_extra&quot;,&quot;mobile&quot;]}\">\n\t\t\t\t\t\t<div class=\"elementor-container elementor-column-gap-no\">\n\t\t\t\t\t<div class=\"elementor-column elementor-col-100 elementor-top-column elementor-element elementor-element-312ccee lakit-col-width-auto-no\" data-id=\"312ccee\" data-element_type=\"column\">\n\t\t\t<div class=\"elementor-widget-wrap elementor-element-populated\">\n\t\t\t\t<div class=\"elementor-element elementor-element-bfb54dc e-flex e-con-boxed lakit-col-width-auto-no e-container e-root-container elementor-top-section e-con e-parent\" data-id=\"bfb54dc\" data-element_type=\"container\">\n\t\t\t\t\t<div class=\"e-con-inner\">\n\t\t\t\t<div class=\"elementor-element elementor-element-378b7c3 elementor-widget elementor-widget-page-title\" data-id=\"378b7c3\" data-element_type=\"widget\" data-settings=\"{&quot;align&quot;:&quot;center&quot;}\" data-widget_type=\"page-title.default\">\n\t\t\t\t<div class=\"elementor-widget-container\">\n\t\t\t\t\t\t\t\n\t\t<div class=\"hfe-page-title hfe-page-title-wrapper elementor-widget-heading\">\n\n\t\t\t\t\t\t\t\t\t\t\t<a href=\"https:\/\/acpyapi.com.tr\/tr\">\n\t\t\t\t\t\t<h2 class=\"elementor-heading-title elementor-size-default\">\n\t\t\t\t\t\t\t\t\n\t\t\t\tSG Kilit Sistemi  \n\t\t\t<\/h2 > \n\t\t\t\t\t\t\t\t\t<\/a>\n\t\t\t\t\t<\/div>\n\t\t\t\t\t\t<\/div>\n\t\t\t\t<\/div>\n\t\t\t\t\t<\/div>\n\t\t\t\t<\/div>\n\t\t\t\t\t<\/div>\n\t\t<\/div>\n\t\t\t\t\t<\/div>\n\t\t<\/div>\n\t\t<div class=\"elementor-element elementor-element-aa4dfa0 e-flex e-con-boxed lakit-col-width-auto-no e-container e-root-container elementor-top-section e-con e-parent\" data-id=\"aa4dfa0\" data-element_type=\"container\">\n\t\t\t\t\t<div class=\"e-con-inner\">\n\t\t<div class=\"elementor-element elementor-element-428f37b e-flex e-con-boxed lakit-col-width-auto-no e-container e-con e-child\" data-id=\"428f37b\" data-element_type=\"container\">\n\t\t\t\t\t<div class=\"e-con-inner\">\n\t\t\t\t<div class=\"elementor-element elementor-element-7b7b031 elementor-widget elementor-widget-lastudio-slides\" data-id=\"7b7b031\" data-element_type=\"widget\" data-widget_type=\"lastudio-slides.default\">\n\t\t\t\t<div class=\"elementor-widget-container\">\n\t\t\t\t\t\t\t<div class=\"elementor-slides-wrapper elementor-slick-slider\" dir=\"ltr\">\n\t\t\t<div class=\"lastudio-carousel elementor-slides\" data-slider_options=\"{&quot;slidesToShow&quot;:1,&quot;autoplaySpeed&quot;:0,&quot;autoplay&quot;:false,&quot;infinite&quot;:true,&quot;pauseOnHover&quot;:true,&quot;speed&quot;:500,&quot;arrows&quot;:true,&quot;dots&quot;:true,&quot;rtl&quot;:false,&quot;prevArrow&quot;:&quot;&lt;button class=\\&quot;lastudio-arrow prev-arrow slick-prev slick-arrow\\&quot;&gt;&lt;i class=\\&quot;lastudioicon-left-arrow\\&quot;&gt;&lt;\\\/i&gt;&lt;\\\/button&gt;&quot;,&quot;nextArrow&quot;:&quot;&lt;button class=\\&quot;lastudio-arrow next-arrow slick-next slick-arrow\\&quot;&gt;&lt;i class=\\&quot;lastudioicon-right-arrow\\&quot;&gt;&lt;\\\/i&gt;&lt;\\\/button&gt;&quot;}\" data-animation=\"fadeInUp\">\n\t\t\t\t<div class=\"elementor-repeater-item-99e75f8  slick-slide\"><div class=\"slick-slide-bg\"><\/div><div  class=\"slick-slide-inner\"><div class=\"elementor-slide-content\"><\/div><\/div><\/div>\t\t\t<\/div>\n\t\t<\/div>\n\t\t\t\t\t\t<\/div>\n\t\t\t\t<\/div>\n\t\t\t\t\t<\/div>\n\t\t\t\t<\/div>\n\t\t<div class=\"elementor-element elementor-element-5b69fb4 e-flex e-con-boxed lakit-col-width-auto-no e-container e-con e-child\" data-id=\"5b69fb4\" data-element_type=\"container\">\n\t\t\t\t\t<div class=\"e-con-inner\">\n\t\t\t\t<div class=\"elementor-element elementor-element-dc21830 lakit-breadcrumbs-on-front-yes lakit-breadcrumbs-page-title-yes elementor-widget lastudio-kit elementor-lakit-breadcrumbs\" data-id=\"dc21830\" data-element_type=\"widget\" data-widget_type=\"lakit-breadcrumbs.default\">\n\t\t\t\t\t\n\t\t<div class=\"lakit-breadcrumbs\">\n\t\t<div class=\"lakit-breadcrumbs__content\">\n\t\t<div class=\"lakit-breadcrumbs__wrap\"><div class=\"lakit-breadcrumbs__item\"><a href=\"https:\/\/acpyapi.com.tr\/tr\/\" class=\"lakit-breadcrumbs__item-link is-home\" rel=\"home\" title=\"Anasayfa\">Anasayfa<\/a><\/div>\n\t\t<\/div>\n\t\t<\/div>\n\t\t<\/div>\t\t\t\t<\/div>\n\t\t\t\t<div class=\"elementor-element elementor-element-7e49278 elementor-widget elementor-widget-text-editor\" data-id=\"7e49278\" data-element_type=\"widget\" data-widget_type=\"text-editor.default\">\n\t\t\t\t<div class=\"elementor-widget-container\">\n\t\t\t\t\t\t\t\t\t<div class=\"dk-wysiwyg is-visible product-information__description\" data-v-5691eabc=\"\" data-v-24da46c8=\"\"><div data-v-5691eabc=\"\"><div class=\"dk-wysiwyg is-visible product-information__description\" data-v-5691eabc=\"\" data-v-24da46c8=\"\"><div data-v-5691eabc=\"\"><p>Temperli cam ve kap\u0131lar i\u00e7in \u00fcretilen kilit tak\u0131m\u0131 SG, teknolojiyi, esteti\u011fi ve verimlili\u011fi ortak bir paydaya getirir. Bu kilitler, \u00fcretimi kolay ve h\u0131zl\u0131 cam kesik ve deliklerin yeterli olaca\u011f\u0131 \u015fekilde tasarlanm\u0131\u015ft\u0131r. Yap\u0131c\u0131 \u00f6nlemler, optimum kenetleme etkisiyle geni\u015f kenetleme y\u00fczeyleri sa\u011flar. Y\u00fcksek kaliteli malzemeler ve sa\u011flam i\u015f\u00e7ilik kullanan kilitler, g\u00fcvenilir performans \u00f6zellikleri sunar.\u00a0\u00a0<\/p><\/div><\/div><\/div><\/div><div class=\"dk-wysiwyg is-visible product-information__highlights\" data-v-5691eabc=\"\" data-v-24da46c8=\"\"><div data-v-5691eabc=\"\">\u00a0<\/div><\/div>\t\t\t\t\t\t\t\t<\/div>\n\t\t\t\t<\/div>\n\t\t\t\t\t<\/div>\n\t\t\t\t<\/div>\n\t\t\t\t\t<\/div>\n\t\t\t\t<\/div>\n\t\t<div class=\"elementor-element elementor-element-5bff685 e-flex e-con-boxed lakit-col-width-auto-no e-container e-root-container elementor-top-section e-con e-parent\" data-id=\"5bff685\" data-element_type=\"container\">\n\t\t\t\t\t<div class=\"e-con-inner\">\n\t\t\t\t<div class=\"elementor-element elementor-element-bcb78cd elementor-widget elementor-widget-spacer\" data-id=\"bcb78cd\" data-element_type=\"widget\" data-widget_type=\"spacer.default\">\n\t\t\t\t<div class=\"elementor-widget-container\">\n\t\t\t\t\t\t\t<div class=\"elementor-spacer\">\n\t\t\t<div class=\"elementor-spacer-inner\"><\/div>\n\t\t<\/div>\n\t\t\t\t\t\t<\/div>\n\t\t\t\t<\/div>\n\t\t\t\t<div class=\"elementor-element elementor-element-45ebef8 e-n-tabs-mobile elementor-widget elementor-widget-n-tabs\" data-id=\"45ebef8\" data-element_type=\"widget\" data-settings=\"{&quot;tabs_justify_horizontal&quot;:&quot;start&quot;,&quot;horizontal_scroll&quot;:&quot;disable&quot;}\" data-widget_type=\"nested-tabs.default\">\n\t\t\t\t<div class=\"elementor-widget-container\">\n\t\t\t\t\t\t\t<div class=\"e-n-tabs\" data-widget-number=\"73318136\" aria-label=\"Sekmeler. Enter ve Space ile \u00f6geleri a\u00e7abilir, Escape ile \u00f6geleri kapatabilir ve Y\u00f6n tu\u015flar\u0131 ile \u00f6geler aras\u0131nda gezinebilirsiniz.\">\n\t\t\t<div class=\"e-n-tabs-heading\" role=\"tablist\">\n\t\t\t\t\t<button id=\"e-n-tab-title-733181361\" class=\"e-n-tab-title\" aria-selected=\"true\" data-tab-index=\"1\" role=\"tab\" tabindex=\"0\" aria-controls=\"e-n-tab-content-733181361\" style=\"--n-tabs-title-order: 1;\">\n\t\t\t\t\t\t<span class=\"e-n-tab-title-text\">\n\t\t\t\tTeknik \u00d6zellikler\t\t\t<\/span>\n\t\t<\/button>\n\t\t\t\t\t<\/div>\n\t\t\t<div class=\"e-n-tabs-content\">\n\t\t\t\t<div id=\"e-n-tab-content-733181361\" role=\"tabpanel\" aria-labelledby=\"e-n-tab-title-733181361\" data-tab-index=\"1\" style=\"--n-tabs-title-order: 1;\" class=\"e-active elementor-element elementor-element-a863773 e-flex e-con-boxed lakit-col-width-auto-no e-container e-con e-child\" data-id=\"a863773\" data-element_type=\"container\">\n\t\t\t\t\t<div class=\"e-con-inner\">\n\t\t<div class=\"elementor-element elementor-element-792cecf e-flex e-con-boxed lakit-col-width-auto-no e-container e-con e-child\" data-id=\"792cecf\" data-element_type=\"container\">\n\t\t\t\t\t<div class=\"e-con-inner\">\n\t\t\t\t<div class=\"elementor-element elementor-element-89e1764 elementor-widget elementor-widget-heading\" data-id=\"89e1764\" data-element_type=\"widget\" data-widget_type=\"heading.default\">\n\t\t\t\t<div class=\"elementor-widget-container\">\n\t\t\t\t\t<h2 class=\"elementor-heading-title elementor-size-default\">\u00dcr\u00fcn Detaylar\u0131\n\n\n<\/h2>\t\t\t\t<\/div>\n\t\t\t\t<\/div>\n\t\t\t\t<div class=\"elementor-element elementor-element-47c173d elementor-widget elementor-widget-text-editor\" data-id=\"47c173d\" data-element_type=\"widget\" data-widget_type=\"text-editor.default\">\n\t\t\t\t<div class=\"elementor-widget-container\">\n\t\t\t\t\t\t\t\t\t<div class=\"dk-wysiwyg is-visible product-information__feature-description\" data-v-5691eabc=\"\" data-v-24da46c8=\"\"><div data-v-5691eabc=\"\"><strong>Basit cam haz\u0131rl\u0131\u011f\u0131, s\u0131k\u0131 sabitleme<\/strong><p>DORMA-Glas cam\u0131n bir bina malzemesi olarak \u00f6zel niteliklerine ili\u015fkin engin bilgi i\u00e7ermektedir. Bunun neticesinde tasarlad\u0131\u011f\u0131m\u0131z kilitler i\u00e7in camda yaln\u0131zca basit kesip \u00e7\u0131karma i\u015flemleri veya delikler yeterli olmaktad\u0131r. Cam\u0131n optimum tutunmas\u0131 i\u00e7in \u00a0maksimum temas y\u00fczey alan\u0131n\u0131 yaratmak \u00fczere dikkatle de\u011ferlendirilen pozitif tedbirler al\u0131nm\u0131\u015ft\u0131r.<\/p><strong>G\u00fcvenilirlik<\/strong><p>Kaliteli malzeme ve sa\u011flam i\u015f\u00e7ilik neticesinde DORMA SG kilitleri en iddial\u0131 spesifikasyonlar\u0131 kar\u015f\u0131lamak \u00fczere gerekli \u00f6zelliklere sahiptir. G\u00fcvenlik ama\u00e7lar\u0131 gere\u011fi kilit kasas\u0131 her zaman i\u00e7 k\u0131sma yerle\u015ftirilir.<\/p><strong>K\u0131sa s\u00fcrede teslim<\/strong><p>T\u00fcm standart bi\u00e7imler ve tipler stokta haz\u0131r bulunmaktad\u0131r. \u00d6zel kalemler h\u0131zl\u0131 bir \u015fekilde haz\u0131rlan\u0131r.<\/p><\/div><\/div>\t\t\t\t\t\t\t\t<\/div>\n\t\t\t\t<\/div>\n\t\t\t\t\t<\/div>\n\t\t\t\t<\/div>\n\t\t\t\t\t<\/div>\n\t\t\t\t<\/div>\n\t\t\t\t\t<\/div>\n\t\t<\/div>\n\t\t\t\t\t\t<\/div>\n\t\t\t\t<\/div>\n\t\t\t\t\t<\/div>\n\t\t\t\t<\/div>\n\t\t<div class=\"elementor-element elementor-element-478a98b e-flex e-con-boxed lakit-col-width-auto-no e-container e-root-container elementor-top-section e-con e-parent\" data-id=\"478a98b\" data-element_type=\"container\">\n\t\t\t\t\t<div class=\"e-con-inner\">\n\t\t\t\t<div class=\"elementor-element elementor-element-ceca238 elementor-widget elementor-widget-ucaddon_blox_particles_logo\" data-id=\"ceca238\" data-element_type=\"widget\" data-widget_type=\"ucaddon_blox_particles_logo.default\">\n\t\t\t\t<div class=\"elementor-widget-container\">\n\t\t\t\t\t\n<!-- start Particle Image -->\n<style>\/* widget: Particle Image *\/\n\n#uc_blox_particles_logo_elementor_ceca238 {\n  display: none;\n}\n.uc_blox_particles_logo_elementor_ceca238_particle-img-wrapper{\nwidth:100%;\nheight:350px;\ntext-align:center;}\n\n<\/style>\n\n<div class=\"uc_blox_particles_logo_elementor_ceca238_particle-img-wrapper\">\n<img decoding=\"async\"\n  id=\"uc_blox_particles_logo_elementor_ceca238\"\n  class=\"uc_blox_particles_logo_elementor_ceca238 ue-particle-image\"\n  data-width=\"800\"\n  data-height=\"350\"\n  data-max-width=\"70%\"\n  data-particle-gap=\"1\"\n  data-color=\"\"\n  data-gravity=\"0.29\"\n  data-noise=\"10\"\n     \n  data-renderer=\"webgl\"\n \n     \n  data-particle-size=\"0.8\"\n  data-layer-count=\"1\"\n  data-layer-distance=\"50\"\n  data-depth=\"12\"   \n  data-life-cycle=\"true\"\n  data-grow-duration=\"15\"\n  data-wait-duration=\"180\"\n  data-shrink-duration=\"50\"\n  data-shrink-distance=\"120\"\n\n       \n  data-mouse-force=\"30\"\n  data-init-position=\"none\"\n  data-init-direction=\"none\"\n  data-fade-position=\"none\"\n  data-fade-direction=\"none\"\n  src=\"https:\/\/acpyapi.com.tr\/wp-content\/uploads\/2024\/06\/swift.png\" >\n<\/div>\n<!-- end Particle Image -->\t\t\t\t<\/div>\n\t\t\t\t<\/div>\n\t\t\t\t\t<\/div>\n\t\t\t\t<\/div>\n\t\t\t\t<\/div>\n\t\t","protected":false},"excerpt":{"rendered":"<p>SG Kilit Sistemi Anasayfa Temperli cam ve kap\u0131lar i\u00e7in \u00fcretilen kilit tak\u0131m\u0131 SG, teknolojiyi, esteti\u011fi ve verimlili\u011fi ortak bir paydaya getirir. Bu kilitler, \u00fcretimi kolay ve h\u0131zl\u0131 cam kesik ve deliklerin yeterli olaca\u011f\u0131 \u015fekilde tasarlanm\u0131\u015ft\u0131r. Yap\u0131c\u0131 \u00f6nlemler, [&hellip;]<\/p>\n","protected":false},"author":1,"featured_media":0,"parent":13868,"menu_order":0,"comment_status":"closed","ping_status":"closed","template":"","meta":{"footnotes":""},"class_list":["post-14526","page","type-page","status-publish","hentry"],"yoast_head":"<!-- This site is optimized with the Yoast SEO plugin v26.1.1 - https:\/\/yoast.com\/wordpress\/plugins\/seo\/ -->\n<title>SG Kilit Sistemi - ACP YAPI ELEMANLARI<\/title>\n<meta name=\"robots\" content=\"index, follow, max-snippet:-1, max-image-preview:large, max-video-preview:-1\" \/>\n<link rel=\"canonical\" href=\"https:\/\/acpyapi.com.tr\/tr\/cam-sistemleri\/temperli-cam-sistemler-icin-aksesuarlar\/sg-kilit-sistemi\/\" \/>\n<meta property=\"og:locale\" content=\"tr_TR\" \/>\n<meta property=\"og:type\" content=\"article\" \/>\n<meta property=\"og:title\" content=\"SG Kilit Sistemi - ACP YAPI ELEMANLARI\" \/>\n<meta property=\"og:description\" content=\"SG Kilit Sistemi Anasayfa Temperli cam ve kap\u0131lar i\u00e7in \u00fcretilen kilit tak\u0131m\u0131 SG, teknolojiyi, esteti\u011fi ve verimlili\u011fi ortak bir paydaya getirir. Bu kilitler, \u00fcretimi kolay ve h\u0131zl\u0131 cam kesik ve deliklerin yeterli olaca\u011f\u0131 \u015fekilde tasarlanm\u0131\u015ft\u0131r. Yap\u0131c\u0131 \u00f6nlemler, [&hellip;]\" \/>\n<meta property=\"og:url\" content=\"https:\/\/acpyapi.com.tr\/tr\/cam-sistemleri\/temperli-cam-sistemler-icin-aksesuarlar\/sg-kilit-sistemi\/\" \/>\n<meta property=\"og:site_name\" content=\"ACP YAPI ELEMANLARI\" \/>\n<meta property=\"article:publisher\" content=\"https:\/\/www.facebook.com\/acpyapielemanlari\/\" \/>\n<meta property=\"article:modified_time\" content=\"2025-08-22T14:22:51+00:00\" \/>\n<meta property=\"og:image\" content=\"https:\/\/acpyapi.com.tr\/wp-content\/uploads\/2023\/10\/logo-siyah.png\" \/>\n\t<meta property=\"og:image:width\" content=\"500\" \/>\n\t<meta property=\"og:image:height\" content=\"200\" \/>\n\t<meta property=\"og:image:type\" content=\"image\/png\" \/>\n<meta name=\"twitter:card\" content=\"summary_large_image\" \/>\n<meta name=\"twitter:label1\" content=\"Tahmini okuma s\u00fcresi\" \/>\n\t<meta name=\"twitter:data1\" content=\"2 dakika\" \/>\n<script type=\"application\/ld+json\" class=\"yoast-schema-graph\">{\"@context\":\"https:\/\/schema.org\",\"@graph\":[{\"@type\":\"WebPage\",\"@id\":\"https:\/\/acpyapi.com.tr\/tr\/cam-sistemleri\/temperli-cam-sistemler-icin-aksesuarlar\/sg-kilit-sistemi\/\",\"url\":\"https:\/\/acpyapi.com.tr\/tr\/cam-sistemleri\/temperli-cam-sistemler-icin-aksesuarlar\/sg-kilit-sistemi\/\",\"name\":\"SG Kilit Sistemi - ACP YAPI ELEMANLARI\",\"isPartOf\":{\"@id\":\"https:\/\/acpyapi.com.tr\/#website\"},\"datePublished\":\"2024-07-29T13:53:30+00:00\",\"dateModified\":\"2025-08-22T14:22:51+00:00\",\"breadcrumb\":{\"@id\":\"https:\/\/acpyapi.com.tr\/tr\/cam-sistemleri\/temperli-cam-sistemler-icin-aksesuarlar\/sg-kilit-sistemi\/#breadcrumb\"},\"inLanguage\":\"tr\",\"potentialAction\":[{\"@type\":\"ReadAction\",\"target\":[\"https:\/\/acpyapi.com.tr\/tr\/cam-sistemleri\/temperli-cam-sistemler-icin-aksesuarlar\/sg-kilit-sistemi\/\"]}]},{\"@type\":\"BreadcrumbList\",\"@id\":\"https:\/\/acpyapi.com.tr\/tr\/cam-sistemleri\/temperli-cam-sistemler-icin-aksesuarlar\/sg-kilit-sistemi\/#breadcrumb\",\"itemListElement\":[{\"@type\":\"ListItem\",\"position\":1,\"name\":\"Anasayfa\",\"item\":\"https:\/\/acpyapi.com.tr\/\"},{\"@type\":\"ListItem\",\"position\":2,\"name\":\"Cam Kap\u0131 Sistemleri\",\"item\":\"https:\/\/acpyapi.com.tr\/tr\/cam-sistemleri\/\"},{\"@type\":\"ListItem\",\"position\":3,\"name\":\"Temperli Cam Sistem Aksesuarlar\u0131\",\"item\":\"https:\/\/acpyapi.com.tr\/tr\/cam-sistemleri\/temperli-cam-sistemler-icin-aksesuarlar\/\"},{\"@type\":\"ListItem\",\"position\":4,\"name\":\"SG Kilit Sistemi\"}]},{\"@type\":\"WebSite\",\"@id\":\"https:\/\/acpyapi.com.tr\/#website\",\"url\":\"https:\/\/acpyapi.com.tr\/\",\"name\":\"ACP YAPI ELEMANLARI\",\"description\":\"G\u00f6z\u00fcn\u00fcz Arkada Kalmas\u0131n\",\"publisher\":{\"@id\":\"https:\/\/acpyapi.com.tr\/#organization\"},\"alternateName\":\"ACP Yap\u0131\",\"potentialAction\":[{\"@type\":\"SearchAction\",\"target\":{\"@type\":\"EntryPoint\",\"urlTemplate\":\"https:\/\/acpyapi.com.tr\/?s={search_term_string}\"},\"query-input\":{\"@type\":\"PropertyValueSpecification\",\"valueRequired\":true,\"valueName\":\"search_term_string\"}}],\"inLanguage\":\"tr\"},{\"@type\":\"Organization\",\"@id\":\"https:\/\/acpyapi.com.tr\/#organization\",\"name\":\"ACP YAPI ELEMANLARI\",\"alternateName\":\"Acp Yap\u0131\",\"url\":\"https:\/\/acpyapi.com.tr\/\",\"logo\":{\"@type\":\"ImageObject\",\"inLanguage\":\"tr\",\"@id\":\"https:\/\/acpyapi.com.tr\/#\/schema\/logo\/image\/\",\"url\":\"https:\/\/acpyapi.com.tr\/wp-content\/uploads\/2023\/10\/logo-siyah.png\",\"contentUrl\":\"https:\/\/acpyapi.com.tr\/wp-content\/uploads\/2023\/10\/logo-siyah.png\",\"width\":500,\"height\":200,\"caption\":\"ACP YAPI ELEMANLARI\"},\"image\":{\"@id\":\"https:\/\/acpyapi.com.tr\/#\/schema\/logo\/image\/\"},\"sameAs\":[\"https:\/\/www.facebook.com\/acpyapielemanlari\/\",\"https:\/\/www.instagram.com\/acpyapielemanlari\/\",\"https:\/\/www.linkedin.com\/company\/acpyapielemanlari\/?originalSubdomain=tr\",\"https:\/\/www.youtube.com\/channel\/UCRyEXuOc3OSvcTY1_yqbE8g\"]}]}<\/script>\n<!-- \/ Yoast SEO plugin. -->","yoast_head_json":{"title":"SG Kilit Sistemi - ACP YAPI ELEMANLARI","robots":{"index":"index","follow":"follow","max-snippet":"max-snippet:-1","max-image-preview":"max-image-preview:large","max-video-preview":"max-video-preview:-1"},"canonical":"https:\/\/acpyapi.com.tr\/tr\/cam-sistemleri\/temperli-cam-sistemler-icin-aksesuarlar\/sg-kilit-sistemi\/","og_locale":"tr_TR","og_type":"article","og_title":"SG Kilit Sistemi - ACP YAPI ELEMANLARI","og_description":"SG Kilit Sistemi Anasayfa Temperli cam ve kap\u0131lar i\u00e7in \u00fcretilen kilit tak\u0131m\u0131 SG, teknolojiyi, esteti\u011fi ve verimlili\u011fi ortak bir paydaya getirir. Bu kilitler, \u00fcretimi kolay ve h\u0131zl\u0131 cam kesik ve deliklerin yeterli olaca\u011f\u0131 \u015fekilde tasarlanm\u0131\u015ft\u0131r. Yap\u0131c\u0131 \u00f6nlemler, [&hellip;]","og_url":"https:\/\/acpyapi.com.tr\/tr\/cam-sistemleri\/temperli-cam-sistemler-icin-aksesuarlar\/sg-kilit-sistemi\/","og_site_name":"ACP YAPI ELEMANLARI","article_publisher":"https:\/\/www.facebook.com\/acpyapielemanlari\/","article_modified_time":"2025-08-22T14:22:51+00:00","og_image":[{"width":500,"height":200,"url":"https:\/\/acpyapi.com.tr\/wp-content\/uploads\/2023\/10\/logo-siyah.png","type":"image\/png"}],"twitter_card":"summary_large_image","twitter_misc":{"Tahmini okuma s\u00fcresi":"2 dakika"},"schema":{"@context":"https:\/\/schema.org","@graph":[{"@type":"WebPage","@id":"https:\/\/acpyapi.com.tr\/tr\/cam-sistemleri\/temperli-cam-sistemler-icin-aksesuarlar\/sg-kilit-sistemi\/","url":"https:\/\/acpyapi.com.tr\/tr\/cam-sistemleri\/temperli-cam-sistemler-icin-aksesuarlar\/sg-kilit-sistemi\/","name":"SG Kilit Sistemi - ACP YAPI ELEMANLARI","isPartOf":{"@id":"https:\/\/acpyapi.com.tr\/#website"},"datePublished":"2024-07-29T13:53:30+00:00","dateModified":"2025-08-22T14:22:51+00:00","breadcrumb":{"@id":"https:\/\/acpyapi.com.tr\/tr\/cam-sistemleri\/temperli-cam-sistemler-icin-aksesuarlar\/sg-kilit-sistemi\/#breadcrumb"},"inLanguage":"tr","potentialAction":[{"@type":"ReadAction","target":["https:\/\/acpyapi.com.tr\/tr\/cam-sistemleri\/temperli-cam-sistemler-icin-aksesuarlar\/sg-kilit-sistemi\/"]}]},{"@type":"BreadcrumbList","@id":"https:\/\/acpyapi.com.tr\/tr\/cam-sistemleri\/temperli-cam-sistemler-icin-aksesuarlar\/sg-kilit-sistemi\/#breadcrumb","itemListElement":[{"@type":"ListItem","position":1,"name":"Anasayfa","item":"https:\/\/acpyapi.com.tr\/"},{"@type":"ListItem","position":2,"name":"Cam Kap\u0131 Sistemleri","item":"https:\/\/acpyapi.com.tr\/tr\/cam-sistemleri\/"},{"@type":"ListItem","position":3,"name":"Temperli Cam Sistem Aksesuarlar\u0131","item":"https:\/\/acpyapi.com.tr\/tr\/cam-sistemleri\/temperli-cam-sistemler-icin-aksesuarlar\/"},{"@type":"ListItem","position":4,"name":"SG Kilit Sistemi"}]},{"@type":"WebSite","@id":"https:\/\/acpyapi.com.tr\/#website","url":"https:\/\/acpyapi.com.tr\/","name":"ACP YAPI ELEMANLARI","description":"G\u00f6z\u00fcn\u00fcz Arkada Kalmas\u0131n","publisher":{"@id":"https:\/\/acpyapi.com.tr\/#organization"},"alternateName":"ACP Yap\u0131","potentialAction":[{"@type":"SearchAction","target":{"@type":"EntryPoint","urlTemplate":"https:\/\/acpyapi.com.tr\/?s={search_term_string}"},"query-input":{"@type":"PropertyValueSpecification","valueRequired":true,"valueName":"search_term_string"}}],"inLanguage":"tr"},{"@type":"Organization","@id":"https:\/\/acpyapi.com.tr\/#organization","name":"ACP YAPI ELEMANLARI","alternateName":"Acp Yap\u0131","url":"https:\/\/acpyapi.com.tr\/","logo":{"@type":"ImageObject","inLanguage":"tr","@id":"https:\/\/acpyapi.com.tr\/#\/schema\/logo\/image\/","url":"https:\/\/acpyapi.com.tr\/wp-content\/uploads\/2023\/10\/logo-siyah.png","contentUrl":"https:\/\/acpyapi.com.tr\/wp-content\/uploads\/2023\/10\/logo-siyah.png","width":500,"height":200,"caption":"ACP YAPI ELEMANLARI"},"image":{"@id":"https:\/\/acpyapi.com.tr\/#\/schema\/logo\/image\/"},"sameAs":["https:\/\/www.facebook.com\/acpyapielemanlari\/","https:\/\/www.instagram.com\/acpyapielemanlari\/","https:\/\/www.linkedin.com\/company\/acpyapielemanlari\/?originalSubdomain=tr","https:\/\/www.youtube.com\/channel\/UCRyEXuOc3OSvcTY1_yqbE8g"]}]}},"_links":{"self":[{"href":"https:\/\/acpyapi.com.tr\/tr\/wp-json\/wp\/v2\/pages\/14526","targetHints":{"allow":["GET"]}}],"collection":[{"href":"https:\/\/acpyapi.com.tr\/tr\/wp-json\/wp\/v2\/pages"}],"about":[{"href":"https:\/\/acpyapi.com.tr\/tr\/wp-json\/wp\/v2\/types\/page"}],"author":[{"embeddable":true,"href":"https:\/\/acpyapi.com.tr\/tr\/wp-json\/wp\/v2\/users\/1"}],"replies":[{"embeddable":true,"href":"https:\/\/acpyapi.com.tr\/tr\/wp-json\/wp\/v2\/comments?post=14526"}],"version-history":[{"count":1,"href":"https:\/\/acpyapi.com.tr\/tr\/wp-json\/wp\/v2\/pages\/14526\/revisions"}],"predecessor-version":[{"id":19448,"href":"https:\/\/acpyapi.com.tr\/tr\/wp-json\/wp\/v2\/pages\/14526\/revisions\/19448"}],"up":[{"embeddable":true,"href":"https:\/\/acpyapi.com.tr\/tr\/wp-json\/wp\/v2\/pages\/13868"}],"wp:attachment":[{"href":"https:\/\/acpyapi.com.tr\/tr\/wp-json\/wp\/v2\/media?parent=14526"}],"curies":[{"name":"wp","href":"https:\/\/api.w.org\/{rel}","templated":true}]}}