{"id":16417,"date":"2024-12-09T16:01:46","date_gmt":"2024-12-09T13:01:46","guid":{"rendered":"https:\/\/acpyapi.com.tr\/?page_id=16417"},"modified":"2024-12-09T16:04:24","modified_gmt":"2024-12-09T13:04:24","slug":"gizlilik-politikasi","status":"publish","type":"page","link":"https:\/\/acpyapi.com.tr\/tr\/gizlilik-politikasi\/","title":{"rendered":"Gizlilik Politikas\u0131"},"content":{"rendered":"\t\t<div data-elementor-type=\"wp-page\" data-elementor-id=\"16417\" class=\"elementor elementor-16417\" data-elementor-post-type=\"page\">\n\t\t\t\t<div class=\"elementor-element elementor-element-bfe810c e-flex e-con-boxed lakit-col-width-auto-no e-container e-root-container elementor-top-section e-con e-parent\" data-id=\"bfe810c\" data-element_type=\"container\">\n\t\t\t\t\t<div class=\"e-con-inner\">\n\t\t\t\t<div class=\"elementor-element elementor-element-9897bc5 elementor-widget elementor-widget-heading\" data-id=\"9897bc5\" data-element_type=\"widget\" data-widget_type=\"heading.default\">\n\t\t\t\t<div class=\"elementor-widget-container\">\n\t\t\t\t\t<h1 class=\"elementor-heading-title elementor-size-default\">Gizlilik Politikas\u0131<\/h1>\t\t\t\t<\/div>\n\t\t\t\t<\/div>\n\t\t\t\t\t<\/div>\n\t\t\t\t<\/div>\n\t\t<div class=\"elementor-element elementor-element-10e71d4 e-flex e-con-boxed lakit-col-width-auto-no e-container e-root-container elementor-top-section e-con e-parent\" data-id=\"10e71d4\" data-element_type=\"container\">\n\t\t\t\t\t<div class=\"e-con-inner\">\n\t\t\t\t<div class=\"elementor-element elementor-element-85c7078 elementor-widget elementor-widget-text-editor\" data-id=\"85c7078\" data-element_type=\"widget\" data-widget_type=\"text-editor.default\">\n\t\t\t\t<div class=\"elementor-widget-container\">\n\t\t\t\t\t\t\t\t\t<p>ACP YAPI ELEMANLARI, ki\u015fisel bilgilerin gizlili\u011fi ve korunmas\u0131 ilkesine ba\u011fl\u0131d\u0131r. Bu bildirimde, web sitemizi ziyaret etti\u011finizde ki\u015fisel bilgilerinizi korumak i\u00e7in ger\u00e7ekle\u015ftirdi\u011fimiz ad\u0131mlar ayr\u0131nt\u0131lar\u0131yla a\u00e7\u0131klanmaktad\u0131r. Toplad\u0131\u011f\u0131m\u0131z ki\u015fisel bilgiler, bu bilgilerin hangi ama\u00e7la kullan\u0131ld\u0131\u011f\u0131 ve bunlar\u0131 kullan\u0131m\u0131m\u0131zla ilgili sizin yapt\u0131\u011f\u0131n\u0131z se\u00e7imler anlat\u0131lmaktad\u0131r. Ki\u015fisel bilgilerinizi korumak \u00fczere ger\u00e7ekle\u015ftirdi\u011fimiz ad\u0131mlar ve ki\u015fisel bilgilerinizi nas\u0131l g\u00f6zden ge\u00e7irip d\u00fczeltece\u011finiz de bu bildirim kapsam\u0131ndad\u0131r. Web sitemize eri\u015fmekle s\u00f6z konusu bilgilerin toplanmas\u0131n\u0131 ve bu gizlilik bildiriminde a\u00e7\u0131klanan kullan\u0131m bi\u00e7imlerini kabul etmi\u015f olursunuz.<br \/><br \/><strong>Do\u011frudan Sizden Edindi\u011fimiz Bilgiler<\/strong><br \/>Genel olarak ACP YAPI ELEMANLARI\u2019 na ait web sitesini herhangi bir ki\u015fisel bilgi girmeden ziyaret edebilirsiniz. Baz\u0131 sayfalarda belirli bir hizmetin sunulmas\u0131 veya istedi\u011finiz i\u015flemin ger\u00e7ekle\u015ftirilmesi i\u00e7in ki\u015fisel bilgilerinizi sa\u011flaman\u0131z istenebilir. Toplanan ki\u015fisel bilgiler a\u015fa\u011f\u0131dakileri i\u00e7erebilir; ad\u0131n\u0131z, unvan\u0131n\u0131z, \u015firket\/organizasyon ad\u0131, e-posta adresiniz, telefon ve faks numaralar\u0131n\u0131z ve a\u00e7\u0131k posta adresiniz gibi ileti\u015fim bilgileri, \u015firketiniz ve i\u015f tan\u0131m\u0131n\u0131zla ilgili bilgiler, belirli teknolojilere ili\u015fkin bilgilerin aktar\u0131labilmesi i\u00e7in ilgili ihracat kontrol y\u00f6netmeliklerine uygunlu\u011funuza karar verebilmemize olanak sa\u011flayan milliyet ve ya\u015fad\u0131\u011f\u0131n\u0131z \u00fclke gibi bilgiler; oturum a\u00e7ma ve teknik bilgiler gibi web sitelerimizi kullanman\u0131z\u0131 \u00f6zelle\u015ftirmek ve kolayla\u015ft\u0131rmak i\u00e7in yararlan\u0131lacak bilgiler; \u00fcr\u00fcnlerimiz ve hizmetlerimiz hakk\u0131nda gereksinimlerinize en uygun \u00fcr\u00fcnleri ve hizmetleri belirlememize yard\u0131mc\u0131 olacak bilgiler; olay kay\u0131t bilgileri ve web sitelerimizle ve genel olarak \u00fcr\u00fcnlerimiz ve hizmetlerimiz hakk\u0131nda sa\u011flayaca\u011f\u0131n\u0131z geri bildirimleriniz. Bu bilgileri vermeniz zorunlu de\u011fildir; ancak bilgileri vermedi\u011finiz durumlarda istemi\u015f oldu\u011funuz hizmeti sa\u011flayamayabilir veya i\u015flemi yapamayabiliriz.<br \/><br \/><strong>Otomatik Olarak Toplanan Bilgiler<\/strong><br \/>G\u00f6r\u00fcnt\u00fcledi\u011finiz sayfalar, aktar\u0131lan bayt miktar\u0131, t\u0131klad\u0131\u011f\u0131n\u0131z ba\u011flant\u0131lar, eri\u015fti\u011finiz malzemeler ve acpyapi.com.tr sitesinde ger\u00e7ekle\u015ftirdi\u011finiz di\u011fer i\u015flemler ile ilgili bilgiler taraf\u0131m\u0131zdan toplanmaktad\u0131r. Kullan\u0131c\u0131 kimli\u011fiyle girdi\u011finiz sitelerde \u00fcr\u00fcnlerimiz ve hizmetlerimizle ilgili olas\u0131 ilginizi belirlemek \u00fczere bu bilgileri kimli\u011finizle ili\u015fkilendirebiliriz. Internet Protokol\u00fc (IP) adresiniz, taray\u0131c\u0131 t\u00fcr\u00fcn\u00fcz, yetenekleri ve dili, i\u015fletim sisteminiz, siteye eri\u015fim tarihi ve saati, sitemize hangi web sitesinden eri\u015fti\u011finiz gibi taray\u0131c\u0131n\u0131z\u0131n ziyaret edilen her web sitesine g\u00f6nderdi\u011fi baz\u0131 standart bilgiler de toplanmaktad\u0131r. B\u00fct\u00fcn bu bilgiler kimli\u011finizle ili\u015fkilendirilmez.<br \/><br \/><strong>Web Sitesinin Geli\u015ftirmesi<\/strong><br \/>Ki\u015fisel bilgilerinizi, web sitemiz ve ACP YAPI ELEMANLARI \u00fcr\u00fcnleri veya hizmetleriyle ilgili geli\u015ftirmeler veya ayn\u0131 bilgileri tekrar tekrar girmenizi \u00f6nleyerek web sitelerimizin kullan\u0131m\u0131n\u0131 kolayla\u015ft\u0131rmak ya da siteleri \u00f6zel tercihlerinize ve ilgilerinize g\u00f6re \u00f6zelle\u015ftirmek i\u00e7in kullanabiliriz.<br \/><br \/><strong>\u0130leti\u015fim<\/strong><br \/>Taraf\u0131n\u0131zdan izin almak kayd\u0131yla, web sitelerimizden toplad\u0131\u011f\u0131m\u0131z ki\u015fisel bilgilerinizi, ACP YAPI ELEMANLARI\u2019n\u0131n sundu\u011fu \u00fcr\u00fcn ve hizmetler hakk\u0131nda sizi bilgilendirmek \u00fczere kullanabiliriz. \u00dcr\u00fcnlerimiz ve hizmetlerimizle ilgili olarak taraf\u0131n\u0131zla ileti\u015fim kurmak amac\u0131yla kullan\u0131labilecek bilgiler toplan\u0131rken her zaman i\u00e7in bu t\u00fcr ileti\u015fimi istememe se\u00e7ene\u011finiz bulunacakt\u0131r. Ayr\u0131ca, g\u00f6nderdi\u011fimiz her e-postada, bu t\u00fcr ileti\u015fimi almay\u0131 durdurman\u0131za olanak sa\u011flayan bir abonelik iptali ba\u011flant\u0131s\u0131 da olacakt\u0131r. Aboneli\u011fi sonland\u0131rmay\u0131 se\u00e7meniz durumunda 10 i\u015f g\u00fcn\u00fc i\u00e7erisinde ilgili listeden \u00e7\u0131kar\u0131l\u0131rs\u0131n\u0131z.<br \/><br \/><strong>\u0130\u015f Ba\u015fvurular\u0131<\/strong><br \/>\u0130\u015f ba\u015fvurular\u0131 veya ara\u015ft\u0131rmalar\u0131yla ilgili olarak info@acpyapi.com.tr\u2019ye g\u00f6nderece\u011finiz \u00f6zge\u00e7mi\u015finiz gibi kendinizle ilgili bilgiler sa\u011flaman\u0131z gerekebilir. Bu t\u00fcr bilgiler i\u015fe almayla ilgili olarak ACP YAPI ELEMANLARI ile denetimi alt\u0131ndaki alt ve yan kurulu\u015flar\u0131nda kullan\u0131labilir. Taraf\u0131n\u0131zdan aksi istenmedik\u00e7e bu bilgiler daha sonra da kullan\u0131lmak \u00fczere saklan\u0131r.<br \/><br \/><strong>Ki\u015fisel Bilgilerin A\u00e7\u0131klanmas\u0131<\/strong><br \/>A\u015fa\u011f\u0131da belirtilen durumlar d\u0131\u015f\u0131nda web sitelerimiz \u00fczerinden ACP YAPI ELEMANLARI\u2019na sa\u011flad\u0131\u011f\u0131n\u0131z ki\u015fisel bilgileriniz izniniz olmadan ACP YAPI ELEMANLARI ile denetimi alt\u0131ndaki alt ve yan kurulu\u015flar\u0131 d\u0131\u015f\u0131ndakilerle payla\u015f\u0131lmayacakt\u0131r.<br \/><br \/><strong>Hizmet Sa\u011flay\u0131c\u0131lara A\u00e7\u0131klanmas\u0131<\/strong><br \/>ACP YAPI ELEMANLARI kendi ad\u0131na hizmet sa\u011flamak \u00fczere web sitelerinin bar\u0131nd\u0131r\u0131lmas\u0131, bilgilerin g\u00f6nderilmesi, i\u015flemlerin ger\u00e7ekle\u015ftirilmesi ve web sitelerinin analiz edilmesi gibi hizmetlerin verilmesi i\u00e7in di\u011fer \u015firketlerle anla\u015fmalar yapar. Bu \u015firketlere ki\u015fisel bilgilerinizin yaln\u0131zca s\u00f6z konusu hizmetlerin ger\u00e7ekle\u015ftirilmesi i\u00e7in gereksinim duyduklar\u0131 \u00f6geleri verilir. Bu \u015firketlerin ve \u00e7al\u0131\u015fanlar\u0131n\u0131n ki\u015fisel bilgilerinizi ba\u015fka ama\u00e7lar i\u00e7in kullanmalar\u0131 yasakt\u0131r.<br \/><br \/><strong>\u0130\u015flemlerle \u0130lgili Olarak A\u00e7\u0131klanmas\u0131<\/strong><br \/>Baz\u0131 i\u015flemlerle ilgili olarak ki\u015fisel bilgilerinizin tamam\u0131n\u0131 veya bir k\u0131sm\u0131n\u0131, i\u015flemin ger\u00e7ekle\u015ftirilmesi s\u00fcrecinde yer alan finansal \u015firketlere, devlet kurumlar\u0131na, nakliye \u015firketlerine veya posta hizmetlerine a\u00e7\u0131klayabiliriz.<br \/><br \/><strong>\u015eirket Sat\u0131n Almalar\u0131 veya Sat\u0131lmalar\u0131yla \u0130lgili Olarak A\u00e7\u0131klanmas\u0131<\/strong><br \/>Stratejik veya di\u011fer i\u015f nedenleriyle ACP YAPI ELEMANLARI\u2019n\u0131n kimi \u00fclkelerde i\u015fletmeleri satma, sat\u0131n alma, birle\u015ftirme veya yeniden d\u00fczenleme karar\u0131 ald\u0131\u011f\u0131 durumlar olabilir. Bu t\u00fcr i\u015flemler, ki\u015fisel bilgilerinizin olas\u0131 veya ger\u00e7ek al\u0131c\u0131lara a\u00e7\u0131klanmas\u0131n\u0131 veya di\u011fer sat\u0131c\u0131lardan al\u0131nmas\u0131n\u0131 gerektirebilir. Bu t\u00fcr i\u015flemlerde s\u00f6z konusu bilgilerin uygun bi\u00e7imde korunmas\u0131n\u0131n sa\u011flanmas\u0131 ACP YAPI ELEMANLARI\u2019n\u0131n ilkelerdendir.<br \/><br \/><strong>Di\u011fer Nedenlerle A\u00e7\u0131klanmas\u0131<\/strong><br \/>Ki\u015fisel bilgiler yasalar\u0131n gerektirdi\u011fi durumlarda ya da haklar\u0131m\u0131z\u0131n ve varl\u0131klar\u0131m\u0131z\u0131n savunulmas\u0131 amac\u0131yla istenilen yasal i\u015flemleri ger\u00e7ekle\u015ftirmek veya acil durumlarda herhangi bir ki\u015finin ki\u015fisel g\u00fcvenli\u011fini korumak amac\u0131yla yasal gereksinimlere uyma iyi niyetinin sonucunda a\u00e7\u0131klanabilir.<br \/><br \/><strong>G\u00fcvenlik<\/strong><br \/>ACP YAPI ELEMANLARI ki\u015fisel bilgilerinizin korunmas\u0131 ilkesine ba\u011fl\u0131d\u0131r. Ki\u015fisel bilgilerinizi izinsiz eri\u015fime, kullanmaya ya da a\u00e7\u0131klamaya kar\u015f\u0131 korumak \u00fczere \u00e7e\u015fitli g\u00fcvenlik teknolojileri ve y\u00f6ntemleri kullanmaktay\u0131z. Ancak oturum a\u00e7t\u0131\u011f\u0131n\u0131z sitelerde parolan\u0131z\u0131n g\u00fcvenli\u011finin sa\u011flanmas\u0131 ve bu bilginin di\u011fer ki\u015filere a\u00e7\u0131klanmamas\u0131 sizin sorumlulu\u011funuzdad\u0131r.<br \/><br \/><strong>Ki\u015fisel Bilgilerin Uluslararas\u0131 Bi\u00e7imde Aktar\u0131m\u0131na \u0130zin Verme<\/strong><br \/>Web sitelerimizden elde edilen ki\u015fisel bilgiler ACP YAPI ELEMANLARI \u2018n\u0131n veya alt ve yan kurulu\u015flar\u0131n\u0131n ya da temsilcilerinin bulundu\u011fu di\u011fer \u00fclkelere g\u00f6nderilebilir. Bu bilgileri orada depolayabilir veya i\u015fleyebiliriz. Her ne kadar bu \u00fclkelerdeki ki\u015fisel bilgi koruyucu yasalar, ya\u015fad\u0131\u011f\u0131n\u0131z yerden farkl\u0131l\u0131klar g\u00f6sterebilirse de, gizlili\u011finizin korunmas\u0131n\u0131 sa\u011flamak amac\u0131yla olas\u0131 her t\u00fcrl\u00fc \u00f6nlem al\u0131nmaktad\u0131r. Web sitelerimizi kullanarak ve bilgilerinizi sa\u011flayarak, bilgilerin ya\u015fad\u0131\u011f\u0131n\u0131 \u00fclkenin d\u0131\u015f\u0131na aktar\u0131lmas\u0131n\u0131 kabul etmi\u015f olursunuz.<br \/><br \/><strong>\u00c7ocuklarla \u0130lgili Bilgiler<\/strong><br \/>ACP YAPI ELEMANLARI\u2019n\u0131n hedef kitlesi \u00e7ocuklar de\u011fildir ve bu nedenle bilerek \u00e7ocuklardan veya \u00e7ocuklarla ilgili bilgi toplamaz ve web sitelerinin \u00e7ocuklarla ilgili bilgiler toplamas\u0131n\u0131n hedeflendi\u011fi bir faaliyette bulunmaz.<br \/><br \/><strong>Bu Gizlilik Bildiriminin Uygulanmas\u0131<\/strong><br \/>Bu bildirimle veya ki\u015fisel bilgilerinizin i\u015flenmesiyle ilgili sorular\u0131n\u0131z ile ilgili \u201cileti\u015fim formu\u201dnu doldurup taraf\u0131m\u0131za g\u00f6nderdi\u011finiz takdirde sorununuzla hemen ilgilenip tatmin edici bir \u00e7\u00f6z\u00fcme ula\u015fmak i\u00e7in gayret g\u00f6sterilecektir.<\/p>\t\t\t\t\t\t\t\t<\/div>\n\t\t\t\t<\/div>\n\t\t\t\t<div class=\"elementor-element elementor-element-2def290 elementor-widget elementor-widget-spacer\" data-id=\"2def290\" data-element_type=\"widget\" data-widget_type=\"spacer.default\">\n\t\t\t\t<div class=\"elementor-widget-container\">\n\t\t\t\t\t\t\t<div class=\"elementor-spacer\">\n\t\t\t<div class=\"elementor-spacer-inner\"><\/div>\n\t\t<\/div>\n\t\t\t\t\t\t<\/div>\n\t\t\t\t<\/div>\n\t\t\t\t\t<\/div>\n\t\t\t\t<\/div>\n\t\t\t\t<\/div>\n\t\t","protected":false},"excerpt":{"rendered":"<p>Gizlilik Politikas\u0131 ACP YAPI ELEMANLARI, ki\u015fisel bilgilerin gizlili\u011fi ve korunmas\u0131 ilkesine ba\u011fl\u0131d\u0131r. Bu bildirimde, web sitemizi ziyaret etti\u011finizde ki\u015fisel bilgilerinizi korumak i\u00e7in ger\u00e7ekle\u015ftirdi\u011fimiz ad\u0131mlar ayr\u0131nt\u0131lar\u0131yla a\u00e7\u0131klanmaktad\u0131r. Toplad\u0131\u011f\u0131m\u0131z ki\u015fisel bilgiler, bu bilgilerin hangi ama\u00e7la kullan\u0131ld\u0131\u011f\u0131 ve bunlar\u0131 kullan\u0131m\u0131m\u0131zla [&hellip;]<\/p>\n","protected":false},"author":1,"featured_media":0,"parent":0,"menu_order":0,"comment_status":"closed","ping_status":"closed","template":"","meta":{"footnotes":""},"class_list":["post-16417","page","type-page","status-publish","hentry"],"yoast_head":"<!-- This site is optimized with the Yoast SEO plugin v26.1.1 - https:\/\/yoast.com\/wordpress\/plugins\/seo\/ -->\n<title>Gizlilik Politikas\u0131 - ACP YAPI ELEMANLARI<\/title>\n<meta name=\"robots\" content=\"index, follow, max-snippet:-1, max-image-preview:large, max-video-preview:-1\" \/>\n<link rel=\"canonical\" href=\"https:\/\/acpyapi.com.tr\/tr\/gizlilik-politikasi\/\" \/>\n<meta property=\"og:locale\" content=\"tr_TR\" \/>\n<meta property=\"og:type\" content=\"article\" \/>\n<meta property=\"og:title\" content=\"Gizlilik Politikas\u0131 - ACP YAPI ELEMANLARI\" \/>\n<meta property=\"og:description\" content=\"Gizlilik Politikas\u0131 ACP YAPI ELEMANLARI, ki\u015fisel bilgilerin gizlili\u011fi ve korunmas\u0131 ilkesine ba\u011fl\u0131d\u0131r. Bu bildirimde, web sitemizi ziyaret etti\u011finizde ki\u015fisel bilgilerinizi korumak i\u00e7in ger\u00e7ekle\u015ftirdi\u011fimiz ad\u0131mlar ayr\u0131nt\u0131lar\u0131yla a\u00e7\u0131klanmaktad\u0131r. Toplad\u0131\u011f\u0131m\u0131z ki\u015fisel bilgiler, bu bilgilerin hangi ama\u00e7la kullan\u0131ld\u0131\u011f\u0131 ve bunlar\u0131 kullan\u0131m\u0131m\u0131zla [&hellip;]\" \/>\n<meta property=\"og:url\" content=\"https:\/\/acpyapi.com.tr\/tr\/gizlilik-politikasi\/\" \/>\n<meta property=\"og:site_name\" content=\"ACP YAPI ELEMANLARI\" \/>\n<meta property=\"article:publisher\" content=\"https:\/\/www.facebook.com\/acpyapielemanlari\/\" \/>\n<meta property=\"article:modified_time\" content=\"2024-12-09T13:04:24+00:00\" \/>\n<meta property=\"og:image\" content=\"https:\/\/acpyapi.com.tr\/wp-content\/uploads\/2023\/10\/logo-siyah.png\" \/>\n\t<meta property=\"og:image:width\" content=\"500\" \/>\n\t<meta property=\"og:image:height\" content=\"200\" \/>\n\t<meta property=\"og:image:type\" content=\"image\/png\" \/>\n<meta name=\"twitter:card\" content=\"summary_large_image\" \/>\n<meta name=\"twitter:label1\" content=\"Tahmini okuma s\u00fcresi\" \/>\n\t<meta name=\"twitter:data1\" content=\"6 dakika\" \/>\n<script type=\"application\/ld+json\" class=\"yoast-schema-graph\">{\"@context\":\"https:\/\/schema.org\",\"@graph\":[{\"@type\":\"WebPage\",\"@id\":\"https:\/\/acpyapi.com.tr\/gizlilik-politikasi\/\",\"url\":\"https:\/\/acpyapi.com.tr\/gizlilik-politikasi\/\",\"name\":\"Gizlilik Politikas\u0131 - ACP YAPI ELEMANLARI\",\"isPartOf\":{\"@id\":\"https:\/\/acpyapi.com.tr\/#website\"},\"datePublished\":\"2024-12-09T13:01:46+00:00\",\"dateModified\":\"2024-12-09T13:04:24+00:00\",\"breadcrumb\":{\"@id\":\"https:\/\/acpyapi.com.tr\/gizlilik-politikasi\/#breadcrumb\"},\"inLanguage\":\"tr\",\"potentialAction\":[{\"@type\":\"ReadAction\",\"target\":[\"https:\/\/acpyapi.com.tr\/gizlilik-politikasi\/\"]}]},{\"@type\":\"BreadcrumbList\",\"@id\":\"https:\/\/acpyapi.com.tr\/gizlilik-politikasi\/#breadcrumb\",\"itemListElement\":[{\"@type\":\"ListItem\",\"position\":1,\"name\":\"Anasayfa\",\"item\":\"https:\/\/acpyapi.com.tr\/\"},{\"@type\":\"ListItem\",\"position\":2,\"name\":\"Gizlilik Politikas\u0131\"}]},{\"@type\":\"WebSite\",\"@id\":\"https:\/\/acpyapi.com.tr\/#website\",\"url\":\"https:\/\/acpyapi.com.tr\/\",\"name\":\"ACP YAPI ELEMANLARI\",\"description\":\"G\u00f6z\u00fcn\u00fcz Arkada Kalmas\u0131n\",\"publisher\":{\"@id\":\"https:\/\/acpyapi.com.tr\/#organization\"},\"alternateName\":\"ACP Yap\u0131\",\"potentialAction\":[{\"@type\":\"SearchAction\",\"target\":{\"@type\":\"EntryPoint\",\"urlTemplate\":\"https:\/\/acpyapi.com.tr\/?s={search_term_string}\"},\"query-input\":{\"@type\":\"PropertyValueSpecification\",\"valueRequired\":true,\"valueName\":\"search_term_string\"}}],\"inLanguage\":\"tr\"},{\"@type\":\"Organization\",\"@id\":\"https:\/\/acpyapi.com.tr\/#organization\",\"name\":\"ACP YAPI ELEMANLARI\",\"alternateName\":\"Acp Yap\u0131\",\"url\":\"https:\/\/acpyapi.com.tr\/\",\"logo\":{\"@type\":\"ImageObject\",\"inLanguage\":\"tr\",\"@id\":\"https:\/\/acpyapi.com.tr\/#\/schema\/logo\/image\/\",\"url\":\"https:\/\/acpyapi.com.tr\/wp-content\/uploads\/2023\/10\/logo-siyah.png\",\"contentUrl\":\"https:\/\/acpyapi.com.tr\/wp-content\/uploads\/2023\/10\/logo-siyah.png\",\"width\":500,\"height\":200,\"caption\":\"ACP YAPI ELEMANLARI\"},\"image\":{\"@id\":\"https:\/\/acpyapi.com.tr\/#\/schema\/logo\/image\/\"},\"sameAs\":[\"https:\/\/www.facebook.com\/acpyapielemanlari\/\",\"https:\/\/www.instagram.com\/acpyapielemanlari\/\",\"https:\/\/www.linkedin.com\/company\/acpyapielemanlari\/?originalSubdomain=tr\",\"https:\/\/www.youtube.com\/channel\/UCRyEXuOc3OSvcTY1_yqbE8g\"]}]}<\/script>\n<!-- \/ Yoast SEO plugin. -->","yoast_head_json":{"title":"Gizlilik Politikas\u0131 - ACP YAPI ELEMANLARI","robots":{"index":"index","follow":"follow","max-snippet":"max-snippet:-1","max-image-preview":"max-image-preview:large","max-video-preview":"max-video-preview:-1"},"canonical":"https:\/\/acpyapi.com.tr\/tr\/gizlilik-politikasi\/","og_locale":"tr_TR","og_type":"article","og_title":"Gizlilik Politikas\u0131 - ACP YAPI ELEMANLARI","og_description":"Gizlilik Politikas\u0131 ACP YAPI ELEMANLARI, ki\u015fisel bilgilerin gizlili\u011fi ve korunmas\u0131 ilkesine ba\u011fl\u0131d\u0131r. Bu bildirimde, web sitemizi ziyaret etti\u011finizde ki\u015fisel bilgilerinizi korumak i\u00e7in ger\u00e7ekle\u015ftirdi\u011fimiz ad\u0131mlar ayr\u0131nt\u0131lar\u0131yla a\u00e7\u0131klanmaktad\u0131r. Toplad\u0131\u011f\u0131m\u0131z ki\u015fisel bilgiler, bu bilgilerin hangi ama\u00e7la kullan\u0131ld\u0131\u011f\u0131 ve bunlar\u0131 kullan\u0131m\u0131m\u0131zla [&hellip;]","og_url":"https:\/\/acpyapi.com.tr\/tr\/gizlilik-politikasi\/","og_site_name":"ACP YAPI ELEMANLARI","article_publisher":"https:\/\/www.facebook.com\/acpyapielemanlari\/","article_modified_time":"2024-12-09T13:04:24+00:00","og_image":[{"width":500,"height":200,"url":"https:\/\/acpyapi.com.tr\/wp-content\/uploads\/2023\/10\/logo-siyah.png","type":"image\/png"}],"twitter_card":"summary_large_image","twitter_misc":{"Tahmini okuma s\u00fcresi":"6 dakika"},"schema":{"@context":"https:\/\/schema.org","@graph":[{"@type":"WebPage","@id":"https:\/\/acpyapi.com.tr\/gizlilik-politikasi\/","url":"https:\/\/acpyapi.com.tr\/gizlilik-politikasi\/","name":"Gizlilik Politikas\u0131 - ACP YAPI ELEMANLARI","isPartOf":{"@id":"https:\/\/acpyapi.com.tr\/#website"},"datePublished":"2024-12-09T13:01:46+00:00","dateModified":"2024-12-09T13:04:24+00:00","breadcrumb":{"@id":"https:\/\/acpyapi.com.tr\/gizlilik-politikasi\/#breadcrumb"},"inLanguage":"tr","potentialAction":[{"@type":"ReadAction","target":["https:\/\/acpyapi.com.tr\/gizlilik-politikasi\/"]}]},{"@type":"BreadcrumbList","@id":"https:\/\/acpyapi.com.tr\/gizlilik-politikasi\/#breadcrumb","itemListElement":[{"@type":"ListItem","position":1,"name":"Anasayfa","item":"https:\/\/acpyapi.com.tr\/"},{"@type":"ListItem","position":2,"name":"Gizlilik Politikas\u0131"}]},{"@type":"WebSite","@id":"https:\/\/acpyapi.com.tr\/#website","url":"https:\/\/acpyapi.com.tr\/","name":"ACP YAPI ELEMANLARI","description":"G\u00f6z\u00fcn\u00fcz Arkada Kalmas\u0131n","publisher":{"@id":"https:\/\/acpyapi.com.tr\/#organization"},"alternateName":"ACP Yap\u0131","potentialAction":[{"@type":"SearchAction","target":{"@type":"EntryPoint","urlTemplate":"https:\/\/acpyapi.com.tr\/?s={search_term_string}"},"query-input":{"@type":"PropertyValueSpecification","valueRequired":true,"valueName":"search_term_string"}}],"inLanguage":"tr"},{"@type":"Organization","@id":"https:\/\/acpyapi.com.tr\/#organization","name":"ACP YAPI ELEMANLARI","alternateName":"Acp Yap\u0131","url":"https:\/\/acpyapi.com.tr\/","logo":{"@type":"ImageObject","inLanguage":"tr","@id":"https:\/\/acpyapi.com.tr\/#\/schema\/logo\/image\/","url":"https:\/\/acpyapi.com.tr\/wp-content\/uploads\/2023\/10\/logo-siyah.png","contentUrl":"https:\/\/acpyapi.com.tr\/wp-content\/uploads\/2023\/10\/logo-siyah.png","width":500,"height":200,"caption":"ACP YAPI ELEMANLARI"},"image":{"@id":"https:\/\/acpyapi.com.tr\/#\/schema\/logo\/image\/"},"sameAs":["https:\/\/www.facebook.com\/acpyapielemanlari\/","https:\/\/www.instagram.com\/acpyapielemanlari\/","https:\/\/www.linkedin.com\/company\/acpyapielemanlari\/?originalSubdomain=tr","https:\/\/www.youtube.com\/channel\/UCRyEXuOc3OSvcTY1_yqbE8g"]}]}},"_links":{"self":[{"href":"https:\/\/acpyapi.com.tr\/tr\/wp-json\/wp\/v2\/pages\/16417","targetHints":{"allow":["GET"]}}],"collection":[{"href":"https:\/\/acpyapi.com.tr\/tr\/wp-json\/wp\/v2\/pages"}],"about":[{"href":"https:\/\/acpyapi.com.tr\/tr\/wp-json\/wp\/v2\/types\/page"}],"author":[{"embeddable":true,"href":"https:\/\/acpyapi.com.tr\/tr\/wp-json\/wp\/v2\/users\/1"}],"replies":[{"embeddable":true,"href":"https:\/\/acpyapi.com.tr\/tr\/wp-json\/wp\/v2\/comments?post=16417"}],"version-history":[{"count":0,"href":"https:\/\/acpyapi.com.tr\/tr\/wp-json\/wp\/v2\/pages\/16417\/revisions"}],"wp:attachment":[{"href":"https:\/\/acpyapi.com.tr\/tr\/wp-json\/wp\/v2\/media?parent=16417"}],"curies":[{"name":"wp","href":"https:\/\/api.w.org\/{rel}","templated":true}]}}