{"id":21021,"date":"2025-12-05T09:55:45","date_gmt":"2025-12-05T06:55:45","guid":{"rendered":"https:\/\/acpyapi.com.tr\/?page_id=21021"},"modified":"2025-12-05T09:58:25","modified_gmt":"2025-12-05T06:58:25","slug":"phb-3000","status":"publish","type":"page","link":"https:\/\/acpyapi.com.tr\/tr\/kapi-sistemleri\/phb-3000\/","title":{"rendered":"PHB 3000"},"content":{"rendered":"\t\t<div data-elementor-type=\"wp-page\" data-elementor-id=\"21021\" class=\"elementor elementor-21021\" data-elementor-post-type=\"page\">\n\t\t\t\t\t\t<div class=\"elementor-section elementor-top-section elementor-element elementor-element-7cc7a5e elementor-section-height-min-height elementor-section-boxed elementor-section-height-default elementor-section-items-middle e-parent\" data-id=\"7cc7a5e\" data-element_type=\"section\" data-settings=\"{&quot;background_background&quot;:&quot;classic&quot;,&quot;background_motion_fx_motion_fx_scrolling&quot;:&quot;yes&quot;,&quot;background_motion_fx_translateY_effect&quot;:&quot;yes&quot;,&quot;background_motion_fx_blur_effect&quot;:&quot;yes&quot;,&quot;background_motion_fx_blur_level&quot;:{&quot;unit&quot;:&quot;px&quot;,&quot;size&quot;:8,&quot;sizes&quot;:[]},&quot;background_motion_fx_translateY_speed&quot;:{&quot;unit&quot;:&quot;px&quot;,&quot;size&quot;:4,&quot;sizes&quot;:[]},&quot;background_motion_fx_translateY_affectedRange&quot;:{&quot;unit&quot;:&quot;%&quot;,&quot;size&quot;:&quot;&quot;,&quot;sizes&quot;:{&quot;start&quot;:0,&quot;end&quot;:100}},&quot;background_motion_fx_blur_direction&quot;:&quot;out-in&quot;,&quot;background_motion_fx_blur_range&quot;:{&quot;unit&quot;:&quot;%&quot;,&quot;size&quot;:&quot;&quot;,&quot;sizes&quot;:{&quot;start&quot;:20,&quot;end&quot;:80}},&quot;background_motion_fx_devices&quot;:[&quot;desktop&quot;,&quot;laptop&quot;,&quot;tablet&quot;,&quot;mobile_extra&quot;,&quot;mobile&quot;]}\">\n\t\t\t\t\t\t<div class=\"elementor-container elementor-column-gap-no\">\n\t\t\t\t\t<div class=\"elementor-column elementor-col-100 elementor-top-column elementor-element elementor-element-312ccee lakit-col-width-auto-no\" data-id=\"312ccee\" data-element_type=\"column\">\n\t\t\t<div class=\"elementor-widget-wrap elementor-element-populated\">\n\t\t\t\t<div class=\"elementor-element elementor-element-bfb54dc e-flex e-con-boxed lakit-col-width-auto-no e-container e-root-container elementor-top-section e-con e-parent\" data-id=\"bfb54dc\" data-element_type=\"container\">\n\t\t\t\t\t<div class=\"e-con-inner\">\n\t\t\t\t<div class=\"elementor-element elementor-element-378b7c3 elementor-widget elementor-widget-page-title\" data-id=\"378b7c3\" data-element_type=\"widget\" data-settings=\"{&quot;align&quot;:&quot;center&quot;}\" data-widget_type=\"page-title.default\">\n\t\t\t\t<div class=\"elementor-widget-container\">\n\t\t\t\t\t\t\t\n\t\t<div class=\"hfe-page-title hfe-page-title-wrapper elementor-widget-heading\">\n\n\t\t\t\t\t\t\t\t\t\t\t<a href=\"https:\/\/acpyapi.com.tr\/tr\">\n\t\t\t\t\t\t<h2 class=\"elementor-heading-title elementor-size-default\">\n\t\t\t\t\t\t\t\t\n\t\t\t\tPHB 3000  \n\t\t\t<\/h2 > \n\t\t\t\t\t\t\t\t\t<\/a>\n\t\t\t\t\t<\/div>\n\t\t\t\t\t\t<\/div>\n\t\t\t\t<\/div>\n\t\t\t\t\t<\/div>\n\t\t\t\t<\/div>\n\t\t\t\t\t<\/div>\n\t\t<\/div>\n\t\t\t\t\t<\/div>\n\t\t<\/div>\n\t\t<div class=\"elementor-element elementor-element-aa4dfa0 e-flex e-con-boxed lakit-col-width-auto-no e-container e-root-container elementor-top-section e-con e-parent\" data-id=\"aa4dfa0\" data-element_type=\"container\">\n\t\t\t\t\t<div class=\"e-con-inner\">\n\t\t<div class=\"elementor-element elementor-element-428f37b e-flex e-con-boxed lakit-col-width-auto-no e-container e-con e-child\" data-id=\"428f37b\" data-element_type=\"container\">\n\t\t\t\t\t<div class=\"e-con-inner\">\n\t\t\t\t<div class=\"elementor-element elementor-element-dce0dbe elementor-widget elementor-widget-lastudio-slides\" data-id=\"dce0dbe\" data-element_type=\"widget\" data-widget_type=\"lastudio-slides.default\">\n\t\t\t\t<div class=\"elementor-widget-container\">\n\t\t\t\t\t\t\t<div class=\"elementor-slides-wrapper elementor-slick-slider\" dir=\"ltr\">\n\t\t\t<div class=\"lastudio-carousel elementor-slides\" data-slider_options=\"{&quot;slidesToShow&quot;:1,&quot;autoplaySpeed&quot;:0,&quot;autoplay&quot;:false,&quot;infinite&quot;:true,&quot;pauseOnHover&quot;:true,&quot;speed&quot;:500,&quot;arrows&quot;:true,&quot;dots&quot;:true,&quot;rtl&quot;:false,&quot;prevArrow&quot;:&quot;&lt;button class=\\&quot;lastudio-arrow prev-arrow slick-prev slick-arrow\\&quot;&gt;&lt;i class=\\&quot;lastudioicon-left-arrow\\&quot;&gt;&lt;\\\/i&gt;&lt;\\\/button&gt;&quot;,&quot;nextArrow&quot;:&quot;&lt;button class=\\&quot;lastudio-arrow next-arrow slick-next slick-arrow\\&quot;&gt;&lt;i class=\\&quot;lastudioicon-right-arrow\\&quot;&gt;&lt;\\\/i&gt;&lt;\\\/button&gt;&quot;}\" data-animation=\"fadeInUp\">\n\t\t\t\t<div class=\"elementor-repeater-item-752c1d1  slick-slide\"><div class=\"slick-slide-bg\"><\/div><div  class=\"slick-slide-inner\"><div class=\"elementor-slide-content\"><\/div><\/div><\/div><div class=\"elementor-repeater-item-88bdf34  slick-slide\"><div class=\"slick-slide-bg\"><\/div><div  class=\"slick-slide-inner\"><div class=\"elementor-slide-content\"><\/div><\/div><\/div><div class=\"elementor-repeater-item-c49f733  slick-slide\"><div class=\"slick-slide-bg\"><\/div><div  class=\"slick-slide-inner\"><div class=\"elementor-slide-content\"><\/div><\/div><\/div>\t\t\t<\/div>\n\t\t<\/div>\n\t\t\t\t\t\t<\/div>\n\t\t\t\t<\/div>\n\t\t\t\t\t<\/div>\n\t\t\t\t<\/div>\n\t\t<div class=\"elementor-element elementor-element-5b69fb4 e-flex e-con-boxed lakit-col-width-auto-no e-container e-con e-child\" data-id=\"5b69fb4\" data-element_type=\"container\">\n\t\t\t\t\t<div class=\"e-con-inner\">\n\t\t\t\t<div class=\"elementor-element elementor-element-dc21830 lakit-breadcrumbs-on-front-yes lakit-breadcrumbs-page-title-yes elementor-widget lastudio-kit elementor-lakit-breadcrumbs\" data-id=\"dc21830\" data-element_type=\"widget\" data-widget_type=\"lakit-breadcrumbs.default\">\n\t\t\t\t\t\n\t\t<div class=\"lakit-breadcrumbs\">\n\t\t<div class=\"lakit-breadcrumbs__content\">\n\t\t<div class=\"lakit-breadcrumbs__wrap\"><div class=\"lakit-breadcrumbs__item\"><a href=\"https:\/\/acpyapi.com.tr\/tr\/\" class=\"lakit-breadcrumbs__item-link is-home\" rel=\"home\" title=\"Anasayfa\">Anasayfa<\/a><\/div>\n\t\t<\/div>\n\t\t<\/div>\n\t\t<\/div>\t\t\t\t<\/div>\n\t\t\t\t<div class=\"elementor-element elementor-element-7e49278 elementor-widget elementor-widget-text-editor\" data-id=\"7e49278\" data-element_type=\"widget\" data-widget_type=\"text-editor.default\">\n\t\t\t\t<div class=\"elementor-widget-container\">\n\t\t\t\t\t\t\t\t\t<p>Bu sistemle dormakaba, g\u00fcvenlik, g\u00fcvenilirlik ve estetik cazibenin ka\u00e7\u0131n\u0131lmaz gereklilikler oldu\u011fu uygulamalar olan acil durum \u00e7\u0131k\u0131\u015flar\u0131 ve ka\u00e7\u0131\u015f g\u00fczergahlar\u0131ndaki kap\u0131lar i\u00e7in yatay ve dikey kilitlenmeye sahip kapsaml\u0131 bir yelpazede y\u00fcksek kaliteli panik donan\u0131m tertibat\u0131 sunabilmektedir<\/p><p>\u00a0<\/p>\t\t\t\t\t\t\t\t<\/div>\n\t\t\t\t<\/div>\n\t\t\t\t\t<\/div>\n\t\t\t\t<\/div>\n\t\t\t\t\t<\/div>\n\t\t\t\t<\/div>\n\t\t<div class=\"elementor-element elementor-element-5bff685 e-flex e-con-boxed lakit-col-width-auto-no e-container e-root-container elementor-top-section e-con e-parent\" data-id=\"5bff685\" data-element_type=\"container\">\n\t\t\t\t\t<div class=\"e-con-inner\">\n\t\t\t\t<div class=\"elementor-element elementor-element-b95901a elementor-widget elementor-widget-spacer\" data-id=\"b95901a\" data-element_type=\"widget\" data-widget_type=\"spacer.default\">\n\t\t\t\t<div class=\"elementor-widget-container\">\n\t\t\t\t\t\t\t<div class=\"elementor-spacer\">\n\t\t\t<div class=\"elementor-spacer-inner\"><\/div>\n\t\t<\/div>\n\t\t\t\t\t\t<\/div>\n\t\t\t\t<\/div>\n\t\t\t\t<div class=\"elementor-element elementor-element-45ebef8 e-n-tabs-mobile elementor-widget elementor-widget-n-tabs\" data-id=\"45ebef8\" data-element_type=\"widget\" data-settings=\"{&quot;tabs_justify_horizontal&quot;:&quot;start&quot;,&quot;horizontal_scroll&quot;:&quot;disable&quot;}\" data-widget_type=\"nested-tabs.default\">\n\t\t\t\t<div class=\"elementor-widget-container\">\n\t\t\t\t\t\t\t<div class=\"e-n-tabs\" data-widget-number=\"73318136\" aria-label=\"Sekmeler. Enter ve Space ile \u00f6geleri a\u00e7abilir, Escape ile \u00f6geleri kapatabilir ve Y\u00f6n tu\u015flar\u0131 ile \u00f6geler aras\u0131nda gezinebilirsiniz.\">\n\t\t\t<div class=\"e-n-tabs-heading\" role=\"tablist\">\n\t\t\t\t\t<button id=\"e-n-tab-title-733181361\" class=\"e-n-tab-title\" aria-selected=\"true\" data-tab-index=\"1\" role=\"tab\" tabindex=\"0\" aria-controls=\"e-n-tab-content-733181361\" style=\"--n-tabs-title-order: 1;\">\n\t\t\t\t\t\t<span class=\"e-n-tab-title-text\">\n\t\t\t\tTeknik \u00d6zellikler\t\t\t<\/span>\n\t\t<\/button>\n\t\t\t\t\t<\/div>\n\t\t\t<div class=\"e-n-tabs-content\">\n\t\t\t\t<div id=\"e-n-tab-content-733181361\" role=\"tabpanel\" aria-labelledby=\"e-n-tab-title-733181361\" data-tab-index=\"1\" style=\"--n-tabs-title-order: 1;\" class=\"e-active elementor-element elementor-element-a863773 e-flex e-con-boxed lakit-col-width-auto-no e-container e-con e-child\" data-id=\"a863773\" data-element_type=\"container\">\n\t\t\t\t\t<div class=\"e-con-inner\">\n\t\t<div class=\"elementor-element elementor-element-eb94c23 e-flex e-con-boxed lakit-col-width-auto-no e-container e-con e-child\" data-id=\"eb94c23\" data-element_type=\"container\">\n\t\t\t\t\t<div class=\"e-con-inner\">\n\t\t\t\t<div class=\"elementor-element elementor-element-37291d2 elementor-widget elementor-widget-text-editor\" data-id=\"37291d2\" data-element_type=\"widget\" data-widget_type=\"text-editor.default\">\n\t\t\t\t<div class=\"elementor-widget-container\">\n\t\t\t\t\t\t\t\t\t<p><strong>dormakaba&#8217;n\u0131n PHA ve PHB \u00fcr\u00fcnleri<\/strong><\/p><p>Bu \u00fcr\u00fcnler hastane, \u00fcniversite ve okullar, konser salonlar\u0131, al\u0131\u015fveri\u015f merkezleri, otel ve idari binalar gibi yo\u011fun yaya trafi\u011fine sahip tesislerde ortaya \u00e7\u0131kan donan\u0131m gerekliliklerini eksiksiz olarak kapsamaktad\u0131r.\u00a0<\/p><p><strong>\u00c7e\u015fitli uygulamalar i\u00e7in pratik panik \u00e7\u0131k\u0131\u015f donan\u0131mlar\u0131<\/strong><\/p><p>PHT d\u0131\u015f aksesuarlar\u0131yla kombin edilen PHA 2000 ve PHB 3000 panik bar serileriyle birlikte dormakaba\u00a0yaln\u0131zca \u00e7er\u00e7eveli kap\u0131lar i\u00e7in de\u011fil ayn\u0131 zamanda ah\u015fap ve benzer nitelikteki dolu kanatlar i\u00e7in de uygun bir \u00e7e\u015fitlilik sunar. Geni\u015f \u00f6l\u00e7\u00fcde emniyete sahip mandall\u0131 s\u00fcrg\u00fc normal olarak \u00e7er\u00e7eve \u00fczerine monte edilen bir tutucuya ge\u00e7irilir. B\u00f6ylece mandal\u0131n \u00e7ok kolay bir \u015fekilde tak\u0131lmas\u0131 ve kap\u0131n\u0131n da emniyetli bir \u015fekilde kilitlenmesi sa\u011flan\u0131r.<\/p><p><strong>Kalitesi test edilmi\u015ftir<\/strong><\/p><p>dormakaba PHA 2000 ve PHB 3000 serilerine ait Panik \u00c7\u0131k\u0131\u015f Donan\u0131m\u0131 \u00fcr\u00fcnleri EN 1125 kapsam\u0131nda test edildi ve uygunlu\u011fu onayland\u0131. T\u00fcm \u00fcr\u00fcnler EN 1125 Ek ZA gerekliliklerini kar\u015f\u0131lamaktad\u0131r ve bu nedenle uygunluk ibaresi ta\u015f\u0131ma yetkinli\u011fine sahiptir.<\/p>\t\t\t\t\t\t\t\t<\/div>\n\t\t\t\t<\/div>\n\t\t\t\t\t<\/div>\n\t\t\t\t<\/div>\n\t\t\t\t\t<\/div>\n\t\t\t\t<\/div>\n\t\t\t\t\t<\/div>\n\t\t<\/div>\n\t\t\t\t\t\t<\/div>\n\t\t\t\t<\/div>\n\t\t\t\t\t<\/div>\n\t\t\t\t<\/div>\n\t\t\t\t<\/div>\n\t\t","protected":false},"excerpt":{"rendered":"<p>PHB 3000 Anasayfa Bu sistemle dormakaba, g\u00fcvenlik, g\u00fcvenilirlik ve estetik cazibenin ka\u00e7\u0131n\u0131lmaz gereklilikler oldu\u011fu uygulamalar olan acil durum \u00e7\u0131k\u0131\u015flar\u0131 ve ka\u00e7\u0131\u015f g\u00fczergahlar\u0131ndaki kap\u0131lar i\u00e7in yatay ve dikey kilitlenmeye sahip kapsaml\u0131 bir yelpazede y\u00fcksek kaliteli panik donan\u0131m tertibat\u0131 [&hellip;]<\/p>\n","protected":false},"author":1,"featured_media":0,"parent":3129,"menu_order":0,"comment_status":"closed","ping_status":"closed","template":"","meta":{"footnotes":""},"class_list":["post-21021","page","type-page","status-publish","hentry"],"yoast_head":"<!-- This site is optimized with the Yoast SEO plugin v26.1.1 - https:\/\/yoast.com\/wordpress\/plugins\/seo\/ -->\n<title>PHB 3000 - ACP YAPI ELEMANLARI<\/title>\n<meta name=\"description\" content=\"dormakaba PHA 2000 ve PHB 3000 serilerine ait Panik \u00c7\u0131k\u0131\u015f Donan\u0131m\u0131 \u00fcr\u00fcnleri EN 1125 kapsam\u0131nda test edildi ve uygunlu\u011fu onayland\u0131.\" \/>\n<meta name=\"robots\" content=\"index, follow, max-snippet:-1, max-image-preview:large, max-video-preview:-1\" \/>\n<link rel=\"canonical\" href=\"https:\/\/acpyapi.com.tr\/tr\/kapi-sistemleri\/phb-3000\/\" \/>\n<meta property=\"og:locale\" content=\"tr_TR\" \/>\n<meta property=\"og:type\" content=\"article\" \/>\n<meta property=\"og:title\" content=\"PHB 3000 - ACP YAPI ELEMANLARI\" \/>\n<meta property=\"og:description\" content=\"dormakaba PHA 2000 ve PHB 3000 serilerine ait Panik \u00c7\u0131k\u0131\u015f Donan\u0131m\u0131 \u00fcr\u00fcnleri EN 1125 kapsam\u0131nda test edildi ve uygunlu\u011fu onayland\u0131.\" \/>\n<meta property=\"og:url\" content=\"https:\/\/acpyapi.com.tr\/tr\/kapi-sistemleri\/phb-3000\/\" \/>\n<meta property=\"og:site_name\" content=\"ACP YAPI ELEMANLARI\" \/>\n<meta property=\"article:publisher\" content=\"https:\/\/www.facebook.com\/acpyapielemanlari\/\" \/>\n<meta property=\"article:modified_time\" content=\"2025-12-05T06:58:25+00:00\" \/>\n<meta property=\"og:image\" content=\"https:\/\/acpyapi.com.tr\/wp-content\/uploads\/2023\/10\/logo-siyah.png\" \/>\n\t<meta property=\"og:image:width\" content=\"500\" \/>\n\t<meta property=\"og:image:height\" content=\"200\" \/>\n\t<meta property=\"og:image:type\" content=\"image\/png\" \/>\n<meta name=\"twitter:card\" content=\"summary_large_image\" \/>\n<meta name=\"twitter:label1\" content=\"Tahmini okuma s\u00fcresi\" \/>\n\t<meta name=\"twitter:data1\" content=\"2 dakika\" \/>\n<script type=\"application\/ld+json\" class=\"yoast-schema-graph\">{\"@context\":\"https:\/\/schema.org\",\"@graph\":[{\"@type\":\"WebPage\",\"@id\":\"https:\/\/acpyapi.com.tr\/kapi-sistemleri\/phb-3000\/\",\"url\":\"https:\/\/acpyapi.com.tr\/kapi-sistemleri\/phb-3000\/\",\"name\":\"PHB 3000 - ACP YAPI ELEMANLARI\",\"isPartOf\":{\"@id\":\"https:\/\/acpyapi.com.tr\/#website\"},\"datePublished\":\"2025-12-05T06:55:45+00:00\",\"dateModified\":\"2025-12-05T06:58:25+00:00\",\"description\":\"dormakaba PHA 2000 ve PHB 3000 serilerine ait Panik \u00c7\u0131k\u0131\u015f Donan\u0131m\u0131 \u00fcr\u00fcnleri EN 1125 kapsam\u0131nda test edildi ve uygunlu\u011fu onayland\u0131.\",\"breadcrumb\":{\"@id\":\"https:\/\/acpyapi.com.tr\/kapi-sistemleri\/phb-3000\/#breadcrumb\"},\"inLanguage\":\"tr\",\"potentialAction\":[{\"@type\":\"ReadAction\",\"target\":[\"https:\/\/acpyapi.com.tr\/kapi-sistemleri\/phb-3000\/\"]}]},{\"@type\":\"BreadcrumbList\",\"@id\":\"https:\/\/acpyapi.com.tr\/kapi-sistemleri\/phb-3000\/#breadcrumb\",\"itemListElement\":[{\"@type\":\"ListItem\",\"position\":1,\"name\":\"Anasayfa\",\"item\":\"https:\/\/acpyapi.com.tr\/\"},{\"@type\":\"ListItem\",\"position\":2,\"name\":\"Kap\u0131 Sistemleri\",\"item\":\"https:\/\/acpyapi.com.tr\/kapi-sistemleri\/\"},{\"@type\":\"ListItem\",\"position\":3,\"name\":\"PHB 3000\"}]},{\"@type\":\"WebSite\",\"@id\":\"https:\/\/acpyapi.com.tr\/#website\",\"url\":\"https:\/\/acpyapi.com.tr\/\",\"name\":\"ACP YAPI ELEMANLARI\",\"description\":\"G\u00f6z\u00fcn\u00fcz Arkada Kalmas\u0131n\",\"publisher\":{\"@id\":\"https:\/\/acpyapi.com.tr\/#organization\"},\"alternateName\":\"ACP Yap\u0131\",\"potentialAction\":[{\"@type\":\"SearchAction\",\"target\":{\"@type\":\"EntryPoint\",\"urlTemplate\":\"https:\/\/acpyapi.com.tr\/?s={search_term_string}\"},\"query-input\":{\"@type\":\"PropertyValueSpecification\",\"valueRequired\":true,\"valueName\":\"search_term_string\"}}],\"inLanguage\":\"tr\"},{\"@type\":\"Organization\",\"@id\":\"https:\/\/acpyapi.com.tr\/#organization\",\"name\":\"ACP YAPI ELEMANLARI\",\"alternateName\":\"Acp Yap\u0131\",\"url\":\"https:\/\/acpyapi.com.tr\/\",\"logo\":{\"@type\":\"ImageObject\",\"inLanguage\":\"tr\",\"@id\":\"https:\/\/acpyapi.com.tr\/#\/schema\/logo\/image\/\",\"url\":\"https:\/\/acpyapi.com.tr\/wp-content\/uploads\/2023\/10\/logo-siyah.png\",\"contentUrl\":\"https:\/\/acpyapi.com.tr\/wp-content\/uploads\/2023\/10\/logo-siyah.png\",\"width\":500,\"height\":200,\"caption\":\"ACP YAPI ELEMANLARI\"},\"image\":{\"@id\":\"https:\/\/acpyapi.com.tr\/#\/schema\/logo\/image\/\"},\"sameAs\":[\"https:\/\/www.facebook.com\/acpyapielemanlari\/\",\"https:\/\/www.instagram.com\/acpyapielemanlari\/\",\"https:\/\/www.linkedin.com\/company\/acpyapielemanlari\/?originalSubdomain=tr\",\"https:\/\/www.youtube.com\/channel\/UCRyEXuOc3OSvcTY1_yqbE8g\"]}]}<\/script>\n<!-- \/ Yoast SEO plugin. -->","yoast_head_json":{"title":"PHB 3000 - ACP YAPI ELEMANLARI","description":"dormakaba PHA 2000 ve PHB 3000 serilerine ait Panik \u00c7\u0131k\u0131\u015f Donan\u0131m\u0131 \u00fcr\u00fcnleri EN 1125 kapsam\u0131nda test edildi ve uygunlu\u011fu onayland\u0131.","robots":{"index":"index","follow":"follow","max-snippet":"max-snippet:-1","max-image-preview":"max-image-preview:large","max-video-preview":"max-video-preview:-1"},"canonical":"https:\/\/acpyapi.com.tr\/tr\/kapi-sistemleri\/phb-3000\/","og_locale":"tr_TR","og_type":"article","og_title":"PHB 3000 - ACP YAPI ELEMANLARI","og_description":"dormakaba PHA 2000 ve PHB 3000 serilerine ait Panik \u00c7\u0131k\u0131\u015f Donan\u0131m\u0131 \u00fcr\u00fcnleri EN 1125 kapsam\u0131nda test edildi ve uygunlu\u011fu onayland\u0131.","og_url":"https:\/\/acpyapi.com.tr\/tr\/kapi-sistemleri\/phb-3000\/","og_site_name":"ACP YAPI ELEMANLARI","article_publisher":"https:\/\/www.facebook.com\/acpyapielemanlari\/","article_modified_time":"2025-12-05T06:58:25+00:00","og_image":[{"width":500,"height":200,"url":"https:\/\/acpyapi.com.tr\/wp-content\/uploads\/2023\/10\/logo-siyah.png","type":"image\/png"}],"twitter_card":"summary_large_image","twitter_misc":{"Tahmini okuma s\u00fcresi":"2 dakika"},"schema":{"@context":"https:\/\/schema.org","@graph":[{"@type":"WebPage","@id":"https:\/\/acpyapi.com.tr\/kapi-sistemleri\/phb-3000\/","url":"https:\/\/acpyapi.com.tr\/kapi-sistemleri\/phb-3000\/","name":"PHB 3000 - ACP YAPI ELEMANLARI","isPartOf":{"@id":"https:\/\/acpyapi.com.tr\/#website"},"datePublished":"2025-12-05T06:55:45+00:00","dateModified":"2025-12-05T06:58:25+00:00","description":"dormakaba PHA 2000 ve PHB 3000 serilerine ait Panik \u00c7\u0131k\u0131\u015f Donan\u0131m\u0131 \u00fcr\u00fcnleri EN 1125 kapsam\u0131nda test edildi ve uygunlu\u011fu onayland\u0131.","breadcrumb":{"@id":"https:\/\/acpyapi.com.tr\/kapi-sistemleri\/phb-3000\/#breadcrumb"},"inLanguage":"tr","potentialAction":[{"@type":"ReadAction","target":["https:\/\/acpyapi.com.tr\/kapi-sistemleri\/phb-3000\/"]}]},{"@type":"BreadcrumbList","@id":"https:\/\/acpyapi.com.tr\/kapi-sistemleri\/phb-3000\/#breadcrumb","itemListElement":[{"@type":"ListItem","position":1,"name":"Anasayfa","item":"https:\/\/acpyapi.com.tr\/"},{"@type":"ListItem","position":2,"name":"Kap\u0131 Sistemleri","item":"https:\/\/acpyapi.com.tr\/kapi-sistemleri\/"},{"@type":"ListItem","position":3,"name":"PHB 3000"}]},{"@type":"WebSite","@id":"https:\/\/acpyapi.com.tr\/#website","url":"https:\/\/acpyapi.com.tr\/","name":"ACP YAPI ELEMANLARI","description":"G\u00f6z\u00fcn\u00fcz Arkada Kalmas\u0131n","publisher":{"@id":"https:\/\/acpyapi.com.tr\/#organization"},"alternateName":"ACP Yap\u0131","potentialAction":[{"@type":"SearchAction","target":{"@type":"EntryPoint","urlTemplate":"https:\/\/acpyapi.com.tr\/?s={search_term_string}"},"query-input":{"@type":"PropertyValueSpecification","valueRequired":true,"valueName":"search_term_string"}}],"inLanguage":"tr"},{"@type":"Organization","@id":"https:\/\/acpyapi.com.tr\/#organization","name":"ACP YAPI ELEMANLARI","alternateName":"Acp Yap\u0131","url":"https:\/\/acpyapi.com.tr\/","logo":{"@type":"ImageObject","inLanguage":"tr","@id":"https:\/\/acpyapi.com.tr\/#\/schema\/logo\/image\/","url":"https:\/\/acpyapi.com.tr\/wp-content\/uploads\/2023\/10\/logo-siyah.png","contentUrl":"https:\/\/acpyapi.com.tr\/wp-content\/uploads\/2023\/10\/logo-siyah.png","width":500,"height":200,"caption":"ACP YAPI ELEMANLARI"},"image":{"@id":"https:\/\/acpyapi.com.tr\/#\/schema\/logo\/image\/"},"sameAs":["https:\/\/www.facebook.com\/acpyapielemanlari\/","https:\/\/www.instagram.com\/acpyapielemanlari\/","https:\/\/www.linkedin.com\/company\/acpyapielemanlari\/?originalSubdomain=tr","https:\/\/www.youtube.com\/channel\/UCRyEXuOc3OSvcTY1_yqbE8g"]}]}},"_links":{"self":[{"href":"https:\/\/acpyapi.com.tr\/tr\/wp-json\/wp\/v2\/pages\/21021","targetHints":{"allow":["GET"]}}],"collection":[{"href":"https:\/\/acpyapi.com.tr\/tr\/wp-json\/wp\/v2\/pages"}],"about":[{"href":"https:\/\/acpyapi.com.tr\/tr\/wp-json\/wp\/v2\/types\/page"}],"author":[{"embeddable":true,"href":"https:\/\/acpyapi.com.tr\/tr\/wp-json\/wp\/v2\/users\/1"}],"replies":[{"embeddable":true,"href":"https:\/\/acpyapi.com.tr\/tr\/wp-json\/wp\/v2\/comments?post=21021"}],"version-history":[{"count":7,"href":"https:\/\/acpyapi.com.tr\/tr\/wp-json\/wp\/v2\/pages\/21021\/revisions"}],"predecessor-version":[{"id":21032,"href":"https:\/\/acpyapi.com.tr\/tr\/wp-json\/wp\/v2\/pages\/21021\/revisions\/21032"}],"up":[{"embeddable":true,"href":"https:\/\/acpyapi.com.tr\/tr\/wp-json\/wp\/v2\/pages\/3129"}],"wp:attachment":[{"href":"https:\/\/acpyapi.com.tr\/tr\/wp-json\/wp\/v2\/media?parent=21021"}],"curies":[{"name":"wp","href":"https:\/\/api.w.org\/{rel}","templated":true}]}}