{"id":21128,"date":"2025-12-16T11:01:23","date_gmt":"2025-12-16T08:01:23","guid":{"rendered":"https:\/\/acpyapi.com.tr\/?page_id=21128"},"modified":"2025-12-16T11:18:26","modified_gmt":"2025-12-16T08:18:26","slug":"liwin-35-slim-230v-wf-zincirli-acki-mek","status":"publish","type":"page","link":"https:\/\/acpyapi.com.tr\/tr\/pencere-acki-motorlari\/comunello-liwin\/liwin-35-slim-230v-wf-zincirli-acki-mek\/","title":{"rendered":"Liwin 35 Slim 230V-WF Zincirli A\u00e7k\u0131 Mek."},"content":{"rendered":"\t\t<div data-elementor-type=\"wp-page\" data-elementor-id=\"21128\" class=\"elementor elementor-21128\" data-elementor-post-type=\"page\">\n\t\t\t\t\t\t<div class=\"elementor-section elementor-top-section elementor-element elementor-element-667faed elementor-section-height-min-height elementor-section-boxed elementor-section-height-default elementor-section-items-middle e-parent\" data-id=\"667faed\" data-element_type=\"section\" data-settings=\"{&quot;background_background&quot;:&quot;classic&quot;,&quot;background_motion_fx_motion_fx_scrolling&quot;:&quot;yes&quot;,&quot;background_motion_fx_translateY_effect&quot;:&quot;yes&quot;,&quot;background_motion_fx_blur_effect&quot;:&quot;yes&quot;,&quot;background_motion_fx_blur_level&quot;:{&quot;unit&quot;:&quot;px&quot;,&quot;size&quot;:1,&quot;sizes&quot;:[]},&quot;background_motion_fx_opacity_effect&quot;:&quot;yes&quot;,&quot;background_motion_fx_blur_range&quot;:{&quot;unit&quot;:&quot;%&quot;,&quot;size&quot;:&quot;&quot;,&quot;sizes&quot;:{&quot;start&quot;:20,&quot;end&quot;:55}},&quot;background_motion_fx_translateY_speed&quot;:{&quot;unit&quot;:&quot;px&quot;,&quot;size&quot;:4,&quot;sizes&quot;:[]},&quot;background_motion_fx_translateY_affectedRange&quot;:{&quot;unit&quot;:&quot;%&quot;,&quot;size&quot;:&quot;&quot;,&quot;sizes&quot;:{&quot;start&quot;:0,&quot;end&quot;:100}},&quot;background_motion_fx_opacity_direction&quot;:&quot;out-in&quot;,&quot;background_motion_fx_opacity_level&quot;:{&quot;unit&quot;:&quot;px&quot;,&quot;size&quot;:10,&quot;sizes&quot;:[]},&quot;background_motion_fx_opacity_range&quot;:{&quot;unit&quot;:&quot;%&quot;,&quot;size&quot;:&quot;&quot;,&quot;sizes&quot;:{&quot;start&quot;:20,&quot;end&quot;:80}},&quot;background_motion_fx_blur_direction&quot;:&quot;out-in&quot;,&quot;background_motion_fx_devices&quot;:[&quot;desktop&quot;,&quot;laptop&quot;,&quot;tablet&quot;,&quot;mobile_extra&quot;,&quot;mobile&quot;]}\">\n\t\t\t\t\t\t<div class=\"elementor-container elementor-column-gap-no\">\n\t\t\t\t\t<div class=\"elementor-column elementor-col-100 elementor-top-column elementor-element elementor-element-00f8fb9 lakit-col-width-auto-no\" data-id=\"00f8fb9\" data-element_type=\"column\">\n\t\t\t<div class=\"elementor-widget-wrap elementor-element-populated\">\n\t\t\t\t\t\t<div class=\"elementor-element elementor-element-46ca024 elementor-widget elementor-widget-page-title\" data-id=\"46ca024\" data-element_type=\"widget\" data-settings=\"{&quot;align&quot;:&quot;center&quot;}\" data-widget_type=\"page-title.default\">\n\t\t\t\t<div class=\"elementor-widget-container\">\n\t\t\t\t\t\t\t\n\t\t<div class=\"hfe-page-title hfe-page-title-wrapper elementor-widget-heading\">\n\n\t\t\t\t\t\t\t\t\t\t\t<a href=\"https:\/\/acpyapi.com.tr\/tr\">\n\t\t\t\t\t\t<h2 class=\"elementor-heading-title elementor-size-default\">\n\t\t\t\t\t\t\t\t\n\t\t\t\tLiwin 35 Slim 230V-WF Zincirli A\u00e7k\u0131 Mek.  \n\t\t\t<\/h2 > \n\t\t\t\t\t\t\t\t\t<\/a>\n\t\t\t\t\t<\/div>\n\t\t\t\t\t\t<\/div>\n\t\t\t\t<\/div>\n\t\t\t\t\t<\/div>\n\t\t<\/div>\n\t\t\t\t\t<\/div>\n\t\t<\/div>\n\t\t<div class=\"elementor-element elementor-element-aa4dfa0 e-flex e-con-boxed lakit-col-width-auto-no e-container e-root-container elementor-top-section e-con e-parent\" data-id=\"aa4dfa0\" data-element_type=\"container\">\n\t\t\t\t\t<div class=\"e-con-inner\">\n\t\t<div class=\"elementor-element elementor-element-428f37b e-flex e-con-boxed lakit-col-width-auto-no e-container e-con e-child\" data-id=\"428f37b\" data-element_type=\"container\">\n\t\t\t\t\t<div class=\"e-con-inner\">\n\t\t\t\t<div class=\"elementor-element elementor-element-b4ed98d elementor-widget elementor-widget-lastudio-slides\" data-id=\"b4ed98d\" data-element_type=\"widget\" data-widget_type=\"lastudio-slides.default\">\n\t\t\t\t<div class=\"elementor-widget-container\">\n\t\t\t\t\t\t\t<div class=\"elementor-slides-wrapper elementor-slick-slider\" dir=\"ltr\">\n\t\t\t<div class=\"lastudio-carousel elementor-slides\" data-slider_options=\"{&quot;slidesToShow&quot;:1,&quot;autoplaySpeed&quot;:0,&quot;autoplay&quot;:false,&quot;infinite&quot;:true,&quot;pauseOnHover&quot;:true,&quot;speed&quot;:500,&quot;arrows&quot;:true,&quot;dots&quot;:true,&quot;rtl&quot;:false,&quot;prevArrow&quot;:&quot;&lt;button class=\\&quot;lastudio-arrow prev-arrow slick-prev slick-arrow\\&quot;&gt;&lt;i class=\\&quot;lastudioicon-left-arrow\\&quot;&gt;&lt;\\\/i&gt;&lt;\\\/button&gt;&quot;,&quot;nextArrow&quot;:&quot;&lt;button class=\\&quot;lastudio-arrow next-arrow slick-next slick-arrow\\&quot;&gt;&lt;i class=\\&quot;lastudioicon-right-arrow\\&quot;&gt;&lt;\\\/i&gt;&lt;\\\/button&gt;&quot;}\" data-animation=\"fadeInUp\">\n\t\t\t\t<div class=\"elementor-repeater-item-99e75f8  slick-slide\"><div class=\"slick-slide-bg\"><\/div><div  class=\"slick-slide-inner\"><div class=\"elementor-slide-content\"><\/div><\/div><\/div>\t\t\t<\/div>\n\t\t<\/div>\n\t\t\t\t\t\t<\/div>\n\t\t\t\t<\/div>\n\t\t\t\t\t<\/div>\n\t\t\t\t<\/div>\n\t\t<div class=\"elementor-element elementor-element-5b69fb4 e-flex e-con-boxed lakit-col-width-auto-no e-container e-con e-child\" data-id=\"5b69fb4\" data-element_type=\"container\">\n\t\t\t\t\t<div class=\"e-con-inner\">\n\t\t\t\t<div class=\"elementor-element elementor-element-30a13b8 lakit-breadcrumbs-on-front-yes lakit-breadcrumbs-page-title-yes elementor-widget lastudio-kit elementor-lakit-breadcrumbs\" data-id=\"30a13b8\" data-element_type=\"widget\" data-widget_type=\"lakit-breadcrumbs.default\">\n\t\t\t\t\t\n\t\t<div class=\"lakit-breadcrumbs\">\n\t\t<div class=\"lakit-breadcrumbs__content\">\n\t\t<div class=\"lakit-breadcrumbs__wrap\"><div class=\"lakit-breadcrumbs__item\"><a href=\"https:\/\/acpyapi.com.tr\/tr\/\" class=\"lakit-breadcrumbs__item-link is-home\" rel=\"home\" title=\"Anasayfa\">Anasayfa<\/a><\/div>\n\t\t<\/div>\n\t\t<\/div>\n\t\t<\/div>\t\t\t\t<\/div>\n\t\t\t\t<div class=\"elementor-element elementor-element-7e49278 elementor-widget elementor-widget-text-editor\" data-id=\"7e49278\" data-element_type=\"widget\" data-widget_type=\"text-editor.default\">\n\t\t\t\t<div class=\"elementor-widget-container\">\n\t\t\t\t\t\t\t\t\t<p>Birden fazla akt\u00fcat\u00f6r\u00fcn senkronizasyonu, Parametre ayarlamas\u0131, QRCode&#8217;u tarayarak ger\u00e7ek zamanl\u0131 kay\u0131t ve tan\u0131lama. Akt\u00fcat\u00f6r\u00fcn azalt\u0131lm\u0131\u015f kal\u0131nl\u0131\u011f\u0131 ve \u00f6zel braketleri, dar alanlarda bile montaj\u0131n h\u0131zl\u0131 ve kolay olmas\u0131n\u0131 sa\u011flar.Yeni Wi-Fi teknolojisi, Mowin App kullan\u0131larak \u00e7ok hassas ayarlamalar yapma olana\u011f\u0131 sa\u011flamas\u0131n\u0131n yan\u0131 s\u0131ra, tek bir pencereye veya y\u00fcksek kuvvet gerektiren sistemlere birden fazla akt\u00fcat\u00f6r\u00fcn olas\u0131 montaj\u0131 i\u00e7in 8 adede kadar LIWIN L35&#8217;in senkronizasyonuna olanak tan\u0131r.Mowin Uygulamas\u0131, bildirilen herhangi bir anormallikle son manevralar\u0131n kaydedilmesine ve herhangi bir ar\u0131za hatas\u0131n\u0131 belirlemek i\u00e7in ger\u00e7ek zamanl\u0131 tan\u0131lamaya olanak tan\u0131r. Akt\u00fcat\u00f6r ayr\u0131ca herhangi bir anormallik olup olmad\u0131\u011f\u0131n\u0131 i\u015faret edebilen bir led ile donat\u0131lm\u0131\u015ft\u0131r.<\/p>\t\t\t\t\t\t\t\t<\/div>\n\t\t\t\t<\/div>\n\t\t\t\t\t<\/div>\n\t\t\t\t<\/div>\n\t\t\t\t\t<\/div>\n\t\t\t\t<\/div>\n\t\t<div class=\"elementor-element elementor-element-1843dfb e-flex e-con-boxed lakit-col-width-auto-no e-container e-root-container elementor-top-section e-con e-parent\" data-id=\"1843dfb\" data-element_type=\"container\">\n\t\t\t\t\t<div class=\"e-con-inner\">\n\t\t\t\t\t<\/div>\n\t\t\t\t<\/div>\n\t\t\t\t<\/div>\n\t\t","protected":false},"excerpt":{"rendered":"<p>Liwin 35 Slim 230V-WF Zincirli A\u00e7k\u0131 Mek. Anasayfa Birden fazla akt\u00fcat\u00f6r\u00fcn senkronizasyonu, Parametre ayarlamas\u0131, QRCode&#8217;u tarayarak ger\u00e7ek zamanl\u0131 kay\u0131t ve tan\u0131lama. Akt\u00fcat\u00f6r\u00fcn azalt\u0131lm\u0131\u015f kal\u0131nl\u0131\u011f\u0131 ve \u00f6zel braketleri, dar alanlarda bile montaj\u0131n h\u0131zl\u0131 ve kolay olmas\u0131n\u0131 sa\u011flar.Yeni Wi-Fi [&hellip;]<\/p>\n","protected":false},"author":1,"featured_media":0,"parent":14882,"menu_order":0,"comment_status":"closed","ping_status":"closed","template":"","meta":{"footnotes":""},"class_list":["post-21128","page","type-page","status-publish","hentry"],"yoast_head":"<!-- This site is optimized with the Yoast SEO plugin v26.1.1 - https:\/\/yoast.com\/wordpress\/plugins\/seo\/ -->\n<title>Liwin 35 Slim 230V-WF Zincirli A\u00e7k\u0131 Mek. - ACP YAPI ELEMANLARI<\/title>\n<meta name=\"robots\" content=\"index, follow, max-snippet:-1, max-image-preview:large, max-video-preview:-1\" \/>\n<link rel=\"canonical\" href=\"https:\/\/acpyapi.com.tr\/tr\/pencere-acki-motorlari\/comunello-liwin\/liwin-35-slim-230v-wf-zincirli-acki-mek\/\" \/>\n<meta property=\"og:locale\" content=\"tr_TR\" \/>\n<meta property=\"og:type\" content=\"article\" \/>\n<meta property=\"og:title\" content=\"Liwin 35 Slim 230V-WF Zincirli A\u00e7k\u0131 Mek. - ACP YAPI ELEMANLARI\" \/>\n<meta property=\"og:description\" content=\"Liwin 35 Slim 230V-WF Zincirli A\u00e7k\u0131 Mek. Anasayfa Birden fazla akt\u00fcat\u00f6r\u00fcn senkronizasyonu, Parametre ayarlamas\u0131, QRCode&#8217;u tarayarak ger\u00e7ek zamanl\u0131 kay\u0131t ve tan\u0131lama. Akt\u00fcat\u00f6r\u00fcn azalt\u0131lm\u0131\u015f kal\u0131nl\u0131\u011f\u0131 ve \u00f6zel braketleri, dar alanlarda bile montaj\u0131n h\u0131zl\u0131 ve kolay olmas\u0131n\u0131 sa\u011flar.Yeni Wi-Fi [&hellip;]\" \/>\n<meta property=\"og:url\" content=\"https:\/\/acpyapi.com.tr\/tr\/pencere-acki-motorlari\/comunello-liwin\/liwin-35-slim-230v-wf-zincirli-acki-mek\/\" \/>\n<meta property=\"og:site_name\" content=\"ACP YAPI ELEMANLARI\" \/>\n<meta property=\"article:publisher\" content=\"https:\/\/www.facebook.com\/acpyapielemanlari\/\" \/>\n<meta property=\"article:modified_time\" content=\"2025-12-16T08:18:26+00:00\" \/>\n<meta property=\"og:image\" content=\"https:\/\/acpyapi.com.tr\/wp-content\/uploads\/2023\/10\/logo-siyah.png\" \/>\n\t<meta property=\"og:image:width\" content=\"500\" \/>\n\t<meta property=\"og:image:height\" content=\"200\" \/>\n\t<meta property=\"og:image:type\" content=\"image\/png\" \/>\n<meta name=\"twitter:card\" content=\"summary_large_image\" \/>\n<meta name=\"twitter:label1\" content=\"Tahmini okuma s\u00fcresi\" \/>\n\t<meta name=\"twitter:data1\" content=\"1 dakika\" \/>\n<script type=\"application\/ld+json\" class=\"yoast-schema-graph\">{\"@context\":\"https:\/\/schema.org\",\"@graph\":[{\"@type\":\"WebPage\",\"@id\":\"https:\/\/acpyapi.com.tr\/pencere-acki-motorlari\/comunello-liwin\/liwin-35-slim-230v-wf-zincirli-acki-mek\/\",\"url\":\"https:\/\/acpyapi.com.tr\/pencere-acki-motorlari\/comunello-liwin\/liwin-35-slim-230v-wf-zincirli-acki-mek\/\",\"name\":\"Liwin 35 Slim 230V-WF Zincirli A\u00e7k\u0131 Mek. - ACP YAPI ELEMANLARI\",\"isPartOf\":{\"@id\":\"https:\/\/acpyapi.com.tr\/#website\"},\"datePublished\":\"2025-12-16T08:01:23+00:00\",\"dateModified\":\"2025-12-16T08:18:26+00:00\",\"breadcrumb\":{\"@id\":\"https:\/\/acpyapi.com.tr\/pencere-acki-motorlari\/comunello-liwin\/liwin-35-slim-230v-wf-zincirli-acki-mek\/#breadcrumb\"},\"inLanguage\":\"tr\",\"potentialAction\":[{\"@type\":\"ReadAction\",\"target\":[\"https:\/\/acpyapi.com.tr\/pencere-acki-motorlari\/comunello-liwin\/liwin-35-slim-230v-wf-zincirli-acki-mek\/\"]}]},{\"@type\":\"BreadcrumbList\",\"@id\":\"https:\/\/acpyapi.com.tr\/pencere-acki-motorlari\/comunello-liwin\/liwin-35-slim-230v-wf-zincirli-acki-mek\/#breadcrumb\",\"itemListElement\":[{\"@type\":\"ListItem\",\"position\":1,\"name\":\"Anasayfa\",\"item\":\"https:\/\/acpyapi.com.tr\/\"},{\"@type\":\"ListItem\",\"position\":2,\"name\":\"Pencere Motorlar\u0131\",\"item\":\"https:\/\/acpyapi.com.tr\/pencere-acki-motorlari\/\"},{\"@type\":\"ListItem\",\"position\":3,\"name\":\"COMUNELLO Liwin\",\"item\":\"https:\/\/acpyapi.com.tr\/pencere-acki-motorlari\/comunello-liwin\/\"},{\"@type\":\"ListItem\",\"position\":4,\"name\":\"Liwin 35 Slim 230V-WF Zincirli A\u00e7k\u0131 Mek.\"}]},{\"@type\":\"WebSite\",\"@id\":\"https:\/\/acpyapi.com.tr\/#website\",\"url\":\"https:\/\/acpyapi.com.tr\/\",\"name\":\"ACP YAPI ELEMANLARI\",\"description\":\"G\u00f6z\u00fcn\u00fcz Arkada Kalmas\u0131n\",\"publisher\":{\"@id\":\"https:\/\/acpyapi.com.tr\/#organization\"},\"alternateName\":\"ACP Yap\u0131\",\"potentialAction\":[{\"@type\":\"SearchAction\",\"target\":{\"@type\":\"EntryPoint\",\"urlTemplate\":\"https:\/\/acpyapi.com.tr\/?s={search_term_string}\"},\"query-input\":{\"@type\":\"PropertyValueSpecification\",\"valueRequired\":true,\"valueName\":\"search_term_string\"}}],\"inLanguage\":\"tr\"},{\"@type\":\"Organization\",\"@id\":\"https:\/\/acpyapi.com.tr\/#organization\",\"name\":\"ACP YAPI ELEMANLARI\",\"alternateName\":\"Acp Yap\u0131\",\"url\":\"https:\/\/acpyapi.com.tr\/\",\"logo\":{\"@type\":\"ImageObject\",\"inLanguage\":\"tr\",\"@id\":\"https:\/\/acpyapi.com.tr\/#\/schema\/logo\/image\/\",\"url\":\"https:\/\/acpyapi.com.tr\/wp-content\/uploads\/2023\/10\/logo-siyah.png\",\"contentUrl\":\"https:\/\/acpyapi.com.tr\/wp-content\/uploads\/2023\/10\/logo-siyah.png\",\"width\":500,\"height\":200,\"caption\":\"ACP YAPI ELEMANLARI\"},\"image\":{\"@id\":\"https:\/\/acpyapi.com.tr\/#\/schema\/logo\/image\/\"},\"sameAs\":[\"https:\/\/www.facebook.com\/acpyapielemanlari\/\",\"https:\/\/www.instagram.com\/acpyapielemanlari\/\",\"https:\/\/www.linkedin.com\/company\/acpyapielemanlari\/?originalSubdomain=tr\",\"https:\/\/www.youtube.com\/channel\/UCRyEXuOc3OSvcTY1_yqbE8g\"]}]}<\/script>\n<!-- \/ Yoast SEO plugin. -->","yoast_head_json":{"title":"Liwin 35 Slim 230V-WF Zincirli A\u00e7k\u0131 Mek. - ACP YAPI ELEMANLARI","robots":{"index":"index","follow":"follow","max-snippet":"max-snippet:-1","max-image-preview":"max-image-preview:large","max-video-preview":"max-video-preview:-1"},"canonical":"https:\/\/acpyapi.com.tr\/tr\/pencere-acki-motorlari\/comunello-liwin\/liwin-35-slim-230v-wf-zincirli-acki-mek\/","og_locale":"tr_TR","og_type":"article","og_title":"Liwin 35 Slim 230V-WF Zincirli A\u00e7k\u0131 Mek. - ACP YAPI ELEMANLARI","og_description":"Liwin 35 Slim 230V-WF Zincirli A\u00e7k\u0131 Mek. Anasayfa Birden fazla akt\u00fcat\u00f6r\u00fcn senkronizasyonu, Parametre ayarlamas\u0131, QRCode&#8217;u tarayarak ger\u00e7ek zamanl\u0131 kay\u0131t ve tan\u0131lama. Akt\u00fcat\u00f6r\u00fcn azalt\u0131lm\u0131\u015f kal\u0131nl\u0131\u011f\u0131 ve \u00f6zel braketleri, dar alanlarda bile montaj\u0131n h\u0131zl\u0131 ve kolay olmas\u0131n\u0131 sa\u011flar.Yeni Wi-Fi [&hellip;]","og_url":"https:\/\/acpyapi.com.tr\/tr\/pencere-acki-motorlari\/comunello-liwin\/liwin-35-slim-230v-wf-zincirli-acki-mek\/","og_site_name":"ACP YAPI ELEMANLARI","article_publisher":"https:\/\/www.facebook.com\/acpyapielemanlari\/","article_modified_time":"2025-12-16T08:18:26+00:00","og_image":[{"width":500,"height":200,"url":"https:\/\/acpyapi.com.tr\/wp-content\/uploads\/2023\/10\/logo-siyah.png","type":"image\/png"}],"twitter_card":"summary_large_image","twitter_misc":{"Tahmini okuma s\u00fcresi":"1 dakika"},"schema":{"@context":"https:\/\/schema.org","@graph":[{"@type":"WebPage","@id":"https:\/\/acpyapi.com.tr\/pencere-acki-motorlari\/comunello-liwin\/liwin-35-slim-230v-wf-zincirli-acki-mek\/","url":"https:\/\/acpyapi.com.tr\/pencere-acki-motorlari\/comunello-liwin\/liwin-35-slim-230v-wf-zincirli-acki-mek\/","name":"Liwin 35 Slim 230V-WF Zincirli A\u00e7k\u0131 Mek. - ACP YAPI ELEMANLARI","isPartOf":{"@id":"https:\/\/acpyapi.com.tr\/#website"},"datePublished":"2025-12-16T08:01:23+00:00","dateModified":"2025-12-16T08:18:26+00:00","breadcrumb":{"@id":"https:\/\/acpyapi.com.tr\/pencere-acki-motorlari\/comunello-liwin\/liwin-35-slim-230v-wf-zincirli-acki-mek\/#breadcrumb"},"inLanguage":"tr","potentialAction":[{"@type":"ReadAction","target":["https:\/\/acpyapi.com.tr\/pencere-acki-motorlari\/comunello-liwin\/liwin-35-slim-230v-wf-zincirli-acki-mek\/"]}]},{"@type":"BreadcrumbList","@id":"https:\/\/acpyapi.com.tr\/pencere-acki-motorlari\/comunello-liwin\/liwin-35-slim-230v-wf-zincirli-acki-mek\/#breadcrumb","itemListElement":[{"@type":"ListItem","position":1,"name":"Anasayfa","item":"https:\/\/acpyapi.com.tr\/"},{"@type":"ListItem","position":2,"name":"Pencere Motorlar\u0131","item":"https:\/\/acpyapi.com.tr\/pencere-acki-motorlari\/"},{"@type":"ListItem","position":3,"name":"COMUNELLO Liwin","item":"https:\/\/acpyapi.com.tr\/pencere-acki-motorlari\/comunello-liwin\/"},{"@type":"ListItem","position":4,"name":"Liwin 35 Slim 230V-WF Zincirli A\u00e7k\u0131 Mek."}]},{"@type":"WebSite","@id":"https:\/\/acpyapi.com.tr\/#website","url":"https:\/\/acpyapi.com.tr\/","name":"ACP YAPI ELEMANLARI","description":"G\u00f6z\u00fcn\u00fcz Arkada Kalmas\u0131n","publisher":{"@id":"https:\/\/acpyapi.com.tr\/#organization"},"alternateName":"ACP Yap\u0131","potentialAction":[{"@type":"SearchAction","target":{"@type":"EntryPoint","urlTemplate":"https:\/\/acpyapi.com.tr\/?s={search_term_string}"},"query-input":{"@type":"PropertyValueSpecification","valueRequired":true,"valueName":"search_term_string"}}],"inLanguage":"tr"},{"@type":"Organization","@id":"https:\/\/acpyapi.com.tr\/#organization","name":"ACP YAPI ELEMANLARI","alternateName":"Acp Yap\u0131","url":"https:\/\/acpyapi.com.tr\/","logo":{"@type":"ImageObject","inLanguage":"tr","@id":"https:\/\/acpyapi.com.tr\/#\/schema\/logo\/image\/","url":"https:\/\/acpyapi.com.tr\/wp-content\/uploads\/2023\/10\/logo-siyah.png","contentUrl":"https:\/\/acpyapi.com.tr\/wp-content\/uploads\/2023\/10\/logo-siyah.png","width":500,"height":200,"caption":"ACP YAPI ELEMANLARI"},"image":{"@id":"https:\/\/acpyapi.com.tr\/#\/schema\/logo\/image\/"},"sameAs":["https:\/\/www.facebook.com\/acpyapielemanlari\/","https:\/\/www.instagram.com\/acpyapielemanlari\/","https:\/\/www.linkedin.com\/company\/acpyapielemanlari\/?originalSubdomain=tr","https:\/\/www.youtube.com\/channel\/UCRyEXuOc3OSvcTY1_yqbE8g"]}]}},"_links":{"self":[{"href":"https:\/\/acpyapi.com.tr\/tr\/wp-json\/wp\/v2\/pages\/21128","targetHints":{"allow":["GET"]}}],"collection":[{"href":"https:\/\/acpyapi.com.tr\/tr\/wp-json\/wp\/v2\/pages"}],"about":[{"href":"https:\/\/acpyapi.com.tr\/tr\/wp-json\/wp\/v2\/types\/page"}],"author":[{"embeddable":true,"href":"https:\/\/acpyapi.com.tr\/tr\/wp-json\/wp\/v2\/users\/1"}],"replies":[{"embeddable":true,"href":"https:\/\/acpyapi.com.tr\/tr\/wp-json\/wp\/v2\/comments?post=21128"}],"version-history":[{"count":4,"href":"https:\/\/acpyapi.com.tr\/tr\/wp-json\/wp\/v2\/pages\/21128\/revisions"}],"predecessor-version":[{"id":21132,"href":"https:\/\/acpyapi.com.tr\/tr\/wp-json\/wp\/v2\/pages\/21128\/revisions\/21132"}],"up":[{"embeddable":true,"href":"https:\/\/acpyapi.com.tr\/tr\/wp-json\/wp\/v2\/pages\/14882"}],"wp:attachment":[{"href":"https:\/\/acpyapi.com.tr\/tr\/wp-json\/wp\/v2\/media?parent=21128"}],"curies":[{"name":"wp","href":"https:\/\/api.w.org\/{rel}","templated":true}]}}