{"id":3129,"date":"2021-06-24T09:28:50","date_gmt":"2021-06-24T09:28:50","guid":{"rendered":"https:\/\/astrids.la-studioweb.com\/?page_id=3129"},"modified":"2025-10-20T16:08:49","modified_gmt":"2025-10-20T13:08:49","slug":"kapi-sistemleri","status":"publish","type":"page","link":"https:\/\/acpyapi.com.tr\/tr\/kapi-sistemleri\/","title":{"rendered":"Kap\u0131 Sistemleri"},"content":{"rendered":"\t\t<div data-elementor-type=\"wp-page\" data-elementor-id=\"3129\" class=\"elementor elementor-3129\" data-elementor-post-type=\"page\">\n\t\t\t\t<div class=\"elementor-element elementor-element-48d3f29 e-flex e-con-boxed lakit-col-width-auto-no e-container e-root-container elementor-top-section e-con e-parent\" data-id=\"48d3f29\" data-element_type=\"container\">\n\t\t\t\t\t<div class=\"e-con-inner\">\n\t\t\t\t<div class=\"elementor-element elementor-element-aab6473 elementor-widget elementor-widget-heading\" data-id=\"aab6473\" data-element_type=\"widget\" data-widget_type=\"heading.default\">\n\t\t\t\t<div class=\"elementor-widget-container\">\n\t\t\t\t\t<h1 class=\"elementor-heading-title elementor-size-default\">Kap\u0131 Sistemleri <\/h1>\t\t\t\t<\/div>\n\t\t\t\t<\/div>\n\t\t\t\t\t<\/div>\n\t\t\t\t<\/div>\n\t\t<div class=\"elementor-element elementor-element-463bb01 e-flex e-con-boxed lakit-col-width-auto-no e-container e-root-container elementor-top-section e-con e-parent\" data-id=\"463bb01\" data-element_type=\"container\">\n\t\t\t\t\t<div class=\"e-con-inner\">\n\t\t<div class=\"elementor-element elementor-element-2c7f9e6 e-con-full e-flex lakit-col-width-auto-no e-container e-con e-child\" data-id=\"2c7f9e6\" data-element_type=\"container\">\n\t\t\t\t<div class=\"elementor-element elementor-element-7a3ee02 animated-slow lakit-has-entrance-animation elementor-widget elementor-widget-image\" data-id=\"7a3ee02\" data-element_type=\"widget\" data-settings=\"{&quot;motion_fx_motion_fx_mouse&quot;:&quot;yes&quot;,&quot;motion_fx_mouseTrack_effect&quot;:&quot;yes&quot;,&quot;motion_fx_mouseTrack_speed&quot;:{&quot;unit&quot;:&quot;px&quot;,&quot;size&quot;:0.1000000000000000055511151231257827021181583404541015625,&quot;sizes&quot;:[]},&quot;_animation&quot;:&quot;none&quot;}\" data-widget_type=\"image.default\">\n\t\t\t\t<div class=\"elementor-widget-container\">\n\t\t\t\t\t\t\t\t\t\t\t\t\t\t\t\t<a href=\"https:\/\/acpyapi.com.tr\/gecis-sistemleri\/\">\n\t\t\t\t\t\t\t<img decoding=\"async\" src=\"https:\/\/acpyapi.com.tr\/wp-content\/uploads\/elementor\/thumbs\/gecis-sistemleri-qy92h5tj2vg3yzcwltakw7srlm5jfw01ueetf12p3c.jpg\" title=\"ge\u00e7i\u015f-sistemleri\" alt=\"ge\u00e7i\u015f-sistemleri\" class=\"elementor-animation-sink\" loading=\"lazy\" \/>\t\t\t\t\t\t\t\t<\/a>\n\t\t\t\t\t\t\t\t\t\t\t\t\t\t\t<\/div>\n\t\t\t\t<\/div>\n\t\t\t\t<div class=\"elementor-element elementor-element-69354c9 elementor-widget elementor-widget-heading\" data-id=\"69354c9\" data-element_type=\"widget\" data-widget_type=\"heading.default\">\n\t\t\t\t<div class=\"elementor-widget-container\">\n\t\t\t\t\t<h2 class=\"elementor-heading-title elementor-size-default\"><a href=\"https:\/\/acpyapi.com.tr\/gecis-sistemleri\/\">Ge\u00e7i\u015f Sistemleri<\/a><\/h2>\t\t\t\t<\/div>\n\t\t\t\t<\/div>\n\t\t\t\t<\/div>\n\t\t<div class=\"elementor-element elementor-element-2f90e46 e-con-full e-flex lakit-col-width-auto-no e-container e-con e-child\" data-id=\"2f90e46\" data-element_type=\"container\">\n\t\t\t\t<div class=\"elementor-element elementor-element-2a10c6b animated-slow lakit-has-entrance-animation elementor-widget elementor-widget-image\" data-id=\"2a10c6b\" data-element_type=\"widget\" data-settings=\"{&quot;motion_fx_motion_fx_mouse&quot;:&quot;yes&quot;,&quot;motion_fx_mouseTrack_effect&quot;:&quot;yes&quot;,&quot;motion_fx_mouseTrack_speed&quot;:{&quot;unit&quot;:&quot;px&quot;,&quot;size&quot;:0.1000000000000000055511151231257827021181583404541015625,&quot;sizes&quot;:[]},&quot;_animation&quot;:&quot;none&quot;}\" data-widget_type=\"image.default\">\n\t\t\t\t<div class=\"elementor-widget-container\">\n\t\t\t\t\t\t\t\t\t\t\t\t\t\t\t\t<a href=\"https:\/\/acpyapi.com.tr\/cam-sistemleri\/\">\n\t\t\t\t\t\t\t<img decoding=\"async\" src=\"https:\/\/acpyapi.com.tr\/wp-content\/uploads\/elementor\/thumbs\/094330ec-3155-46b0-9287-5da5b50706f3-qycla14tlserkkmoz04y0acs6uhp2e7usep0rgp37s.jpeg\" title=\"094330ec-3155-46b0-9287-5da5b50706f3\" alt=\"094330ec-3155-46b0-9287-5da5b50706f3\" class=\"elementor-animation-sink\" loading=\"lazy\" \/>\t\t\t\t\t\t\t\t<\/a>\n\t\t\t\t\t\t\t\t\t\t\t\t\t\t\t<\/div>\n\t\t\t\t<\/div>\n\t\t\t\t<div class=\"elementor-element elementor-element-ef2e4e1 elementor-widget elementor-widget-heading\" data-id=\"ef2e4e1\" data-element_type=\"widget\" data-widget_type=\"heading.default\">\n\t\t\t\t<div class=\"elementor-widget-container\">\n\t\t\t\t\t<h2 class=\"elementor-heading-title elementor-size-default\"><a href=\"https:\/\/acpyapi.com.tr\/cam-sistemleri\/\">Cam Kap\u0131 Sistemleri<\/a><\/h2>\t\t\t\t<\/div>\n\t\t\t\t<\/div>\n\t\t\t\t<\/div>\n\t\t<div class=\"elementor-element elementor-element-3fdbb2e e-con-full e-flex lakit-col-width-auto-no e-container e-con e-child\" data-id=\"3fdbb2e\" data-element_type=\"container\">\n\t\t\t\t<div class=\"elementor-element elementor-element-11260ee animated-slow lakit-has-entrance-animation elementor-widget elementor-widget-image\" data-id=\"11260ee\" data-element_type=\"widget\" data-settings=\"{&quot;motion_fx_motion_fx_mouse&quot;:&quot;yes&quot;,&quot;motion_fx_mouseTrack_effect&quot;:&quot;yes&quot;,&quot;motion_fx_mouseTrack_speed&quot;:{&quot;unit&quot;:&quot;px&quot;,&quot;size&quot;:0.1000000000000000055511151231257827021181583404541015625,&quot;sizes&quot;:[]},&quot;_animation&quot;:&quot;none&quot;}\" data-widget_type=\"image.default\">\n\t\t\t\t<div class=\"elementor-widget-container\">\n\t\t\t\t\t\t\t\t\t\t\t\t\t\t\t\t<a href=\"https:\/\/acpyapi.com.tr\/kapi-sistemleri\/kapi-donanimlari\/\">\n\t\t\t\t\t\t\t<img decoding=\"async\" src=\"https:\/\/acpyapi.com.tr\/wp-content\/uploads\/elementor\/thumbs\/kapi-donanimlari-qymu8uy16dlm74kxl2utiwu9er4evf4i0awz5w45fs.jpg\" title=\"kapi-donanimlari\" alt=\"kapi-donanimlari\" class=\"elementor-animation-sink\" loading=\"lazy\" \/>\t\t\t\t\t\t\t\t<\/a>\n\t\t\t\t\t\t\t\t\t\t\t\t\t\t\t<\/div>\n\t\t\t\t<\/div>\n\t\t\t\t<div class=\"elementor-element elementor-element-02bb296 elementor-widget elementor-widget-heading\" data-id=\"02bb296\" data-element_type=\"widget\" data-widget_type=\"heading.default\">\n\t\t\t\t<div class=\"elementor-widget-container\">\n\t\t\t\t\t<h2 class=\"elementor-heading-title elementor-size-default\"><a href=\"https:\/\/acpyapi.com.tr\/kapi-sistemleri\/kapi-donanimlari\/\">Kap\u0131 Donan\u0131mlar\u0131<\/a><\/h2>\t\t\t\t<\/div>\n\t\t\t\t<\/div>\n\t\t\t\t<\/div>\n\t\t\t\t\t<\/div>\n\t\t\t\t<\/div>\n\t\t<div class=\"elementor-element elementor-element-80d9e4d e-flex e-con-boxed lakit-col-width-auto-no e-container e-root-container elementor-top-section e-con e-parent\" data-id=\"80d9e4d\" data-element_type=\"container\">\n\t\t\t\t\t<div class=\"e-con-inner\">\n\t\t\t\t<div class=\"elementor-element elementor-element-f8cb679 elementor-widget elementor-widget-spacer\" data-id=\"f8cb679\" data-element_type=\"widget\" data-widget_type=\"spacer.default\">\n\t\t\t\t<div class=\"elementor-widget-container\">\n\t\t\t\t\t\t\t<div class=\"elementor-spacer\">\n\t\t\t<div class=\"elementor-spacer-inner\"><\/div>\n\t\t<\/div>\n\t\t\t\t\t\t<\/div>\n\t\t\t\t<\/div>\n\t\t\t\t\t<\/div>\n\t\t\t\t<\/div>\n\t\t<div class=\"elementor-element elementor-element-ba273b3 elementor-hidden-desktop elementor-hidden-laptop elementor-hidden-tablet elementor-hidden-mobile_extra elementor-hidden-mobile e-flex e-con-boxed lakit-col-width-auto-no e-container e-root-container elementor-top-section e-con e-parent\" data-id=\"ba273b3\" data-element_type=\"container\">\n\t\t\t\t\t<div class=\"e-con-inner\">\n\t\t\t\t<div class=\"elementor-element elementor-element-6fca84a elementor-widget elementor-widget-text-editor\" data-id=\"6fca84a\" data-element_type=\"widget\" data-widget_type=\"text-editor.default\">\n\t\t\t\t<div class=\"elementor-widget-container\">\n\t\t\t\t\t\t\t\t\t<p>Kap\u0131 sistemleri, g\u00fcvenlik, estetik ve kullan\u0131m kolayl\u0131\u011f\u0131 a\u00e7\u0131s\u0131ndan modern yap\u0131lar\u0131n vazge\u00e7ilmez unsurlar\u0131 aras\u0131nda yer al\u0131r. <strong>Bu sistemler<\/strong>, ya\u015fam ve \u00e7al\u0131\u015fma alanlar\u0131nda hem i\u015flevsellik hem de estetik bir \u00e7\u00f6z\u00fcm sunar. <strong>\u00dcr\u00fcn yelpazemizde<\/strong>, ge\u00e7i\u015f sistemleri, cam kap\u0131 sistemleri ve kap\u0131 donan\u0131mlar\u0131 bulunmaktad\u0131r.<\/p><p><strong>Ge\u00e7i\u015f sistemleri<\/strong>, g\u00fcvenlik ve eri\u015fim kontrol\u00fc sa\u011flaman\u0131n yan\u0131 s\u0131ra kullan\u0131c\u0131ya kolayl\u0131k da sunar. <strong>\u00d6rne\u011fin<\/strong>, parmak izi okuyucular, kartl\u0131 giri\u015f sistemleri ve \u015fifreli kap\u0131 kilitleri, bu alandaki yenilik\u00e7i \u00fcr\u00fcnlerden baz\u0131lar\u0131d\u0131r. <strong>Bu sistemler<\/strong>, otellerden ofislere, hastanelerden kamu binalar\u0131na kadar pek \u00e7ok farkl\u0131 mekanda tercih edilir. <strong>Ayr\u0131ca<\/strong>, trafik d\u00fczenini sa\u011flamak ve yetkisiz giri\u015fleri engellemek i\u00e7in ideal bir se\u00e7enektir.<\/p><p><strong>Cam kap\u0131 sistemleri<\/strong>, hem modern hem de estetik bir dokunu\u015f sunar. <strong>Bu kap\u0131lar<\/strong>, dayan\u0131kl\u0131 cam malzemelerle \u00fcretilerek uzun \u00f6m\u00fcrl\u00fc kullan\u0131m sa\u011flar. <strong>\u00d6zellikle<\/strong>, al\u0131\u015fveri\u015f merkezlerinde, ma\u011fazalarda ve ofislerde s\u0131k\u00e7a tercih edilen cam kap\u0131lar, alan tasarrufu sa\u011flarken mekanlar\u0131 daha ayd\u0131nl\u0131k ve ferah hale getirir. <strong>Bununla birlikte<\/strong>, otomatik cam kap\u0131lar, y\u00fcksek teknoloji ile donat\u0131lm\u0131\u015f olup kullan\u0131m kolayl\u0131\u011f\u0131 a\u00e7\u0131s\u0131ndan olduk\u00e7a pratiktir.<\/p><p><strong>Kap\u0131 donan\u0131mlar\u0131<\/strong>, kap\u0131 sistemlerini tamamlayan ve i\u015flevselli\u011fini art\u0131ran \u00fcr\u00fcnlerdir. <strong>Hidrolik kap\u0131 kapat\u0131c\u0131lar, mente\u015feler ve dayan\u0131kl\u0131 kilit sistemleri<\/strong>, mekanlarda g\u00fcvenlik ve konfor sa\u011flar. <strong>Ayr\u0131ca<\/strong>, bu donan\u0131mlar estetik a\u00e7\u0131dan da modern bir g\u00f6r\u00fcn\u00fcm sunarak kap\u0131lar\u0131n genel tasar\u0131m\u0131na uyum sa\u011flar.<\/p><p><strong>Sonu\u00e7 olarak<\/strong>, kap\u0131 sistemleri ve bu sistemleri destekleyen donan\u0131mlar, her t\u00fcrl\u00fc mekan\u0131n ihtiya\u00e7lar\u0131n\u0131 kar\u015f\u0131lamak i\u00e7in ideal \u00e7\u00f6z\u00fcmler sunar. <strong>Do\u011fru \u00fcr\u00fcn se\u00e7imi, d\u00fczenli bak\u0131m ve profesyonel kurulum<\/strong>, bu sistemlerin uzun vadeli ve sorunsuz bir \u015fekilde kullan\u0131lmas\u0131n\u0131 sa\u011flar. <strong>Bu nedenle<\/strong>, hem g\u00fcvenlik hem de estetik arayanlar i\u00e7in kap\u0131 sistemleri vazge\u00e7ilmez bir se\u00e7enektir.<\/p><p><strong>\ud83d\udd0d<\/strong>\u00a0Daha fazla bilgi ve g\u00f6rseller i\u00e7in bizi Instagram\u2019da takip edin<strong>:\u00a0<a href=\"https:\/\/www.instagram.com\/acpyapielemanlari\/\">@<span class=\"x1lliihq x193iq5w x6ikm8r x10wlt62 xlyipyv xuxw1ft\">acpyapielemanlari<\/span><\/a><\/strong><\/p><p>Herhangi bir sorunuz olursa veya \u00fcr\u00fcnlerimizle ilgili detayl\u0131 bilgi almak isterseniz bizimle ileti\u015fime ge\u00e7mekten \u00e7ekinmeyin! \ud83d\ude0a<\/p>\t\t\t\t\t\t\t\t<\/div>\n\t\t\t\t<\/div>\n\t\t\t\t\t<\/div>\n\t\t\t\t<\/div>\n\t\t\t\t<\/div>\n\t\t","protected":false},"excerpt":{"rendered":"<p>Kap\u0131 Sistemleri Ge\u00e7i\u015f Sistemleri Cam Kap\u0131 Sistemleri Kap\u0131 Donan\u0131mlar\u0131 Kap\u0131 sistemleri, g\u00fcvenlik, estetik ve kullan\u0131m kolayl\u0131\u011f\u0131 a\u00e7\u0131s\u0131ndan modern yap\u0131lar\u0131n vazge\u00e7ilmez unsurlar\u0131 aras\u0131nda yer al\u0131r. Bu sistemler, ya\u015fam ve \u00e7al\u0131\u015fma alanlar\u0131nda hem i\u015flevsellik hem de estetik bir \u00e7\u00f6z\u00fcm [&hellip;]<\/p>\n","protected":false},"author":1,"featured_media":0,"parent":0,"menu_order":0,"comment_status":"closed","ping_status":"closed","template":"","meta":{"footnotes":""},"class_list":["post-3129","page","type-page","status-publish","hentry"],"yoast_head":"<!-- This site is optimized with the Yoast SEO plugin v26.1.1 - https:\/\/yoast.com\/wordpress\/plugins\/seo\/ -->\n<title>Kap\u0131 Sistemleri - ACP YAPI ELEMANLARI<\/title>\n<meta name=\"description\" content=\"Kap\u0131 Sistemleri (Ge\u00e7i\u015f, Cam Kap\u0131 ve Donan\u0131mlar\u0131) ACP Yap\u0131&#039;da! Hemen \u00fcr\u00fcnlerimizi g\u00f6r\u00fcnt\u00fcleyebilir detay ve teklif alabilirsiniz.\" \/>\n<meta name=\"robots\" content=\"index, follow, max-snippet:-1, max-image-preview:large, max-video-preview:-1\" \/>\n<link rel=\"canonical\" href=\"https:\/\/acpyapi.com.tr\/tr\/kapi-sistemleri\/\" \/>\n<meta property=\"og:locale\" content=\"tr_TR\" \/>\n<meta property=\"og:type\" content=\"article\" \/>\n<meta property=\"og:title\" content=\"Kap\u0131 Sistemleri - ACP YAPI ELEMANLARI\" \/>\n<meta property=\"og:description\" content=\"Kap\u0131 Sistemleri (Ge\u00e7i\u015f, Cam Kap\u0131 ve Donan\u0131mlar\u0131) ACP Yap\u0131&#039;da! Hemen \u00fcr\u00fcnlerimizi g\u00f6r\u00fcnt\u00fcleyebilir detay ve teklif alabilirsiniz.\" \/>\n<meta property=\"og:url\" content=\"https:\/\/acpyapi.com.tr\/tr\/kapi-sistemleri\/\" \/>\n<meta property=\"og:site_name\" content=\"ACP YAPI ELEMANLARI\" \/>\n<meta property=\"article:publisher\" content=\"https:\/\/www.facebook.com\/acpyapielemanlari\/\" \/>\n<meta property=\"article:modified_time\" content=\"2025-10-20T13:08:49+00:00\" \/>\n<meta property=\"og:image\" content=\"https:\/\/acpyapi.com.tr\/wp-content\/uploads\/elementor\/thumbs\/gecis-sistemleri-qy92h5tj2vg3yzcwltakw7srlm5jfw01ueetf12p3c.jpg\" \/>\n<meta name=\"twitter:card\" content=\"summary_large_image\" \/>\n<meta name=\"twitter:label1\" content=\"Tahmini okuma s\u00fcresi\" \/>\n\t<meta name=\"twitter:data1\" content=\"3 dakika\" \/>\n<script type=\"application\/ld+json\" class=\"yoast-schema-graph\">{\"@context\":\"https:\/\/schema.org\",\"@graph\":[{\"@type\":\"WebPage\",\"@id\":\"https:\/\/acpyapi.com.tr\/kapi-sistemleri\/\",\"url\":\"https:\/\/acpyapi.com.tr\/kapi-sistemleri\/\",\"name\":\"Kap\u0131 Sistemleri - ACP YAPI ELEMANLARI\",\"isPartOf\":{\"@id\":\"https:\/\/acpyapi.com.tr\/#website\"},\"primaryImageOfPage\":{\"@id\":\"https:\/\/acpyapi.com.tr\/kapi-sistemleri\/#primaryimage\"},\"image\":{\"@id\":\"https:\/\/acpyapi.com.tr\/kapi-sistemleri\/#primaryimage\"},\"thumbnailUrl\":\"https:\/\/acpyapi.com.tr\/wp-content\/uploads\/elementor\/thumbs\/gecis-sistemleri-qy92h5tj2vg3yzcwltakw7srlm5jfw01ueetf12p3c.jpg\",\"datePublished\":\"2021-06-24T09:28:50+00:00\",\"dateModified\":\"2025-10-20T13:08:49+00:00\",\"description\":\"Kap\u0131 Sistemleri (Ge\u00e7i\u015f, Cam Kap\u0131 ve Donan\u0131mlar\u0131) ACP Yap\u0131'da! Hemen \u00fcr\u00fcnlerimizi g\u00f6r\u00fcnt\u00fcleyebilir detay ve teklif alabilirsiniz.\",\"breadcrumb\":{\"@id\":\"https:\/\/acpyapi.com.tr\/kapi-sistemleri\/#breadcrumb\"},\"inLanguage\":\"tr\",\"potentialAction\":[{\"@type\":\"ReadAction\",\"target\":[\"https:\/\/acpyapi.com.tr\/kapi-sistemleri\/\"]}]},{\"@type\":\"ImageObject\",\"inLanguage\":\"tr\",\"@id\":\"https:\/\/acpyapi.com.tr\/kapi-sistemleri\/#primaryimage\",\"url\":\"https:\/\/acpyapi.com.tr\/wp-content\/uploads\/elementor\/thumbs\/gecis-sistemleri-qy92h5tj2vg3yzcwltakw7srlm5jfw01ueetf12p3c.jpg\",\"contentUrl\":\"https:\/\/acpyapi.com.tr\/wp-content\/uploads\/elementor\/thumbs\/gecis-sistemleri-qy92h5tj2vg3yzcwltakw7srlm5jfw01ueetf12p3c.jpg\"},{\"@type\":\"BreadcrumbList\",\"@id\":\"https:\/\/acpyapi.com.tr\/kapi-sistemleri\/#breadcrumb\",\"itemListElement\":[{\"@type\":\"ListItem\",\"position\":1,\"name\":\"Anasayfa\",\"item\":\"https:\/\/acpyapi.com.tr\/\"},{\"@type\":\"ListItem\",\"position\":2,\"name\":\"Kap\u0131 Sistemleri\"}]},{\"@type\":\"WebSite\",\"@id\":\"https:\/\/acpyapi.com.tr\/#website\",\"url\":\"https:\/\/acpyapi.com.tr\/\",\"name\":\"ACP YAPI ELEMANLARI\",\"description\":\"G\u00f6z\u00fcn\u00fcz Arkada Kalmas\u0131n\",\"publisher\":{\"@id\":\"https:\/\/acpyapi.com.tr\/#organization\"},\"alternateName\":\"ACP Yap\u0131\",\"potentialAction\":[{\"@type\":\"SearchAction\",\"target\":{\"@type\":\"EntryPoint\",\"urlTemplate\":\"https:\/\/acpyapi.com.tr\/?s={search_term_string}\"},\"query-input\":{\"@type\":\"PropertyValueSpecification\",\"valueRequired\":true,\"valueName\":\"search_term_string\"}}],\"inLanguage\":\"tr\"},{\"@type\":\"Organization\",\"@id\":\"https:\/\/acpyapi.com.tr\/#organization\",\"name\":\"ACP YAPI ELEMANLARI\",\"alternateName\":\"Acp Yap\u0131\",\"url\":\"https:\/\/acpyapi.com.tr\/\",\"logo\":{\"@type\":\"ImageObject\",\"inLanguage\":\"tr\",\"@id\":\"https:\/\/acpyapi.com.tr\/#\/schema\/logo\/image\/\",\"url\":\"https:\/\/acpyapi.com.tr\/wp-content\/uploads\/2023\/10\/logo-siyah.png\",\"contentUrl\":\"https:\/\/acpyapi.com.tr\/wp-content\/uploads\/2023\/10\/logo-siyah.png\",\"width\":500,\"height\":200,\"caption\":\"ACP YAPI ELEMANLARI\"},\"image\":{\"@id\":\"https:\/\/acpyapi.com.tr\/#\/schema\/logo\/image\/\"},\"sameAs\":[\"https:\/\/www.facebook.com\/acpyapielemanlari\/\",\"https:\/\/www.instagram.com\/acpyapielemanlari\/\",\"https:\/\/www.linkedin.com\/company\/acpyapielemanlari\/?originalSubdomain=tr\",\"https:\/\/www.youtube.com\/channel\/UCRyEXuOc3OSvcTY1_yqbE8g\"]}]}<\/script>\n<!-- \/ Yoast SEO plugin. -->","yoast_head_json":{"title":"Kap\u0131 Sistemleri - ACP YAPI ELEMANLARI","description":"Kap\u0131 Sistemleri (Ge\u00e7i\u015f, Cam Kap\u0131 ve Donan\u0131mlar\u0131) ACP Yap\u0131'da! Hemen \u00fcr\u00fcnlerimizi g\u00f6r\u00fcnt\u00fcleyebilir detay ve teklif alabilirsiniz.","robots":{"index":"index","follow":"follow","max-snippet":"max-snippet:-1","max-image-preview":"max-image-preview:large","max-video-preview":"max-video-preview:-1"},"canonical":"https:\/\/acpyapi.com.tr\/tr\/kapi-sistemleri\/","og_locale":"tr_TR","og_type":"article","og_title":"Kap\u0131 Sistemleri - ACP YAPI ELEMANLARI","og_description":"Kap\u0131 Sistemleri (Ge\u00e7i\u015f, Cam Kap\u0131 ve Donan\u0131mlar\u0131) ACP Yap\u0131'da! Hemen \u00fcr\u00fcnlerimizi g\u00f6r\u00fcnt\u00fcleyebilir detay ve teklif alabilirsiniz.","og_url":"https:\/\/acpyapi.com.tr\/tr\/kapi-sistemleri\/","og_site_name":"ACP YAPI ELEMANLARI","article_publisher":"https:\/\/www.facebook.com\/acpyapielemanlari\/","article_modified_time":"2025-10-20T13:08:49+00:00","og_image":[{"url":"https:\/\/acpyapi.com.tr\/wp-content\/uploads\/elementor\/thumbs\/gecis-sistemleri-qy92h5tj2vg3yzcwltakw7srlm5jfw01ueetf12p3c.jpg","type":"","width":"","height":""}],"twitter_card":"summary_large_image","twitter_misc":{"Tahmini okuma s\u00fcresi":"3 dakika"},"schema":{"@context":"https:\/\/schema.org","@graph":[{"@type":"WebPage","@id":"https:\/\/acpyapi.com.tr\/kapi-sistemleri\/","url":"https:\/\/acpyapi.com.tr\/kapi-sistemleri\/","name":"Kap\u0131 Sistemleri - ACP YAPI ELEMANLARI","isPartOf":{"@id":"https:\/\/acpyapi.com.tr\/#website"},"primaryImageOfPage":{"@id":"https:\/\/acpyapi.com.tr\/kapi-sistemleri\/#primaryimage"},"image":{"@id":"https:\/\/acpyapi.com.tr\/kapi-sistemleri\/#primaryimage"},"thumbnailUrl":"https:\/\/acpyapi.com.tr\/wp-content\/uploads\/elementor\/thumbs\/gecis-sistemleri-qy92h5tj2vg3yzcwltakw7srlm5jfw01ueetf12p3c.jpg","datePublished":"2021-06-24T09:28:50+00:00","dateModified":"2025-10-20T13:08:49+00:00","description":"Kap\u0131 Sistemleri (Ge\u00e7i\u015f, Cam Kap\u0131 ve Donan\u0131mlar\u0131) ACP Yap\u0131'da! Hemen \u00fcr\u00fcnlerimizi g\u00f6r\u00fcnt\u00fcleyebilir detay ve teklif alabilirsiniz.","breadcrumb":{"@id":"https:\/\/acpyapi.com.tr\/kapi-sistemleri\/#breadcrumb"},"inLanguage":"tr","potentialAction":[{"@type":"ReadAction","target":["https:\/\/acpyapi.com.tr\/kapi-sistemleri\/"]}]},{"@type":"ImageObject","inLanguage":"tr","@id":"https:\/\/acpyapi.com.tr\/kapi-sistemleri\/#primaryimage","url":"https:\/\/acpyapi.com.tr\/wp-content\/uploads\/elementor\/thumbs\/gecis-sistemleri-qy92h5tj2vg3yzcwltakw7srlm5jfw01ueetf12p3c.jpg","contentUrl":"https:\/\/acpyapi.com.tr\/wp-content\/uploads\/elementor\/thumbs\/gecis-sistemleri-qy92h5tj2vg3yzcwltakw7srlm5jfw01ueetf12p3c.jpg"},{"@type":"BreadcrumbList","@id":"https:\/\/acpyapi.com.tr\/kapi-sistemleri\/#breadcrumb","itemListElement":[{"@type":"ListItem","position":1,"name":"Anasayfa","item":"https:\/\/acpyapi.com.tr\/"},{"@type":"ListItem","position":2,"name":"Kap\u0131 Sistemleri"}]},{"@type":"WebSite","@id":"https:\/\/acpyapi.com.tr\/#website","url":"https:\/\/acpyapi.com.tr\/","name":"ACP YAPI ELEMANLARI","description":"G\u00f6z\u00fcn\u00fcz Arkada Kalmas\u0131n","publisher":{"@id":"https:\/\/acpyapi.com.tr\/#organization"},"alternateName":"ACP Yap\u0131","potentialAction":[{"@type":"SearchAction","target":{"@type":"EntryPoint","urlTemplate":"https:\/\/acpyapi.com.tr\/?s={search_term_string}"},"query-input":{"@type":"PropertyValueSpecification","valueRequired":true,"valueName":"search_term_string"}}],"inLanguage":"tr"},{"@type":"Organization","@id":"https:\/\/acpyapi.com.tr\/#organization","name":"ACP YAPI ELEMANLARI","alternateName":"Acp Yap\u0131","url":"https:\/\/acpyapi.com.tr\/","logo":{"@type":"ImageObject","inLanguage":"tr","@id":"https:\/\/acpyapi.com.tr\/#\/schema\/logo\/image\/","url":"https:\/\/acpyapi.com.tr\/wp-content\/uploads\/2023\/10\/logo-siyah.png","contentUrl":"https:\/\/acpyapi.com.tr\/wp-content\/uploads\/2023\/10\/logo-siyah.png","width":500,"height":200,"caption":"ACP YAPI ELEMANLARI"},"image":{"@id":"https:\/\/acpyapi.com.tr\/#\/schema\/logo\/image\/"},"sameAs":["https:\/\/www.facebook.com\/acpyapielemanlari\/","https:\/\/www.instagram.com\/acpyapielemanlari\/","https:\/\/www.linkedin.com\/company\/acpyapielemanlari\/?originalSubdomain=tr","https:\/\/www.youtube.com\/channel\/UCRyEXuOc3OSvcTY1_yqbE8g"]}]}},"_links":{"self":[{"href":"https:\/\/acpyapi.com.tr\/tr\/wp-json\/wp\/v2\/pages\/3129","targetHints":{"allow":["GET"]}}],"collection":[{"href":"https:\/\/acpyapi.com.tr\/tr\/wp-json\/wp\/v2\/pages"}],"about":[{"href":"https:\/\/acpyapi.com.tr\/tr\/wp-json\/wp\/v2\/types\/page"}],"author":[{"embeddable":true,"href":"https:\/\/acpyapi.com.tr\/tr\/wp-json\/wp\/v2\/users\/1"}],"replies":[{"embeddable":true,"href":"https:\/\/acpyapi.com.tr\/tr\/wp-json\/wp\/v2\/comments?post=3129"}],"version-history":[{"count":1,"href":"https:\/\/acpyapi.com.tr\/tr\/wp-json\/wp\/v2\/pages\/3129\/revisions"}],"predecessor-version":[{"id":20718,"href":"https:\/\/acpyapi.com.tr\/tr\/wp-json\/wp\/v2\/pages\/3129\/revisions\/20718"}],"wp:attachment":[{"href":"https:\/\/acpyapi.com.tr\/tr\/wp-json\/wp\/v2\/media?parent=3129"}],"curies":[{"name":"wp","href":"https:\/\/api.w.org\/{rel}","templated":true}]}}