{"id":8509,"date":"2023-11-09T13:13:38","date_gmt":"2023-11-09T10:13:38","guid":{"rendered":"https:\/\/acpyapi.com.tr\/?page_id=8509"},"modified":"2025-02-03T15:25:09","modified_gmt":"2025-02-03T12:25:09","slug":"comunello-airwin","status":"publish","type":"page","link":"https:\/\/acpyapi.com.tr\/tr\/pencere-acki-motorlari\/comunello-airwin\/","title":{"rendered":"COMUNELLO Airwin"},"content":{"rendered":"\t\t<div data-elementor-type=\"wp-page\" data-elementor-id=\"8509\" class=\"elementor elementor-8509\" data-elementor-post-type=\"page\">\n\t\t\t\t<div class=\"elementor-element elementor-element-bbb8cc1 e-flex e-con-boxed lakit-col-width-auto-no e-container e-root-container elementor-top-section e-con e-parent\" data-id=\"bbb8cc1\" data-element_type=\"container\">\n\t\t\t\t\t<div class=\"e-con-inner\">\n\t\t\t\t<div class=\"elementor-element elementor-element-4265351 elementor-widget elementor-widget-heading\" data-id=\"4265351\" data-element_type=\"widget\" data-widget_type=\"heading.default\">\n\t\t\t\t<div class=\"elementor-widget-container\">\n\t\t\t\t\t<h2 class=\"elementor-heading-title elementor-size-default\">Comunello Airwin<\/h2>\t\t\t\t<\/div>\n\t\t\t\t<\/div>\n\t\t\t\t\t<\/div>\n\t\t\t\t<\/div>\n\t\t<div class=\"elementor-element elementor-element-a6502b2 e-flex e-con-boxed lakit-col-width-auto-no e-container e-root-container elementor-top-section e-con e-parent\" data-id=\"a6502b2\" data-element_type=\"container\">\n\t\t\t\t\t<div class=\"e-con-inner\">\n\t\t\t\t<div class=\"elementor-element elementor-element-790bcaf elementor-invisible elementor-widget elementor-widget-lastudio-team-member\" data-id=\"790bcaf\" data-element_type=\"widget\" data-settings=\"{&quot;_animation&quot;:&quot;fadeInUp&quot;,&quot;_animation_delay&quot;:400}\" data-widget_type=\"lastudio-team-member.default\">\n\t\t\t\t<div class=\"elementor-widget-container\">\n\t\t\t\t\t\n<div id=\"tm_790bcaf\" class=\"lastudio-team-member layout-type-grid preset-type-1\">\n    <div class=\"lastudio-member__list_wrapper\">\n        <div class=\"lastudio-member__list active-object-fit grid-items block-grid-3 laptop-block-grid-3 tablet-block-grid-3 mobile-block-grid-3 xmobile-block-grid-1\" data-item_selector=\".loop__item\">\n                                <div class=\"lastudio-team-member__item loop__item grid-item\">\n                        <div class=\"lastudio-team-member__inner-box\">\n                            <div class=\"lastudio-team-member__inner\">\n                                <div class=\"lastudio-team-member__image_wrap\">\n                                    <a class=\"lastudio-images-layout__link\" href=\"https:\/\/acpyapi.com.tr\/pencere-acki-motorlari\/comunello-airwin\/comunello-airwin-a45\/\" title=\"AIRWIN A45\"><figure class=\"figure__object_fit lastudio-team-member__image\"><img fetchpriority=\"high\" decoding=\"async\" src=\"data:image\/gif;base64,R0lGODlhAQABAIAAAP\/\/\/wAAACH5BAEAAAAALAAAAAABAAEAAAICRAEAOw==\" data-src=\"https:\/\/acpyapi.com.tr\/wp-content\/uploads\/2025\/02\/airwin-1.jpg\" alt=\"\" class=\"la-lazyload-image lastudio-team-member__image-instance wp-post-image\" width=\"1350\" height=\"1350\" srcset=\"data:image\/gif;base64,R0lGODlhAQABAIAAAP\/\/\/wAAACH5BAEAAAAALAAAAAABAAEAAAICRAEAOw==\"><\/figure><\/a>                                <\/div>\n                                <div class=\"lastudio-team-member__content\">\n                                    <h3 class=\"lastudio-team-member__name\"><a href=\"https:\/\/acpyapi.com.tr\/pencere-acki-motorlari\/comunello-airwin\/comunello-airwin-a45\/\" title=\"AIRWIN A45\">AIRWIN A45<\/a><\/h3>                                <\/div>\n                            <\/div>\n                        <\/div>\n                    <\/div>\n                                        <div class=\"lastudio-team-member__item loop__item grid-item\">\n                        <div class=\"lastudio-team-member__inner-box\">\n                            <div class=\"lastudio-team-member__inner\">\n                                <div class=\"lastudio-team-member__image_wrap\">\n                                    <a class=\"lastudio-images-layout__link\" href=\"https:\/\/acpyapi.com.tr\/pencere-acki-motorlari\/comunello-airwin\/comunello-airwin-a65\/\" title=\"AIRWIN A65\"><figure class=\"figure__object_fit lastudio-team-member__image\"><img decoding=\"async\" src=\"data:image\/gif;base64,R0lGODlhAQABAIAAAP\/\/\/wAAACH5BAEAAAAALAAAAAABAAEAAAICRAEAOw==\" data-src=\"https:\/\/acpyapi.com.tr\/wp-content\/uploads\/2025\/02\/airwina65.jpg\" alt=\"\" class=\"la-lazyload-image lastudio-team-member__image-instance wp-post-image\" width=\"1350\" height=\"1350\" srcset=\"data:image\/gif;base64,R0lGODlhAQABAIAAAP\/\/\/wAAACH5BAEAAAAALAAAAAABAAEAAAICRAEAOw==\"><\/figure><\/a>                                <\/div>\n                                <div class=\"lastudio-team-member__content\">\n                                    <h3 class=\"lastudio-team-member__name\"><a href=\"https:\/\/acpyapi.com.tr\/pencere-acki-motorlari\/comunello-airwin\/comunello-airwin-a65\/\" title=\"AIRWIN A65\">AIRWIN A65<\/a><\/h3>                                <\/div>\n                            <\/div>\n                        <\/div>\n                    <\/div>\n                                        <div class=\"lastudio-team-member__item loop__item grid-item\">\n                        <div class=\"lastudio-team-member__inner-box\">\n                            <div class=\"lastudio-team-member__inner\">\n                                <div class=\"lastudio-team-member__image_wrap\">\n                                    <a class=\"lastudio-images-layout__link\" href=\"https:\/\/acpyapi.com.tr\/pencere-acki-motorlari\/comunello-airwin\/comunello-airwin-a-merch\/\" title=\"AIRWIN A MERCH\"><figure class=\"figure__object_fit lastudio-team-member__image\"><img decoding=\"async\" src=\"data:image\/gif;base64,R0lGODlhAQABAIAAAP\/\/\/wAAACH5BAEAAAAALAAAAAABAAEAAAICRAEAOw==\" data-src=\"https:\/\/acpyapi.com.tr\/wp-content\/uploads\/2025\/02\/airwin.jpg\" alt=\"\" class=\"la-lazyload-image lastudio-team-member__image-instance wp-post-image\" width=\"1350\" height=\"1350\" srcset=\"data:image\/gif;base64,R0lGODlhAQABAIAAAP\/\/\/wAAACH5BAEAAAAALAAAAAABAAEAAAICRAEAOw==\"><\/figure><\/a>                                <\/div>\n                                <div class=\"lastudio-team-member__content\">\n                                    <h3 class=\"lastudio-team-member__name\"><a href=\"https:\/\/acpyapi.com.tr\/pencere-acki-motorlari\/comunello-airwin\/comunello-airwin-a-merch\/\" title=\"AIRWIN A MERCH\">AIRWIN A MERCH<\/a><\/h3>                                <\/div>\n                            <\/div>\n                        <\/div>\n                    <\/div>\n                            <\/div>\n    <\/div>\n<\/div>\t\t\t\t<\/div>\n\t\t\t\t<\/div>\n\t\t\t\t\t<\/div>\n\t\t\t\t<\/div>\n\t\t<div class=\"elementor-element elementor-element-1ce0f8a elementor-hidden-mobile_extra elementor-hidden-mobile e-flex e-con-boxed lakit-col-width-auto-no e-container e-root-container elementor-top-section e-con e-parent\" data-id=\"1ce0f8a\" data-element_type=\"container\">\n\t\t\t\t\t<div class=\"e-con-inner\">\n\t\t\t\t<div class=\"elementor-element elementor-element-fac61bd elementor-widget elementor-widget-ucaddon_blox_particles_logo\" data-id=\"fac61bd\" data-element_type=\"widget\" data-widget_type=\"ucaddon_blox_particles_logo.default\">\n\t\t\t\t<div class=\"elementor-widget-container\">\n\t\t\t\t\t\n<!-- start Particle Image -->\n<style>\/* widget: Particle Image *\/\n\n#uc_blox_particles_logo_elementor_fac61bd {\n  display: none;\n}\n.uc_blox_particles_logo_elementor_fac61bd_particle-img-wrapper{\nwidth:100%;\nheight:350px;\ntext-align:center;}\n\n<\/style>\n\n<div class=\"uc_blox_particles_logo_elementor_fac61bd_particle-img-wrapper\">\n<img decoding=\"async\"\n  id=\"uc_blox_particles_logo_elementor_fac61bd\"\n  class=\"uc_blox_particles_logo_elementor_fac61bd ue-particle-image\"\n  data-width=\"800\"\n  data-height=\"350\"\n  data-max-width=\"70%\"\n  data-particle-gap=\"1\"\n  data-color=\"\"\n  data-gravity=\"0.29\"\n  data-noise=\"10\"\n     \n  data-renderer=\"webgl\"\n \n     \n  data-particle-size=\"0.8\"\n  data-layer-count=\"1\"\n  data-layer-distance=\"50\"\n  data-depth=\"12\"   \n  data-life-cycle=\"true\"\n  data-grow-duration=\"15\"\n  data-wait-duration=\"180\"\n  data-shrink-duration=\"50\"\n  data-shrink-distance=\"120\"\n\n       \n  data-mouse-force=\"30\"\n  data-init-position=\"none\"\n  data-init-direction=\"none\"\n  data-fade-position=\"none\"\n  data-fade-direction=\"none\"\n  src=\"https:\/\/acpyapi.com.tr\/wp-content\/uploads\/2024\/06\/swift.png\" >\n<\/div>\n<!-- end Particle Image -->\t\t\t\t<\/div>\n\t\t\t\t<\/div>\n\t\t\t\t\t<\/div>\n\t\t\t\t<\/div>\n\t\t\t\t<\/div>\n\t\t","protected":false},"excerpt":{"rendered":"<p>Comunello Airwin AIRWIN A45 AIRWIN A65 AIRWIN A MERCH<\/p>\n","protected":false},"author":1,"featured_media":0,"parent":8446,"menu_order":0,"comment_status":"closed","ping_status":"closed","template":"","meta":{"footnotes":""},"class_list":["post-8509","page","type-page","status-publish","hentry"],"yoast_head":"<!-- This site is optimized with the Yoast SEO plugin v26.1.1 - https:\/\/yoast.com\/wordpress\/plugins\/seo\/ -->\n<title>COMUNELLO Airwin - ACP YAPI ELEMANLARI<\/title>\n<meta name=\"robots\" content=\"index, follow, max-snippet:-1, max-image-preview:large, max-video-preview:-1\" \/>\n<link rel=\"canonical\" href=\"https:\/\/acpyapi.com.tr\/tr\/pencere-acki-motorlari\/comunello-airwin\/\" \/>\n<meta property=\"og:locale\" content=\"tr_TR\" \/>\n<meta property=\"og:type\" content=\"article\" \/>\n<meta property=\"og:title\" content=\"COMUNELLO Airwin - ACP YAPI ELEMANLARI\" \/>\n<meta property=\"og:description\" content=\"Comunello Airwin AIRWIN A45 AIRWIN A65 AIRWIN A MERCH\" \/>\n<meta property=\"og:url\" content=\"https:\/\/acpyapi.com.tr\/tr\/pencere-acki-motorlari\/comunello-airwin\/\" \/>\n<meta property=\"og:site_name\" content=\"ACP YAPI ELEMANLARI\" \/>\n<meta property=\"article:publisher\" content=\"https:\/\/www.facebook.com\/acpyapielemanlari\/\" \/>\n<meta property=\"article:modified_time\" content=\"2025-02-03T12:25:09+00:00\" \/>\n<meta property=\"og:image\" content=\"https:\/\/acpyapi.com.tr\/wp-content\/uploads\/2023\/10\/logo-siyah.png\" \/>\n\t<meta property=\"og:image:width\" content=\"500\" \/>\n\t<meta property=\"og:image:height\" content=\"200\" \/>\n\t<meta property=\"og:image:type\" content=\"image\/png\" \/>\n<meta name=\"twitter:card\" content=\"summary_large_image\" \/>\n<meta name=\"twitter:label1\" content=\"Tahmini okuma s\u00fcresi\" \/>\n\t<meta name=\"twitter:data1\" content=\"1 dakika\" \/>\n<script type=\"application\/ld+json\" class=\"yoast-schema-graph\">{\"@context\":\"https:\/\/schema.org\",\"@graph\":[{\"@type\":\"WebPage\",\"@id\":\"https:\/\/acpyapi.com.tr\/pencere-acki-motorlari\/comunello-airwin\/\",\"url\":\"https:\/\/acpyapi.com.tr\/pencere-acki-motorlari\/comunello-airwin\/\",\"name\":\"COMUNELLO Airwin - ACP YAPI ELEMANLARI\",\"isPartOf\":{\"@id\":\"https:\/\/acpyapi.com.tr\/#website\"},\"datePublished\":\"2023-11-09T10:13:38+00:00\",\"dateModified\":\"2025-02-03T12:25:09+00:00\",\"breadcrumb\":{\"@id\":\"https:\/\/acpyapi.com.tr\/pencere-acki-motorlari\/comunello-airwin\/#breadcrumb\"},\"inLanguage\":\"tr\",\"potentialAction\":[{\"@type\":\"ReadAction\",\"target\":[\"https:\/\/acpyapi.com.tr\/pencere-acki-motorlari\/comunello-airwin\/\"]}]},{\"@type\":\"BreadcrumbList\",\"@id\":\"https:\/\/acpyapi.com.tr\/pencere-acki-motorlari\/comunello-airwin\/#breadcrumb\",\"itemListElement\":[{\"@type\":\"ListItem\",\"position\":1,\"name\":\"Anasayfa\",\"item\":\"https:\/\/acpyapi.com.tr\/\"},{\"@type\":\"ListItem\",\"position\":2,\"name\":\"Pencere Motorlar\u0131\",\"item\":\"https:\/\/acpyapi.com.tr\/pencere-acki-motorlari\/\"},{\"@type\":\"ListItem\",\"position\":3,\"name\":\"COMUNELLO Airwin\"}]},{\"@type\":\"WebSite\",\"@id\":\"https:\/\/acpyapi.com.tr\/#website\",\"url\":\"https:\/\/acpyapi.com.tr\/\",\"name\":\"ACP YAPI ELEMANLARI\",\"description\":\"G\u00f6z\u00fcn\u00fcz Arkada Kalmas\u0131n\",\"publisher\":{\"@id\":\"https:\/\/acpyapi.com.tr\/#organization\"},\"alternateName\":\"ACP Yap\u0131\",\"potentialAction\":[{\"@type\":\"SearchAction\",\"target\":{\"@type\":\"EntryPoint\",\"urlTemplate\":\"https:\/\/acpyapi.com.tr\/?s={search_term_string}\"},\"query-input\":{\"@type\":\"PropertyValueSpecification\",\"valueRequired\":true,\"valueName\":\"search_term_string\"}}],\"inLanguage\":\"tr\"},{\"@type\":\"Organization\",\"@id\":\"https:\/\/acpyapi.com.tr\/#organization\",\"name\":\"ACP YAPI ELEMANLARI\",\"alternateName\":\"Acp Yap\u0131\",\"url\":\"https:\/\/acpyapi.com.tr\/\",\"logo\":{\"@type\":\"ImageObject\",\"inLanguage\":\"tr\",\"@id\":\"https:\/\/acpyapi.com.tr\/#\/schema\/logo\/image\/\",\"url\":\"https:\/\/acpyapi.com.tr\/wp-content\/uploads\/2023\/10\/logo-siyah.png\",\"contentUrl\":\"https:\/\/acpyapi.com.tr\/wp-content\/uploads\/2023\/10\/logo-siyah.png\",\"width\":500,\"height\":200,\"caption\":\"ACP YAPI ELEMANLARI\"},\"image\":{\"@id\":\"https:\/\/acpyapi.com.tr\/#\/schema\/logo\/image\/\"},\"sameAs\":[\"https:\/\/www.facebook.com\/acpyapielemanlari\/\",\"https:\/\/www.instagram.com\/acpyapielemanlari\/\",\"https:\/\/www.linkedin.com\/company\/acpyapielemanlari\/?originalSubdomain=tr\",\"https:\/\/www.youtube.com\/channel\/UCRyEXuOc3OSvcTY1_yqbE8g\"]}]}<\/script>\n<!-- \/ Yoast SEO plugin. -->","yoast_head_json":{"title":"COMUNELLO Airwin - ACP YAPI ELEMANLARI","robots":{"index":"index","follow":"follow","max-snippet":"max-snippet:-1","max-image-preview":"max-image-preview:large","max-video-preview":"max-video-preview:-1"},"canonical":"https:\/\/acpyapi.com.tr\/tr\/pencere-acki-motorlari\/comunello-airwin\/","og_locale":"tr_TR","og_type":"article","og_title":"COMUNELLO Airwin - ACP YAPI ELEMANLARI","og_description":"Comunello Airwin AIRWIN A45 AIRWIN A65 AIRWIN A MERCH","og_url":"https:\/\/acpyapi.com.tr\/tr\/pencere-acki-motorlari\/comunello-airwin\/","og_site_name":"ACP YAPI ELEMANLARI","article_publisher":"https:\/\/www.facebook.com\/acpyapielemanlari\/","article_modified_time":"2025-02-03T12:25:09+00:00","og_image":[{"width":500,"height":200,"url":"https:\/\/acpyapi.com.tr\/wp-content\/uploads\/2023\/10\/logo-siyah.png","type":"image\/png"}],"twitter_card":"summary_large_image","twitter_misc":{"Tahmini okuma s\u00fcresi":"1 dakika"},"schema":{"@context":"https:\/\/schema.org","@graph":[{"@type":"WebPage","@id":"https:\/\/acpyapi.com.tr\/pencere-acki-motorlari\/comunello-airwin\/","url":"https:\/\/acpyapi.com.tr\/pencere-acki-motorlari\/comunello-airwin\/","name":"COMUNELLO Airwin - ACP YAPI ELEMANLARI","isPartOf":{"@id":"https:\/\/acpyapi.com.tr\/#website"},"datePublished":"2023-11-09T10:13:38+00:00","dateModified":"2025-02-03T12:25:09+00:00","breadcrumb":{"@id":"https:\/\/acpyapi.com.tr\/pencere-acki-motorlari\/comunello-airwin\/#breadcrumb"},"inLanguage":"tr","potentialAction":[{"@type":"ReadAction","target":["https:\/\/acpyapi.com.tr\/pencere-acki-motorlari\/comunello-airwin\/"]}]},{"@type":"BreadcrumbList","@id":"https:\/\/acpyapi.com.tr\/pencere-acki-motorlari\/comunello-airwin\/#breadcrumb","itemListElement":[{"@type":"ListItem","position":1,"name":"Anasayfa","item":"https:\/\/acpyapi.com.tr\/"},{"@type":"ListItem","position":2,"name":"Pencere Motorlar\u0131","item":"https:\/\/acpyapi.com.tr\/pencere-acki-motorlari\/"},{"@type":"ListItem","position":3,"name":"COMUNELLO Airwin"}]},{"@type":"WebSite","@id":"https:\/\/acpyapi.com.tr\/#website","url":"https:\/\/acpyapi.com.tr\/","name":"ACP YAPI ELEMANLARI","description":"G\u00f6z\u00fcn\u00fcz Arkada Kalmas\u0131n","publisher":{"@id":"https:\/\/acpyapi.com.tr\/#organization"},"alternateName":"ACP Yap\u0131","potentialAction":[{"@type":"SearchAction","target":{"@type":"EntryPoint","urlTemplate":"https:\/\/acpyapi.com.tr\/?s={search_term_string}"},"query-input":{"@type":"PropertyValueSpecification","valueRequired":true,"valueName":"search_term_string"}}],"inLanguage":"tr"},{"@type":"Organization","@id":"https:\/\/acpyapi.com.tr\/#organization","name":"ACP YAPI ELEMANLARI","alternateName":"Acp Yap\u0131","url":"https:\/\/acpyapi.com.tr\/","logo":{"@type":"ImageObject","inLanguage":"tr","@id":"https:\/\/acpyapi.com.tr\/#\/schema\/logo\/image\/","url":"https:\/\/acpyapi.com.tr\/wp-content\/uploads\/2023\/10\/logo-siyah.png","contentUrl":"https:\/\/acpyapi.com.tr\/wp-content\/uploads\/2023\/10\/logo-siyah.png","width":500,"height":200,"caption":"ACP YAPI ELEMANLARI"},"image":{"@id":"https:\/\/acpyapi.com.tr\/#\/schema\/logo\/image\/"},"sameAs":["https:\/\/www.facebook.com\/acpyapielemanlari\/","https:\/\/www.instagram.com\/acpyapielemanlari\/","https:\/\/www.linkedin.com\/company\/acpyapielemanlari\/?originalSubdomain=tr","https:\/\/www.youtube.com\/channel\/UCRyEXuOc3OSvcTY1_yqbE8g"]}]}},"_links":{"self":[{"href":"https:\/\/acpyapi.com.tr\/tr\/wp-json\/wp\/v2\/pages\/8509","targetHints":{"allow":["GET"]}}],"collection":[{"href":"https:\/\/acpyapi.com.tr\/tr\/wp-json\/wp\/v2\/pages"}],"about":[{"href":"https:\/\/acpyapi.com.tr\/tr\/wp-json\/wp\/v2\/types\/page"}],"author":[{"embeddable":true,"href":"https:\/\/acpyapi.com.tr\/tr\/wp-json\/wp\/v2\/users\/1"}],"replies":[{"embeddable":true,"href":"https:\/\/acpyapi.com.tr\/tr\/wp-json\/wp\/v2\/comments?post=8509"}],"version-history":[{"count":0,"href":"https:\/\/acpyapi.com.tr\/tr\/wp-json\/wp\/v2\/pages\/8509\/revisions"}],"up":[{"embeddable":true,"href":"https:\/\/acpyapi.com.tr\/tr\/wp-json\/wp\/v2\/pages\/8446"}],"wp:attachment":[{"href":"https:\/\/acpyapi.com.tr\/tr\/wp-json\/wp\/v2\/media?parent=8509"}],"curies":[{"name":"wp","href":"https:\/\/api.w.org\/{rel}","templated":true}]}}