{"id":8660,"date":"2023-11-10T09:28:14","date_gmt":"2023-11-10T06:28:14","guid":{"rendered":"https:\/\/acpyapi.com.tr\/?page_id=8660"},"modified":"2024-12-10T17:26:56","modified_gmt":"2024-12-10T14:26:56","slug":"kapi-donanimlari","status":"publish","type":"page","link":"https:\/\/acpyapi.com.tr\/tr\/kapi-sistemleri\/kapi-donanimlari\/","title":{"rendered":"Kap\u0131 Donan\u0131mlar\u0131"},"content":{"rendered":"\t\t<div data-elementor-type=\"wp-page\" data-elementor-id=\"8660\" class=\"elementor elementor-8660\" data-elementor-post-type=\"page\">\n\t\t\t\t<div class=\"elementor-element elementor-element-a16b286 e-flex e-con-boxed lakit-col-width-auto-no e-container e-root-container elementor-top-section e-con e-parent\" data-id=\"a16b286\" data-element_type=\"container\">\n\t\t\t\t\t<div class=\"e-con-inner\">\n\t\t\t\t<div class=\"elementor-element elementor-element-7bc7331 elementor-widget elementor-widget-heading\" data-id=\"7bc7331\" data-element_type=\"widget\" data-widget_type=\"heading.default\">\n\t\t\t\t<div class=\"elementor-widget-container\">\n\t\t\t\t\t<h2 class=\"elementor-heading-title elementor-size-default\">Kap\u0131 Donan\u0131mlar\u0131\n<\/h2>\t\t\t\t<\/div>\n\t\t\t\t<\/div>\n\t\t\t\t\t<\/div>\n\t\t\t\t<\/div>\n\t\t<div class=\"elementor-element elementor-element-e542853 e-flex e-con-boxed lakit-col-width-auto-no e-container e-root-container elementor-top-section e-con e-parent\" data-id=\"e542853\" data-element_type=\"container\">\n\t\t\t\t\t<div class=\"e-con-inner\">\n\t\t<div class=\"elementor-element elementor-element-b010a36 e-con-full e-flex lakit-col-width-auto-no e-container e-con e-child\" data-id=\"b010a36\" data-element_type=\"container\">\n\t\t\t\t<div class=\"elementor-element elementor-element-0edf3c3 animated-slow lakit-has-entrance-animation elementor-widget elementor-widget-image\" data-id=\"0edf3c3\" data-element_type=\"widget\" data-settings=\"{&quot;motion_fx_motion_fx_mouse&quot;:&quot;yes&quot;,&quot;motion_fx_mouseTrack_effect&quot;:&quot;yes&quot;,&quot;motion_fx_mouseTrack_direction&quot;:&quot;negative&quot;,&quot;motion_fx_mouseTrack_speed&quot;:{&quot;unit&quot;:&quot;px&quot;,&quot;size&quot;:0.1000000000000000055511151231257827021181583404541015625,&quot;sizes&quot;:[]},&quot;_animation&quot;:&quot;none&quot;}\" data-widget_type=\"image.default\">\n\t\t\t\t<div class=\"elementor-widget-container\">\n\t\t\t\t\t\t\t\t\t\t\t\t\t\t\t\t<a href=\"https:\/\/acpyapi.com.tr\/tr\/kapi-sistemleri\/kapi-donanimlari\/kapi-kapaticilar-2\/\">\n\t\t\t\t\t\t\t<img decoding=\"async\" src=\"https:\/\/acpyapi.com.tr\/wp-content\/uploads\/elementor\/thumbs\/110000013555_ts_73_v_1200x1200_image_slider_product_image_slider_zoom-qq67yzzasvipvr2iq7w8p8yldmdkktmizpt4a71mrs.jpg\" title=\"110000013555_ts_73_v_1200x1200.jpg_image_slider_product_image_slider_zoom\" alt=\"110000013555_ts_73_v_1200x1200.jpg_image_slider_product_image_slider_zoom\" class=\"elementor-animation-sink\" loading=\"lazy\" \/>\t\t\t\t\t\t\t\t<\/a>\n\t\t\t\t\t\t\t\t\t\t\t\t\t\t\t<\/div>\n\t\t\t\t<\/div>\n\t\t\t\t<div class=\"elementor-element elementor-element-6c7f096 elementor-widget elementor-widget-heading\" data-id=\"6c7f096\" data-element_type=\"widget\" data-widget_type=\"heading.default\">\n\t\t\t\t<div class=\"elementor-widget-container\">\n\t\t\t\t\t<h2 class=\"elementor-heading-title elementor-size-default\"><a href=\"https:\/\/acpyapi.com.tr\/tr\/kapi-sistemleri\/kapi-donanimlari\/kapi-kapaticilar-2\/\">Kap\u0131 Kapat\u0131c\u0131lar<\/a><\/h2>\t\t\t\t<\/div>\n\t\t\t\t<\/div>\n\t\t\t\t<\/div>\n\t\t<div class=\"elementor-element elementor-element-26012c6 e-con-full e-flex lakit-col-width-auto-no e-container e-con e-child\" data-id=\"26012c6\" data-element_type=\"container\">\n\t\t\t\t<div class=\"elementor-element elementor-element-9ecd90b animated-slow lakit-has-entrance-animation elementor-widget elementor-widget-image\" data-id=\"9ecd90b\" data-element_type=\"widget\" data-settings=\"{&quot;motion_fx_motion_fx_mouse&quot;:&quot;yes&quot;,&quot;motion_fx_mouseTrack_effect&quot;:&quot;yes&quot;,&quot;motion_fx_mouseTrack_direction&quot;:&quot;negative&quot;,&quot;motion_fx_mouseTrack_speed&quot;:{&quot;unit&quot;:&quot;px&quot;,&quot;size&quot;:0.1000000000000000055511151231257827021181583404541015625,&quot;sizes&quot;:[]},&quot;_animation&quot;:&quot;none&quot;}\" data-widget_type=\"image.default\">\n\t\t\t\t<div class=\"elementor-widget-container\">\n\t\t\t\t\t\t\t\t\t\t\t\t\t\t\t\t<a href=\"https:\/\/acpyapi.com.tr\/kapi-sistemleri\/kapi-donanimlari\/panik-kacis-cikis-donanimlari\/\">\n\t\t\t\t\t\t\t<img decoding=\"async\" src=\"https:\/\/acpyapi.com.tr\/wp-content\/uploads\/elementor\/thumbs\/1W1A9657-qyb1xwwn77cno0aijeej2hp0zjdunonekcbs6wfgco.jpg\" title=\"1W1A9657\" alt=\"1W1A9657\" class=\"elementor-animation-sink\" loading=\"lazy\" \/>\t\t\t\t\t\t\t\t<\/a>\n\t\t\t\t\t\t\t\t\t\t\t\t\t\t\t<\/div>\n\t\t\t\t<\/div>\n\t\t\t\t<div class=\"elementor-element elementor-element-c713ebd elementor-widget elementor-widget-heading\" data-id=\"c713ebd\" data-element_type=\"widget\" data-widget_type=\"heading.default\">\n\t\t\t\t<div class=\"elementor-widget-container\">\n\t\t\t\t\t<h2 class=\"elementor-heading-title elementor-size-default\"><a href=\"https:\/\/acpyapi.com.tr\/kapi-sistemleri\/kapi-donanimlari\/panik-kacis-cikis-donanimlari\/\">Panik ka\u00e7\u0131\u015f &amp; \u00e7\u0131k\u0131\u015f donan\u0131mlar\u0131<\/a><\/h2>\t\t\t\t<\/div>\n\t\t\t\t<\/div>\n\t\t\t\t<\/div>\n\t\t<div class=\"elementor-element elementor-element-716fc6b e-con-full e-flex lakit-col-width-auto-no e-container e-con e-child\" data-id=\"716fc6b\" data-element_type=\"container\">\n\t\t\t\t<div class=\"elementor-element elementor-element-98603f0 animated-slow lakit-has-entrance-animation elementor-widget elementor-widget-image\" data-id=\"98603f0\" data-element_type=\"widget\" data-settings=\"{&quot;motion_fx_motion_fx_mouse&quot;:&quot;yes&quot;,&quot;motion_fx_mouseTrack_effect&quot;:&quot;yes&quot;,&quot;motion_fx_mouseTrack_direction&quot;:&quot;negative&quot;,&quot;motion_fx_mouseTrack_speed&quot;:{&quot;unit&quot;:&quot;px&quot;,&quot;size&quot;:0.1000000000000000055511151231257827021181583404541015625,&quot;sizes&quot;:[]},&quot;_animation&quot;:&quot;none&quot;}\" data-widget_type=\"image.default\">\n\t\t\t\t<div class=\"elementor-widget-container\">\n\t\t\t\t\t\t\t\t\t\t\t\t\t\t\t\t<a href=\"https:\/\/acpyapi.com.tr\/kapi-sistemleri\/kapi-donanimlari\/kilitler\/\">\n\t\t\t\t\t\t\t<img decoding=\"async\" src=\"https:\/\/acpyapi.com.tr\/wp-content\/uploads\/elementor\/thumbs\/1501570423_SVP2000_VBNG_RRNG_web-qract2a5qeuojlqn4l1o2oinfnocofuqxfi4lt9vgo.jpg\" title=\"1501570423_SVP2000_VBNG_RRNG_web\" alt=\"1501570423_SVP2000_VBNG_RRNG_web\" class=\"elementor-animation-sink\" loading=\"lazy\" \/>\t\t\t\t\t\t\t\t<\/a>\n\t\t\t\t\t\t\t\t\t\t\t\t\t\t\t<\/div>\n\t\t\t\t<\/div>\n\t\t\t\t<div class=\"elementor-element elementor-element-dfeaaf6 elementor-widget elementor-widget-heading\" data-id=\"dfeaaf6\" data-element_type=\"widget\" data-widget_type=\"heading.default\">\n\t\t\t\t<div class=\"elementor-widget-container\">\n\t\t\t\t\t<h2 class=\"elementor-heading-title elementor-size-default\"><a href=\"https:\/\/acpyapi.com.tr\/kapi-sistemleri\/kapi-donanimlari\/kilitler\/\">Kilitler<\/a><\/h2>\t\t\t\t<\/div>\n\t\t\t\t<\/div>\n\t\t\t\t<\/div>\n\t\t\t\t\t<\/div>\n\t\t\t\t<\/div>\n\t\t<div class=\"elementor-element elementor-element-f29414f e-flex e-con-boxed lakit-col-width-auto-no e-container e-root-container elementor-top-section e-con e-parent\" data-id=\"f29414f\" data-element_type=\"container\">\n\t\t\t\t\t<div class=\"e-con-inner\">\n\t\t<div class=\"elementor-element elementor-element-ee3508e e-con-full e-flex lakit-col-width-auto-no e-container e-con e-child\" data-id=\"ee3508e\" data-element_type=\"container\">\n\t\t\t\t<div class=\"elementor-element elementor-element-0cf4fec animated-slow lakit-has-entrance-animation elementor-widget elementor-widget-image\" data-id=\"0cf4fec\" data-element_type=\"widget\" data-settings=\"{&quot;motion_fx_motion_fx_mouse&quot;:&quot;yes&quot;,&quot;motion_fx_mouseTrack_effect&quot;:&quot;yes&quot;,&quot;motion_fx_mouseTrack_speed&quot;:{&quot;unit&quot;:&quot;px&quot;,&quot;size&quot;:0.1000000000000000055511151231257827021181583404541015625,&quot;sizes&quot;:[]},&quot;_animation&quot;:&quot;none&quot;}\" data-widget_type=\"image.default\">\n\t\t\t\t<div class=\"elementor-widget-container\">\n\t\t\t\t\t\t\t\t\t\t\t\t\t\t\t\t<a href=\"https:\/\/acpyapi.com.tr\/kapi-sistemleri\/kapi-donanimlari\/elektrikli-kapi-donanimlari\/\">\n\t\t\t\t\t\t\t<img decoding=\"async\" src=\"https:\/\/acpyapi.com.tr\/wp-content\/uploads\/elementor\/thumbs\/1501573087_electrified_door_hardware_1200x1200-qracxzxnm3lvhwklb7u5nxorphcq38g0luswb3ygso.jpg\" title=\"1501573087_electrified_door_hardware_1200x1200\" alt=\"1501573087_electrified_door_hardware_1200x1200\" class=\"elementor-animation-sink\" loading=\"lazy\" \/>\t\t\t\t\t\t\t\t<\/a>\n\t\t\t\t\t\t\t\t\t\t\t\t\t\t\t<\/div>\n\t\t\t\t<\/div>\n\t\t\t\t<div class=\"elementor-element elementor-element-4b6d27a elementor-widget elementor-widget-heading\" data-id=\"4b6d27a\" data-element_type=\"widget\" data-widget_type=\"heading.default\">\n\t\t\t\t<div class=\"elementor-widget-container\">\n\t\t\t\t\t<h2 class=\"elementor-heading-title elementor-size-default\"><a href=\"https:\/\/acpyapi.com.tr\/kapi-sistemleri\/kapi-donanimlari\/elektrikli-kapi-donanimlari\/\">Elektrikli kap\u0131 donan\u0131mlar\u0131<\/a><\/h2>\t\t\t\t<\/div>\n\t\t\t\t<\/div>\n\t\t\t\t<\/div>\n\t\t<div class=\"elementor-element elementor-element-8cf59f9 e-con-full e-flex lakit-col-width-auto-no e-container e-con e-child\" data-id=\"8cf59f9\" data-element_type=\"container\">\n\t\t\t\t<\/div>\n\t\t<div class=\"elementor-element elementor-element-4c830dd e-con-full e-flex lakit-col-width-auto-no e-container e-con e-child\" data-id=\"4c830dd\" data-element_type=\"container\">\n\t\t\t\t<\/div>\n\t\t\t\t\t<\/div>\n\t\t\t\t<\/div>\n\t\t<div class=\"elementor-element elementor-element-a90c244 e-flex e-con-boxed lakit-col-width-auto-no e-container e-root-container elementor-top-section e-con e-parent\" data-id=\"a90c244\" data-element_type=\"container\">\n\t\t\t\t\t<div class=\"e-con-inner\">\n\t\t<div class=\"elementor-element elementor-element-78b3558 e-con-full e-flex lakit-col-width-auto-no e-container e-con e-child\" data-id=\"78b3558\" data-element_type=\"container\">\n\t\t\t\t<div class=\"elementor-element elementor-element-03e77ab elementor-widget elementor-widget-spacer\" data-id=\"03e77ab\" data-element_type=\"widget\" data-widget_type=\"spacer.default\">\n\t\t\t\t<div class=\"elementor-widget-container\">\n\t\t\t\t\t\t\t<div class=\"elementor-spacer\">\n\t\t\t<div class=\"elementor-spacer-inner\"><\/div>\n\t\t<\/div>\n\t\t\t\t\t\t<\/div>\n\t\t\t\t<\/div>\n\t\t\t\t<\/div>\n\t\t<div class=\"elementor-element elementor-element-4f259a3 e-con-full e-flex lakit-col-width-auto-no e-container e-con e-child\" data-id=\"4f259a3\" data-element_type=\"container\">\n\t\t\t\t<div class=\"elementor-element elementor-element-6c1af8f elementor-widget elementor-widget-spacer\" data-id=\"6c1af8f\" data-element_type=\"widget\" data-widget_type=\"spacer.default\">\n\t\t\t\t<div class=\"elementor-widget-container\">\n\t\t\t\t\t\t\t<div class=\"elementor-spacer\">\n\t\t\t<div class=\"elementor-spacer-inner\"><\/div>\n\t\t<\/div>\n\t\t\t\t\t\t<\/div>\n\t\t\t\t<\/div>\n\t\t\t\t<\/div>\n\t\t<div class=\"elementor-element elementor-element-f364125 e-con-full e-flex lakit-col-width-auto-no e-container e-con e-child\" data-id=\"f364125\" data-element_type=\"container\">\n\t\t\t\t<div class=\"elementor-element elementor-element-e625ff6 elementor-widget elementor-widget-spacer\" data-id=\"e625ff6\" data-element_type=\"widget\" data-widget_type=\"spacer.default\">\n\t\t\t\t<div class=\"elementor-widget-container\">\n\t\t\t\t\t\t\t<div class=\"elementor-spacer\">\n\t\t\t<div class=\"elementor-spacer-inner\"><\/div>\n\t\t<\/div>\n\t\t\t\t\t\t<\/div>\n\t\t\t\t<\/div>\n\t\t\t\t<\/div>\n\t\t\t\t\t<\/div>\n\t\t\t\t<\/div>\n\t\t<div class=\"elementor-element elementor-element-f4b9e9b e-flex e-con-boxed lakit-col-width-auto-no e-container e-root-container elementor-top-section e-con e-parent\" data-id=\"f4b9e9b\" data-element_type=\"container\">\n\t\t\t\t\t<div class=\"e-con-inner\">\n\t\t\t\t<div class=\"elementor-element elementor-element-cd04f04 elementor-widget elementor-widget-ucaddon_blox_particles_logo\" data-id=\"cd04f04\" data-element_type=\"widget\" data-widget_type=\"ucaddon_blox_particles_logo.default\">\n\t\t\t\t<div class=\"elementor-widget-container\">\n\t\t\t\t\t\n<!-- start Particle Image -->\n<style>\/* widget: Particle Image *\/\n\n#uc_blox_particles_logo_elementor_cd04f04 {\n  display: none;\n}\n.uc_blox_particles_logo_elementor_cd04f04_particle-img-wrapper{\nwidth:100%;\nheight:350px;\ntext-align:center;}\n\n<\/style>\n\n<div class=\"uc_blox_particles_logo_elementor_cd04f04_particle-img-wrapper\">\n<img decoding=\"async\"\n  id=\"uc_blox_particles_logo_elementor_cd04f04\"\n  class=\"uc_blox_particles_logo_elementor_cd04f04 ue-particle-image\"\n  data-width=\"800\"\n  data-height=\"350\"\n  data-max-width=\"70%\"\n  data-particle-gap=\"1\"\n  data-color=\"\"\n  data-gravity=\"0.29\"\n  data-noise=\"10\"\n     \n  data-renderer=\"webgl\"\n \n     \n  data-particle-size=\"0.8\"\n  data-layer-count=\"1\"\n  data-layer-distance=\"50\"\n  data-depth=\"12\"   \n  data-life-cycle=\"true\"\n  data-grow-duration=\"15\"\n  data-wait-duration=\"180\"\n  data-shrink-duration=\"50\"\n  data-shrink-distance=\"120\"\n\n       \n  data-mouse-force=\"30\"\n  data-init-position=\"none\"\n  data-init-direction=\"none\"\n  data-fade-position=\"none\"\n  data-fade-direction=\"none\"\n  src=\"https:\/\/acpyapi.com.tr\/wp-content\/uploads\/2024\/06\/swift.png\" >\n<\/div>\n<!-- end Particle Image -->\t\t\t\t<\/div>\n\t\t\t\t<\/div>\n\t\t\t\t\t<\/div>\n\t\t\t\t<\/div>\n\t\t\t\t<\/div>\n\t\t","protected":false},"excerpt":{"rendered":"<p>Kap\u0131 Donan\u0131mlar\u0131 Kap\u0131 Kapat\u0131c\u0131lar Panik ka\u00e7\u0131\u015f &#038; \u00e7\u0131k\u0131\u015f donan\u0131mlar\u0131 Kilitler Elektrikli kap\u0131 donan\u0131mlar\u0131<\/p>\n","protected":false},"author":1,"featured_media":0,"parent":3129,"menu_order":0,"comment_status":"closed","ping_status":"closed","template":"","meta":{"footnotes":""},"class_list":["post-8660","page","type-page","status-publish","hentry"],"yoast_head":"<!-- This site is optimized with the Yoast SEO plugin v26.1.1 - https:\/\/yoast.com\/wordpress\/plugins\/seo\/ -->\n<title>Kap\u0131 Donan\u0131mlar\u0131 - ACP YAPI ELEMANLARI<\/title>\n<meta name=\"robots\" content=\"index, follow, max-snippet:-1, max-image-preview:large, max-video-preview:-1\" \/>\n<link rel=\"canonical\" href=\"https:\/\/acpyapi.com.tr\/tr\/kapi-sistemleri\/kapi-donanimlari\/\" \/>\n<meta property=\"og:locale\" content=\"tr_TR\" \/>\n<meta property=\"og:type\" content=\"article\" \/>\n<meta property=\"og:title\" content=\"Kap\u0131 Donan\u0131mlar\u0131 - ACP YAPI ELEMANLARI\" \/>\n<meta property=\"og:description\" content=\"Kap\u0131 Donan\u0131mlar\u0131 Kap\u0131 Kapat\u0131c\u0131lar Panik ka\u00e7\u0131\u015f &#038; \u00e7\u0131k\u0131\u015f donan\u0131mlar\u0131 Kilitler Elektrikli kap\u0131 donan\u0131mlar\u0131\" \/>\n<meta property=\"og:url\" content=\"https:\/\/acpyapi.com.tr\/tr\/kapi-sistemleri\/kapi-donanimlari\/\" \/>\n<meta property=\"og:site_name\" content=\"ACP YAPI ELEMANLARI\" \/>\n<meta property=\"article:publisher\" content=\"https:\/\/www.facebook.com\/acpyapielemanlari\/\" \/>\n<meta property=\"article:modified_time\" content=\"2024-12-10T14:26:56+00:00\" \/>\n<meta property=\"og:image\" content=\"https:\/\/acpyapi.com.tr\/wp-content\/uploads\/elementor\/thumbs\/110000013555_ts_73_v_1200x1200_image_slider_product_image_slider_zoom-qq67yzzasvipvr2iq7w8p8yldmdkktmizpt4a71mrs.jpg\" \/>\n<meta name=\"twitter:card\" content=\"summary_large_image\" \/>\n<script type=\"application\/ld+json\" class=\"yoast-schema-graph\">{\"@context\":\"https:\/\/schema.org\",\"@graph\":[{\"@type\":\"WebPage\",\"@id\":\"https:\/\/acpyapi.com.tr\/kapi-sistemleri\/kapi-donanimlari\/\",\"url\":\"https:\/\/acpyapi.com.tr\/kapi-sistemleri\/kapi-donanimlari\/\",\"name\":\"Kap\u0131 Donan\u0131mlar\u0131 - ACP YAPI ELEMANLARI\",\"isPartOf\":{\"@id\":\"https:\/\/acpyapi.com.tr\/#website\"},\"primaryImageOfPage\":{\"@id\":\"https:\/\/acpyapi.com.tr\/kapi-sistemleri\/kapi-donanimlari\/#primaryimage\"},\"image\":{\"@id\":\"https:\/\/acpyapi.com.tr\/kapi-sistemleri\/kapi-donanimlari\/#primaryimage\"},\"thumbnailUrl\":\"https:\/\/acpyapi.com.tr\/wp-content\/uploads\/elementor\/thumbs\/110000013555_ts_73_v_1200x1200_image_slider_product_image_slider_zoom-qq67yzzasvipvr2iq7w8p8yldmdkktmizpt4a71mrs.jpg\",\"datePublished\":\"2023-11-10T06:28:14+00:00\",\"dateModified\":\"2024-12-10T14:26:56+00:00\",\"breadcrumb\":{\"@id\":\"https:\/\/acpyapi.com.tr\/kapi-sistemleri\/kapi-donanimlari\/#breadcrumb\"},\"inLanguage\":\"tr\",\"potentialAction\":[{\"@type\":\"ReadAction\",\"target\":[\"https:\/\/acpyapi.com.tr\/kapi-sistemleri\/kapi-donanimlari\/\"]}]},{\"@type\":\"ImageObject\",\"inLanguage\":\"tr\",\"@id\":\"https:\/\/acpyapi.com.tr\/kapi-sistemleri\/kapi-donanimlari\/#primaryimage\",\"url\":\"https:\/\/acpyapi.com.tr\/wp-content\/uploads\/elementor\/thumbs\/110000013555_ts_73_v_1200x1200_image_slider_product_image_slider_zoom-qq67yzzasvipvr2iq7w8p8yldmdkktmizpt4a71mrs.jpg\",\"contentUrl\":\"https:\/\/acpyapi.com.tr\/wp-content\/uploads\/elementor\/thumbs\/110000013555_ts_73_v_1200x1200_image_slider_product_image_slider_zoom-qq67yzzasvipvr2iq7w8p8yldmdkktmizpt4a71mrs.jpg\"},{\"@type\":\"BreadcrumbList\",\"@id\":\"https:\/\/acpyapi.com.tr\/kapi-sistemleri\/kapi-donanimlari\/#breadcrumb\",\"itemListElement\":[{\"@type\":\"ListItem\",\"position\":1,\"name\":\"Anasayfa\",\"item\":\"https:\/\/acpyapi.com.tr\/\"},{\"@type\":\"ListItem\",\"position\":2,\"name\":\"Kap\u0131 Sistemleri\",\"item\":\"https:\/\/acpyapi.com.tr\/kapi-sistemleri\/\"},{\"@type\":\"ListItem\",\"position\":3,\"name\":\"Kap\u0131 Donan\u0131mlar\u0131\"}]},{\"@type\":\"WebSite\",\"@id\":\"https:\/\/acpyapi.com.tr\/#website\",\"url\":\"https:\/\/acpyapi.com.tr\/\",\"name\":\"ACP YAPI ELEMANLARI\",\"description\":\"G\u00f6z\u00fcn\u00fcz Arkada Kalmas\u0131n\",\"publisher\":{\"@id\":\"https:\/\/acpyapi.com.tr\/#organization\"},\"alternateName\":\"ACP Yap\u0131\",\"potentialAction\":[{\"@type\":\"SearchAction\",\"target\":{\"@type\":\"EntryPoint\",\"urlTemplate\":\"https:\/\/acpyapi.com.tr\/?s={search_term_string}\"},\"query-input\":{\"@type\":\"PropertyValueSpecification\",\"valueRequired\":true,\"valueName\":\"search_term_string\"}}],\"inLanguage\":\"tr\"},{\"@type\":\"Organization\",\"@id\":\"https:\/\/acpyapi.com.tr\/#organization\",\"name\":\"ACP YAPI ELEMANLARI\",\"alternateName\":\"Acp Yap\u0131\",\"url\":\"https:\/\/acpyapi.com.tr\/\",\"logo\":{\"@type\":\"ImageObject\",\"inLanguage\":\"tr\",\"@id\":\"https:\/\/acpyapi.com.tr\/#\/schema\/logo\/image\/\",\"url\":\"https:\/\/acpyapi.com.tr\/wp-content\/uploads\/2023\/10\/logo-siyah.png\",\"contentUrl\":\"https:\/\/acpyapi.com.tr\/wp-content\/uploads\/2023\/10\/logo-siyah.png\",\"width\":500,\"height\":200,\"caption\":\"ACP YAPI ELEMANLARI\"},\"image\":{\"@id\":\"https:\/\/acpyapi.com.tr\/#\/schema\/logo\/image\/\"},\"sameAs\":[\"https:\/\/www.facebook.com\/acpyapielemanlari\/\",\"https:\/\/www.instagram.com\/acpyapielemanlari\/\",\"https:\/\/www.linkedin.com\/company\/acpyapielemanlari\/?originalSubdomain=tr\",\"https:\/\/www.youtube.com\/channel\/UCRyEXuOc3OSvcTY1_yqbE8g\"]}]}<\/script>\n<!-- \/ Yoast SEO plugin. -->","yoast_head_json":{"title":"Kap\u0131 Donan\u0131mlar\u0131 - ACP YAPI ELEMANLARI","robots":{"index":"index","follow":"follow","max-snippet":"max-snippet:-1","max-image-preview":"max-image-preview:large","max-video-preview":"max-video-preview:-1"},"canonical":"https:\/\/acpyapi.com.tr\/tr\/kapi-sistemleri\/kapi-donanimlari\/","og_locale":"tr_TR","og_type":"article","og_title":"Kap\u0131 Donan\u0131mlar\u0131 - ACP YAPI ELEMANLARI","og_description":"Kap\u0131 Donan\u0131mlar\u0131 Kap\u0131 Kapat\u0131c\u0131lar Panik ka\u00e7\u0131\u015f &#038; \u00e7\u0131k\u0131\u015f donan\u0131mlar\u0131 Kilitler Elektrikli kap\u0131 donan\u0131mlar\u0131","og_url":"https:\/\/acpyapi.com.tr\/tr\/kapi-sistemleri\/kapi-donanimlari\/","og_site_name":"ACP YAPI ELEMANLARI","article_publisher":"https:\/\/www.facebook.com\/acpyapielemanlari\/","article_modified_time":"2024-12-10T14:26:56+00:00","og_image":[{"url":"https:\/\/acpyapi.com.tr\/wp-content\/uploads\/elementor\/thumbs\/110000013555_ts_73_v_1200x1200_image_slider_product_image_slider_zoom-qq67yzzasvipvr2iq7w8p8yldmdkktmizpt4a71mrs.jpg","type":"","width":"","height":""}],"twitter_card":"summary_large_image","schema":{"@context":"https:\/\/schema.org","@graph":[{"@type":"WebPage","@id":"https:\/\/acpyapi.com.tr\/kapi-sistemleri\/kapi-donanimlari\/","url":"https:\/\/acpyapi.com.tr\/kapi-sistemleri\/kapi-donanimlari\/","name":"Kap\u0131 Donan\u0131mlar\u0131 - ACP YAPI ELEMANLARI","isPartOf":{"@id":"https:\/\/acpyapi.com.tr\/#website"},"primaryImageOfPage":{"@id":"https:\/\/acpyapi.com.tr\/kapi-sistemleri\/kapi-donanimlari\/#primaryimage"},"image":{"@id":"https:\/\/acpyapi.com.tr\/kapi-sistemleri\/kapi-donanimlari\/#primaryimage"},"thumbnailUrl":"https:\/\/acpyapi.com.tr\/wp-content\/uploads\/elementor\/thumbs\/110000013555_ts_73_v_1200x1200_image_slider_product_image_slider_zoom-qq67yzzasvipvr2iq7w8p8yldmdkktmizpt4a71mrs.jpg","datePublished":"2023-11-10T06:28:14+00:00","dateModified":"2024-12-10T14:26:56+00:00","breadcrumb":{"@id":"https:\/\/acpyapi.com.tr\/kapi-sistemleri\/kapi-donanimlari\/#breadcrumb"},"inLanguage":"tr","potentialAction":[{"@type":"ReadAction","target":["https:\/\/acpyapi.com.tr\/kapi-sistemleri\/kapi-donanimlari\/"]}]},{"@type":"ImageObject","inLanguage":"tr","@id":"https:\/\/acpyapi.com.tr\/kapi-sistemleri\/kapi-donanimlari\/#primaryimage","url":"https:\/\/acpyapi.com.tr\/wp-content\/uploads\/elementor\/thumbs\/110000013555_ts_73_v_1200x1200_image_slider_product_image_slider_zoom-qq67yzzasvipvr2iq7w8p8yldmdkktmizpt4a71mrs.jpg","contentUrl":"https:\/\/acpyapi.com.tr\/wp-content\/uploads\/elementor\/thumbs\/110000013555_ts_73_v_1200x1200_image_slider_product_image_slider_zoom-qq67yzzasvipvr2iq7w8p8yldmdkktmizpt4a71mrs.jpg"},{"@type":"BreadcrumbList","@id":"https:\/\/acpyapi.com.tr\/kapi-sistemleri\/kapi-donanimlari\/#breadcrumb","itemListElement":[{"@type":"ListItem","position":1,"name":"Anasayfa","item":"https:\/\/acpyapi.com.tr\/"},{"@type":"ListItem","position":2,"name":"Kap\u0131 Sistemleri","item":"https:\/\/acpyapi.com.tr\/kapi-sistemleri\/"},{"@type":"ListItem","position":3,"name":"Kap\u0131 Donan\u0131mlar\u0131"}]},{"@type":"WebSite","@id":"https:\/\/acpyapi.com.tr\/#website","url":"https:\/\/acpyapi.com.tr\/","name":"ACP YAPI ELEMANLARI","description":"G\u00f6z\u00fcn\u00fcz Arkada Kalmas\u0131n","publisher":{"@id":"https:\/\/acpyapi.com.tr\/#organization"},"alternateName":"ACP Yap\u0131","potentialAction":[{"@type":"SearchAction","target":{"@type":"EntryPoint","urlTemplate":"https:\/\/acpyapi.com.tr\/?s={search_term_string}"},"query-input":{"@type":"PropertyValueSpecification","valueRequired":true,"valueName":"search_term_string"}}],"inLanguage":"tr"},{"@type":"Organization","@id":"https:\/\/acpyapi.com.tr\/#organization","name":"ACP YAPI ELEMANLARI","alternateName":"Acp Yap\u0131","url":"https:\/\/acpyapi.com.tr\/","logo":{"@type":"ImageObject","inLanguage":"tr","@id":"https:\/\/acpyapi.com.tr\/#\/schema\/logo\/image\/","url":"https:\/\/acpyapi.com.tr\/wp-content\/uploads\/2023\/10\/logo-siyah.png","contentUrl":"https:\/\/acpyapi.com.tr\/wp-content\/uploads\/2023\/10\/logo-siyah.png","width":500,"height":200,"caption":"ACP YAPI ELEMANLARI"},"image":{"@id":"https:\/\/acpyapi.com.tr\/#\/schema\/logo\/image\/"},"sameAs":["https:\/\/www.facebook.com\/acpyapielemanlari\/","https:\/\/www.instagram.com\/acpyapielemanlari\/","https:\/\/www.linkedin.com\/company\/acpyapielemanlari\/?originalSubdomain=tr","https:\/\/www.youtube.com\/channel\/UCRyEXuOc3OSvcTY1_yqbE8g"]}]}},"_links":{"self":[{"href":"https:\/\/acpyapi.com.tr\/tr\/wp-json\/wp\/v2\/pages\/8660","targetHints":{"allow":["GET"]}}],"collection":[{"href":"https:\/\/acpyapi.com.tr\/tr\/wp-json\/wp\/v2\/pages"}],"about":[{"href":"https:\/\/acpyapi.com.tr\/tr\/wp-json\/wp\/v2\/types\/page"}],"author":[{"embeddable":true,"href":"https:\/\/acpyapi.com.tr\/tr\/wp-json\/wp\/v2\/users\/1"}],"replies":[{"embeddable":true,"href":"https:\/\/acpyapi.com.tr\/tr\/wp-json\/wp\/v2\/comments?post=8660"}],"version-history":[{"count":0,"href":"https:\/\/acpyapi.com.tr\/tr\/wp-json\/wp\/v2\/pages\/8660\/revisions"}],"up":[{"embeddable":true,"href":"https:\/\/acpyapi.com.tr\/tr\/wp-json\/wp\/v2\/pages\/3129"}],"wp:attachment":[{"href":"https:\/\/acpyapi.com.tr\/tr\/wp-json\/wp\/v2\/media?parent=8660"}],"curies":[{"name":"wp","href":"https:\/\/api.w.org\/{rel}","templated":true}]}}